{"id":35642,"date":"2022-11-21T17:17:17","date_gmt":"2022-11-21T10:17:17","guid":{"rendered":"https:\/\/mouldking.store\/?post_type=product&#038;p=35642"},"modified":"2022-11-21T17:17:17","modified_gmt":"2022-11-21T10:17:17","slug":"wekki-516156-christmas-doll-machine","status":"publish","type":"product","link":"https:\/\/mouldking.store\/hu\/shop\/wekki-516156-christmas-doll-machine\/","title":{"rendered":"Wekki 516156 kar\u00e1csonyi babag\u00e9p"},"content":{"rendered":"<p>Term\u00e9k inform\u00e1ci\u00f3:<\/p>\n<ol>\n<li>Brand: Wekki<\/li>\n<li>Nem: Uniszex<\/li>\n<li>Name: Christmas Doll Machine<\/li>\n<li>Koroszt\u00e1ly: &gt; 6 \u00e9v<\/li>\n<li>Model Number: 516156<\/li>\n<li>Besorol\u00e1s: \u00d6sszeszerel\u00e9s<\/li>\n<li>M\u0171anyag blokk forma: \u00f6nz\u00e1r\u00f3 t\u00e9gla<\/li>\n<li>Anyaga: M\u0171anyag<\/li>\n<li>M\u0171anyag t\u00edpus: ABS<\/li>\n<li>Size: 11 \u00d7 14.1 \u00d7 24 cm<\/li>\n<li>R\u00e9szletes \u00f6sszeszerel\u00e9si \u00fatmutat\u00f3t tartalmaz.<\/li>\n<\/ol>\n<p>\u00c9rtes\u00edt\u00e9s:<br \/>\n1. Eredeti doboz n\u00e9lk\u00fcl, de garant\u00e1ljuk, hogy term\u00e9keink min\u0151s\u00e9gbiztos\u00edt\u00e1ssal \u00e9s sz\u00e9p csomagol\u00e1ssal rendelkeznek.<br \/>\n2. Mint minden alkatr\u00e9szt, amelyet a sz\u00e1ll\u00edt\u00e1s el\u0151tt ellen\u0151rizt\u00fcnk, ez\u00e9rt ha \u00fagy tal\u00e1lja, hogy n\u00e9h\u00e1ny alkatr\u00e9sz hi\u00e1nyzik vagy s\u00e9r\u00fclt, ne agg\u00f3djon, \u00e9s k\u00e9rj\u00fck, vegye fel vel\u00fcnk a kapcsolatot, \u00e9s azonnal ingyenesen elk\u00fcldj\u00fck \u00d6nnek.<\/p>\n<figure id=\"attachment_35643\" aria-describedby=\"caption-attachment-35643\" style=\"width: 800px\" class=\"wp-caption aligncenter\"><img fetchpriority=\"high\" decoding=\"async\" class=\"wp-image-35643 size-full\" src=\"https:\/\/mouldking.store\/wp-content\/uploads\/2022\/11\/Christmas-Doll-Machine-Wekki-516156-6.jpg\" alt=\"Wekki 516156 Christmas Doll Machine\" width=\"800\" height=\"800\" title=\"-\" srcset=\"https:\/\/mouldking.store\/wp-content\/uploads\/2022\/11\/Christmas-Doll-Machine-Wekki-516156-6.jpg 800w, https:\/\/mouldking.store\/wp-content\/uploads\/2022\/11\/Christmas-Doll-Machine-Wekki-516156-6-300x300.jpg 300w, https:\/\/mouldking.store\/wp-content\/uploads\/2022\/11\/Christmas-Doll-Machine-Wekki-516156-6-768x768.jpg 768w, https:\/\/mouldking.store\/wp-content\/uploads\/2022\/11\/Christmas-Doll-Machine-Wekki-516156-6-600x600.jpg 600w, https:\/\/mouldking.store\/wp-content\/uploads\/2022\/11\/Christmas-Doll-Machine-Wekki-516156-6-150x150.jpg 150w, https:\/\/mouldking.store\/wp-content\/uploads\/2022\/11\/Christmas-Doll-Machine-Wekki-516156-6-60x60.jpg 60w, https:\/\/mouldking.store\/wp-content\/uploads\/2022\/11\/Christmas-Doll-Machine-Wekki-516156-6-90x90.jpg 90w\" sizes=\"(max-width: 800px) 100vw, 800px\" \/><figcaption id=\"caption-attachment-35643\" class=\"wp-caption-text\">Wekki 516156 kar\u00e1csonyi babag\u00e9p<\/figcaption><\/figure>\n<figure id=\"attachment_35644\" aria-describedby=\"caption-attachment-35644\" style=\"width: 800px\" class=\"wp-caption aligncenter\"><img decoding=\"async\" class=\"wp-image-35644 size-full\" src=\"https:\/\/mouldking.store\/wp-content\/uploads\/2022\/11\/Christmas-Doll-Machine-Wekki-516156-5.jpg\" alt=\"Wekki 516156 Christmas Doll Machine\" width=\"800\" height=\"800\" title=\"-\" srcset=\"https:\/\/mouldking.store\/wp-content\/uploads\/2022\/11\/Christmas-Doll-Machine-Wekki-516156-5.jpg 800w, https:\/\/mouldking.store\/wp-content\/uploads\/2022\/11\/Christmas-Doll-Machine-Wekki-516156-5-300x300.jpg 300w, https:\/\/mouldking.store\/wp-content\/uploads\/2022\/11\/Christmas-Doll-Machine-Wekki-516156-5-768x768.jpg 768w, https:\/\/mouldking.store\/wp-content\/uploads\/2022\/11\/Christmas-Doll-Machine-Wekki-516156-5-600x600.jpg 600w, https:\/\/mouldking.store\/wp-content\/uploads\/2022\/11\/Christmas-Doll-Machine-Wekki-516156-5-150x150.jpg 150w, https:\/\/mouldking.store\/wp-content\/uploads\/2022\/11\/Christmas-Doll-Machine-Wekki-516156-5-60x60.jpg 60w, https:\/\/mouldking.store\/wp-content\/uploads\/2022\/11\/Christmas-Doll-Machine-Wekki-516156-5-90x90.jpg 90w\" sizes=\"(max-width: 800px) 100vw, 800px\" \/><figcaption id=\"caption-attachment-35644\" class=\"wp-caption-text\">Wekki 516156 kar\u00e1csonyi babag\u00e9p<\/figcaption><\/figure>\n<figure id=\"attachment_35645\" aria-describedby=\"caption-attachment-35645\" style=\"width: 800px\" class=\"wp-caption aligncenter\"><img decoding=\"async\" class=\"wp-image-35645 size-full\" src=\"https:\/\/mouldking.store\/wp-content\/uploads\/2022\/11\/Christmas-Doll-Machine-Wekki-516156-4.jpg\" alt=\"Wekki 516156 Christmas Doll Machine\" width=\"800\" height=\"800\" title=\"-\" srcset=\"https:\/\/mouldking.store\/wp-content\/uploads\/2022\/11\/Christmas-Doll-Machine-Wekki-516156-4.jpg 800w, https:\/\/mouldking.store\/wp-content\/uploads\/2022\/11\/Christmas-Doll-Machine-Wekki-516156-4-300x300.jpg 300w, https:\/\/mouldking.store\/wp-content\/uploads\/2022\/11\/Christmas-Doll-Machine-Wekki-516156-4-768x768.jpg 768w, https:\/\/mouldking.store\/wp-content\/uploads\/2022\/11\/Christmas-Doll-Machine-Wekki-516156-4-600x600.jpg 600w, https:\/\/mouldking.store\/wp-content\/uploads\/2022\/11\/Christmas-Doll-Machine-Wekki-516156-4-150x150.jpg 150w, https:\/\/mouldking.store\/wp-content\/uploads\/2022\/11\/Christmas-Doll-Machine-Wekki-516156-4-60x60.jpg 60w, https:\/\/mouldking.store\/wp-content\/uploads\/2022\/11\/Christmas-Doll-Machine-Wekki-516156-4-90x90.jpg 90w\" sizes=\"(max-width: 800px) 100vw, 800px\" \/><figcaption id=\"caption-attachment-35645\" class=\"wp-caption-text\">Wekki 516156 kar\u00e1csonyi babag\u00e9p<\/figcaption><\/figure>\n<figure id=\"attachment_35646\" aria-describedby=\"caption-attachment-35646\" style=\"width: 800px\" class=\"wp-caption aligncenter\"><img loading=\"lazy\" decoding=\"async\" class=\"wp-image-35646 size-full\" src=\"https:\/\/mouldking.store\/wp-content\/uploads\/2022\/11\/Christmas-Doll-Machine-Wekki-516156-3.jpg\" alt=\"Wekki 516156 Christmas Doll Machine\" width=\"800\" height=\"800\" title=\"-\" srcset=\"https:\/\/mouldking.store\/wp-content\/uploads\/2022\/11\/Christmas-Doll-Machine-Wekki-516156-3.jpg 800w, https:\/\/mouldking.store\/wp-content\/uploads\/2022\/11\/Christmas-Doll-Machine-Wekki-516156-3-300x300.jpg 300w, https:\/\/mouldking.store\/wp-content\/uploads\/2022\/11\/Christmas-Doll-Machine-Wekki-516156-3-768x768.jpg 768w, https:\/\/mouldking.store\/wp-content\/uploads\/2022\/11\/Christmas-Doll-Machine-Wekki-516156-3-600x600.jpg 600w, https:\/\/mouldking.store\/wp-content\/uploads\/2022\/11\/Christmas-Doll-Machine-Wekki-516156-3-150x150.jpg 150w, https:\/\/mouldking.store\/wp-content\/uploads\/2022\/11\/Christmas-Doll-Machine-Wekki-516156-3-60x60.jpg 60w, https:\/\/mouldking.store\/wp-content\/uploads\/2022\/11\/Christmas-Doll-Machine-Wekki-516156-3-90x90.jpg 90w\" sizes=\"(max-width: 800px) 100vw, 800px\" \/><figcaption id=\"caption-attachment-35646\" class=\"wp-caption-text\">Wekki 516156 kar\u00e1csonyi babag\u00e9p<\/figcaption><\/figure>\n<figure id=\"attachment_35647\" aria-describedby=\"caption-attachment-35647\" style=\"width: 800px\" class=\"wp-caption aligncenter\"><img loading=\"lazy\" decoding=\"async\" class=\"wp-image-35647 size-full\" src=\"https:\/\/mouldking.store\/wp-content\/uploads\/2022\/11\/Christmas-Doll-Machine-Wekki-516156-2.jpg\" alt=\"Wekki 516156 Christmas Doll Machine\" width=\"800\" height=\"800\" title=\"-\" srcset=\"https:\/\/mouldking.store\/wp-content\/uploads\/2022\/11\/Christmas-Doll-Machine-Wekki-516156-2.jpg 800w, https:\/\/mouldking.store\/wp-content\/uploads\/2022\/11\/Christmas-Doll-Machine-Wekki-516156-2-300x300.jpg 300w, https:\/\/mouldking.store\/wp-content\/uploads\/2022\/11\/Christmas-Doll-Machine-Wekki-516156-2-768x768.jpg 768w, https:\/\/mouldking.store\/wp-content\/uploads\/2022\/11\/Christmas-Doll-Machine-Wekki-516156-2-600x600.jpg 600w, https:\/\/mouldking.store\/wp-content\/uploads\/2022\/11\/Christmas-Doll-Machine-Wekki-516156-2-150x150.jpg 150w, https:\/\/mouldking.store\/wp-content\/uploads\/2022\/11\/Christmas-Doll-Machine-Wekki-516156-2-60x60.jpg 60w, https:\/\/mouldking.store\/wp-content\/uploads\/2022\/11\/Christmas-Doll-Machine-Wekki-516156-2-90x90.jpg 90w\" sizes=\"(max-width: 800px) 100vw, 800px\" \/><figcaption id=\"caption-attachment-35647\" class=\"wp-caption-text\">Wekki 516156 kar\u00e1csonyi babag\u00e9p<\/figcaption><\/figure>\n<figure id=\"attachment_35648\" aria-describedby=\"caption-attachment-35648\" style=\"width: 800px\" class=\"wp-caption aligncenter\"><img loading=\"lazy\" decoding=\"async\" class=\"wp-image-35648 size-full\" src=\"https:\/\/mouldking.store\/wp-content\/uploads\/2022\/11\/Christmas-Doll-Machine-Wekki-516156-1.jpg\" alt=\"Wekki 516156 Christmas Doll Machine\" width=\"800\" height=\"800\" title=\"-\" srcset=\"https:\/\/mouldking.store\/wp-content\/uploads\/2022\/11\/Christmas-Doll-Machine-Wekki-516156-1.jpg 800w, https:\/\/mouldking.store\/wp-content\/uploads\/2022\/11\/Christmas-Doll-Machine-Wekki-516156-1-300x300.jpg 300w, https:\/\/mouldking.store\/wp-content\/uploads\/2022\/11\/Christmas-Doll-Machine-Wekki-516156-1-768x768.jpg 768w, https:\/\/mouldking.store\/wp-content\/uploads\/2022\/11\/Christmas-Doll-Machine-Wekki-516156-1-600x600.jpg 600w, https:\/\/mouldking.store\/wp-content\/uploads\/2022\/11\/Christmas-Doll-Machine-Wekki-516156-1-150x150.jpg 150w, https:\/\/mouldking.store\/wp-content\/uploads\/2022\/11\/Christmas-Doll-Machine-Wekki-516156-1-60x60.jpg 60w, https:\/\/mouldking.store\/wp-content\/uploads\/2022\/11\/Christmas-Doll-Machine-Wekki-516156-1-90x90.jpg 90w\" sizes=\"(max-width: 800px) 100vw, 800px\" \/><figcaption id=\"caption-attachment-35648\" class=\"wp-caption-text\">Wekki 516156 kar\u00e1csonyi babag\u00e9p<\/figcaption><\/figure>","protected":false},"excerpt":{"rendered":"<p>Product information: Brand: Wekki Gender: Unisex Name: Christmas Doll Machine Age Range: &gt; 6 years old Model Number: 516156 Classification: Assemblage Plastic Block Shape: Self-Locking Bricks Material: Plastic Plastic Type: ABS Size: 11 \u00d7 14.1 \u00d7 24 cm Contains detailed assembly instructions. Notice: 1. Without an original box, but we guarantee our products have quality [&hellip;]<\/p>","protected":false},"featured_media":35643,"comment_status":"closed","ping_status":"closed","template":"","meta":{"_acf_changed":false},"product_cat":[1365],"product_tag":[7791,1066,7795,7792,7794,7793,6288,7796,7790],"class_list":["product","first","instock","shipping-taxable","purchasable","product-type-simple"],"acf":[],"_links":{"self":[{"href":"https:\/\/mouldking.store\/hu\/wp-json\/wp\/v2\/product\/35642","targetHints":{"allow":["GET"]}}],"collection":[{"href":"https:\/\/mouldking.store\/hu\/wp-json\/wp\/v2\/product"}],"about":[{"href":"https:\/\/mouldking.store\/hu\/wp-json\/wp\/v2\/types\/product"}],"replies":[{"embeddable":true,"href":"https:\/\/mouldking.store\/hu\/wp-json\/wp\/v2\/comments?post=35642"}],"wp:featuredmedia":[{"embeddable":true,"href":"https:\/\/mouldking.store\/hu\/wp-json\/wp\/v2\/media\/35643"}],"wp:attachment":[{"href":"https:\/\/mouldking.store\/hu\/wp-json\/wp\/v2\/media?parent=35642"}],"wp:term":[{"taxonomy":"product_cat","embeddable":true,"href":"https:\/\/mouldking.store\/hu\/wp-json\/wp\/v2\/product_cat?post=35642"},{"taxonomy":"product_tag","embeddable":true,"href":"https:\/\/mouldking.store\/hu\/wp-json\/wp\/v2\/product_tag?post=35642"}],"curies":[{"name":"wp","href":"https:\/\/api.w.org\/{rel}","templated":true}]}}