{"id":35649,"date":"2022-11-21T17:24:49","date_gmt":"2022-11-21T10:24:49","guid":{"rendered":"https:\/\/mouldking.store\/?post_type=product&#038;p=35649"},"modified":"2022-11-21T17:24:50","modified_gmt":"2022-11-21T10:24:50","slug":"mould-king-13167-mclaren-720s-sports-car-with-3188-pieces","status":"publish","type":"product","link":"https:\/\/mouldking.store\/hu\/shop\/mould-king-13167-mclaren-720s-sports-car-with-3188-pieces\/","title":{"rendered":"Mold King 13167 McLaren 720S sportaut\u00f3 3188 darabbal"},"content":{"rendered":"<p>Term\u00e9k inform\u00e1ci\u00f3:<\/p>\n<ol>\n<li>M\u00e1rka: Mold King<\/li>\n<li>Nem: Uniszex<\/li>\n<li>Name: McLaren 720S Sports Car<\/li>\n<li>Koroszt\u00e1ly: &gt; 6 \u00e9v<\/li>\n<li>Model Number: 13167<\/li>\n<li>Besorol\u00e1s: \u00d6sszeszerel\u00e9s<\/li>\n<li>M\u0171anyag blokk forma: \u00f6nz\u00e1r\u00f3 t\u00e9gla<\/li>\n<li>Anyaga: M\u0171anyag<\/li>\n<li>M\u0171anyag t\u00edpus: ABS<\/li>\n<li>Bricks Blocks:3188 PCS<\/li>\n<li>Size: 47 \u00d7 13.5 cm<\/li>\n<li>R\u00e9szletes \u00f6sszeszerel\u00e9si \u00fatmutat\u00f3t tartalmaz.<\/li>\n<\/ol>\n<p>\u00c9rtes\u00edt\u00e9s:<br \/>\n1. Eredeti doboz n\u00e9lk\u00fcl, de garant\u00e1ljuk, hogy term\u00e9keink min\u0151s\u00e9gbiztos\u00edt\u00e1ssal \u00e9s sz\u00e9p csomagol\u00e1ssal rendelkeznek.<br \/>\n2. Mint minden alkatr\u00e9szt, amelyet a sz\u00e1ll\u00edt\u00e1s el\u0151tt ellen\u0151rizt\u00fcnk, ez\u00e9rt ha \u00fagy tal\u00e1lja, hogy n\u00e9h\u00e1ny alkatr\u00e9sz hi\u00e1nyzik vagy s\u00e9r\u00fclt, ne agg\u00f3djon, \u00e9s k\u00e9rj\u00fck, vegye fel vel\u00fcnk a kapcsolatot, \u00e9s azonnal ingyenesen elk\u00fcldj\u00fck \u00d6nnek.<\/p>\n<figure id=\"attachment_35650\" aria-describedby=\"caption-attachment-35650\" style=\"width: 800px\" class=\"wp-caption aligncenter\"><img fetchpriority=\"high\" decoding=\"async\" class=\"wp-image-35650 size-full\" src=\"https:\/\/mouldking.store\/wp-content\/uploads\/2022\/11\/McLaren-720S-Sports-Car-Mould-King-13167-5.jpg\" alt=\"Mould King 13167 McLaren 720S Sports Car With 3188 Pieces\" width=\"800\" height=\"800\" title=\"-\" srcset=\"https:\/\/mouldking.store\/wp-content\/uploads\/2022\/11\/McLaren-720S-Sports-Car-Mould-King-13167-5.jpg 800w, https:\/\/mouldking.store\/wp-content\/uploads\/2022\/11\/McLaren-720S-Sports-Car-Mould-King-13167-5-300x300.jpg 300w, https:\/\/mouldking.store\/wp-content\/uploads\/2022\/11\/McLaren-720S-Sports-Car-Mould-King-13167-5-768x768.jpg 768w, https:\/\/mouldking.store\/wp-content\/uploads\/2022\/11\/McLaren-720S-Sports-Car-Mould-King-13167-5-600x600.jpg 600w, https:\/\/mouldking.store\/wp-content\/uploads\/2022\/11\/McLaren-720S-Sports-Car-Mould-King-13167-5-150x150.jpg 150w, https:\/\/mouldking.store\/wp-content\/uploads\/2022\/11\/McLaren-720S-Sports-Car-Mould-King-13167-5-60x60.jpg 60w, https:\/\/mouldking.store\/wp-content\/uploads\/2022\/11\/McLaren-720S-Sports-Car-Mould-King-13167-5-90x90.jpg 90w\" sizes=\"(max-width: 800px) 100vw, 800px\" \/><figcaption id=\"caption-attachment-35650\" class=\"wp-caption-text\">Mold King 13167 McLaren 720S sportaut\u00f3 3188 darabbal<\/figcaption><\/figure>\n<figure id=\"attachment_35651\" aria-describedby=\"caption-attachment-35651\" style=\"width: 800px\" class=\"wp-caption aligncenter\"><img decoding=\"async\" class=\"wp-image-35651 size-full\" src=\"https:\/\/mouldking.store\/wp-content\/uploads\/2022\/11\/McLaren-720S-Sports-Car-Mould-King-13167-4.jpg\" alt=\"Mould King 13167 McLaren 720S Sports Car With 3188 Pieces\" width=\"800\" height=\"800\" title=\"-\" srcset=\"https:\/\/mouldking.store\/wp-content\/uploads\/2022\/11\/McLaren-720S-Sports-Car-Mould-King-13167-4.jpg 800w, https:\/\/mouldking.store\/wp-content\/uploads\/2022\/11\/McLaren-720S-Sports-Car-Mould-King-13167-4-300x300.jpg 300w, https:\/\/mouldking.store\/wp-content\/uploads\/2022\/11\/McLaren-720S-Sports-Car-Mould-King-13167-4-768x768.jpg 768w, https:\/\/mouldking.store\/wp-content\/uploads\/2022\/11\/McLaren-720S-Sports-Car-Mould-King-13167-4-600x600.jpg 600w, https:\/\/mouldking.store\/wp-content\/uploads\/2022\/11\/McLaren-720S-Sports-Car-Mould-King-13167-4-150x150.jpg 150w, https:\/\/mouldking.store\/wp-content\/uploads\/2022\/11\/McLaren-720S-Sports-Car-Mould-King-13167-4-60x60.jpg 60w, https:\/\/mouldking.store\/wp-content\/uploads\/2022\/11\/McLaren-720S-Sports-Car-Mould-King-13167-4-90x90.jpg 90w\" sizes=\"(max-width: 800px) 100vw, 800px\" \/><figcaption id=\"caption-attachment-35651\" class=\"wp-caption-text\">Mold King 13167 McLaren 720S sportaut\u00f3 3188 darabbal<\/figcaption><\/figure>\n<figure id=\"attachment_35652\" aria-describedby=\"caption-attachment-35652\" style=\"width: 800px\" class=\"wp-caption aligncenter\"><img decoding=\"async\" class=\"wp-image-35652 size-full\" src=\"https:\/\/mouldking.store\/wp-content\/uploads\/2022\/11\/McLaren-720S-Sports-Car-Mould-King-13167-3.jpg\" alt=\"Mould King 13167 McLaren 720S Sports Car With 3188 Pieces\" width=\"800\" height=\"800\" title=\"-\" srcset=\"https:\/\/mouldking.store\/wp-content\/uploads\/2022\/11\/McLaren-720S-Sports-Car-Mould-King-13167-3.jpg 800w, https:\/\/mouldking.store\/wp-content\/uploads\/2022\/11\/McLaren-720S-Sports-Car-Mould-King-13167-3-300x300.jpg 300w, https:\/\/mouldking.store\/wp-content\/uploads\/2022\/11\/McLaren-720S-Sports-Car-Mould-King-13167-3-768x768.jpg 768w, https:\/\/mouldking.store\/wp-content\/uploads\/2022\/11\/McLaren-720S-Sports-Car-Mould-King-13167-3-600x600.jpg 600w, https:\/\/mouldking.store\/wp-content\/uploads\/2022\/11\/McLaren-720S-Sports-Car-Mould-King-13167-3-150x150.jpg 150w, https:\/\/mouldking.store\/wp-content\/uploads\/2022\/11\/McLaren-720S-Sports-Car-Mould-King-13167-3-60x60.jpg 60w, https:\/\/mouldking.store\/wp-content\/uploads\/2022\/11\/McLaren-720S-Sports-Car-Mould-King-13167-3-90x90.jpg 90w\" sizes=\"(max-width: 800px) 100vw, 800px\" \/><figcaption id=\"caption-attachment-35652\" class=\"wp-caption-text\">Mold King 13167 McLaren 720S sportaut\u00f3 3188 darabbal<\/figcaption><\/figure>\n<figure id=\"attachment_35653\" aria-describedby=\"caption-attachment-35653\" style=\"width: 800px\" class=\"wp-caption aligncenter\"><img loading=\"lazy\" decoding=\"async\" class=\"wp-image-35653 size-full\" src=\"https:\/\/mouldking.store\/wp-content\/uploads\/2022\/11\/McLaren-720S-Sports-Car-Mould-King-13167-2.jpg\" alt=\"Mould King 13167 McLaren 720S Sports Car With 3188 Pieces\" width=\"800\" height=\"800\" title=\"-\" srcset=\"https:\/\/mouldking.store\/wp-content\/uploads\/2022\/11\/McLaren-720S-Sports-Car-Mould-King-13167-2.jpg 800w, https:\/\/mouldking.store\/wp-content\/uploads\/2022\/11\/McLaren-720S-Sports-Car-Mould-King-13167-2-300x300.jpg 300w, https:\/\/mouldking.store\/wp-content\/uploads\/2022\/11\/McLaren-720S-Sports-Car-Mould-King-13167-2-768x768.jpg 768w, https:\/\/mouldking.store\/wp-content\/uploads\/2022\/11\/McLaren-720S-Sports-Car-Mould-King-13167-2-600x600.jpg 600w, https:\/\/mouldking.store\/wp-content\/uploads\/2022\/11\/McLaren-720S-Sports-Car-Mould-King-13167-2-150x150.jpg 150w, https:\/\/mouldking.store\/wp-content\/uploads\/2022\/11\/McLaren-720S-Sports-Car-Mould-King-13167-2-60x60.jpg 60w, https:\/\/mouldking.store\/wp-content\/uploads\/2022\/11\/McLaren-720S-Sports-Car-Mould-King-13167-2-90x90.jpg 90w\" sizes=\"(max-width: 800px) 100vw, 800px\" \/><figcaption id=\"caption-attachment-35653\" class=\"wp-caption-text\">Mold King 13167 McLaren 720S sportaut\u00f3 3188 darabbal<\/figcaption><\/figure>\n<figure id=\"attachment_35654\" aria-describedby=\"caption-attachment-35654\" style=\"width: 800px\" class=\"wp-caption aligncenter\"><img loading=\"lazy\" decoding=\"async\" class=\"wp-image-35654 size-full\" src=\"https:\/\/mouldking.store\/wp-content\/uploads\/2022\/11\/McLaren-720S-Sports-Car-Mould-King-13167-1.jpg\" alt=\"Mould King 13167 McLaren 720S Sports Car With 3188 Pieces\" width=\"800\" height=\"800\" title=\"-\" srcset=\"https:\/\/mouldking.store\/wp-content\/uploads\/2022\/11\/McLaren-720S-Sports-Car-Mould-King-13167-1.jpg 800w, https:\/\/mouldking.store\/wp-content\/uploads\/2022\/11\/McLaren-720S-Sports-Car-Mould-King-13167-1-300x300.jpg 300w, https:\/\/mouldking.store\/wp-content\/uploads\/2022\/11\/McLaren-720S-Sports-Car-Mould-King-13167-1-768x768.jpg 768w, https:\/\/mouldking.store\/wp-content\/uploads\/2022\/11\/McLaren-720S-Sports-Car-Mould-King-13167-1-600x600.jpg 600w, https:\/\/mouldking.store\/wp-content\/uploads\/2022\/11\/McLaren-720S-Sports-Car-Mould-King-13167-1-150x150.jpg 150w, https:\/\/mouldking.store\/wp-content\/uploads\/2022\/11\/McLaren-720S-Sports-Car-Mould-King-13167-1-60x60.jpg 60w, https:\/\/mouldking.store\/wp-content\/uploads\/2022\/11\/McLaren-720S-Sports-Car-Mould-King-13167-1-90x90.jpg 90w\" sizes=\"(max-width: 800px) 100vw, 800px\" \/><figcaption id=\"caption-attachment-35654\" class=\"wp-caption-text\">Mold King 13167 McLaren 720S sportaut\u00f3 3188 darabbal<\/figcaption><\/figure>","protected":false},"excerpt":{"rendered":"<p>Product information: Brand: Mould King Gender: Unisex Name: McLaren 720S Sports Car Age Range: &gt; 6 years old Model Number: 13167 Classification: Assemblage Plastic Block Shape: Self-Locking Bricks Material: Plastic Plastic Type: ABS Bricks Blocks:3188 PCS Size: 47 \u00d7 13.5 cm Contains detailed assembly instructions. Notice: 1. Without an original box, but we guarantee our [&hellip;]<\/p>","protected":false},"featured_media":35650,"comment_status":"closed","ping_status":"closed","template":"","meta":{"_acf_changed":false},"product_cat":[1360,1357,364],"product_tag":[7798,1740,1744,7799,615,7800,7801,7797,5166],"class_list":["product","first","instock","shipping-taxable","purchasable","product-type-variable"],"acf":[],"_links":{"self":[{"href":"https:\/\/mouldking.store\/hu\/wp-json\/wp\/v2\/product\/35649","targetHints":{"allow":["GET"]}}],"collection":[{"href":"https:\/\/mouldking.store\/hu\/wp-json\/wp\/v2\/product"}],"about":[{"href":"https:\/\/mouldking.store\/hu\/wp-json\/wp\/v2\/types\/product"}],"replies":[{"embeddable":true,"href":"https:\/\/mouldking.store\/hu\/wp-json\/wp\/v2\/comments?post=35649"}],"wp:featuredmedia":[{"embeddable":true,"href":"https:\/\/mouldking.store\/hu\/wp-json\/wp\/v2\/media\/35650"}],"wp:attachment":[{"href":"https:\/\/mouldking.store\/hu\/wp-json\/wp\/v2\/media?parent=35649"}],"wp:term":[{"taxonomy":"product_cat","embeddable":true,"href":"https:\/\/mouldking.store\/hu\/wp-json\/wp\/v2\/product_cat?post=35649"},{"taxonomy":"product_tag","embeddable":true,"href":"https:\/\/mouldking.store\/hu\/wp-json\/wp\/v2\/product_tag?post=35649"}],"curies":[{"name":"wp","href":"https:\/\/api.w.org\/{rel}","templated":true}]}}