{"id":35673,"date":"2022-11-22T10:02:16","date_gmt":"2022-11-22T03:02:16","guid":{"rendered":"https:\/\/mouldking.store\/?post_type=product&#038;p=35673"},"modified":"2023-06-21T14:56:48","modified_gmt":"2023-06-21T07:56:48","slug":"zhegao-dz6017-double-coffee-machine-with-928-pieces","status":"publish","type":"product","link":"https:\/\/mouldking.store\/hu\/shop\/zhegao-dz6017-double-coffee-machine-with-928-pieces\/","title":{"rendered":"ZHEGAO DZ6017 dupla k\u00e1v\u00e9f\u0151z\u0151 928 darabbal"},"content":{"rendered":"<p>Term\u00e9k inform\u00e1ci\u00f3:<\/p>\n<ol>\n<li>M\u00e1rka: ZHEGAO<\/li>\n<li>Nem: Uniszex<\/li>\n<li>Name: Double Coffee Machine<\/li>\n<li>Koroszt\u00e1ly: &gt; 6 \u00e9v<\/li>\n<li>Model Number: DZ6017<\/li>\n<li>Besorol\u00e1s: \u00d6sszeszerel\u00e9s<\/li>\n<li>M\u0171anyag blokk forma: \u00f6nz\u00e1r\u00f3 t\u00e9gla<\/li>\n<li>Anyaga: M\u0171anyag<\/li>\n<li>M\u0171anyag t\u00edpus: ABS<\/li>\n<li>Bricks Blocks:928 PCS<\/li>\n<li>Size: 35 \u00d7 6 \u00d7 22 cm<\/li>\n<li>R\u00e9szletes \u00f6sszeszerel\u00e9si \u00fatmutat\u00f3t tartalmaz.<\/li>\n<\/ol>\n<p>\u00c9rtes\u00edt\u00e9s:<br \/>\n1. Eredeti doboz n\u00e9lk\u00fcl, de garant\u00e1ljuk, hogy term\u00e9keink min\u0151s\u00e9gbiztos\u00edt\u00e1ssal \u00e9s sz\u00e9p csomagol\u00e1ssal rendelkeznek.<br \/>\n2. Mint minden alkatr\u00e9szt, amelyet a sz\u00e1ll\u00edt\u00e1s el\u0151tt ellen\u0151rizt\u00fcnk, ez\u00e9rt ha \u00fagy tal\u00e1lja, hogy n\u00e9h\u00e1ny alkatr\u00e9sz hi\u00e1nyzik vagy s\u00e9r\u00fclt, ne agg\u00f3djon, \u00e9s k\u00e9rj\u00fck, vegye fel vel\u00fcnk a kapcsolatot, \u00e9s azonnal ingyenesen elk\u00fcldj\u00fck \u00d6nnek.<\/p>\n<figure id=\"attachment_35674\" aria-describedby=\"caption-attachment-35674\" style=\"width: 800px\" class=\"wp-caption aligncenter\"><img fetchpriority=\"high\" decoding=\"async\" class=\"wp-image-35674 size-full\" src=\"https:\/\/mouldking.store\/wp-content\/uploads\/2022\/11\/Double-Coffee-Machine-ZHEGAO-DZ6017-4.jpg\" alt=\"ZHEGAO DZ6017 Double Coffee Machine With 928 Pieces\" width=\"800\" height=\"800\" title=\"-\" srcset=\"https:\/\/mouldking.store\/wp-content\/uploads\/2022\/11\/Double-Coffee-Machine-ZHEGAO-DZ6017-4.jpg 800w, https:\/\/mouldking.store\/wp-content\/uploads\/2022\/11\/Double-Coffee-Machine-ZHEGAO-DZ6017-4-300x300.jpg 300w, https:\/\/mouldking.store\/wp-content\/uploads\/2022\/11\/Double-Coffee-Machine-ZHEGAO-DZ6017-4-768x768.jpg 768w, https:\/\/mouldking.store\/wp-content\/uploads\/2022\/11\/Double-Coffee-Machine-ZHEGAO-DZ6017-4-600x600.jpg 600w, https:\/\/mouldking.store\/wp-content\/uploads\/2022\/11\/Double-Coffee-Machine-ZHEGAO-DZ6017-4-150x150.jpg 150w, https:\/\/mouldking.store\/wp-content\/uploads\/2022\/11\/Double-Coffee-Machine-ZHEGAO-DZ6017-4-60x60.jpg 60w, https:\/\/mouldking.store\/wp-content\/uploads\/2022\/11\/Double-Coffee-Machine-ZHEGAO-DZ6017-4-90x90.jpg 90w\" sizes=\"(max-width: 800px) 100vw, 800px\" \/><figcaption id=\"caption-attachment-35674\" class=\"wp-caption-text\">ZHEGAO DZ6017 dupla k\u00e1v\u00e9f\u0151z\u0151 928 darabbal<\/figcaption><\/figure>\n<figure id=\"attachment_35675\" aria-describedby=\"caption-attachment-35675\" style=\"width: 800px\" class=\"wp-caption aligncenter\"><img decoding=\"async\" class=\"wp-image-35675 size-full\" src=\"https:\/\/mouldking.store\/wp-content\/uploads\/2022\/11\/Double-Coffee-Machine-ZHEGAO-DZ6017-3.jpg\" alt=\"ZHEGAO DZ6017 Double Coffee Machine With 928 Pieces\" width=\"800\" height=\"800\" title=\"-\" srcset=\"https:\/\/mouldking.store\/wp-content\/uploads\/2022\/11\/Double-Coffee-Machine-ZHEGAO-DZ6017-3.jpg 800w, https:\/\/mouldking.store\/wp-content\/uploads\/2022\/11\/Double-Coffee-Machine-ZHEGAO-DZ6017-3-300x300.jpg 300w, https:\/\/mouldking.store\/wp-content\/uploads\/2022\/11\/Double-Coffee-Machine-ZHEGAO-DZ6017-3-768x768.jpg 768w, https:\/\/mouldking.store\/wp-content\/uploads\/2022\/11\/Double-Coffee-Machine-ZHEGAO-DZ6017-3-600x600.jpg 600w, https:\/\/mouldking.store\/wp-content\/uploads\/2022\/11\/Double-Coffee-Machine-ZHEGAO-DZ6017-3-150x150.jpg 150w, https:\/\/mouldking.store\/wp-content\/uploads\/2022\/11\/Double-Coffee-Machine-ZHEGAO-DZ6017-3-60x60.jpg 60w, https:\/\/mouldking.store\/wp-content\/uploads\/2022\/11\/Double-Coffee-Machine-ZHEGAO-DZ6017-3-90x90.jpg 90w\" sizes=\"(max-width: 800px) 100vw, 800px\" \/><figcaption id=\"caption-attachment-35675\" class=\"wp-caption-text\">ZHEGAO DZ6017 dupla k\u00e1v\u00e9f\u0151z\u0151 928 darabbal<\/figcaption><\/figure>\n<figure id=\"attachment_35676\" aria-describedby=\"caption-attachment-35676\" style=\"width: 800px\" class=\"wp-caption aligncenter\"><img decoding=\"async\" class=\"wp-image-35676 size-full\" src=\"https:\/\/mouldking.store\/wp-content\/uploads\/2022\/11\/Double-Coffee-Machine-ZHEGAO-DZ6017-2.jpg\" alt=\"ZHEGAO DZ6017 Double Coffee Machine With 928 Pieces\" width=\"800\" height=\"800\" title=\"-\" srcset=\"https:\/\/mouldking.store\/wp-content\/uploads\/2022\/11\/Double-Coffee-Machine-ZHEGAO-DZ6017-2.jpg 800w, https:\/\/mouldking.store\/wp-content\/uploads\/2022\/11\/Double-Coffee-Machine-ZHEGAO-DZ6017-2-300x300.jpg 300w, https:\/\/mouldking.store\/wp-content\/uploads\/2022\/11\/Double-Coffee-Machine-ZHEGAO-DZ6017-2-768x768.jpg 768w, https:\/\/mouldking.store\/wp-content\/uploads\/2022\/11\/Double-Coffee-Machine-ZHEGAO-DZ6017-2-600x600.jpg 600w, https:\/\/mouldking.store\/wp-content\/uploads\/2022\/11\/Double-Coffee-Machine-ZHEGAO-DZ6017-2-150x150.jpg 150w, https:\/\/mouldking.store\/wp-content\/uploads\/2022\/11\/Double-Coffee-Machine-ZHEGAO-DZ6017-2-60x60.jpg 60w, https:\/\/mouldking.store\/wp-content\/uploads\/2022\/11\/Double-Coffee-Machine-ZHEGAO-DZ6017-2-90x90.jpg 90w\" sizes=\"(max-width: 800px) 100vw, 800px\" \/><figcaption id=\"caption-attachment-35676\" class=\"wp-caption-text\">ZHEGAO DZ6017 dupla k\u00e1v\u00e9f\u0151z\u0151 928 darabbal<\/figcaption><\/figure>\n<figure id=\"attachment_35677\" aria-describedby=\"caption-attachment-35677\" style=\"width: 800px\" class=\"wp-caption aligncenter\"><img loading=\"lazy\" decoding=\"async\" class=\"wp-image-35677 size-full\" src=\"https:\/\/mouldking.store\/wp-content\/uploads\/2022\/11\/Double-Coffee-Machine-ZHEGAO-DZ6017-1.jpg\" alt=\"ZHEGAO DZ6017 Double Coffee Machine With 928 Pieces\" width=\"800\" height=\"800\" title=\"-\" srcset=\"https:\/\/mouldking.store\/wp-content\/uploads\/2022\/11\/Double-Coffee-Machine-ZHEGAO-DZ6017-1.jpg 800w, https:\/\/mouldking.store\/wp-content\/uploads\/2022\/11\/Double-Coffee-Machine-ZHEGAO-DZ6017-1-300x300.jpg 300w, https:\/\/mouldking.store\/wp-content\/uploads\/2022\/11\/Double-Coffee-Machine-ZHEGAO-DZ6017-1-768x768.jpg 768w, https:\/\/mouldking.store\/wp-content\/uploads\/2022\/11\/Double-Coffee-Machine-ZHEGAO-DZ6017-1-600x600.jpg 600w, https:\/\/mouldking.store\/wp-content\/uploads\/2022\/11\/Double-Coffee-Machine-ZHEGAO-DZ6017-1-150x150.jpg 150w, https:\/\/mouldking.store\/wp-content\/uploads\/2022\/11\/Double-Coffee-Machine-ZHEGAO-DZ6017-1-60x60.jpg 60w, https:\/\/mouldking.store\/wp-content\/uploads\/2022\/11\/Double-Coffee-Machine-ZHEGAO-DZ6017-1-90x90.jpg 90w\" sizes=\"(max-width: 800px) 100vw, 800px\" \/><figcaption id=\"caption-attachment-35677\" class=\"wp-caption-text\">ZHEGAO DZ6017 dupla k\u00e1v\u00e9f\u0151z\u0151 928 darabbal<\/figcaption><\/figure>","protected":false},"excerpt":{"rendered":"<p>Product information: Brand: ZHEGAO Gender: Unisex Name: Double Coffee Machine Age Range: &gt; 6 years old Model Number: DZ6017 Classification: Assemblage Plastic Block Shape: Self-Locking Bricks Material: Plastic Plastic Type: ABS Bricks Blocks:928 PCS Size: 35 \u00d7 6 \u00d7 22 cm Contains detailed assembly instructions. Notice: 1. Without an original box, but we guarantee our [&hellip;]<\/p>","protected":false},"featured_media":35674,"comment_status":"closed","ping_status":"closed","template":"","meta":{"_acf_changed":false},"product_cat":[1365],"product_tag":[5228,7821,7820,7822,7819,7793,1698,7823,7818],"class_list":["product","first","instock","shipping-taxable","purchasable","product-type-simple"],"acf":[],"_links":{"self":[{"href":"https:\/\/mouldking.store\/hu\/wp-json\/wp\/v2\/product\/35673","targetHints":{"allow":["GET"]}}],"collection":[{"href":"https:\/\/mouldking.store\/hu\/wp-json\/wp\/v2\/product"}],"about":[{"href":"https:\/\/mouldking.store\/hu\/wp-json\/wp\/v2\/types\/product"}],"replies":[{"embeddable":true,"href":"https:\/\/mouldking.store\/hu\/wp-json\/wp\/v2\/comments?post=35673"}],"wp:featuredmedia":[{"embeddable":true,"href":"https:\/\/mouldking.store\/hu\/wp-json\/wp\/v2\/media\/35674"}],"wp:attachment":[{"href":"https:\/\/mouldking.store\/hu\/wp-json\/wp\/v2\/media?parent=35673"}],"wp:term":[{"taxonomy":"product_cat","embeddable":true,"href":"https:\/\/mouldking.store\/hu\/wp-json\/wp\/v2\/product_cat?post=35673"},{"taxonomy":"product_tag","embeddable":true,"href":"https:\/\/mouldking.store\/hu\/wp-json\/wp\/v2\/product_tag?post=35673"}],"curies":[{"name":"wp","href":"https:\/\/api.w.org\/{rel}","templated":true}]}}