{"id":35732,"date":"2022-11-22T11:27:52","date_gmt":"2022-11-22T04:27:52","guid":{"rendered":"https:\/\/mouldking.store\/?post_type=product&#038;p=35732"},"modified":"2022-11-22T11:27:52","modified_gmt":"2022-11-22T04:27:52","slug":"quan-guan-100084-soviet-bt-7-light-cavalry-tank-with-462-pieces","status":"publish","type":"product","link":"https:\/\/mouldking.store\/hu\/shop\/quan-guan-100084-soviet-bt-7-light-cavalry-tank-with-462-pieces\/","title":{"rendered":"Quan Guan 100084 szovjet BT-7 k\u00f6nny\u0171lovass\u00e1gi harckocsi 462 darabbal"},"content":{"rendered":"<p>Term\u00e9k inform\u00e1ci\u00f3:<\/p>\n<ol>\n<li>M\u00e1rka: Quan Guan<\/li>\n<li>Nem: Uniszex<\/li>\n<li>Name: Soviet BT-7 Light Cavalry Tank<\/li>\n<li>Koroszt\u00e1ly: &gt; 6 \u00e9v<\/li>\n<li>Model Number: 100084<\/li>\n<li>Besorol\u00e1s: \u00d6sszeszerel\u00e9s<\/li>\n<li>M\u0171anyag blokk forma: \u00f6nz\u00e1r\u00f3 t\u00e9gla<\/li>\n<li>Anyaga: M\u0171anyag<\/li>\n<li>M\u0171anyag t\u00edpus: ABS<\/li>\n<li>Bricks Blocks:462 PCS<\/li>\n<li>Size: 17.5 x 7x 8.7 cm<\/li>\n<li>R\u00e9szletes \u00f6sszeszerel\u00e9si \u00fatmutat\u00f3t tartalmaz.<\/li>\n<\/ol>\n<p>\u00c9rtes\u00edt\u00e9s:<br \/>\n1. Eredeti doboz n\u00e9lk\u00fcl, de garant\u00e1ljuk, hogy term\u00e9keink min\u0151s\u00e9gbiztos\u00edt\u00e1ssal \u00e9s sz\u00e9p csomagol\u00e1ssal rendelkeznek.<br \/>\n2. Mint minden alkatr\u00e9szt, amelyet a sz\u00e1ll\u00edt\u00e1s el\u0151tt ellen\u0151rizt\u00fcnk, ez\u00e9rt ha \u00fagy tal\u00e1lja, hogy n\u00e9h\u00e1ny alkatr\u00e9sz hi\u00e1nyzik vagy s\u00e9r\u00fclt, ne agg\u00f3djon, \u00e9s k\u00e9rj\u00fck, vegye fel vel\u00fcnk a kapcsolatot, \u00e9s azonnal ingyenesen elk\u00fcldj\u00fck \u00d6nnek.<\/p>\n<figure id=\"attachment_35733\" aria-describedby=\"caption-attachment-35733\" style=\"width: 800px\" class=\"wp-caption aligncenter\"><img fetchpriority=\"high\" decoding=\"async\" class=\"wp-image-35733 size-full\" src=\"https:\/\/mouldking.store\/wp-content\/uploads\/2022\/11\/Quan-Guan-100084-Soviet-BT-7-Light-Cavalry-Tank-5.jpg\" alt=\"Quan Guan 100084 Soviet BT-7 Light Cavalry Tank With 462 Pieces\" width=\"800\" height=\"800\" title=\"-\" srcset=\"https:\/\/mouldking.store\/wp-content\/uploads\/2022\/11\/Quan-Guan-100084-Soviet-BT-7-Light-Cavalry-Tank-5.jpg 800w, https:\/\/mouldking.store\/wp-content\/uploads\/2022\/11\/Quan-Guan-100084-Soviet-BT-7-Light-Cavalry-Tank-5-300x300.jpg 300w, https:\/\/mouldking.store\/wp-content\/uploads\/2022\/11\/Quan-Guan-100084-Soviet-BT-7-Light-Cavalry-Tank-5-768x768.jpg 768w, https:\/\/mouldking.store\/wp-content\/uploads\/2022\/11\/Quan-Guan-100084-Soviet-BT-7-Light-Cavalry-Tank-5-600x600.jpg 600w, https:\/\/mouldking.store\/wp-content\/uploads\/2022\/11\/Quan-Guan-100084-Soviet-BT-7-Light-Cavalry-Tank-5-150x150.jpg 150w, https:\/\/mouldking.store\/wp-content\/uploads\/2022\/11\/Quan-Guan-100084-Soviet-BT-7-Light-Cavalry-Tank-5-60x60.jpg 60w, https:\/\/mouldking.store\/wp-content\/uploads\/2022\/11\/Quan-Guan-100084-Soviet-BT-7-Light-Cavalry-Tank-5-90x90.jpg 90w\" sizes=\"(max-width: 800px) 100vw, 800px\" \/><figcaption id=\"caption-attachment-35733\" class=\"wp-caption-text\">Quan Guan 100084 szovjet BT-7 k\u00f6nny\u0171lovass\u00e1gi harckocsi 462 darabbal<\/figcaption><\/figure>\n<figure id=\"attachment_35734\" aria-describedby=\"caption-attachment-35734\" style=\"width: 900px\" class=\"wp-caption aligncenter\"><img decoding=\"async\" class=\"wp-image-35734 size-full\" src=\"https:\/\/mouldking.store\/wp-content\/uploads\/2022\/11\/Quan-Guan-100084-Soviet-BT-7-Light-Cavalry-Tank-4.jpg\" alt=\"Quan Guan 100084 Soviet BT-7 Light Cavalry Tank With 462 Pieces\" width=\"900\" height=\"900\" title=\"-\" srcset=\"https:\/\/mouldking.store\/wp-content\/uploads\/2022\/11\/Quan-Guan-100084-Soviet-BT-7-Light-Cavalry-Tank-4.jpg 900w, https:\/\/mouldking.store\/wp-content\/uploads\/2022\/11\/Quan-Guan-100084-Soviet-BT-7-Light-Cavalry-Tank-4-300x300.jpg 300w, https:\/\/mouldking.store\/wp-content\/uploads\/2022\/11\/Quan-Guan-100084-Soviet-BT-7-Light-Cavalry-Tank-4-768x768.jpg 768w, https:\/\/mouldking.store\/wp-content\/uploads\/2022\/11\/Quan-Guan-100084-Soviet-BT-7-Light-Cavalry-Tank-4-600x600.jpg 600w, https:\/\/mouldking.store\/wp-content\/uploads\/2022\/11\/Quan-Guan-100084-Soviet-BT-7-Light-Cavalry-Tank-4-150x150.jpg 150w, https:\/\/mouldking.store\/wp-content\/uploads\/2022\/11\/Quan-Guan-100084-Soviet-BT-7-Light-Cavalry-Tank-4-60x60.jpg 60w, https:\/\/mouldking.store\/wp-content\/uploads\/2022\/11\/Quan-Guan-100084-Soviet-BT-7-Light-Cavalry-Tank-4-90x90.jpg 90w\" sizes=\"(max-width: 900px) 100vw, 900px\" \/><figcaption id=\"caption-attachment-35734\" class=\"wp-caption-text\">Quan Guan 100084 szovjet BT-7 k\u00f6nny\u0171lovass\u00e1gi harckocsi 462 darabbal<\/figcaption><\/figure>\n<figure id=\"attachment_35735\" aria-describedby=\"caption-attachment-35735\" style=\"width: 900px\" class=\"wp-caption aligncenter\"><img decoding=\"async\" class=\"wp-image-35735 size-full\" src=\"https:\/\/mouldking.store\/wp-content\/uploads\/2022\/11\/Quan-Guan-100084-Soviet-BT-7-Light-Cavalry-Tank-3.jpg\" alt=\"Quan Guan 100084 Soviet BT-7 Light Cavalry Tank With 462 Pieces\" width=\"900\" height=\"900\" title=\"-\" srcset=\"https:\/\/mouldking.store\/wp-content\/uploads\/2022\/11\/Quan-Guan-100084-Soviet-BT-7-Light-Cavalry-Tank-3.jpg 900w, https:\/\/mouldking.store\/wp-content\/uploads\/2022\/11\/Quan-Guan-100084-Soviet-BT-7-Light-Cavalry-Tank-3-300x300.jpg 300w, https:\/\/mouldking.store\/wp-content\/uploads\/2022\/11\/Quan-Guan-100084-Soviet-BT-7-Light-Cavalry-Tank-3-768x768.jpg 768w, https:\/\/mouldking.store\/wp-content\/uploads\/2022\/11\/Quan-Guan-100084-Soviet-BT-7-Light-Cavalry-Tank-3-600x600.jpg 600w, https:\/\/mouldking.store\/wp-content\/uploads\/2022\/11\/Quan-Guan-100084-Soviet-BT-7-Light-Cavalry-Tank-3-150x150.jpg 150w, https:\/\/mouldking.store\/wp-content\/uploads\/2022\/11\/Quan-Guan-100084-Soviet-BT-7-Light-Cavalry-Tank-3-60x60.jpg 60w, https:\/\/mouldking.store\/wp-content\/uploads\/2022\/11\/Quan-Guan-100084-Soviet-BT-7-Light-Cavalry-Tank-3-90x90.jpg 90w\" sizes=\"(max-width: 900px) 100vw, 900px\" \/><figcaption id=\"caption-attachment-35735\" class=\"wp-caption-text\">Quan Guan 100084 szovjet BT-7 k\u00f6nny\u0171lovass\u00e1gi harckocsi 462 darabbal<\/figcaption><\/figure>\n<figure id=\"attachment_35736\" aria-describedby=\"caption-attachment-35736\" style=\"width: 900px\" class=\"wp-caption aligncenter\"><img loading=\"lazy\" decoding=\"async\" class=\"wp-image-35736 size-full\" src=\"https:\/\/mouldking.store\/wp-content\/uploads\/2022\/11\/Quan-Guan-100084-Soviet-BT-7-Light-Cavalry-Tank-2.jpg\" alt=\"Quan Guan 100084 Soviet BT-7 Light Cavalry Tank With 462 Pieces\" width=\"900\" height=\"900\" title=\"-\" srcset=\"https:\/\/mouldking.store\/wp-content\/uploads\/2022\/11\/Quan-Guan-100084-Soviet-BT-7-Light-Cavalry-Tank-2.jpg 900w, https:\/\/mouldking.store\/wp-content\/uploads\/2022\/11\/Quan-Guan-100084-Soviet-BT-7-Light-Cavalry-Tank-2-300x300.jpg 300w, https:\/\/mouldking.store\/wp-content\/uploads\/2022\/11\/Quan-Guan-100084-Soviet-BT-7-Light-Cavalry-Tank-2-768x768.jpg 768w, https:\/\/mouldking.store\/wp-content\/uploads\/2022\/11\/Quan-Guan-100084-Soviet-BT-7-Light-Cavalry-Tank-2-600x600.jpg 600w, https:\/\/mouldking.store\/wp-content\/uploads\/2022\/11\/Quan-Guan-100084-Soviet-BT-7-Light-Cavalry-Tank-2-150x150.jpg 150w, https:\/\/mouldking.store\/wp-content\/uploads\/2022\/11\/Quan-Guan-100084-Soviet-BT-7-Light-Cavalry-Tank-2-60x60.jpg 60w, https:\/\/mouldking.store\/wp-content\/uploads\/2022\/11\/Quan-Guan-100084-Soviet-BT-7-Light-Cavalry-Tank-2-90x90.jpg 90w\" sizes=\"(max-width: 900px) 100vw, 900px\" \/><figcaption id=\"caption-attachment-35736\" class=\"wp-caption-text\">Quan Guan 100084 szovjet BT-7 k\u00f6nny\u0171lovass\u00e1gi harckocsi 462 darabbal<\/figcaption><\/figure>\n<figure id=\"attachment_35737\" aria-describedby=\"caption-attachment-35737\" style=\"width: 900px\" class=\"wp-caption aligncenter\"><img loading=\"lazy\" decoding=\"async\" class=\"wp-image-35737 size-full\" src=\"https:\/\/mouldking.store\/wp-content\/uploads\/2022\/11\/Quan-Guan-100084-Soviet-BT-7-Light-Cavalry-Tank-1.jpg\" alt=\"Quan Guan 100084 Soviet BT-7 Light Cavalry Tank With 462 Pieces\" width=\"900\" height=\"900\" title=\"-\" srcset=\"https:\/\/mouldking.store\/wp-content\/uploads\/2022\/11\/Quan-Guan-100084-Soviet-BT-7-Light-Cavalry-Tank-1.jpg 900w, https:\/\/mouldking.store\/wp-content\/uploads\/2022\/11\/Quan-Guan-100084-Soviet-BT-7-Light-Cavalry-Tank-1-300x300.jpg 300w, https:\/\/mouldking.store\/wp-content\/uploads\/2022\/11\/Quan-Guan-100084-Soviet-BT-7-Light-Cavalry-Tank-1-768x768.jpg 768w, https:\/\/mouldking.store\/wp-content\/uploads\/2022\/11\/Quan-Guan-100084-Soviet-BT-7-Light-Cavalry-Tank-1-600x600.jpg 600w, https:\/\/mouldking.store\/wp-content\/uploads\/2022\/11\/Quan-Guan-100084-Soviet-BT-7-Light-Cavalry-Tank-1-150x150.jpg 150w, https:\/\/mouldking.store\/wp-content\/uploads\/2022\/11\/Quan-Guan-100084-Soviet-BT-7-Light-Cavalry-Tank-1-60x60.jpg 60w, https:\/\/mouldking.store\/wp-content\/uploads\/2022\/11\/Quan-Guan-100084-Soviet-BT-7-Light-Cavalry-Tank-1-90x90.jpg 90w\" sizes=\"(max-width: 900px) 100vw, 900px\" \/><figcaption id=\"caption-attachment-35737\" class=\"wp-caption-text\">Quan Guan 100084 szovjet BT-7 k\u00f6nny\u0171lovass\u00e1gi harckocsi 462 darabbal<\/figcaption><\/figure>","protected":false},"excerpt":{"rendered":"<p>Nincsenek minifigur\u00e1k<\/p>","protected":false},"author":1145,"featured_media":35733,"comment_status":"closed","ping_status":"closed","template":"","meta":{"_acf_changed":false},"product_cat":[1350],"product_tag":[7884,7885,7886,7887,5465,7889,7890,7883,4077,7888,485],"class_list":["product","first","instock","shipping-taxable","purchasable","product-type-simple"],"acf":[],"_links":{"self":[{"href":"https:\/\/mouldking.store\/hu\/wp-json\/wp\/v2\/product\/35732","targetHints":{"allow":["GET"]}}],"collection":[{"href":"https:\/\/mouldking.store\/hu\/wp-json\/wp\/v2\/product"}],"about":[{"href":"https:\/\/mouldking.store\/hu\/wp-json\/wp\/v2\/types\/product"}],"author":[{"embeddable":true,"href":"https:\/\/mouldking.store\/hu\/wp-json\/wp\/v2\/users\/1145"}],"replies":[{"embeddable":true,"href":"https:\/\/mouldking.store\/hu\/wp-json\/wp\/v2\/comments?post=35732"}],"wp:featuredmedia":[{"embeddable":true,"href":"https:\/\/mouldking.store\/hu\/wp-json\/wp\/v2\/media\/35733"}],"wp:attachment":[{"href":"https:\/\/mouldking.store\/hu\/wp-json\/wp\/v2\/media?parent=35732"}],"wp:term":[{"taxonomy":"product_cat","embeddable":true,"href":"https:\/\/mouldking.store\/hu\/wp-json\/wp\/v2\/product_cat?post=35732"},{"taxonomy":"product_tag","embeddable":true,"href":"https:\/\/mouldking.store\/hu\/wp-json\/wp\/v2\/product_tag?post=35732"}],"curies":[{"name":"wp","href":"https:\/\/api.w.org\/{rel}","templated":true}]}}