{"id":35870,"date":"2022-11-22T16:41:21","date_gmt":"2022-11-22T09:41:21","guid":{"rendered":"https:\/\/mouldking.store\/?post_type=product&#038;p=35870"},"modified":"2022-11-22T16:41:22","modified_gmt":"2022-11-22T09:41:22","slug":"tgl-4008-water-spray-fire-truck-with-4629-pieces","status":"publish","type":"product","link":"https:\/\/mouldking.store\/hu\/shop\/tgl-4008-water-spray-fire-truck-with-4629-pieces\/","title":{"rendered":"TGL 4008 v\u00edzpermetes t\u0171zolt\u00f3aut\u00f3 4629 darabbal"},"content":{"rendered":"<p>Term\u00e9k inform\u00e1ci\u00f3:<\/p>\n<ol>\n<li>M\u00e1rka: TGL<\/li>\n<li>Nem: Uniszex<\/li>\n<li>N\u00e9v: V\u00edzpermetes t\u0171zolt\u00f3aut\u00f3<\/li>\n<li>Koroszt\u00e1ly: &gt; 6 \u00e9v<\/li>\n<li>Modellsz\u00e1m: 4008<\/li>\n<li>Besorol\u00e1s: \u00d6sszeszerel\u00e9s<\/li>\n<li>M\u0171anyag blokk forma: \u00f6nz\u00e1r\u00f3 t\u00e9gla<\/li>\n<li>Anyaga: M\u0171anyag<\/li>\n<li>M\u0171anyag t\u00edpus: ABS<\/li>\n<li>T\u00e9gla blokkok: 4629 db<\/li>\n<li>M\u00e9rete: 84 \u00d7 32 \u00d7 78 cm<\/li>\n<li>R\u00e9szletes \u00f6sszeszerel\u00e9si \u00fatmutat\u00f3t tartalmaz.<\/li>\n<\/ol>\n<p>\u00c9rtes\u00edt\u00e9s:<br \/>\n1. Eredeti doboz n\u00e9lk\u00fcl, de garant\u00e1ljuk, hogy term\u00e9keink min\u0151s\u00e9gbiztos\u00edt\u00e1ssal \u00e9s sz\u00e9p csomagol\u00e1ssal rendelkeznek.<br \/>\n2. Mint minden alkatr\u00e9szt, amelyet a sz\u00e1ll\u00edt\u00e1s el\u0151tt ellen\u0151rizt\u00fcnk, ez\u00e9rt ha \u00fagy tal\u00e1lja, hogy n\u00e9h\u00e1ny alkatr\u00e9sz hi\u00e1nyzik vagy s\u00e9r\u00fclt, ne agg\u00f3djon, \u00e9s k\u00e9rj\u00fck, vegye fel vel\u00fcnk a kapcsolatot, \u00e9s azonnal ingyenesen elk\u00fcldj\u00fck \u00d6nnek.<\/p>\n<figure id=\"attachment_35871\" aria-describedby=\"caption-attachment-35871\" style=\"width: 800px\" class=\"wp-caption aligncenter\"><img fetchpriority=\"high\" decoding=\"async\" class=\"wp-image-35871 size-full\" src=\"https:\/\/mouldking.store\/wp-content\/uploads\/2022\/11\/TGL-4008-Water-Spray-Fire-Truck-5.jpg\" alt=\"TGL 4008 Water Spray Fire Truck With 4629 Pieces\" width=\"800\" height=\"800\" title=\"-\" srcset=\"https:\/\/mouldking.store\/wp-content\/uploads\/2022\/11\/TGL-4008-Water-Spray-Fire-Truck-5.jpg 800w, https:\/\/mouldking.store\/wp-content\/uploads\/2022\/11\/TGL-4008-Water-Spray-Fire-Truck-5-300x300.jpg 300w, https:\/\/mouldking.store\/wp-content\/uploads\/2022\/11\/TGL-4008-Water-Spray-Fire-Truck-5-768x768.jpg 768w, https:\/\/mouldking.store\/wp-content\/uploads\/2022\/11\/TGL-4008-Water-Spray-Fire-Truck-5-600x600.jpg 600w, https:\/\/mouldking.store\/wp-content\/uploads\/2022\/11\/TGL-4008-Water-Spray-Fire-Truck-5-150x150.jpg 150w, https:\/\/mouldking.store\/wp-content\/uploads\/2022\/11\/TGL-4008-Water-Spray-Fire-Truck-5-60x60.jpg 60w, https:\/\/mouldking.store\/wp-content\/uploads\/2022\/11\/TGL-4008-Water-Spray-Fire-Truck-5-90x90.jpg 90w\" sizes=\"(max-width: 800px) 100vw, 800px\" \/><figcaption id=\"caption-attachment-35871\" class=\"wp-caption-text\">TGL 4008 v\u00edzpermetes t\u0171zolt\u00f3aut\u00f3 4629 darabbal<\/figcaption><\/figure>\n<figure id=\"attachment_35872\" aria-describedby=\"caption-attachment-35872\" style=\"width: 800px\" class=\"wp-caption aligncenter\"><img decoding=\"async\" class=\"wp-image-35872 size-full\" src=\"https:\/\/mouldking.store\/wp-content\/uploads\/2022\/11\/TGL-4008-Water-Spray-Fire-Truck-4.jpg\" alt=\"TGL 4008 Water Spray Fire Truck With 4629 Pieces\" width=\"800\" height=\"800\" title=\"-\" srcset=\"https:\/\/mouldking.store\/wp-content\/uploads\/2022\/11\/TGL-4008-Water-Spray-Fire-Truck-4.jpg 800w, https:\/\/mouldking.store\/wp-content\/uploads\/2022\/11\/TGL-4008-Water-Spray-Fire-Truck-4-300x300.jpg 300w, https:\/\/mouldking.store\/wp-content\/uploads\/2022\/11\/TGL-4008-Water-Spray-Fire-Truck-4-768x768.jpg 768w, https:\/\/mouldking.store\/wp-content\/uploads\/2022\/11\/TGL-4008-Water-Spray-Fire-Truck-4-600x600.jpg 600w, https:\/\/mouldking.store\/wp-content\/uploads\/2022\/11\/TGL-4008-Water-Spray-Fire-Truck-4-150x150.jpg 150w, https:\/\/mouldking.store\/wp-content\/uploads\/2022\/11\/TGL-4008-Water-Spray-Fire-Truck-4-60x60.jpg 60w, https:\/\/mouldking.store\/wp-content\/uploads\/2022\/11\/TGL-4008-Water-Spray-Fire-Truck-4-90x90.jpg 90w\" sizes=\"(max-width: 800px) 100vw, 800px\" \/><figcaption id=\"caption-attachment-35872\" class=\"wp-caption-text\">TGL 4008 v\u00edzpermetes t\u0171zolt\u00f3aut\u00f3 4629 darabbal<\/figcaption><\/figure>\n<figure id=\"attachment_35873\" aria-describedby=\"caption-attachment-35873\" style=\"width: 800px\" class=\"wp-caption aligncenter\"><img decoding=\"async\" class=\"wp-image-35873 size-full\" src=\"https:\/\/mouldking.store\/wp-content\/uploads\/2022\/11\/TGL-4008-Water-Spray-Fire-Truck-3.jpg\" alt=\"TGL 4008 Water Spray Fire Truck With 4629 Pieces\" width=\"800\" height=\"800\" title=\"-\" srcset=\"https:\/\/mouldking.store\/wp-content\/uploads\/2022\/11\/TGL-4008-Water-Spray-Fire-Truck-3.jpg 800w, https:\/\/mouldking.store\/wp-content\/uploads\/2022\/11\/TGL-4008-Water-Spray-Fire-Truck-3-300x300.jpg 300w, https:\/\/mouldking.store\/wp-content\/uploads\/2022\/11\/TGL-4008-Water-Spray-Fire-Truck-3-768x768.jpg 768w, https:\/\/mouldking.store\/wp-content\/uploads\/2022\/11\/TGL-4008-Water-Spray-Fire-Truck-3-600x600.jpg 600w, https:\/\/mouldking.store\/wp-content\/uploads\/2022\/11\/TGL-4008-Water-Spray-Fire-Truck-3-150x150.jpg 150w, https:\/\/mouldking.store\/wp-content\/uploads\/2022\/11\/TGL-4008-Water-Spray-Fire-Truck-3-60x60.jpg 60w, https:\/\/mouldking.store\/wp-content\/uploads\/2022\/11\/TGL-4008-Water-Spray-Fire-Truck-3-90x90.jpg 90w\" sizes=\"(max-width: 800px) 100vw, 800px\" \/><figcaption id=\"caption-attachment-35873\" class=\"wp-caption-text\">TGL 4008 v\u00edzpermetes t\u0171zolt\u00f3aut\u00f3 4629 darabbal<\/figcaption><\/figure>\n<figure id=\"attachment_35874\" aria-describedby=\"caption-attachment-35874\" style=\"width: 800px\" class=\"wp-caption aligncenter\"><img loading=\"lazy\" decoding=\"async\" class=\"wp-image-35874 size-full\" src=\"https:\/\/mouldking.store\/wp-content\/uploads\/2022\/11\/TGL-4008-Water-Spray-Fire-Truck-2.jpg\" alt=\"TGL 4008 Water Spray Fire Truck With 4629 Pieces\" width=\"800\" height=\"800\" title=\"-\" srcset=\"https:\/\/mouldking.store\/wp-content\/uploads\/2022\/11\/TGL-4008-Water-Spray-Fire-Truck-2.jpg 800w, https:\/\/mouldking.store\/wp-content\/uploads\/2022\/11\/TGL-4008-Water-Spray-Fire-Truck-2-300x300.jpg 300w, https:\/\/mouldking.store\/wp-content\/uploads\/2022\/11\/TGL-4008-Water-Spray-Fire-Truck-2-768x768.jpg 768w, https:\/\/mouldking.store\/wp-content\/uploads\/2022\/11\/TGL-4008-Water-Spray-Fire-Truck-2-600x600.jpg 600w, https:\/\/mouldking.store\/wp-content\/uploads\/2022\/11\/TGL-4008-Water-Spray-Fire-Truck-2-150x150.jpg 150w, https:\/\/mouldking.store\/wp-content\/uploads\/2022\/11\/TGL-4008-Water-Spray-Fire-Truck-2-60x60.jpg 60w, https:\/\/mouldking.store\/wp-content\/uploads\/2022\/11\/TGL-4008-Water-Spray-Fire-Truck-2-90x90.jpg 90w\" sizes=\"(max-width: 800px) 100vw, 800px\" \/><figcaption id=\"caption-attachment-35874\" class=\"wp-caption-text\">TGL 4008 v\u00edzpermetes t\u0171zolt\u00f3aut\u00f3 4629 darabbal<\/figcaption><\/figure>\n<figure id=\"attachment_35875\" aria-describedby=\"caption-attachment-35875\" style=\"width: 800px\" class=\"wp-caption aligncenter\"><img loading=\"lazy\" decoding=\"async\" class=\"wp-image-35875 size-full\" src=\"https:\/\/mouldking.store\/wp-content\/uploads\/2022\/11\/TGL-4008-Water-Spray-Fire-Truck-1.jpg\" alt=\"TGL 4008 Water Spray Fire Truck With 4629 Pieces\" width=\"800\" height=\"800\" title=\"-\" srcset=\"https:\/\/mouldking.store\/wp-content\/uploads\/2022\/11\/TGL-4008-Water-Spray-Fire-Truck-1.jpg 800w, https:\/\/mouldking.store\/wp-content\/uploads\/2022\/11\/TGL-4008-Water-Spray-Fire-Truck-1-300x300.jpg 300w, https:\/\/mouldking.store\/wp-content\/uploads\/2022\/11\/TGL-4008-Water-Spray-Fire-Truck-1-768x768.jpg 768w, https:\/\/mouldking.store\/wp-content\/uploads\/2022\/11\/TGL-4008-Water-Spray-Fire-Truck-1-600x600.jpg 600w, https:\/\/mouldking.store\/wp-content\/uploads\/2022\/11\/TGL-4008-Water-Spray-Fire-Truck-1-150x150.jpg 150w, https:\/\/mouldking.store\/wp-content\/uploads\/2022\/11\/TGL-4008-Water-Spray-Fire-Truck-1-60x60.jpg 60w, https:\/\/mouldking.store\/wp-content\/uploads\/2022\/11\/TGL-4008-Water-Spray-Fire-Truck-1-90x90.jpg 90w\" sizes=\"(max-width: 800px) 100vw, 800px\" \/><figcaption id=\"caption-attachment-35875\" class=\"wp-caption-text\">TGL 4008 v\u00edzpermetes t\u0171zolt\u00f3aut\u00f3 4629 darabbal<\/figcaption><\/figure>","protected":false},"excerpt":{"rendered":"<p>Product information: Brand: TGL Gender: Unisex Name: Water Spray Fire Truck Age Range: &gt; 6 years old Model Number: 4008 Classification: Assemblage Plastic Block Shape: Self-Locking Bricks Material: Plastic Plastic Type: ABS Bricks Blocks:4629 PCS Size: \u00a084 \u00d7 32 \u00d7 78 cm Contains detailed assembly instructions. Notice: 1. Without an original box, but we guarantee [&hellip;]<\/p>","protected":false},"featured_media":35871,"comment_status":"closed","ping_status":"closed","template":"","meta":{"_acf_changed":false},"product_cat":[1357],"product_tag":[8008,3565,2739,8010,8012,8007,466,8009,8011],"class_list":["product","first","instock","shipping-taxable","purchasable","product-type-simple"],"acf":[],"_links":{"self":[{"href":"https:\/\/mouldking.store\/hu\/wp-json\/wp\/v2\/product\/35870","targetHints":{"allow":["GET"]}}],"collection":[{"href":"https:\/\/mouldking.store\/hu\/wp-json\/wp\/v2\/product"}],"about":[{"href":"https:\/\/mouldking.store\/hu\/wp-json\/wp\/v2\/types\/product"}],"replies":[{"embeddable":true,"href":"https:\/\/mouldking.store\/hu\/wp-json\/wp\/v2\/comments?post=35870"}],"wp:featuredmedia":[{"embeddable":true,"href":"https:\/\/mouldking.store\/hu\/wp-json\/wp\/v2\/media\/35871"}],"wp:attachment":[{"href":"https:\/\/mouldking.store\/hu\/wp-json\/wp\/v2\/media?parent=35870"}],"wp:term":[{"taxonomy":"product_cat","embeddable":true,"href":"https:\/\/mouldking.store\/hu\/wp-json\/wp\/v2\/product_cat?post=35870"},{"taxonomy":"product_tag","embeddable":true,"href":"https:\/\/mouldking.store\/hu\/wp-json\/wp\/v2\/product_tag?post=35870"}],"curies":[{"name":"wp","href":"https:\/\/api.w.org\/{rel}","templated":true}]}}