{"id":35906,"date":"2022-11-22T17:25:45","date_gmt":"2022-11-22T10:25:45","guid":{"rendered":"https:\/\/mouldking.store\/?post_type=product&#038;p=35906"},"modified":"2025-12-25T09:12:22","modified_gmt":"2025-12-25T02:12:22","slug":"moc-122688-the-viking-house-without-pf-with-2795-pieces","status":"publish","type":"product","link":"https:\/\/mouldking.store\/hu\/shop\/moc-122688-the-viking-house-without-pf-with-2795-pieces\/","title":{"rendered":"MOC-122688 A viking h\u00e1z PF n\u00e9lk\u00fcl, 2795 darabbal"},"content":{"rendered":"<p>Term\u00e9k inform\u00e1ci\u00f3:<\/p>\n<ol>\n<li>M\u00e1rka: MOC<\/li>\n<li>Nem: Uniszex<\/li>\n<li>N\u00e9v: A Viking H\u00e1z PF n\u00e9lk\u00fcl<\/li>\n<li>Koroszt\u00e1ly: &gt; 6 \u00e9v<\/li>\n<li>Modellsz\u00e1m: 122688<\/li>\n<li>Besorol\u00e1s: \u00d6sszeszerel\u00e9s<\/li>\n<li>M\u0171anyag blokk forma: \u00f6nz\u00e1r\u00f3 t\u00e9gla<\/li>\n<li>Anyaga: M\u0171anyag<\/li>\n<li>M\u0171anyag t\u00edpus: ABS<\/li>\n<li>T\u00e9gla blokkok: 2795 DB<\/li>\n<li>M\u00e9rete: 40 x 40 x 25 cm<\/li>\n<li>S\u00faly: 1,58 kg<\/li>\n<li>R\u00e9szletes \u00f6sszeszerel\u00e9si \u00fatmutat\u00f3t tartalmaz.<\/li>\n<\/ol>\n<p>\u00c9rtes\u00edt\u00e9s:<br \/>\n1. Eredeti doboz n\u00e9lk\u00fcl, de garant\u00e1ljuk, hogy term\u00e9keink min\u0151s\u00e9gbiztos\u00edt\u00e1ssal \u00e9s sz\u00e9p csomagol\u00e1ssal rendelkeznek.<br \/>\n2. Mint minden alkatr\u00e9szt, amelyet a sz\u00e1ll\u00edt\u00e1s el\u0151tt ellen\u0151rizt\u00fcnk, ez\u00e9rt ha \u00fagy tal\u00e1lja, hogy n\u00e9h\u00e1ny alkatr\u00e9sz hi\u00e1nyzik vagy s\u00e9r\u00fclt, ne agg\u00f3djon, \u00e9s k\u00e9rj\u00fck, vegye fel vel\u00fcnk a kapcsolatot, \u00e9s azonnal ingyenesen elk\u00fcldj\u00fck \u00d6nnek.<\/p>\n<figure id=\"attachment_35907\" aria-describedby=\"caption-attachment-35907\" style=\"width: 730px\" class=\"wp-caption aligncenter\"><img fetchpriority=\"high\" decoding=\"async\" class=\"wp-image-35907 size-full\" src=\"https:\/\/mouldking.store\/wp-content\/uploads\/2022\/11\/MOC-122688-Modular-Building-The-Viking-House-Without-PF-MOCFACTORY.png\" alt=\"MOC-122688 The Viking House Without PF With 2795 Pieces\" width=\"730\" height=\"730\" title=\"-\" srcset=\"https:\/\/mouldking.store\/wp-content\/uploads\/2022\/11\/MOC-122688-Modular-Building-The-Viking-House-Without-PF-MOCFACTORY.png 730w, https:\/\/mouldking.store\/wp-content\/uploads\/2022\/11\/MOC-122688-Modular-Building-The-Viking-House-Without-PF-MOCFACTORY-300x300.png 300w, https:\/\/mouldking.store\/wp-content\/uploads\/2022\/11\/MOC-122688-Modular-Building-The-Viking-House-Without-PF-MOCFACTORY-600x600.png 600w, https:\/\/mouldking.store\/wp-content\/uploads\/2022\/11\/MOC-122688-Modular-Building-The-Viking-House-Without-PF-MOCFACTORY-150x150.png 150w, https:\/\/mouldking.store\/wp-content\/uploads\/2022\/11\/MOC-122688-Modular-Building-The-Viking-House-Without-PF-MOCFACTORY-60x60.png 60w, https:\/\/mouldking.store\/wp-content\/uploads\/2022\/11\/MOC-122688-Modular-Building-The-Viking-House-Without-PF-MOCFACTORY-90x90.png 90w\" sizes=\"(max-width: 730px) 100vw, 730px\" \/><figcaption id=\"caption-attachment-35907\" class=\"wp-caption-text\">MOC-122688 A viking h\u00e1z PF n\u00e9lk\u00fcl, 2795 darabbal<\/figcaption><\/figure>\n<figure id=\"attachment_35908\" aria-describedby=\"caption-attachment-35908\" style=\"width: 1000px\" class=\"wp-caption aligncenter\"><img decoding=\"async\" class=\"wp-image-35908 size-full\" src=\"https:\/\/mouldking.store\/wp-content\/uploads\/2022\/11\/MOC-122688-The-Viking-House-without-PF-6.jpg\" alt=\"MOC-122688 The Viking House Without PF With 2795 Pieces\" width=\"1000\" height=\"1000\" title=\"-\" srcset=\"https:\/\/mouldking.store\/wp-content\/uploads\/2022\/11\/MOC-122688-The-Viking-House-without-PF-6.jpg 1000w, https:\/\/mouldking.store\/wp-content\/uploads\/2022\/11\/MOC-122688-The-Viking-House-without-PF-6-300x300.jpg 300w, https:\/\/mouldking.store\/wp-content\/uploads\/2022\/11\/MOC-122688-The-Viking-House-without-PF-6-768x768.jpg 768w, https:\/\/mouldking.store\/wp-content\/uploads\/2022\/11\/MOC-122688-The-Viking-House-without-PF-6-600x600.jpg 600w, https:\/\/mouldking.store\/wp-content\/uploads\/2022\/11\/MOC-122688-The-Viking-House-without-PF-6-150x150.jpg 150w, https:\/\/mouldking.store\/wp-content\/uploads\/2022\/11\/MOC-122688-The-Viking-House-without-PF-6-60x60.jpg 60w, https:\/\/mouldking.store\/wp-content\/uploads\/2022\/11\/MOC-122688-The-Viking-House-without-PF-6-90x90.jpg 90w\" sizes=\"(max-width: 1000px) 100vw, 1000px\" \/><figcaption id=\"caption-attachment-35908\" class=\"wp-caption-text\">MOC-122688 A viking h\u00e1z PF n\u00e9lk\u00fcl, 2795 darabbal<\/figcaption><\/figure>\n<figure id=\"attachment_35909\" aria-describedby=\"caption-attachment-35909\" style=\"width: 1000px\" class=\"wp-caption aligncenter\"><img decoding=\"async\" class=\"wp-image-35909 size-full\" src=\"https:\/\/mouldking.store\/wp-content\/uploads\/2022\/11\/MOC-122688-The-Viking-House-without-PF-5.jpg\" alt=\"MOC-122688 The Viking House Without PF With 2795 Pieces\" width=\"1000\" height=\"1000\" title=\"-\" srcset=\"https:\/\/mouldking.store\/wp-content\/uploads\/2022\/11\/MOC-122688-The-Viking-House-without-PF-5.jpg 1000w, https:\/\/mouldking.store\/wp-content\/uploads\/2022\/11\/MOC-122688-The-Viking-House-without-PF-5-300x300.jpg 300w, https:\/\/mouldking.store\/wp-content\/uploads\/2022\/11\/MOC-122688-The-Viking-House-without-PF-5-768x768.jpg 768w, https:\/\/mouldking.store\/wp-content\/uploads\/2022\/11\/MOC-122688-The-Viking-House-without-PF-5-600x600.jpg 600w, https:\/\/mouldking.store\/wp-content\/uploads\/2022\/11\/MOC-122688-The-Viking-House-without-PF-5-150x150.jpg 150w, https:\/\/mouldking.store\/wp-content\/uploads\/2022\/11\/MOC-122688-The-Viking-House-without-PF-5-60x60.jpg 60w, https:\/\/mouldking.store\/wp-content\/uploads\/2022\/11\/MOC-122688-The-Viking-House-without-PF-5-90x90.jpg 90w\" sizes=\"(max-width: 1000px) 100vw, 1000px\" \/><figcaption id=\"caption-attachment-35909\" class=\"wp-caption-text\">MOC-122688 A viking h\u00e1z PF n\u00e9lk\u00fcl, 2795 darabbal<\/figcaption><\/figure>\n<figure id=\"attachment_35910\" aria-describedby=\"caption-attachment-35910\" style=\"width: 1000px\" class=\"wp-caption aligncenter\"><img loading=\"lazy\" decoding=\"async\" class=\"wp-image-35910 size-full\" src=\"https:\/\/mouldking.store\/wp-content\/uploads\/2022\/11\/MOC-122688-The-Viking-House-without-PF-4.jpg\" alt=\"MOC-122688 The Viking House Without PF With 2795 Pieces\" width=\"1000\" height=\"1000\" title=\"-\" srcset=\"https:\/\/mouldking.store\/wp-content\/uploads\/2022\/11\/MOC-122688-The-Viking-House-without-PF-4.jpg 1000w, https:\/\/mouldking.store\/wp-content\/uploads\/2022\/11\/MOC-122688-The-Viking-House-without-PF-4-300x300.jpg 300w, https:\/\/mouldking.store\/wp-content\/uploads\/2022\/11\/MOC-122688-The-Viking-House-without-PF-4-768x768.jpg 768w, https:\/\/mouldking.store\/wp-content\/uploads\/2022\/11\/MOC-122688-The-Viking-House-without-PF-4-600x600.jpg 600w, https:\/\/mouldking.store\/wp-content\/uploads\/2022\/11\/MOC-122688-The-Viking-House-without-PF-4-150x150.jpg 150w, https:\/\/mouldking.store\/wp-content\/uploads\/2022\/11\/MOC-122688-The-Viking-House-without-PF-4-60x60.jpg 60w, https:\/\/mouldking.store\/wp-content\/uploads\/2022\/11\/MOC-122688-The-Viking-House-without-PF-4-90x90.jpg 90w\" sizes=\"(max-width: 1000px) 100vw, 1000px\" \/><figcaption id=\"caption-attachment-35910\" class=\"wp-caption-text\">MOC-122688 A viking h\u00e1z PF n\u00e9lk\u00fcl, 2795 darabbal<\/figcaption><\/figure>\n<figure id=\"attachment_35911\" aria-describedby=\"caption-attachment-35911\" style=\"width: 1000px\" class=\"wp-caption aligncenter\"><img loading=\"lazy\" decoding=\"async\" class=\"wp-image-35911 size-full\" src=\"https:\/\/mouldking.store\/wp-content\/uploads\/2022\/11\/MOC-122688-The-Viking-House-without-PF-3.jpg\" alt=\"MOC-122688 The Viking House Without PF With 2795 Pieces\" width=\"1000\" height=\"1000\" title=\"-\" srcset=\"https:\/\/mouldking.store\/wp-content\/uploads\/2022\/11\/MOC-122688-The-Viking-House-without-PF-3.jpg 1000w, https:\/\/mouldking.store\/wp-content\/uploads\/2022\/11\/MOC-122688-The-Viking-House-without-PF-3-300x300.jpg 300w, https:\/\/mouldking.store\/wp-content\/uploads\/2022\/11\/MOC-122688-The-Viking-House-without-PF-3-768x768.jpg 768w, https:\/\/mouldking.store\/wp-content\/uploads\/2022\/11\/MOC-122688-The-Viking-House-without-PF-3-600x600.jpg 600w, https:\/\/mouldking.store\/wp-content\/uploads\/2022\/11\/MOC-122688-The-Viking-House-without-PF-3-150x150.jpg 150w, https:\/\/mouldking.store\/wp-content\/uploads\/2022\/11\/MOC-122688-The-Viking-House-without-PF-3-60x60.jpg 60w, https:\/\/mouldking.store\/wp-content\/uploads\/2022\/11\/MOC-122688-The-Viking-House-without-PF-3-90x90.jpg 90w\" sizes=\"(max-width: 1000px) 100vw, 1000px\" \/><figcaption id=\"caption-attachment-35911\" class=\"wp-caption-text\">MOC-122688 A viking h\u00e1z PF n\u00e9lk\u00fcl, 2795 darabbal<\/figcaption><\/figure>\n<figure id=\"attachment_35912\" aria-describedby=\"caption-attachment-35912\" style=\"width: 1000px\" class=\"wp-caption aligncenter\"><img loading=\"lazy\" decoding=\"async\" class=\"wp-image-35912 size-full\" src=\"https:\/\/mouldking.store\/wp-content\/uploads\/2022\/11\/MOC-122688-The-Viking-House-without-PF-2.jpg\" alt=\"MOC-122688 The Viking House Without PF With 2795 Pieces\" width=\"1000\" height=\"1000\" title=\"-\" srcset=\"https:\/\/mouldking.store\/wp-content\/uploads\/2022\/11\/MOC-122688-The-Viking-House-without-PF-2.jpg 1000w, https:\/\/mouldking.store\/wp-content\/uploads\/2022\/11\/MOC-122688-The-Viking-House-without-PF-2-300x300.jpg 300w, https:\/\/mouldking.store\/wp-content\/uploads\/2022\/11\/MOC-122688-The-Viking-House-without-PF-2-768x768.jpg 768w, https:\/\/mouldking.store\/wp-content\/uploads\/2022\/11\/MOC-122688-The-Viking-House-without-PF-2-600x600.jpg 600w, https:\/\/mouldking.store\/wp-content\/uploads\/2022\/11\/MOC-122688-The-Viking-House-without-PF-2-150x150.jpg 150w, https:\/\/mouldking.store\/wp-content\/uploads\/2022\/11\/MOC-122688-The-Viking-House-without-PF-2-60x60.jpg 60w, https:\/\/mouldking.store\/wp-content\/uploads\/2022\/11\/MOC-122688-The-Viking-House-without-PF-2-90x90.jpg 90w\" sizes=\"(max-width: 1000px) 100vw, 1000px\" \/><figcaption id=\"caption-attachment-35912\" class=\"wp-caption-text\">MOC-122688 A viking h\u00e1z PF n\u00e9lk\u00fcl, 2795 darabbal<\/figcaption><\/figure>\n<figure id=\"attachment_35913\" aria-describedby=\"caption-attachment-35913\" style=\"width: 326px\" class=\"wp-caption aligncenter\"><img loading=\"lazy\" decoding=\"async\" class=\"wp-image-35913 size-full\" src=\"https:\/\/mouldking.store\/wp-content\/uploads\/2022\/11\/MOC-122688-The-Viking-House-without-PF-1.jpg\" alt=\"MOC-122688 The Viking House Without PF With 2795 Pieces\" width=\"326\" height=\"1200\" title=\"-\" srcset=\"https:\/\/mouldking.store\/wp-content\/uploads\/2022\/11\/MOC-122688-The-Viking-House-without-PF-1.jpg 326w, https:\/\/mouldking.store\/wp-content\/uploads\/2022\/11\/MOC-122688-The-Viking-House-without-PF-1-278x1024.jpg 278w, https:\/\/mouldking.store\/wp-content\/uploads\/2022\/11\/MOC-122688-The-Viking-House-without-PF-1-300x1104.jpg 300w, https:\/\/mouldking.store\/wp-content\/uploads\/2022\/11\/MOC-122688-The-Viking-House-without-PF-1-41x150.jpg 41w, https:\/\/mouldking.store\/wp-content\/uploads\/2022\/11\/MOC-122688-The-Viking-House-without-PF-1-16x60.jpg 16w\" sizes=\"(max-width: 326px) 100vw, 326px\" \/><figcaption id=\"caption-attachment-35913\" class=\"wp-caption-text\">MOC-122688 A viking h\u00e1z PF n\u00e9lk\u00fcl, 2795 darabbal<\/figcaption><\/figure>\n<p>&nbsp;<\/p>","protected":false},"excerpt":{"rendered":"<p>Product information: Brand: MOC Gender: Unisex Name: The Viking House Without PF Age Range: &gt; 6 years old Model Number: 122688 Classification: Assemblage Plastic Block Shape: Self-Locking Bricks Material: Plastic Plastic Type: ABS Bricks Blocks:2795 PCS Size: 40 x 40 x 25 cm Weight:1.58 kg Contains detailed assembly instructions. Notice: 1. Without an original box, [&hellip;]<\/p>","protected":false},"featured_media":35907,"comment_status":"closed","ping_status":"closed","template":"","meta":{"_acf_changed":false},"product_cat":[1395],"product_tag":[8032,8035,8031,8034,8033,6545],"class_list":["product","first","instock","shipping-taxable","purchasable","product-type-simple"],"acf":[],"_links":{"self":[{"href":"https:\/\/mouldking.store\/hu\/wp-json\/wp\/v2\/product\/35906","targetHints":{"allow":["GET"]}}],"collection":[{"href":"https:\/\/mouldking.store\/hu\/wp-json\/wp\/v2\/product"}],"about":[{"href":"https:\/\/mouldking.store\/hu\/wp-json\/wp\/v2\/types\/product"}],"replies":[{"embeddable":true,"href":"https:\/\/mouldking.store\/hu\/wp-json\/wp\/v2\/comments?post=35906"}],"wp:featuredmedia":[{"embeddable":true,"href":"https:\/\/mouldking.store\/hu\/wp-json\/wp\/v2\/media\/35907"}],"wp:attachment":[{"href":"https:\/\/mouldking.store\/hu\/wp-json\/wp\/v2\/media?parent=35906"}],"wp:term":[{"taxonomy":"product_cat","embeddable":true,"href":"https:\/\/mouldking.store\/hu\/wp-json\/wp\/v2\/product_cat?post=35906"},{"taxonomy":"product_tag","embeddable":true,"href":"https:\/\/mouldking.store\/hu\/wp-json\/wp\/v2\/product_tag?post=35906"}],"curies":[{"name":"wp","href":"https:\/\/api.w.org\/{rel}","templated":true}]}}