{"id":36086,"date":"2022-11-23T12:23:59","date_gmt":"2022-11-23T05:23:59","guid":{"rendered":"https:\/\/mouldking.store\/?post_type=product&#038;p=36086"},"modified":"2025-12-25T09:12:20","modified_gmt":"2025-12-25T02:12:20","slug":"moc-89546-saturn-v-mlv-25l-with-5389-pieces","status":"publish","type":"product","link":"https:\/\/mouldking.store\/hu\/shop\/moc-89546-saturn-v-mlv-25l-with-5389-pieces\/","title":{"rendered":"MOC-89546 Saturn V MLV-25L 5389 darabbal"},"content":{"rendered":"<p>Term\u00e9k inform\u00e1ci\u00f3:<\/p>\n<ol>\n<li>M\u00e1rka: MOC<\/li>\n<li>Nem: Uniszex<\/li>\n<li>N\u00e9v: Saturn V MLV-25L<\/li>\n<li>Koroszt\u00e1ly: &gt; 6 \u00e9v<\/li>\n<li>Modellsz\u00e1m: 89546<\/li>\n<li>Besorol\u00e1s: \u00d6sszeszerel\u00e9s<\/li>\n<li>M\u0171anyag blokk forma: \u00f6nz\u00e1r\u00f3 t\u00e9gla<\/li>\n<li>Anyaga: M\u0171anyag<\/li>\n<li>M\u0171anyag t\u00edpus: ABS<\/li>\n<li>T\u00e9gla blokkok: 5389 DB<\/li>\n<li>M\u00e9rete: 24 x 24 x 128 cm<\/li>\n<li>S\u00faly: 4,94 kg<\/li>\n<li>R\u00e9szletes \u00f6sszeszerel\u00e9si \u00fatmutat\u00f3t tartalmaz.<\/li>\n<\/ol>\n<p>\u00c9rtes\u00edt\u00e9s:<br \/>\n1. Eredeti doboz n\u00e9lk\u00fcl, de garant\u00e1ljuk, hogy term\u00e9keink min\u0151s\u00e9gbiztos\u00edt\u00e1ssal \u00e9s sz\u00e9p csomagol\u00e1ssal rendelkeznek.<br \/>\n2. Mint minden alkatr\u00e9szt, amelyet a sz\u00e1ll\u00edt\u00e1s el\u0151tt ellen\u0151rizt\u00fcnk, ez\u00e9rt ha \u00fagy tal\u00e1lja, hogy n\u00e9h\u00e1ny alkatr\u00e9sz hi\u00e1nyzik vagy s\u00e9r\u00fclt, ne agg\u00f3djon, \u00e9s k\u00e9rj\u00fck, vegye fel vel\u00fcnk a kapcsolatot, \u00e9s azonnal ingyenesen elk\u00fcldj\u00fck \u00d6nnek.<\/p>\n<figure id=\"attachment_36087\" aria-describedby=\"caption-attachment-36087\" style=\"width: 1024px\" class=\"wp-caption aligncenter\"><img fetchpriority=\"high\" decoding=\"async\" class=\"wp-image-36087 size-large\" src=\"https:\/\/mouldking.store\/wp-content\/uploads\/2022\/11\/MOC-89546-Space-Saturn-V-MLV-25L-MOC-FACTORY-1024x1024.png\" alt=\"MOC-89546 Saturn V MLV-25L With 5389 Pieces\" width=\"1024\" height=\"1024\" title=\"-\" srcset=\"https:\/\/mouldking.store\/wp-content\/uploads\/2022\/11\/MOC-89546-Space-Saturn-V-MLV-25L-MOC-FACTORY-1024x1024.png 1024w, https:\/\/mouldking.store\/wp-content\/uploads\/2022\/11\/MOC-89546-Space-Saturn-V-MLV-25L-MOC-FACTORY-300x300.png 300w, https:\/\/mouldking.store\/wp-content\/uploads\/2022\/11\/MOC-89546-Space-Saturn-V-MLV-25L-MOC-FACTORY-768x768.png 768w, https:\/\/mouldking.store\/wp-content\/uploads\/2022\/11\/MOC-89546-Space-Saturn-V-MLV-25L-MOC-FACTORY-600x600.png 600w, https:\/\/mouldking.store\/wp-content\/uploads\/2022\/11\/MOC-89546-Space-Saturn-V-MLV-25L-MOC-FACTORY-150x150.png 150w, https:\/\/mouldking.store\/wp-content\/uploads\/2022\/11\/MOC-89546-Space-Saturn-V-MLV-25L-MOC-FACTORY-60x60.png 60w, https:\/\/mouldking.store\/wp-content\/uploads\/2022\/11\/MOC-89546-Space-Saturn-V-MLV-25L-MOC-FACTORY-90x90.png 90w, https:\/\/mouldking.store\/wp-content\/uploads\/2022\/11\/MOC-89546-Space-Saturn-V-MLV-25L-MOC-FACTORY.png 1095w\" sizes=\"(max-width: 1024px) 100vw, 1024px\" \/><figcaption id=\"caption-attachment-36087\" class=\"wp-caption-text\">MOC-89546 Saturn V MLV-25L 5389 darabbal<\/figcaption><\/figure>\n<figure id=\"attachment_36088\" aria-describedby=\"caption-attachment-36088\" style=\"width: 1000px\" class=\"wp-caption aligncenter\"><img decoding=\"async\" class=\"wp-image-36088 size-full\" src=\"https:\/\/mouldking.store\/wp-content\/uploads\/2022\/11\/MOC-Saturn-V-MLV-25L-5.jpg\" alt=\"MOC-89546 Saturn V MLV-25L With 5389 Pieces\" width=\"1000\" height=\"1000\" title=\"-\" srcset=\"https:\/\/mouldking.store\/wp-content\/uploads\/2022\/11\/MOC-Saturn-V-MLV-25L-5.jpg 1000w, https:\/\/mouldking.store\/wp-content\/uploads\/2022\/11\/MOC-Saturn-V-MLV-25L-5-300x300.jpg 300w, https:\/\/mouldking.store\/wp-content\/uploads\/2022\/11\/MOC-Saturn-V-MLV-25L-5-768x768.jpg 768w, https:\/\/mouldking.store\/wp-content\/uploads\/2022\/11\/MOC-Saturn-V-MLV-25L-5-600x600.jpg 600w, https:\/\/mouldking.store\/wp-content\/uploads\/2022\/11\/MOC-Saturn-V-MLV-25L-5-150x150.jpg 150w, https:\/\/mouldking.store\/wp-content\/uploads\/2022\/11\/MOC-Saturn-V-MLV-25L-5-60x60.jpg 60w, https:\/\/mouldking.store\/wp-content\/uploads\/2022\/11\/MOC-Saturn-V-MLV-25L-5-90x90.jpg 90w\" sizes=\"(max-width: 1000px) 100vw, 1000px\" \/><figcaption id=\"caption-attachment-36088\" class=\"wp-caption-text\">MOC-89546 Saturn V MLV-25L 5389 darabbal<\/figcaption><\/figure>\n<figure id=\"attachment_36089\" aria-describedby=\"caption-attachment-36089\" style=\"width: 1000px\" class=\"wp-caption aligncenter\"><img decoding=\"async\" class=\"wp-image-36089 size-full\" src=\"https:\/\/mouldking.store\/wp-content\/uploads\/2022\/11\/MOC-Saturn-V-MLV-25L-4.jpg\" alt=\"MOC-89546 Saturn V MLV-25L With 5389 Pieces\" width=\"1000\" height=\"1000\" title=\"-\" srcset=\"https:\/\/mouldking.store\/wp-content\/uploads\/2022\/11\/MOC-Saturn-V-MLV-25L-4.jpg 1000w, https:\/\/mouldking.store\/wp-content\/uploads\/2022\/11\/MOC-Saturn-V-MLV-25L-4-300x300.jpg 300w, https:\/\/mouldking.store\/wp-content\/uploads\/2022\/11\/MOC-Saturn-V-MLV-25L-4-768x768.jpg 768w, https:\/\/mouldking.store\/wp-content\/uploads\/2022\/11\/MOC-Saturn-V-MLV-25L-4-600x600.jpg 600w, https:\/\/mouldking.store\/wp-content\/uploads\/2022\/11\/MOC-Saturn-V-MLV-25L-4-150x150.jpg 150w, https:\/\/mouldking.store\/wp-content\/uploads\/2022\/11\/MOC-Saturn-V-MLV-25L-4-60x60.jpg 60w, https:\/\/mouldking.store\/wp-content\/uploads\/2022\/11\/MOC-Saturn-V-MLV-25L-4-90x90.jpg 90w\" sizes=\"(max-width: 1000px) 100vw, 1000px\" \/><figcaption id=\"caption-attachment-36089\" class=\"wp-caption-text\">MOC-89546 Saturn V MLV-25L 5389 darabbal<\/figcaption><\/figure>\n<figure id=\"attachment_36090\" aria-describedby=\"caption-attachment-36090\" style=\"width: 1000px\" class=\"wp-caption aligncenter\"><img loading=\"lazy\" decoding=\"async\" class=\"wp-image-36090 size-full\" src=\"https:\/\/mouldking.store\/wp-content\/uploads\/2022\/11\/MOC-Saturn-V-MLV-25L-3.jpg\" alt=\"MOC-89546 Saturn V MLV-25L With 5389 Pieces\" width=\"1000\" height=\"1000\" title=\"-\" srcset=\"https:\/\/mouldking.store\/wp-content\/uploads\/2022\/11\/MOC-Saturn-V-MLV-25L-3.jpg 1000w, https:\/\/mouldking.store\/wp-content\/uploads\/2022\/11\/MOC-Saturn-V-MLV-25L-3-300x300.jpg 300w, https:\/\/mouldking.store\/wp-content\/uploads\/2022\/11\/MOC-Saturn-V-MLV-25L-3-768x768.jpg 768w, https:\/\/mouldking.store\/wp-content\/uploads\/2022\/11\/MOC-Saturn-V-MLV-25L-3-600x600.jpg 600w, https:\/\/mouldking.store\/wp-content\/uploads\/2022\/11\/MOC-Saturn-V-MLV-25L-3-150x150.jpg 150w, https:\/\/mouldking.store\/wp-content\/uploads\/2022\/11\/MOC-Saturn-V-MLV-25L-3-60x60.jpg 60w, https:\/\/mouldking.store\/wp-content\/uploads\/2022\/11\/MOC-Saturn-V-MLV-25L-3-90x90.jpg 90w\" sizes=\"(max-width: 1000px) 100vw, 1000px\" \/><figcaption id=\"caption-attachment-36090\" class=\"wp-caption-text\">MOC-89546 Saturn V MLV-25L 5389 darabbal<\/figcaption><\/figure>\n<figure id=\"attachment_36091\" aria-describedby=\"caption-attachment-36091\" style=\"width: 1000px\" class=\"wp-caption aligncenter\"><img loading=\"lazy\" decoding=\"async\" class=\"wp-image-36091 size-full\" src=\"https:\/\/mouldking.store\/wp-content\/uploads\/2022\/11\/MOC-Saturn-V-MLV-25L-2.jpg\" alt=\"MOC-89546 Saturn V MLV-25L With 5389 Pieces\" width=\"1000\" height=\"1000\" title=\"-\" srcset=\"https:\/\/mouldking.store\/wp-content\/uploads\/2022\/11\/MOC-Saturn-V-MLV-25L-2.jpg 1000w, https:\/\/mouldking.store\/wp-content\/uploads\/2022\/11\/MOC-Saturn-V-MLV-25L-2-300x300.jpg 300w, https:\/\/mouldking.store\/wp-content\/uploads\/2022\/11\/MOC-Saturn-V-MLV-25L-2-768x768.jpg 768w, https:\/\/mouldking.store\/wp-content\/uploads\/2022\/11\/MOC-Saturn-V-MLV-25L-2-600x600.jpg 600w, https:\/\/mouldking.store\/wp-content\/uploads\/2022\/11\/MOC-Saturn-V-MLV-25L-2-150x150.jpg 150w, https:\/\/mouldking.store\/wp-content\/uploads\/2022\/11\/MOC-Saturn-V-MLV-25L-2-60x60.jpg 60w, https:\/\/mouldking.store\/wp-content\/uploads\/2022\/11\/MOC-Saturn-V-MLV-25L-2-90x90.jpg 90w\" sizes=\"(max-width: 1000px) 100vw, 1000px\" \/><figcaption id=\"caption-attachment-36091\" class=\"wp-caption-text\">MOC-89546 Saturn V MLV-25L 5389 darabbal<\/figcaption><\/figure>\n<figure id=\"attachment_36092\" aria-describedby=\"caption-attachment-36092\" style=\"width: 643px\" class=\"wp-caption aligncenter\"><img loading=\"lazy\" decoding=\"async\" class=\"wp-image-36092 size-large\" src=\"https:\/\/mouldking.store\/wp-content\/uploads\/2022\/11\/MOC-Saturn-V-MLV-25L-1-643x1024.jpg\" alt=\"MOC-89546 Saturn V MLV-25L With 5389 Pieces\" width=\"643\" height=\"1024\" title=\"-\" srcset=\"https:\/\/mouldking.store\/wp-content\/uploads\/2022\/11\/MOC-Saturn-V-MLV-25L-1-643x1024.jpg 643w, https:\/\/mouldking.store\/wp-content\/uploads\/2022\/11\/MOC-Saturn-V-MLV-25L-1-188x300.jpg 188w, https:\/\/mouldking.store\/wp-content\/uploads\/2022\/11\/MOC-Saturn-V-MLV-25L-1-300x478.jpg 300w, https:\/\/mouldking.store\/wp-content\/uploads\/2022\/11\/MOC-Saturn-V-MLV-25L-1-600x956.jpg 600w, https:\/\/mouldking.store\/wp-content\/uploads\/2022\/11\/MOC-Saturn-V-MLV-25L-1-94x150.jpg 94w, https:\/\/mouldking.store\/wp-content\/uploads\/2022\/11\/MOC-Saturn-V-MLV-25L-1-38x60.jpg 38w, https:\/\/mouldking.store\/wp-content\/uploads\/2022\/11\/MOC-Saturn-V-MLV-25L-1-56x90.jpg 56w, https:\/\/mouldking.store\/wp-content\/uploads\/2022\/11\/MOC-Saturn-V-MLV-25L-1.jpg 753w\" sizes=\"(max-width: 643px) 100vw, 643px\" \/><figcaption id=\"caption-attachment-36092\" class=\"wp-caption-text\">MOC-89546 Saturn V MLV-25L 5389 darabbal<\/figcaption><\/figure>","protected":false},"excerpt":{"rendered":"<p>Product information: Brand: MOC Gender: Unisex Name: Saturn V MLV-25L Age Range: &gt; 6 years old Model Number: 89546 Classification: Assemblage Plastic Block Shape: Self-Locking Bricks Material: Plastic Plastic Type: ABS Bricks Blocks:5389 PCS Size: 24 x 24 x 128 cm Weight:4.94 kg Contains detailed assembly instructions. Notice: 1. Without an original box, but we [&hellip;]<\/p>","protected":false},"featured_media":36087,"comment_status":"closed","ping_status":"closed","template":"","meta":{"_acf_changed":false},"product_cat":[1406,6016],"product_tag":[8173,8172,8175,8171,3665,8174],"class_list":["product","first","instock","shipping-taxable","purchasable","product-type-simple"],"acf":[],"_links":{"self":[{"href":"https:\/\/mouldking.store\/hu\/wp-json\/wp\/v2\/product\/36086","targetHints":{"allow":["GET"]}}],"collection":[{"href":"https:\/\/mouldking.store\/hu\/wp-json\/wp\/v2\/product"}],"about":[{"href":"https:\/\/mouldking.store\/hu\/wp-json\/wp\/v2\/types\/product"}],"replies":[{"embeddable":true,"href":"https:\/\/mouldking.store\/hu\/wp-json\/wp\/v2\/comments?post=36086"}],"wp:featuredmedia":[{"embeddable":true,"href":"https:\/\/mouldking.store\/hu\/wp-json\/wp\/v2\/media\/36087"}],"wp:attachment":[{"href":"https:\/\/mouldking.store\/hu\/wp-json\/wp\/v2\/media?parent=36086"}],"wp:term":[{"taxonomy":"product_cat","embeddable":true,"href":"https:\/\/mouldking.store\/hu\/wp-json\/wp\/v2\/product_cat?post=36086"},{"taxonomy":"product_tag","embeddable":true,"href":"https:\/\/mouldking.store\/hu\/wp-json\/wp\/v2\/product_tag?post=36086"}],"curies":[{"name":"wp","href":"https:\/\/api.w.org\/{rel}","templated":true}]}}