{"id":36130,"date":"2022-11-23T14:52:57","date_gmt":"2022-11-23T07:52:57","guid":{"rendered":"https:\/\/mouldking.store\/?post_type=product&#038;p=36130"},"modified":"2025-12-25T09:12:20","modified_gmt":"2025-12-25T02:12:20","slug":"moc-104213-spitzer-infrared-space-telescope-with-627-pieces","status":"publish","type":"product","link":"https:\/\/mouldking.store\/hu\/shop\/moc-104213-spitzer-infrared-space-telescope-with-627-pieces\/","title":{"rendered":"MOC-104213 Spitzer infrav\u00f6r\u00f6s \u0171rteleszk\u00f3p 627 darabbal"},"content":{"rendered":"<p>Term\u00e9k inform\u00e1ci\u00f3:<\/p>\n<ol>\n<li>M\u00e1rka: MOC<\/li>\n<li>Nem: Uniszex<\/li>\n<li>Name: Spitzer Infrared Space Telescope<\/li>\n<li>Koroszt\u00e1ly: &gt; 6 \u00e9v<\/li>\n<li>Model Number: 104213<\/li>\n<li>Besorol\u00e1s: \u00d6sszeszerel\u00e9s<\/li>\n<li>M\u0171anyag blokk forma: \u00f6nz\u00e1r\u00f3 t\u00e9gla<\/li>\n<li>Anyaga: M\u0171anyag<\/li>\n<li>M\u0171anyag t\u00edpus: ABS<\/li>\n<li>Bricks Blocks:627 PCS<\/li>\n<li>Size: 19.8 x 9.6 x 21.2 cm<\/li>\n<li>S\u00faly: 0,35 kg<\/li>\n<li>R\u00e9szletes \u00f6sszeszerel\u00e9si \u00fatmutat\u00f3t tartalmaz.<\/li>\n<\/ol>\n<p>\u00c9rtes\u00edt\u00e9s:<br \/>\n1. Eredeti doboz n\u00e9lk\u00fcl, de garant\u00e1ljuk, hogy term\u00e9keink min\u0151s\u00e9gbiztos\u00edt\u00e1ssal \u00e9s sz\u00e9p csomagol\u00e1ssal rendelkeznek.<br \/>\n2. Mint minden alkatr\u00e9szt, amelyet a sz\u00e1ll\u00edt\u00e1s el\u0151tt ellen\u0151rizt\u00fcnk, ez\u00e9rt ha \u00fagy tal\u00e1lja, hogy n\u00e9h\u00e1ny alkatr\u00e9sz hi\u00e1nyzik vagy s\u00e9r\u00fclt, ne agg\u00f3djon, \u00e9s k\u00e9rj\u00fck, vegye fel vel\u00fcnk a kapcsolatot, \u00e9s azonnal ingyenesen elk\u00fcldj\u00fck \u00d6nnek.<\/p>\n<figure id=\"attachment_36131\" aria-describedby=\"caption-attachment-36131\" style=\"width: 1024px\" class=\"wp-caption aligncenter\"><img fetchpriority=\"high\" decoding=\"async\" class=\"wp-image-36131 size-large\" src=\"https:\/\/mouldking.store\/wp-content\/uploads\/2022\/11\/MOC-104213-Space-Spitzer-Infrared-Space-Telescope-MOC-FACTORY-1024x1024.png\" alt=\"MOC-104213 Spitzer Infrared Space Telescope With 627 Pieces\" width=\"1024\" height=\"1024\" title=\"-\" srcset=\"https:\/\/mouldking.store\/wp-content\/uploads\/2022\/11\/MOC-104213-Space-Spitzer-Infrared-Space-Telescope-MOC-FACTORY-1024x1024.png 1024w, https:\/\/mouldking.store\/wp-content\/uploads\/2022\/11\/MOC-104213-Space-Spitzer-Infrared-Space-Telescope-MOC-FACTORY-300x300.png 300w, https:\/\/mouldking.store\/wp-content\/uploads\/2022\/11\/MOC-104213-Space-Spitzer-Infrared-Space-Telescope-MOC-FACTORY-768x768.png 768w, https:\/\/mouldking.store\/wp-content\/uploads\/2022\/11\/MOC-104213-Space-Spitzer-Infrared-Space-Telescope-MOC-FACTORY-600x600.png 600w, https:\/\/mouldking.store\/wp-content\/uploads\/2022\/11\/MOC-104213-Space-Spitzer-Infrared-Space-Telescope-MOC-FACTORY-150x150.png 150w, https:\/\/mouldking.store\/wp-content\/uploads\/2022\/11\/MOC-104213-Space-Spitzer-Infrared-Space-Telescope-MOC-FACTORY-60x60.png 60w, https:\/\/mouldking.store\/wp-content\/uploads\/2022\/11\/MOC-104213-Space-Spitzer-Infrared-Space-Telescope-MOC-FACTORY-90x90.png 90w, https:\/\/mouldking.store\/wp-content\/uploads\/2022\/11\/MOC-104213-Space-Spitzer-Infrared-Space-Telescope-MOC-FACTORY.png 1095w\" sizes=\"(max-width: 1024px) 100vw, 1024px\" \/><figcaption id=\"caption-attachment-36131\" class=\"wp-caption-text\">MOC-104213 Spitzer infrav\u00f6r\u00f6s \u0171rteleszk\u00f3p 627 darabbal<\/figcaption><\/figure>\n<figure id=\"attachment_36132\" aria-describedby=\"caption-attachment-36132\" style=\"width: 1000px\" class=\"wp-caption aligncenter\"><img decoding=\"async\" class=\"wp-image-36132 size-full\" src=\"https:\/\/mouldking.store\/wp-content\/uploads\/2022\/11\/MOC-104213-Spitzer-Infrared-Space-Telescope-9.jpg\" alt=\"MOC-104213 Spitzer Infrared Space Telescope With 627 Pieces\" width=\"1000\" height=\"1000\" title=\"-\" srcset=\"https:\/\/mouldking.store\/wp-content\/uploads\/2022\/11\/MOC-104213-Spitzer-Infrared-Space-Telescope-9.jpg 1000w, https:\/\/mouldking.store\/wp-content\/uploads\/2022\/11\/MOC-104213-Spitzer-Infrared-Space-Telescope-9-300x300.jpg 300w, https:\/\/mouldking.store\/wp-content\/uploads\/2022\/11\/MOC-104213-Spitzer-Infrared-Space-Telescope-9-768x768.jpg 768w, https:\/\/mouldking.store\/wp-content\/uploads\/2022\/11\/MOC-104213-Spitzer-Infrared-Space-Telescope-9-600x600.jpg 600w, https:\/\/mouldking.store\/wp-content\/uploads\/2022\/11\/MOC-104213-Spitzer-Infrared-Space-Telescope-9-150x150.jpg 150w, https:\/\/mouldking.store\/wp-content\/uploads\/2022\/11\/MOC-104213-Spitzer-Infrared-Space-Telescope-9-60x60.jpg 60w, https:\/\/mouldking.store\/wp-content\/uploads\/2022\/11\/MOC-104213-Spitzer-Infrared-Space-Telescope-9-90x90.jpg 90w\" sizes=\"(max-width: 1000px) 100vw, 1000px\" \/><figcaption id=\"caption-attachment-36132\" class=\"wp-caption-text\">MOC-104213 Spitzer infrav\u00f6r\u00f6s \u0171rteleszk\u00f3p 627 darabbal<\/figcaption><\/figure>\n<figure id=\"attachment_36133\" aria-describedby=\"caption-attachment-36133\" style=\"width: 1000px\" class=\"wp-caption aligncenter\"><img decoding=\"async\" class=\"wp-image-36133 size-full\" src=\"https:\/\/mouldking.store\/wp-content\/uploads\/2022\/11\/MOC-104213-Spitzer-Infrared-Space-Telescope-8.jpg\" alt=\"MOC-104213 Spitzer Infrared Space Telescope With 627 Pieces\" width=\"1000\" height=\"1000\" title=\"-\" srcset=\"https:\/\/mouldking.store\/wp-content\/uploads\/2022\/11\/MOC-104213-Spitzer-Infrared-Space-Telescope-8.jpg 1000w, https:\/\/mouldking.store\/wp-content\/uploads\/2022\/11\/MOC-104213-Spitzer-Infrared-Space-Telescope-8-300x300.jpg 300w, https:\/\/mouldking.store\/wp-content\/uploads\/2022\/11\/MOC-104213-Spitzer-Infrared-Space-Telescope-8-768x768.jpg 768w, https:\/\/mouldking.store\/wp-content\/uploads\/2022\/11\/MOC-104213-Spitzer-Infrared-Space-Telescope-8-600x600.jpg 600w, https:\/\/mouldking.store\/wp-content\/uploads\/2022\/11\/MOC-104213-Spitzer-Infrared-Space-Telescope-8-150x150.jpg 150w, https:\/\/mouldking.store\/wp-content\/uploads\/2022\/11\/MOC-104213-Spitzer-Infrared-Space-Telescope-8-60x60.jpg 60w, https:\/\/mouldking.store\/wp-content\/uploads\/2022\/11\/MOC-104213-Spitzer-Infrared-Space-Telescope-8-90x90.jpg 90w\" sizes=\"(max-width: 1000px) 100vw, 1000px\" \/><figcaption id=\"caption-attachment-36133\" class=\"wp-caption-text\">MOC-104213 Spitzer infrav\u00f6r\u00f6s \u0171rteleszk\u00f3p 627 darabbal<\/figcaption><\/figure>\n<figure id=\"attachment_36134\" aria-describedby=\"caption-attachment-36134\" style=\"width: 1000px\" class=\"wp-caption aligncenter\"><img loading=\"lazy\" decoding=\"async\" class=\"wp-image-36134 size-full\" src=\"https:\/\/mouldking.store\/wp-content\/uploads\/2022\/11\/MOC-104213-Spitzer-Infrared-Space-Telescope-7.jpg\" alt=\"MOC-104213 Spitzer Infrared Space Telescope With 627 Pieces\" width=\"1000\" height=\"1000\" title=\"-\" srcset=\"https:\/\/mouldking.store\/wp-content\/uploads\/2022\/11\/MOC-104213-Spitzer-Infrared-Space-Telescope-7.jpg 1000w, https:\/\/mouldking.store\/wp-content\/uploads\/2022\/11\/MOC-104213-Spitzer-Infrared-Space-Telescope-7-300x300.jpg 300w, https:\/\/mouldking.store\/wp-content\/uploads\/2022\/11\/MOC-104213-Spitzer-Infrared-Space-Telescope-7-768x768.jpg 768w, https:\/\/mouldking.store\/wp-content\/uploads\/2022\/11\/MOC-104213-Spitzer-Infrared-Space-Telescope-7-600x600.jpg 600w, https:\/\/mouldking.store\/wp-content\/uploads\/2022\/11\/MOC-104213-Spitzer-Infrared-Space-Telescope-7-150x150.jpg 150w, https:\/\/mouldking.store\/wp-content\/uploads\/2022\/11\/MOC-104213-Spitzer-Infrared-Space-Telescope-7-60x60.jpg 60w, https:\/\/mouldking.store\/wp-content\/uploads\/2022\/11\/MOC-104213-Spitzer-Infrared-Space-Telescope-7-90x90.jpg 90w\" sizes=\"(max-width: 1000px) 100vw, 1000px\" \/><figcaption id=\"caption-attachment-36134\" class=\"wp-caption-text\">MOC-104213 Spitzer infrav\u00f6r\u00f6s \u0171rteleszk\u00f3p 627 darabbal<\/figcaption><\/figure>\n<figure id=\"attachment_36135\" aria-describedby=\"caption-attachment-36135\" style=\"width: 1000px\" class=\"wp-caption aligncenter\"><img loading=\"lazy\" decoding=\"async\" class=\"wp-image-36135 size-full\" src=\"https:\/\/mouldking.store\/wp-content\/uploads\/2022\/11\/MOC-104213-Spitzer-Infrared-Space-Telescope-6.jpg\" alt=\"MOC-104213 Spitzer Infrared Space Telescope With 627 Pieces\" width=\"1000\" height=\"1000\" title=\"-\" srcset=\"https:\/\/mouldking.store\/wp-content\/uploads\/2022\/11\/MOC-104213-Spitzer-Infrared-Space-Telescope-6.jpg 1000w, https:\/\/mouldking.store\/wp-content\/uploads\/2022\/11\/MOC-104213-Spitzer-Infrared-Space-Telescope-6-300x300.jpg 300w, https:\/\/mouldking.store\/wp-content\/uploads\/2022\/11\/MOC-104213-Spitzer-Infrared-Space-Telescope-6-768x768.jpg 768w, https:\/\/mouldking.store\/wp-content\/uploads\/2022\/11\/MOC-104213-Spitzer-Infrared-Space-Telescope-6-600x600.jpg 600w, https:\/\/mouldking.store\/wp-content\/uploads\/2022\/11\/MOC-104213-Spitzer-Infrared-Space-Telescope-6-150x150.jpg 150w, https:\/\/mouldking.store\/wp-content\/uploads\/2022\/11\/MOC-104213-Spitzer-Infrared-Space-Telescope-6-60x60.jpg 60w, https:\/\/mouldking.store\/wp-content\/uploads\/2022\/11\/MOC-104213-Spitzer-Infrared-Space-Telescope-6-90x90.jpg 90w\" sizes=\"(max-width: 1000px) 100vw, 1000px\" \/><figcaption id=\"caption-attachment-36135\" class=\"wp-caption-text\">MOC-104213 Spitzer infrav\u00f6r\u00f6s \u0171rteleszk\u00f3p 627 darabbal<\/figcaption><\/figure>\n<figure id=\"attachment_36136\" aria-describedby=\"caption-attachment-36136\" style=\"width: 1000px\" class=\"wp-caption aligncenter\"><img loading=\"lazy\" decoding=\"async\" class=\"wp-image-36136 size-full\" src=\"https:\/\/mouldking.store\/wp-content\/uploads\/2022\/11\/MOC-104213-Spitzer-Infrared-Space-Telescope-5.jpg\" alt=\"MOC-104213 Spitzer Infrared Space Telescope With 627 Pieces\" width=\"1000\" height=\"1000\" title=\"-\" srcset=\"https:\/\/mouldking.store\/wp-content\/uploads\/2022\/11\/MOC-104213-Spitzer-Infrared-Space-Telescope-5.jpg 1000w, https:\/\/mouldking.store\/wp-content\/uploads\/2022\/11\/MOC-104213-Spitzer-Infrared-Space-Telescope-5-300x300.jpg 300w, https:\/\/mouldking.store\/wp-content\/uploads\/2022\/11\/MOC-104213-Spitzer-Infrared-Space-Telescope-5-768x768.jpg 768w, https:\/\/mouldking.store\/wp-content\/uploads\/2022\/11\/MOC-104213-Spitzer-Infrared-Space-Telescope-5-600x600.jpg 600w, https:\/\/mouldking.store\/wp-content\/uploads\/2022\/11\/MOC-104213-Spitzer-Infrared-Space-Telescope-5-150x150.jpg 150w, https:\/\/mouldking.store\/wp-content\/uploads\/2022\/11\/MOC-104213-Spitzer-Infrared-Space-Telescope-5-60x60.jpg 60w, https:\/\/mouldking.store\/wp-content\/uploads\/2022\/11\/MOC-104213-Spitzer-Infrared-Space-Telescope-5-90x90.jpg 90w\" sizes=\"(max-width: 1000px) 100vw, 1000px\" \/><figcaption id=\"caption-attachment-36136\" class=\"wp-caption-text\">MOC-104213 Spitzer infrav\u00f6r\u00f6s \u0171rteleszk\u00f3p 627 darabbal<\/figcaption><\/figure>\n<figure id=\"attachment_36137\" aria-describedby=\"caption-attachment-36137\" style=\"width: 1000px\" class=\"wp-caption aligncenter\"><img loading=\"lazy\" decoding=\"async\" class=\"wp-image-36137 size-full\" src=\"https:\/\/mouldking.store\/wp-content\/uploads\/2022\/11\/MOC-104213-Spitzer-Infrared-Space-Telescope-4.jpg\" alt=\"MOC-104213 Spitzer Infrared Space Telescope With 627 Pieces\" width=\"1000\" height=\"1000\" title=\"-\" srcset=\"https:\/\/mouldking.store\/wp-content\/uploads\/2022\/11\/MOC-104213-Spitzer-Infrared-Space-Telescope-4.jpg 1000w, https:\/\/mouldking.store\/wp-content\/uploads\/2022\/11\/MOC-104213-Spitzer-Infrared-Space-Telescope-4-300x300.jpg 300w, https:\/\/mouldking.store\/wp-content\/uploads\/2022\/11\/MOC-104213-Spitzer-Infrared-Space-Telescope-4-768x768.jpg 768w, https:\/\/mouldking.store\/wp-content\/uploads\/2022\/11\/MOC-104213-Spitzer-Infrared-Space-Telescope-4-600x600.jpg 600w, https:\/\/mouldking.store\/wp-content\/uploads\/2022\/11\/MOC-104213-Spitzer-Infrared-Space-Telescope-4-150x150.jpg 150w, https:\/\/mouldking.store\/wp-content\/uploads\/2022\/11\/MOC-104213-Spitzer-Infrared-Space-Telescope-4-60x60.jpg 60w, https:\/\/mouldking.store\/wp-content\/uploads\/2022\/11\/MOC-104213-Spitzer-Infrared-Space-Telescope-4-90x90.jpg 90w\" sizes=\"(max-width: 1000px) 100vw, 1000px\" \/><figcaption id=\"caption-attachment-36137\" class=\"wp-caption-text\">MOC-104213 Spitzer infrav\u00f6r\u00f6s \u0171rteleszk\u00f3p 627 darabbal<\/figcaption><\/figure>\n<figure id=\"attachment_36138\" aria-describedby=\"caption-attachment-36138\" style=\"width: 1000px\" class=\"wp-caption aligncenter\"><img loading=\"lazy\" decoding=\"async\" class=\"wp-image-36138 size-full\" src=\"https:\/\/mouldking.store\/wp-content\/uploads\/2022\/11\/MOC-104213-Spitzer-Infrared-Space-Telescope-3.jpg\" alt=\"MOC-104213 Spitzer Infrared Space Telescope With 627 Pieces\" width=\"1000\" height=\"1000\" title=\"-\" srcset=\"https:\/\/mouldking.store\/wp-content\/uploads\/2022\/11\/MOC-104213-Spitzer-Infrared-Space-Telescope-3.jpg 1000w, https:\/\/mouldking.store\/wp-content\/uploads\/2022\/11\/MOC-104213-Spitzer-Infrared-Space-Telescope-3-300x300.jpg 300w, https:\/\/mouldking.store\/wp-content\/uploads\/2022\/11\/MOC-104213-Spitzer-Infrared-Space-Telescope-3-768x768.jpg 768w, https:\/\/mouldking.store\/wp-content\/uploads\/2022\/11\/MOC-104213-Spitzer-Infrared-Space-Telescope-3-600x600.jpg 600w, https:\/\/mouldking.store\/wp-content\/uploads\/2022\/11\/MOC-104213-Spitzer-Infrared-Space-Telescope-3-150x150.jpg 150w, https:\/\/mouldking.store\/wp-content\/uploads\/2022\/11\/MOC-104213-Spitzer-Infrared-Space-Telescope-3-60x60.jpg 60w, https:\/\/mouldking.store\/wp-content\/uploads\/2022\/11\/MOC-104213-Spitzer-Infrared-Space-Telescope-3-90x90.jpg 90w\" sizes=\"(max-width: 1000px) 100vw, 1000px\" \/><figcaption id=\"caption-attachment-36138\" class=\"wp-caption-text\">MOC-104213 Spitzer infrav\u00f6r\u00f6s \u0171rteleszk\u00f3p 627 darabbal<\/figcaption><\/figure>\n<figure id=\"attachment_36139\" aria-describedby=\"caption-attachment-36139\" style=\"width: 773px\" class=\"wp-caption aligncenter\"><img loading=\"lazy\" decoding=\"async\" class=\"wp-image-36139 size-large\" src=\"https:\/\/mouldking.store\/wp-content\/uploads\/2022\/11\/MOC-104213-Spitzer-Infrared-Space-Telescope-2-773x1024.jpg\" alt=\"MOC-104213 Spitzer Infrared Space Telescope With 627 Pieces\" width=\"773\" height=\"1024\" title=\"-\" srcset=\"https:\/\/mouldking.store\/wp-content\/uploads\/2022\/11\/MOC-104213-Spitzer-Infrared-Space-Telescope-2-773x1024.jpg 773w, https:\/\/mouldking.store\/wp-content\/uploads\/2022\/11\/MOC-104213-Spitzer-Infrared-Space-Telescope-2-227x300.jpg 227w, https:\/\/mouldking.store\/wp-content\/uploads\/2022\/11\/MOC-104213-Spitzer-Infrared-Space-Telescope-2-768x1017.jpg 768w, https:\/\/mouldking.store\/wp-content\/uploads\/2022\/11\/MOC-104213-Spitzer-Infrared-Space-Telescope-2-300x397.jpg 300w, https:\/\/mouldking.store\/wp-content\/uploads\/2022\/11\/MOC-104213-Spitzer-Infrared-Space-Telescope-2-600x795.jpg 600w, https:\/\/mouldking.store\/wp-content\/uploads\/2022\/11\/MOC-104213-Spitzer-Infrared-Space-Telescope-2-113x150.jpg 113w, https:\/\/mouldking.store\/wp-content\/uploads\/2022\/11\/MOC-104213-Spitzer-Infrared-Space-Telescope-2-45x60.jpg 45w, https:\/\/mouldking.store\/wp-content\/uploads\/2022\/11\/MOC-104213-Spitzer-Infrared-Space-Telescope-2-68x90.jpg 68w, https:\/\/mouldking.store\/wp-content\/uploads\/2022\/11\/MOC-104213-Spitzer-Infrared-Space-Telescope-2.jpg 906w\" sizes=\"(max-width: 773px) 100vw, 773px\" \/><figcaption id=\"caption-attachment-36139\" class=\"wp-caption-text\">MOC-104213 Spitzer infrav\u00f6r\u00f6s \u0171rteleszk\u00f3p 627 darabbal<\/figcaption><\/figure>\n<figure id=\"attachment_36140\" aria-describedby=\"caption-attachment-36140\" style=\"width: 1000px\" class=\"wp-caption aligncenter\"><img loading=\"lazy\" decoding=\"async\" class=\"wp-image-36140 size-full\" src=\"https:\/\/mouldking.store\/wp-content\/uploads\/2022\/11\/MOC-104213-Spitzer-Infrared-Space-Telescope-1.jpg\" alt=\"MOC-104213 Spitzer Infrared Space Telescope With 627 Pieces\" width=\"1000\" height=\"1000\" title=\"-\" srcset=\"https:\/\/mouldking.store\/wp-content\/uploads\/2022\/11\/MOC-104213-Spitzer-Infrared-Space-Telescope-1.jpg 1000w, https:\/\/mouldking.store\/wp-content\/uploads\/2022\/11\/MOC-104213-Spitzer-Infrared-Space-Telescope-1-300x300.jpg 300w, https:\/\/mouldking.store\/wp-content\/uploads\/2022\/11\/MOC-104213-Spitzer-Infrared-Space-Telescope-1-768x768.jpg 768w, https:\/\/mouldking.store\/wp-content\/uploads\/2022\/11\/MOC-104213-Spitzer-Infrared-Space-Telescope-1-600x600.jpg 600w, https:\/\/mouldking.store\/wp-content\/uploads\/2022\/11\/MOC-104213-Spitzer-Infrared-Space-Telescope-1-150x150.jpg 150w, https:\/\/mouldking.store\/wp-content\/uploads\/2022\/11\/MOC-104213-Spitzer-Infrared-Space-Telescope-1-60x60.jpg 60w, https:\/\/mouldking.store\/wp-content\/uploads\/2022\/11\/MOC-104213-Spitzer-Infrared-Space-Telescope-1-90x90.jpg 90w\" sizes=\"(max-width: 1000px) 100vw, 1000px\" \/><figcaption id=\"caption-attachment-36140\" class=\"wp-caption-text\">MOC-104213 Spitzer infrav\u00f6r\u00f6s \u0171rteleszk\u00f3p 627 darabbal<\/figcaption><\/figure>","protected":false},"excerpt":{"rendered":"<p>Product information: Brand: MOC Gender: Unisex Name: Spitzer Infrared Space Telescope Age Range: &gt; 6 years old Model Number: 104213 Classification: Assemblage Plastic Block Shape: Self-Locking Bricks Material: Plastic Plastic Type: ABS Bricks Blocks:627 PCS Size: 19.8 x 9.6 x 21.2 cm Weight:0.35 kg Contains detailed assembly instructions. Notice: 1. Without an original box, but [&hellip;]<\/p>","protected":false},"featured_media":36131,"comment_status":"closed","ping_status":"closed","template":"","meta":{"_acf_changed":false},"product_cat":[1406,6016],"product_tag":[8213,8211,8215,8210,2276,8212,8214,8155],"class_list":["product","first","instock","shipping-taxable","purchasable","product-type-simple"],"acf":[],"_links":{"self":[{"href":"https:\/\/mouldking.store\/hu\/wp-json\/wp\/v2\/product\/36130","targetHints":{"allow":["GET"]}}],"collection":[{"href":"https:\/\/mouldking.store\/hu\/wp-json\/wp\/v2\/product"}],"about":[{"href":"https:\/\/mouldking.store\/hu\/wp-json\/wp\/v2\/types\/product"}],"replies":[{"embeddable":true,"href":"https:\/\/mouldking.store\/hu\/wp-json\/wp\/v2\/comments?post=36130"}],"wp:featuredmedia":[{"embeddable":true,"href":"https:\/\/mouldking.store\/hu\/wp-json\/wp\/v2\/media\/36131"}],"wp:attachment":[{"href":"https:\/\/mouldking.store\/hu\/wp-json\/wp\/v2\/media?parent=36130"}],"wp:term":[{"taxonomy":"product_cat","embeddable":true,"href":"https:\/\/mouldking.store\/hu\/wp-json\/wp\/v2\/product_cat?post=36130"},{"taxonomy":"product_tag","embeddable":true,"href":"https:\/\/mouldking.store\/hu\/wp-json\/wp\/v2\/product_tag?post=36130"}],"curies":[{"name":"wp","href":"https:\/\/api.w.org\/{rel}","templated":true}]}}