{"id":36175,"date":"2022-11-25T11:22:52","date_gmt":"2022-11-25T04:22:52","guid":{"rendered":"https:\/\/mouldking.store\/?post_type=product&#038;p=36175"},"modified":"2022-11-25T11:22:53","modified_gmt":"2022-11-25T04:22:53","slug":"52toys-bb-51b-boney","status":"publish","type":"product","link":"https:\/\/mouldking.store\/hu\/shop\/52toys-bb-51b-boney\/","title":{"rendered":"52J\u00c1T\u00c9K BB-51B BONEY"},"content":{"rendered":"<p>Term\u00e9k inform\u00e1ci\u00f3:<\/p>\n<ol>\n<li>M\u00e1rka: 52TOYS<\/li>\n<li>Nem: Uniszex<\/li>\n<li>N\u00e9v: BONEY<\/li>\n<li>Koroszt\u00e1ly: &gt; 6 \u00e9v<\/li>\n<li>Modellsz\u00e1m: BB-51B<\/li>\n<li>Besorol\u00e1s: \u00d6sszeszerel\u00e9s<\/li>\n<li>M\u0171anyag blokk forma: \u00f6nz\u00e1r\u00f3 t\u00e9gla<\/li>\n<li>Anyaga: M\u0171anyag<\/li>\n<li>M\u0171anyag t\u00edpus: ABS<\/li>\n<li>M\u00e9rete: 15 cm<\/li>\n<li>R\u00e9szletes \u00f6sszeszerel\u00e9si \u00fatmutat\u00f3t tartalmaz.<\/li>\n<\/ol>\n<p>\u00c9rtes\u00edt\u00e9s:<br \/>\n1. Eredeti doboz n\u00e9lk\u00fcl, de garant\u00e1ljuk, hogy term\u00e9keink min\u0151s\u00e9gbiztos\u00edt\u00e1ssal \u00e9s sz\u00e9p csomagol\u00e1ssal rendelkeznek.<br \/>\n2. Mint minden alkatr\u00e9szt, amelyet a sz\u00e1ll\u00edt\u00e1s el\u0151tt ellen\u0151rizt\u00fcnk, ez\u00e9rt ha \u00fagy tal\u00e1lja, hogy n\u00e9h\u00e1ny alkatr\u00e9sz hi\u00e1nyzik vagy s\u00e9r\u00fclt, ne agg\u00f3djon, \u00e9s k\u00e9rj\u00fck, vegye fel vel\u00fcnk a kapcsolatot, \u00e9s azonnal ingyenesen elk\u00fcldj\u00fck \u00d6nnek.<\/p>\n<figure id=\"attachment_36176\" aria-describedby=\"caption-attachment-36176\" style=\"width: 800px\" class=\"wp-caption aligncenter\"><img fetchpriority=\"high\" decoding=\"async\" class=\"wp-image-36176 size-full\" src=\"https:\/\/mouldking.store\/wp-content\/uploads\/2022\/11\/52TOYS-BeastBox-BB-51B-BONEY-12.jpg\" alt=\"52TOYS BB-51B BONEY \" width=\"800\" height=\"800\" title=\"-\" srcset=\"https:\/\/mouldking.store\/wp-content\/uploads\/2022\/11\/52TOYS-BeastBox-BB-51B-BONEY-12.jpg 800w, https:\/\/mouldking.store\/wp-content\/uploads\/2022\/11\/52TOYS-BeastBox-BB-51B-BONEY-12-300x300.jpg 300w, https:\/\/mouldking.store\/wp-content\/uploads\/2022\/11\/52TOYS-BeastBox-BB-51B-BONEY-12-768x768.jpg 768w, https:\/\/mouldking.store\/wp-content\/uploads\/2022\/11\/52TOYS-BeastBox-BB-51B-BONEY-12-600x600.jpg 600w, https:\/\/mouldking.store\/wp-content\/uploads\/2022\/11\/52TOYS-BeastBox-BB-51B-BONEY-12-150x150.jpg 150w, https:\/\/mouldking.store\/wp-content\/uploads\/2022\/11\/52TOYS-BeastBox-BB-51B-BONEY-12-60x60.jpg 60w, https:\/\/mouldking.store\/wp-content\/uploads\/2022\/11\/52TOYS-BeastBox-BB-51B-BONEY-12-90x90.jpg 90w\" sizes=\"(max-width: 800px) 100vw, 800px\" \/><figcaption id=\"caption-attachment-36176\" class=\"wp-caption-text\">52J\u00c1T\u00c9K BB-51B BONEY<\/figcaption><\/figure>\n<figure id=\"attachment_36177\" aria-describedby=\"caption-attachment-36177\" style=\"width: 1024px\" class=\"wp-caption aligncenter\"><img decoding=\"async\" class=\"wp-image-36177 size-full\" src=\"https:\/\/mouldking.store\/wp-content\/uploads\/2022\/11\/52TOYS-BeastBox-BB-51B-BONEY-11.jpg\" alt=\"52TOYS BB-51B BONEY \" width=\"1024\" height=\"1024\" title=\"-\" srcset=\"https:\/\/mouldking.store\/wp-content\/uploads\/2022\/11\/52TOYS-BeastBox-BB-51B-BONEY-11.jpg 1024w, https:\/\/mouldking.store\/wp-content\/uploads\/2022\/11\/52TOYS-BeastBox-BB-51B-BONEY-11-300x300.jpg 300w, https:\/\/mouldking.store\/wp-content\/uploads\/2022\/11\/52TOYS-BeastBox-BB-51B-BONEY-11-768x768.jpg 768w, https:\/\/mouldking.store\/wp-content\/uploads\/2022\/11\/52TOYS-BeastBox-BB-51B-BONEY-11-600x600.jpg 600w, https:\/\/mouldking.store\/wp-content\/uploads\/2022\/11\/52TOYS-BeastBox-BB-51B-BONEY-11-150x150.jpg 150w, https:\/\/mouldking.store\/wp-content\/uploads\/2022\/11\/52TOYS-BeastBox-BB-51B-BONEY-11-60x60.jpg 60w, https:\/\/mouldking.store\/wp-content\/uploads\/2022\/11\/52TOYS-BeastBox-BB-51B-BONEY-11-90x90.jpg 90w\" sizes=\"(max-width: 1024px) 100vw, 1024px\" \/><figcaption id=\"caption-attachment-36177\" class=\"wp-caption-text\">52J\u00c1T\u00c9K BB-51B BONEY<\/figcaption><\/figure>\n<figure id=\"attachment_36178\" aria-describedby=\"caption-attachment-36178\" style=\"width: 800px\" class=\"wp-caption aligncenter\"><img decoding=\"async\" class=\"wp-image-36178 size-full\" src=\"https:\/\/mouldking.store\/wp-content\/uploads\/2022\/11\/52TOYS-BeastBox-BB-51B-BONEY-10.jpg\" alt=\"52TOYS BB-51B BONEY \" width=\"800\" height=\"800\" title=\"-\" srcset=\"https:\/\/mouldking.store\/wp-content\/uploads\/2022\/11\/52TOYS-BeastBox-BB-51B-BONEY-10.jpg 800w, https:\/\/mouldking.store\/wp-content\/uploads\/2022\/11\/52TOYS-BeastBox-BB-51B-BONEY-10-300x300.jpg 300w, https:\/\/mouldking.store\/wp-content\/uploads\/2022\/11\/52TOYS-BeastBox-BB-51B-BONEY-10-768x768.jpg 768w, https:\/\/mouldking.store\/wp-content\/uploads\/2022\/11\/52TOYS-BeastBox-BB-51B-BONEY-10-600x600.jpg 600w, https:\/\/mouldking.store\/wp-content\/uploads\/2022\/11\/52TOYS-BeastBox-BB-51B-BONEY-10-150x150.jpg 150w, https:\/\/mouldking.store\/wp-content\/uploads\/2022\/11\/52TOYS-BeastBox-BB-51B-BONEY-10-60x60.jpg 60w, https:\/\/mouldking.store\/wp-content\/uploads\/2022\/11\/52TOYS-BeastBox-BB-51B-BONEY-10-90x90.jpg 90w\" sizes=\"(max-width: 800px) 100vw, 800px\" \/><figcaption id=\"caption-attachment-36178\" class=\"wp-caption-text\">52J\u00c1T\u00c9K BB-51B BONEY<\/figcaption><\/figure>\n<figure id=\"attachment_36179\" aria-describedby=\"caption-attachment-36179\" style=\"width: 800px\" class=\"wp-caption aligncenter\"><img loading=\"lazy\" decoding=\"async\" class=\"wp-image-36179 size-full\" src=\"https:\/\/mouldking.store\/wp-content\/uploads\/2022\/11\/52TOYS-BeastBox-BB-51B-BONEY-9.jpg\" alt=\"52TOYS BB-51B BONEY \" width=\"800\" height=\"800\" title=\"-\" srcset=\"https:\/\/mouldking.store\/wp-content\/uploads\/2022\/11\/52TOYS-BeastBox-BB-51B-BONEY-9.jpg 800w, https:\/\/mouldking.store\/wp-content\/uploads\/2022\/11\/52TOYS-BeastBox-BB-51B-BONEY-9-300x300.jpg 300w, https:\/\/mouldking.store\/wp-content\/uploads\/2022\/11\/52TOYS-BeastBox-BB-51B-BONEY-9-768x768.jpg 768w, https:\/\/mouldking.store\/wp-content\/uploads\/2022\/11\/52TOYS-BeastBox-BB-51B-BONEY-9-600x600.jpg 600w, https:\/\/mouldking.store\/wp-content\/uploads\/2022\/11\/52TOYS-BeastBox-BB-51B-BONEY-9-150x150.jpg 150w, https:\/\/mouldking.store\/wp-content\/uploads\/2022\/11\/52TOYS-BeastBox-BB-51B-BONEY-9-60x60.jpg 60w, https:\/\/mouldking.store\/wp-content\/uploads\/2022\/11\/52TOYS-BeastBox-BB-51B-BONEY-9-90x90.jpg 90w\" sizes=\"(max-width: 800px) 100vw, 800px\" \/><figcaption id=\"caption-attachment-36179\" class=\"wp-caption-text\">52J\u00c1T\u00c9K BB-51B BONEY<\/figcaption><\/figure>\n<figure id=\"attachment_36180\" aria-describedby=\"caption-attachment-36180\" style=\"width: 800px\" class=\"wp-caption aligncenter\"><img loading=\"lazy\" decoding=\"async\" class=\"wp-image-36180 size-full\" src=\"https:\/\/mouldking.store\/wp-content\/uploads\/2022\/11\/52TOYS-BeastBox-BB-51B-BONEY-8.jpg\" alt=\"52TOYS BB-51B BONEY \" width=\"800\" height=\"800\" title=\"-\" srcset=\"https:\/\/mouldking.store\/wp-content\/uploads\/2022\/11\/52TOYS-BeastBox-BB-51B-BONEY-8.jpg 800w, https:\/\/mouldking.store\/wp-content\/uploads\/2022\/11\/52TOYS-BeastBox-BB-51B-BONEY-8-300x300.jpg 300w, https:\/\/mouldking.store\/wp-content\/uploads\/2022\/11\/52TOYS-BeastBox-BB-51B-BONEY-8-768x768.jpg 768w, https:\/\/mouldking.store\/wp-content\/uploads\/2022\/11\/52TOYS-BeastBox-BB-51B-BONEY-8-600x600.jpg 600w, https:\/\/mouldking.store\/wp-content\/uploads\/2022\/11\/52TOYS-BeastBox-BB-51B-BONEY-8-150x150.jpg 150w, https:\/\/mouldking.store\/wp-content\/uploads\/2022\/11\/52TOYS-BeastBox-BB-51B-BONEY-8-60x60.jpg 60w, https:\/\/mouldking.store\/wp-content\/uploads\/2022\/11\/52TOYS-BeastBox-BB-51B-BONEY-8-90x90.jpg 90w\" sizes=\"(max-width: 800px) 100vw, 800px\" \/><figcaption id=\"caption-attachment-36180\" class=\"wp-caption-text\">52J\u00c1T\u00c9K BB-51B BONEY<\/figcaption><\/figure>\n<figure id=\"attachment_36181\" aria-describedby=\"caption-attachment-36181\" style=\"width: 800px\" class=\"wp-caption aligncenter\"><img loading=\"lazy\" decoding=\"async\" class=\"wp-image-36181 size-full\" src=\"https:\/\/mouldking.store\/wp-content\/uploads\/2022\/11\/52TOYS-BeastBox-BB-51B-BONEY-7.jpg\" alt=\"52TOYS BB-51B BONEY \" width=\"800\" height=\"800\" title=\"-\" srcset=\"https:\/\/mouldking.store\/wp-content\/uploads\/2022\/11\/52TOYS-BeastBox-BB-51B-BONEY-7.jpg 800w, https:\/\/mouldking.store\/wp-content\/uploads\/2022\/11\/52TOYS-BeastBox-BB-51B-BONEY-7-300x300.jpg 300w, https:\/\/mouldking.store\/wp-content\/uploads\/2022\/11\/52TOYS-BeastBox-BB-51B-BONEY-7-768x768.jpg 768w, https:\/\/mouldking.store\/wp-content\/uploads\/2022\/11\/52TOYS-BeastBox-BB-51B-BONEY-7-600x600.jpg 600w, https:\/\/mouldking.store\/wp-content\/uploads\/2022\/11\/52TOYS-BeastBox-BB-51B-BONEY-7-150x150.jpg 150w, https:\/\/mouldking.store\/wp-content\/uploads\/2022\/11\/52TOYS-BeastBox-BB-51B-BONEY-7-60x60.jpg 60w, https:\/\/mouldking.store\/wp-content\/uploads\/2022\/11\/52TOYS-BeastBox-BB-51B-BONEY-7-90x90.jpg 90w\" sizes=\"(max-width: 800px) 100vw, 800px\" \/><figcaption id=\"caption-attachment-36181\" class=\"wp-caption-text\">52J\u00c1T\u00c9K BB-51B BONEY<\/figcaption><\/figure>\n<figure id=\"attachment_36182\" aria-describedby=\"caption-attachment-36182\" style=\"width: 737px\" class=\"wp-caption aligncenter\"><img loading=\"lazy\" decoding=\"async\" class=\"wp-image-36182 size-full\" src=\"https:\/\/mouldking.store\/wp-content\/uploads\/2022\/11\/52TOYS-BeastBox-BB-51B-BONEY-6.jpg\" alt=\"52TOYS BB-51B BONEY \" width=\"737\" height=\"1024\" title=\"-\" srcset=\"https:\/\/mouldking.store\/wp-content\/uploads\/2022\/11\/52TOYS-BeastBox-BB-51B-BONEY-6.jpg 737w, https:\/\/mouldking.store\/wp-content\/uploads\/2022\/11\/52TOYS-BeastBox-BB-51B-BONEY-6-216x300.jpg 216w, https:\/\/mouldking.store\/wp-content\/uploads\/2022\/11\/52TOYS-BeastBox-BB-51B-BONEY-6-300x417.jpg 300w, https:\/\/mouldking.store\/wp-content\/uploads\/2022\/11\/52TOYS-BeastBox-BB-51B-BONEY-6-600x834.jpg 600w, https:\/\/mouldking.store\/wp-content\/uploads\/2022\/11\/52TOYS-BeastBox-BB-51B-BONEY-6-108x150.jpg 108w, https:\/\/mouldking.store\/wp-content\/uploads\/2022\/11\/52TOYS-BeastBox-BB-51B-BONEY-6-43x60.jpg 43w, https:\/\/mouldking.store\/wp-content\/uploads\/2022\/11\/52TOYS-BeastBox-BB-51B-BONEY-6-65x90.jpg 65w\" sizes=\"(max-width: 737px) 100vw, 737px\" \/><figcaption id=\"caption-attachment-36182\" class=\"wp-caption-text\">52J\u00c1T\u00c9K BB-51B BONEY<\/figcaption><\/figure>\n<figure id=\"attachment_36183\" aria-describedby=\"caption-attachment-36183\" style=\"width: 688px\" class=\"wp-caption aligncenter\"><img loading=\"lazy\" decoding=\"async\" class=\"wp-image-36183 size-full\" src=\"https:\/\/mouldking.store\/wp-content\/uploads\/2022\/11\/52TOYS-BeastBox-BB-51B-BONEY-5.jpg\" alt=\"52TOYS BB-51B BONEY \" width=\"688\" height=\"1024\" title=\"-\" srcset=\"https:\/\/mouldking.store\/wp-content\/uploads\/2022\/11\/52TOYS-BeastBox-BB-51B-BONEY-5.jpg 688w, https:\/\/mouldking.store\/wp-content\/uploads\/2022\/11\/52TOYS-BeastBox-BB-51B-BONEY-5-202x300.jpg 202w, https:\/\/mouldking.store\/wp-content\/uploads\/2022\/11\/52TOYS-BeastBox-BB-51B-BONEY-5-300x447.jpg 300w, https:\/\/mouldking.store\/wp-content\/uploads\/2022\/11\/52TOYS-BeastBox-BB-51B-BONEY-5-600x893.jpg 600w, https:\/\/mouldking.store\/wp-content\/uploads\/2022\/11\/52TOYS-BeastBox-BB-51B-BONEY-5-101x150.jpg 101w, https:\/\/mouldking.store\/wp-content\/uploads\/2022\/11\/52TOYS-BeastBox-BB-51B-BONEY-5-40x60.jpg 40w, https:\/\/mouldking.store\/wp-content\/uploads\/2022\/11\/52TOYS-BeastBox-BB-51B-BONEY-5-60x90.jpg 60w\" sizes=\"(max-width: 688px) 100vw, 688px\" \/><figcaption id=\"caption-attachment-36183\" class=\"wp-caption-text\">52J\u00c1T\u00c9K BB-51B BONEY<\/figcaption><\/figure>\n<figure id=\"attachment_36184\" aria-describedby=\"caption-attachment-36184\" style=\"width: 661px\" class=\"wp-caption aligncenter\"><img loading=\"lazy\" decoding=\"async\" class=\"wp-image-36184 size-full\" src=\"https:\/\/mouldking.store\/wp-content\/uploads\/2022\/11\/52TOYS-BeastBox-BB-51B-BONEY-4.jpg\" alt=\"52TOYS BB-51B BONEY \" width=\"661\" height=\"1024\" title=\"-\" srcset=\"https:\/\/mouldking.store\/wp-content\/uploads\/2022\/11\/52TOYS-BeastBox-BB-51B-BONEY-4.jpg 661w, https:\/\/mouldking.store\/wp-content\/uploads\/2022\/11\/52TOYS-BeastBox-BB-51B-BONEY-4-194x300.jpg 194w, https:\/\/mouldking.store\/wp-content\/uploads\/2022\/11\/52TOYS-BeastBox-BB-51B-BONEY-4-300x465.jpg 300w, https:\/\/mouldking.store\/wp-content\/uploads\/2022\/11\/52TOYS-BeastBox-BB-51B-BONEY-4-600x930.jpg 600w, https:\/\/mouldking.store\/wp-content\/uploads\/2022\/11\/52TOYS-BeastBox-BB-51B-BONEY-4-97x150.jpg 97w, https:\/\/mouldking.store\/wp-content\/uploads\/2022\/11\/52TOYS-BeastBox-BB-51B-BONEY-4-39x60.jpg 39w, https:\/\/mouldking.store\/wp-content\/uploads\/2022\/11\/52TOYS-BeastBox-BB-51B-BONEY-4-58x90.jpg 58w\" sizes=\"(max-width: 661px) 100vw, 661px\" \/><figcaption id=\"caption-attachment-36184\" class=\"wp-caption-text\">52J\u00c1T\u00c9K BB-51B BONEY<\/figcaption><\/figure>\n<figure id=\"attachment_36185\" aria-describedby=\"caption-attachment-36185\" style=\"width: 692px\" class=\"wp-caption aligncenter\"><img loading=\"lazy\" decoding=\"async\" class=\"wp-image-36185 size-full\" src=\"https:\/\/mouldking.store\/wp-content\/uploads\/2022\/11\/52TOYS-BeastBox-BB-51B-BONEY-3.jpg\" alt=\"52TOYS BB-51B BONEY \" width=\"692\" height=\"1024\" title=\"-\" srcset=\"https:\/\/mouldking.store\/wp-content\/uploads\/2022\/11\/52TOYS-BeastBox-BB-51B-BONEY-3.jpg 692w, https:\/\/mouldking.store\/wp-content\/uploads\/2022\/11\/52TOYS-BeastBox-BB-51B-BONEY-3-203x300.jpg 203w, https:\/\/mouldking.store\/wp-content\/uploads\/2022\/11\/52TOYS-BeastBox-BB-51B-BONEY-3-300x444.jpg 300w, https:\/\/mouldking.store\/wp-content\/uploads\/2022\/11\/52TOYS-BeastBox-BB-51B-BONEY-3-600x888.jpg 600w, https:\/\/mouldking.store\/wp-content\/uploads\/2022\/11\/52TOYS-BeastBox-BB-51B-BONEY-3-101x150.jpg 101w, https:\/\/mouldking.store\/wp-content\/uploads\/2022\/11\/52TOYS-BeastBox-BB-51B-BONEY-3-41x60.jpg 41w, https:\/\/mouldking.store\/wp-content\/uploads\/2022\/11\/52TOYS-BeastBox-BB-51B-BONEY-3-61x90.jpg 61w\" sizes=\"(max-width: 692px) 100vw, 692px\" \/><figcaption id=\"caption-attachment-36185\" class=\"wp-caption-text\">52J\u00c1T\u00c9K BB-51B BONEY<\/figcaption><\/figure>\n<figure id=\"attachment_36186\" aria-describedby=\"caption-attachment-36186\" style=\"width: 692px\" class=\"wp-caption aligncenter\"><img loading=\"lazy\" decoding=\"async\" class=\"wp-image-36186 size-full\" src=\"https:\/\/mouldking.store\/wp-content\/uploads\/2022\/11\/52TOYS-BeastBox-BB-51B-BONEY-2.jpg\" alt=\"52TOYS BB-51B BONEY \" width=\"692\" height=\"1024\" title=\"-\" srcset=\"https:\/\/mouldking.store\/wp-content\/uploads\/2022\/11\/52TOYS-BeastBox-BB-51B-BONEY-2.jpg 692w, https:\/\/mouldking.store\/wp-content\/uploads\/2022\/11\/52TOYS-BeastBox-BB-51B-BONEY-2-203x300.jpg 203w, https:\/\/mouldking.store\/wp-content\/uploads\/2022\/11\/52TOYS-BeastBox-BB-51B-BONEY-2-300x444.jpg 300w, https:\/\/mouldking.store\/wp-content\/uploads\/2022\/11\/52TOYS-BeastBox-BB-51B-BONEY-2-600x888.jpg 600w, https:\/\/mouldking.store\/wp-content\/uploads\/2022\/11\/52TOYS-BeastBox-BB-51B-BONEY-2-101x150.jpg 101w, https:\/\/mouldking.store\/wp-content\/uploads\/2022\/11\/52TOYS-BeastBox-BB-51B-BONEY-2-41x60.jpg 41w, https:\/\/mouldking.store\/wp-content\/uploads\/2022\/11\/52TOYS-BeastBox-BB-51B-BONEY-2-61x90.jpg 61w\" sizes=\"(max-width: 692px) 100vw, 692px\" \/><figcaption id=\"caption-attachment-36186\" class=\"wp-caption-text\">52J\u00c1T\u00c9K BB-51B BONEY<\/figcaption><\/figure>\n<figure id=\"attachment_36187\" aria-describedby=\"caption-attachment-36187\" style=\"width: 1024px\" class=\"wp-caption aligncenter\"><img loading=\"lazy\" decoding=\"async\" class=\"wp-image-36187 size-full\" src=\"https:\/\/mouldking.store\/wp-content\/uploads\/2022\/11\/52TOYS-BeastBox-BB-51B-BONEY-1.jpg\" alt=\"52TOYS BB-51B BONEY \" width=\"1024\" height=\"593\" title=\"-\" srcset=\"https:\/\/mouldking.store\/wp-content\/uploads\/2022\/11\/52TOYS-BeastBox-BB-51B-BONEY-1.jpg 1024w, https:\/\/mouldking.store\/wp-content\/uploads\/2022\/11\/52TOYS-BeastBox-BB-51B-BONEY-1-300x174.jpg 300w, https:\/\/mouldking.store\/wp-content\/uploads\/2022\/11\/52TOYS-BeastBox-BB-51B-BONEY-1-768x445.jpg 768w, https:\/\/mouldking.store\/wp-content\/uploads\/2022\/11\/52TOYS-BeastBox-BB-51B-BONEY-1-600x347.jpg 600w, https:\/\/mouldking.store\/wp-content\/uploads\/2022\/11\/52TOYS-BeastBox-BB-51B-BONEY-1-150x87.jpg 150w, https:\/\/mouldking.store\/wp-content\/uploads\/2022\/11\/52TOYS-BeastBox-BB-51B-BONEY-1-104x60.jpg 104w, https:\/\/mouldking.store\/wp-content\/uploads\/2022\/11\/52TOYS-BeastBox-BB-51B-BONEY-1-155x90.jpg 155w\" sizes=\"(max-width: 1024px) 100vw, 1024px\" \/><figcaption id=\"caption-attachment-36187\" class=\"wp-caption-text\">52J\u00c1T\u00c9K BB-51B BONEY<\/figcaption><\/figure>","protected":false},"excerpt":{"rendered":"<p>Product information: Brand: 52TOYS Gender: Unisex Name: BONEY Age Range: &gt; 6 years old Model Number: BB-51B Classification: Assemblage Plastic Block Shape: Self-Locking Bricks Material: Plastic Plastic Type: ABS Size: 15 cm Contains detailed assembly instructions. Notice: 1. Without an original box, but we guarantee our products have quality assurance and nice packaging. 2. As [&hellip;]<\/p>","protected":false},"featured_media":36176,"comment_status":"closed","ping_status":"closed","template":"","meta":{"_acf_changed":false},"product_cat":[1365],"product_tag":[6179,8232,8229,8230,8231],"class_list":["product","first","instock","shipping-taxable","purchasable","product-type-simple"],"acf":[],"_links":{"self":[{"href":"https:\/\/mouldking.store\/hu\/wp-json\/wp\/v2\/product\/36175","targetHints":{"allow":["GET"]}}],"collection":[{"href":"https:\/\/mouldking.store\/hu\/wp-json\/wp\/v2\/product"}],"about":[{"href":"https:\/\/mouldking.store\/hu\/wp-json\/wp\/v2\/types\/product"}],"replies":[{"embeddable":true,"href":"https:\/\/mouldking.store\/hu\/wp-json\/wp\/v2\/comments?post=36175"}],"wp:featuredmedia":[{"embeddable":true,"href":"https:\/\/mouldking.store\/hu\/wp-json\/wp\/v2\/media\/36176"}],"wp:attachment":[{"href":"https:\/\/mouldking.store\/hu\/wp-json\/wp\/v2\/media?parent=36175"}],"wp:term":[{"taxonomy":"product_cat","embeddable":true,"href":"https:\/\/mouldking.store\/hu\/wp-json\/wp\/v2\/product_cat?post=36175"},{"taxonomy":"product_tag","embeddable":true,"href":"https:\/\/mouldking.store\/hu\/wp-json\/wp\/v2\/product_tag?post=36175"}],"curies":[{"name":"wp","href":"https:\/\/api.w.org\/{rel}","templated":true}]}}