{"id":36431,"date":"2022-11-25T16:46:05","date_gmt":"2022-11-25T09:46:05","guid":{"rendered":"https:\/\/mouldking.store\/?post_type=product&#038;p=36431"},"modified":"2022-11-25T16:46:05","modified_gmt":"2022-11-25T09:46:05","slug":"rihio-mm009-ergates","status":"publish","type":"product","link":"https:\/\/mouldking.store\/hu\/shop\/rihio-mm009-ergates\/","title":{"rendered":"RIHIO MM009 ERGATES"},"content":{"rendered":"<p>Term\u00e9k inform\u00e1ci\u00f3:<\/p>\n<ol>\n<li>M\u00e1rka: RIHIO<\/li>\n<li>Nem: Uniszex<\/li>\n<li>Name: ERGATES<\/li>\n<li>Koroszt\u00e1ly: &gt; 6 \u00e9v<\/li>\n<li>Model Number: MM009<\/li>\n<li>Besorol\u00e1s: \u00d6sszeszerel\u00e9s<\/li>\n<li>M\u0171anyag blokk forma: \u00f6nz\u00e1r\u00f3 t\u00e9gla<\/li>\n<li>Anyaga: M\u0171anyag<\/li>\n<li>M\u0171anyag t\u00edpus: ABS<\/li>\n<li>Size: 8 x 7 cm<\/li>\n<li>R\u00e9szletes \u00f6sszeszerel\u00e9si \u00fatmutat\u00f3t tartalmaz.<\/li>\n<\/ol>\n<p>\u00c9rtes\u00edt\u00e9s:<br \/>\n1. Eredeti doboz n\u00e9lk\u00fcl, de garant\u00e1ljuk, hogy term\u00e9keink min\u0151s\u00e9gbiztos\u00edt\u00e1ssal \u00e9s sz\u00e9p csomagol\u00e1ssal rendelkeznek.<br \/>\n2. Mint minden alkatr\u00e9szt, amelyet a sz\u00e1ll\u00edt\u00e1s el\u0151tt ellen\u0151rizt\u00fcnk, ez\u00e9rt ha \u00fagy tal\u00e1lja, hogy n\u00e9h\u00e1ny alkatr\u00e9sz hi\u00e1nyzik vagy s\u00e9r\u00fclt, ne agg\u00f3djon, \u00e9s k\u00e9rj\u00fck, vegye fel vel\u00fcnk a kapcsolatot, \u00e9s azonnal ingyenesen elk\u00fcldj\u00fck \u00d6nnek.<\/p>\n<figure id=\"attachment_36432\" aria-describedby=\"caption-attachment-36432\" style=\"width: 800px\" class=\"wp-caption aligncenter\"><img fetchpriority=\"high\" decoding=\"async\" class=\"wp-image-36432 size-full\" src=\"https:\/\/mouldking.store\/wp-content\/uploads\/2022\/11\/RIHIO-MM009-ERGATES-15.jpg\" alt=\"RIHIO MM009 ERGATES \" width=\"800\" height=\"800\" title=\"-\" srcset=\"https:\/\/mouldking.store\/wp-content\/uploads\/2022\/11\/RIHIO-MM009-ERGATES-15.jpg 800w, https:\/\/mouldking.store\/wp-content\/uploads\/2022\/11\/RIHIO-MM009-ERGATES-15-300x300.jpg 300w, https:\/\/mouldking.store\/wp-content\/uploads\/2022\/11\/RIHIO-MM009-ERGATES-15-768x768.jpg 768w, https:\/\/mouldking.store\/wp-content\/uploads\/2022\/11\/RIHIO-MM009-ERGATES-15-600x600.jpg 600w, https:\/\/mouldking.store\/wp-content\/uploads\/2022\/11\/RIHIO-MM009-ERGATES-15-150x150.jpg 150w, https:\/\/mouldking.store\/wp-content\/uploads\/2022\/11\/RIHIO-MM009-ERGATES-15-60x60.jpg 60w, https:\/\/mouldking.store\/wp-content\/uploads\/2022\/11\/RIHIO-MM009-ERGATES-15-90x90.jpg 90w\" sizes=\"(max-width: 800px) 100vw, 800px\" \/><figcaption id=\"caption-attachment-36432\" class=\"wp-caption-text\">RIHIO MM009 ERGATES<\/figcaption><\/figure>\n<figure id=\"attachment_36434\" aria-describedby=\"caption-attachment-36434\" style=\"width: 800px\" class=\"wp-caption aligncenter\"><img decoding=\"async\" class=\"wp-image-36434 size-full\" src=\"https:\/\/mouldking.store\/wp-content\/uploads\/2022\/11\/RIHIO-MM009-ERGATES-13.jpg\" alt=\"RIHIO MM009 ERGATES \" width=\"800\" height=\"800\" title=\"-\" srcset=\"https:\/\/mouldking.store\/wp-content\/uploads\/2022\/11\/RIHIO-MM009-ERGATES-13.jpg 800w, https:\/\/mouldking.store\/wp-content\/uploads\/2022\/11\/RIHIO-MM009-ERGATES-13-300x300.jpg 300w, https:\/\/mouldking.store\/wp-content\/uploads\/2022\/11\/RIHIO-MM009-ERGATES-13-768x768.jpg 768w, https:\/\/mouldking.store\/wp-content\/uploads\/2022\/11\/RIHIO-MM009-ERGATES-13-600x600.jpg 600w, https:\/\/mouldking.store\/wp-content\/uploads\/2022\/11\/RIHIO-MM009-ERGATES-13-150x150.jpg 150w, https:\/\/mouldking.store\/wp-content\/uploads\/2022\/11\/RIHIO-MM009-ERGATES-13-60x60.jpg 60w, https:\/\/mouldking.store\/wp-content\/uploads\/2022\/11\/RIHIO-MM009-ERGATES-13-90x90.jpg 90w\" sizes=\"(max-width: 800px) 100vw, 800px\" \/><figcaption id=\"caption-attachment-36434\" class=\"wp-caption-text\">RIHIO MM009 ERGATES<\/figcaption><\/figure>\n<figure id=\"attachment_36435\" aria-describedby=\"caption-attachment-36435\" style=\"width: 947px\" class=\"wp-caption aligncenter\"><img decoding=\"async\" class=\"wp-image-36435 size-full\" src=\"https:\/\/mouldking.store\/wp-content\/uploads\/2022\/11\/RIHIO-MM009-ERGATES-12.jpg\" alt=\"RIHIO MM009 ERGATES \" width=\"947\" height=\"1024\" title=\"-\" srcset=\"https:\/\/mouldking.store\/wp-content\/uploads\/2022\/11\/RIHIO-MM009-ERGATES-12.jpg 947w, https:\/\/mouldking.store\/wp-content\/uploads\/2022\/11\/RIHIO-MM009-ERGATES-12-277x300.jpg 277w, https:\/\/mouldking.store\/wp-content\/uploads\/2022\/11\/RIHIO-MM009-ERGATES-12-768x830.jpg 768w, https:\/\/mouldking.store\/wp-content\/uploads\/2022\/11\/RIHIO-MM009-ERGATES-12-300x324.jpg 300w, https:\/\/mouldking.store\/wp-content\/uploads\/2022\/11\/RIHIO-MM009-ERGATES-12-600x649.jpg 600w, https:\/\/mouldking.store\/wp-content\/uploads\/2022\/11\/RIHIO-MM009-ERGATES-12-139x150.jpg 139w, https:\/\/mouldking.store\/wp-content\/uploads\/2022\/11\/RIHIO-MM009-ERGATES-12-55x60.jpg 55w, https:\/\/mouldking.store\/wp-content\/uploads\/2022\/11\/RIHIO-MM009-ERGATES-12-83x90.jpg 83w\" sizes=\"(max-width: 947px) 100vw, 947px\" \/><figcaption id=\"caption-attachment-36435\" class=\"wp-caption-text\">RIHIO MM009 ERGATES<\/figcaption><\/figure>\n<figure id=\"attachment_36436\" aria-describedby=\"caption-attachment-36436\" style=\"width: 729px\" class=\"wp-caption aligncenter\"><img loading=\"lazy\" decoding=\"async\" class=\"wp-image-36436 size-full\" src=\"https:\/\/mouldking.store\/wp-content\/uploads\/2022\/11\/RIHIO-MM009-ERGATES-11.jpg\" alt=\"RIHIO MM009 ERGATES \" width=\"729\" height=\"1024\" title=\"-\" srcset=\"https:\/\/mouldking.store\/wp-content\/uploads\/2022\/11\/RIHIO-MM009-ERGATES-11.jpg 729w, https:\/\/mouldking.store\/wp-content\/uploads\/2022\/11\/RIHIO-MM009-ERGATES-11-214x300.jpg 214w, https:\/\/mouldking.store\/wp-content\/uploads\/2022\/11\/RIHIO-MM009-ERGATES-11-300x421.jpg 300w, https:\/\/mouldking.store\/wp-content\/uploads\/2022\/11\/RIHIO-MM009-ERGATES-11-600x843.jpg 600w, https:\/\/mouldking.store\/wp-content\/uploads\/2022\/11\/RIHIO-MM009-ERGATES-11-107x150.jpg 107w, https:\/\/mouldking.store\/wp-content\/uploads\/2022\/11\/RIHIO-MM009-ERGATES-11-43x60.jpg 43w, https:\/\/mouldking.store\/wp-content\/uploads\/2022\/11\/RIHIO-MM009-ERGATES-11-64x90.jpg 64w\" sizes=\"(max-width: 729px) 100vw, 729px\" \/><figcaption id=\"caption-attachment-36436\" class=\"wp-caption-text\">RIHIO MM009 ERGATES<\/figcaption><\/figure>\n<figure id=\"attachment_36433\" aria-describedby=\"caption-attachment-36433\" style=\"width: 800px\" class=\"wp-caption aligncenter\"><img loading=\"lazy\" decoding=\"async\" class=\"wp-image-36433 size-full\" src=\"https:\/\/mouldking.store\/wp-content\/uploads\/2022\/11\/RIHIO-MM009-ERGATES-14.jpg\" alt=\"RIHIO MM009 ERGATES \" width=\"800\" height=\"800\" title=\"-\" srcset=\"https:\/\/mouldking.store\/wp-content\/uploads\/2022\/11\/RIHIO-MM009-ERGATES-14.jpg 800w, https:\/\/mouldking.store\/wp-content\/uploads\/2022\/11\/RIHIO-MM009-ERGATES-14-300x300.jpg 300w, https:\/\/mouldking.store\/wp-content\/uploads\/2022\/11\/RIHIO-MM009-ERGATES-14-768x768.jpg 768w, https:\/\/mouldking.store\/wp-content\/uploads\/2022\/11\/RIHIO-MM009-ERGATES-14-600x600.jpg 600w, https:\/\/mouldking.store\/wp-content\/uploads\/2022\/11\/RIHIO-MM009-ERGATES-14-150x150.jpg 150w, https:\/\/mouldking.store\/wp-content\/uploads\/2022\/11\/RIHIO-MM009-ERGATES-14-60x60.jpg 60w, https:\/\/mouldking.store\/wp-content\/uploads\/2022\/11\/RIHIO-MM009-ERGATES-14-90x90.jpg 90w\" sizes=\"(max-width: 800px) 100vw, 800px\" \/><figcaption id=\"caption-attachment-36433\" class=\"wp-caption-text\">RIHIO MM009 ERGATES<\/figcaption><\/figure>\n<figure id=\"attachment_36437\" aria-describedby=\"caption-attachment-36437\" style=\"width: 881px\" class=\"wp-caption aligncenter\"><img loading=\"lazy\" decoding=\"async\" class=\"wp-image-36437 size-full\" src=\"https:\/\/mouldking.store\/wp-content\/uploads\/2022\/11\/RIHIO-MM009-ERGATES-10.jpg\" alt=\"RIHIO MM009 ERGATES \" width=\"881\" height=\"1024\" title=\"-\" srcset=\"https:\/\/mouldking.store\/wp-content\/uploads\/2022\/11\/RIHIO-MM009-ERGATES-10.jpg 881w, https:\/\/mouldking.store\/wp-content\/uploads\/2022\/11\/RIHIO-MM009-ERGATES-10-258x300.jpg 258w, https:\/\/mouldking.store\/wp-content\/uploads\/2022\/11\/RIHIO-MM009-ERGATES-10-768x893.jpg 768w, https:\/\/mouldking.store\/wp-content\/uploads\/2022\/11\/RIHIO-MM009-ERGATES-10-300x349.jpg 300w, https:\/\/mouldking.store\/wp-content\/uploads\/2022\/11\/RIHIO-MM009-ERGATES-10-600x697.jpg 600w, https:\/\/mouldking.store\/wp-content\/uploads\/2022\/11\/RIHIO-MM009-ERGATES-10-129x150.jpg 129w, https:\/\/mouldking.store\/wp-content\/uploads\/2022\/11\/RIHIO-MM009-ERGATES-10-52x60.jpg 52w, https:\/\/mouldking.store\/wp-content\/uploads\/2022\/11\/RIHIO-MM009-ERGATES-10-77x90.jpg 77w\" sizes=\"(max-width: 881px) 100vw, 881px\" \/><figcaption id=\"caption-attachment-36437\" class=\"wp-caption-text\">RIHIO MM009 ERGATES<\/figcaption><\/figure>\n<figure id=\"attachment_36438\" aria-describedby=\"caption-attachment-36438\" style=\"width: 1024px\" class=\"wp-caption aligncenter\"><img loading=\"lazy\" decoding=\"async\" class=\"wp-image-36438 size-full\" src=\"https:\/\/mouldking.store\/wp-content\/uploads\/2022\/11\/RIHIO-MM009-ERGATES-9.jpg\" alt=\"RIHIO MM009 ERGATES \" width=\"1024\" height=\"986\" title=\"-\" srcset=\"https:\/\/mouldking.store\/wp-content\/uploads\/2022\/11\/RIHIO-MM009-ERGATES-9.jpg 1024w, https:\/\/mouldking.store\/wp-content\/uploads\/2022\/11\/RIHIO-MM009-ERGATES-9-300x289.jpg 300w, https:\/\/mouldking.store\/wp-content\/uploads\/2022\/11\/RIHIO-MM009-ERGATES-9-768x740.jpg 768w, https:\/\/mouldking.store\/wp-content\/uploads\/2022\/11\/RIHIO-MM009-ERGATES-9-600x578.jpg 600w, https:\/\/mouldking.store\/wp-content\/uploads\/2022\/11\/RIHIO-MM009-ERGATES-9-150x144.jpg 150w, https:\/\/mouldking.store\/wp-content\/uploads\/2022\/11\/RIHIO-MM009-ERGATES-9-62x60.jpg 62w, https:\/\/mouldking.store\/wp-content\/uploads\/2022\/11\/RIHIO-MM009-ERGATES-9-93x90.jpg 93w\" sizes=\"(max-width: 1024px) 100vw, 1024px\" \/><figcaption id=\"caption-attachment-36438\" class=\"wp-caption-text\">RIHIO MM009 ERGATES<\/figcaption><\/figure>\n<figure id=\"attachment_36439\" aria-describedby=\"caption-attachment-36439\" style=\"width: 919px\" class=\"wp-caption aligncenter\"><img loading=\"lazy\" decoding=\"async\" class=\"wp-image-36439 size-full\" src=\"https:\/\/mouldking.store\/wp-content\/uploads\/2022\/11\/RIHIO-MM009-ERGATES-8.jpg\" alt=\"RIHIO MM009 ERGATES \" width=\"919\" height=\"1024\" title=\"-\" srcset=\"https:\/\/mouldking.store\/wp-content\/uploads\/2022\/11\/RIHIO-MM009-ERGATES-8.jpg 919w, https:\/\/mouldking.store\/wp-content\/uploads\/2022\/11\/RIHIO-MM009-ERGATES-8-269x300.jpg 269w, https:\/\/mouldking.store\/wp-content\/uploads\/2022\/11\/RIHIO-MM009-ERGATES-8-768x856.jpg 768w, https:\/\/mouldking.store\/wp-content\/uploads\/2022\/11\/RIHIO-MM009-ERGATES-8-300x334.jpg 300w, https:\/\/mouldking.store\/wp-content\/uploads\/2022\/11\/RIHIO-MM009-ERGATES-8-600x669.jpg 600w, https:\/\/mouldking.store\/wp-content\/uploads\/2022\/11\/RIHIO-MM009-ERGATES-8-135x150.jpg 135w, https:\/\/mouldking.store\/wp-content\/uploads\/2022\/11\/RIHIO-MM009-ERGATES-8-54x60.jpg 54w, https:\/\/mouldking.store\/wp-content\/uploads\/2022\/11\/RIHIO-MM009-ERGATES-8-81x90.jpg 81w\" sizes=\"(max-width: 919px) 100vw, 919px\" \/><figcaption id=\"caption-attachment-36439\" class=\"wp-caption-text\">RIHIO MM009 ERGATES<\/figcaption><\/figure>\n<figure id=\"attachment_36440\" aria-describedby=\"caption-attachment-36440\" style=\"width: 1005px\" class=\"wp-caption aligncenter\"><img loading=\"lazy\" decoding=\"async\" class=\"wp-image-36440 size-full\" src=\"https:\/\/mouldking.store\/wp-content\/uploads\/2022\/11\/RIHIO-MM009-ERGATES-7.jpg\" alt=\"RIHIO MM009 ERGATES \" width=\"1005\" height=\"1024\" title=\"-\" srcset=\"https:\/\/mouldking.store\/wp-content\/uploads\/2022\/11\/RIHIO-MM009-ERGATES-7.jpg 1005w, https:\/\/mouldking.store\/wp-content\/uploads\/2022\/11\/RIHIO-MM009-ERGATES-7-294x300.jpg 294w, https:\/\/mouldking.store\/wp-content\/uploads\/2022\/11\/RIHIO-MM009-ERGATES-7-768x783.jpg 768w, https:\/\/mouldking.store\/wp-content\/uploads\/2022\/11\/RIHIO-MM009-ERGATES-7-300x306.jpg 300w, https:\/\/mouldking.store\/wp-content\/uploads\/2022\/11\/RIHIO-MM009-ERGATES-7-600x611.jpg 600w, https:\/\/mouldking.store\/wp-content\/uploads\/2022\/11\/RIHIO-MM009-ERGATES-7-147x150.jpg 147w, https:\/\/mouldking.store\/wp-content\/uploads\/2022\/11\/RIHIO-MM009-ERGATES-7-59x60.jpg 59w, https:\/\/mouldking.store\/wp-content\/uploads\/2022\/11\/RIHIO-MM009-ERGATES-7-88x90.jpg 88w\" sizes=\"(max-width: 1005px) 100vw, 1005px\" \/><figcaption id=\"caption-attachment-36440\" class=\"wp-caption-text\">RIHIO MM009 ERGATES<\/figcaption><\/figure>\n<figure id=\"attachment_36441\" aria-describedby=\"caption-attachment-36441\" style=\"width: 922px\" class=\"wp-caption aligncenter\"><img loading=\"lazy\" decoding=\"async\" class=\"wp-image-36441 size-full\" src=\"https:\/\/mouldking.store\/wp-content\/uploads\/2022\/11\/RIHIO-MM009-ERGATES-6.jpg\" alt=\"RIHIO MM009 ERGATES \" width=\"922\" height=\"1024\" title=\"-\" srcset=\"https:\/\/mouldking.store\/wp-content\/uploads\/2022\/11\/RIHIO-MM009-ERGATES-6.jpg 922w, https:\/\/mouldking.store\/wp-content\/uploads\/2022\/11\/RIHIO-MM009-ERGATES-6-270x300.jpg 270w, https:\/\/mouldking.store\/wp-content\/uploads\/2022\/11\/RIHIO-MM009-ERGATES-6-768x853.jpg 768w, https:\/\/mouldking.store\/wp-content\/uploads\/2022\/11\/RIHIO-MM009-ERGATES-6-300x333.jpg 300w, https:\/\/mouldking.store\/wp-content\/uploads\/2022\/11\/RIHIO-MM009-ERGATES-6-600x666.jpg 600w, https:\/\/mouldking.store\/wp-content\/uploads\/2022\/11\/RIHIO-MM009-ERGATES-6-135x150.jpg 135w, https:\/\/mouldking.store\/wp-content\/uploads\/2022\/11\/RIHIO-MM009-ERGATES-6-54x60.jpg 54w, https:\/\/mouldking.store\/wp-content\/uploads\/2022\/11\/RIHIO-MM009-ERGATES-6-81x90.jpg 81w\" sizes=\"(max-width: 922px) 100vw, 922px\" \/><figcaption id=\"caption-attachment-36441\" class=\"wp-caption-text\">RIHIO MM009 ERGATES<\/figcaption><\/figure>\n<figure id=\"attachment_36443\" aria-describedby=\"caption-attachment-36443\" style=\"width: 800px\" class=\"wp-caption aligncenter\"><img loading=\"lazy\" decoding=\"async\" class=\"wp-image-36443 size-full\" src=\"https:\/\/mouldking.store\/wp-content\/uploads\/2022\/11\/RIHIO-MM009-ERGATES-4.jpg\" alt=\"RIHIO MM009 ERGATES \" width=\"800\" height=\"800\" title=\"-\" srcset=\"https:\/\/mouldking.store\/wp-content\/uploads\/2022\/11\/RIHIO-MM009-ERGATES-4.jpg 800w, https:\/\/mouldking.store\/wp-content\/uploads\/2022\/11\/RIHIO-MM009-ERGATES-4-300x300.jpg 300w, https:\/\/mouldking.store\/wp-content\/uploads\/2022\/11\/RIHIO-MM009-ERGATES-4-768x768.jpg 768w, https:\/\/mouldking.store\/wp-content\/uploads\/2022\/11\/RIHIO-MM009-ERGATES-4-600x600.jpg 600w, https:\/\/mouldking.store\/wp-content\/uploads\/2022\/11\/RIHIO-MM009-ERGATES-4-150x150.jpg 150w, https:\/\/mouldking.store\/wp-content\/uploads\/2022\/11\/RIHIO-MM009-ERGATES-4-60x60.jpg 60w, https:\/\/mouldking.store\/wp-content\/uploads\/2022\/11\/RIHIO-MM009-ERGATES-4-90x90.jpg 90w\" sizes=\"(max-width: 800px) 100vw, 800px\" \/><figcaption id=\"caption-attachment-36443\" class=\"wp-caption-text\">RIHIO MM009 ERGATES<\/figcaption><\/figure>\n<figure id=\"attachment_36444\" aria-describedby=\"caption-attachment-36444\" style=\"width: 800px\" class=\"wp-caption aligncenter\"><img loading=\"lazy\" decoding=\"async\" class=\"wp-image-36444 size-full\" src=\"https:\/\/mouldking.store\/wp-content\/uploads\/2022\/11\/RIHIO-MM009-ERGATES-3.jpg\" alt=\"RIHIO MM009 ERGATES \" width=\"800\" height=\"800\" title=\"-\" srcset=\"https:\/\/mouldking.store\/wp-content\/uploads\/2022\/11\/RIHIO-MM009-ERGATES-3.jpg 800w, https:\/\/mouldking.store\/wp-content\/uploads\/2022\/11\/RIHIO-MM009-ERGATES-3-300x300.jpg 300w, https:\/\/mouldking.store\/wp-content\/uploads\/2022\/11\/RIHIO-MM009-ERGATES-3-768x768.jpg 768w, https:\/\/mouldking.store\/wp-content\/uploads\/2022\/11\/RIHIO-MM009-ERGATES-3-600x600.jpg 600w, https:\/\/mouldking.store\/wp-content\/uploads\/2022\/11\/RIHIO-MM009-ERGATES-3-150x150.jpg 150w, https:\/\/mouldking.store\/wp-content\/uploads\/2022\/11\/RIHIO-MM009-ERGATES-3-60x60.jpg 60w, https:\/\/mouldking.store\/wp-content\/uploads\/2022\/11\/RIHIO-MM009-ERGATES-3-90x90.jpg 90w\" sizes=\"(max-width: 800px) 100vw, 800px\" \/><figcaption id=\"caption-attachment-36444\" class=\"wp-caption-text\">RIHIO MM009 ERGATES<\/figcaption><\/figure>\n<figure id=\"attachment_36445\" aria-describedby=\"caption-attachment-36445\" style=\"width: 1024px\" class=\"wp-caption aligncenter\"><img loading=\"lazy\" decoding=\"async\" class=\"wp-image-36445 size-full\" src=\"https:\/\/mouldking.store\/wp-content\/uploads\/2022\/11\/RIHIO-MM009-ERGATES-2.jpg\" alt=\"RIHIO MM009 ERGATES \" width=\"1024\" height=\"1024\" title=\"-\" srcset=\"https:\/\/mouldking.store\/wp-content\/uploads\/2022\/11\/RIHIO-MM009-ERGATES-2.jpg 1024w, https:\/\/mouldking.store\/wp-content\/uploads\/2022\/11\/RIHIO-MM009-ERGATES-2-300x300.jpg 300w, https:\/\/mouldking.store\/wp-content\/uploads\/2022\/11\/RIHIO-MM009-ERGATES-2-768x768.jpg 768w, https:\/\/mouldking.store\/wp-content\/uploads\/2022\/11\/RIHIO-MM009-ERGATES-2-600x600.jpg 600w, https:\/\/mouldking.store\/wp-content\/uploads\/2022\/11\/RIHIO-MM009-ERGATES-2-150x150.jpg 150w, https:\/\/mouldking.store\/wp-content\/uploads\/2022\/11\/RIHIO-MM009-ERGATES-2-60x60.jpg 60w, https:\/\/mouldking.store\/wp-content\/uploads\/2022\/11\/RIHIO-MM009-ERGATES-2-90x90.jpg 90w\" sizes=\"(max-width: 1024px) 100vw, 1024px\" \/><figcaption id=\"caption-attachment-36445\" class=\"wp-caption-text\">RIHIO MM009 ERGATES<\/figcaption><\/figure>","protected":false},"excerpt":{"rendered":"<p>Product information: Brand: RIHIO Gender: Unisex Name: ERGATES Age Range: &gt; 6 years old Model Number: MM009 Classification: Assemblage Plastic Block Shape: Self-Locking Bricks Material: Plastic Plastic Type: ABS Size: 8 x 7 cm Contains detailed assembly instructions. Notice: 1. Without an original box, but we guarantee our products have quality assurance and nice packaging. [&hellip;]<\/p>","protected":false},"featured_media":36433,"comment_status":"closed","ping_status":"closed","template":"","meta":{"_acf_changed":false},"product_cat":[1365],"product_tag":[8393,8392,8373,8394,8391],"class_list":["product","first","instock","shipping-taxable","purchasable","product-type-variable"],"acf":[],"_links":{"self":[{"href":"https:\/\/mouldking.store\/hu\/wp-json\/wp\/v2\/product\/36431","targetHints":{"allow":["GET"]}}],"collection":[{"href":"https:\/\/mouldking.store\/hu\/wp-json\/wp\/v2\/product"}],"about":[{"href":"https:\/\/mouldking.store\/hu\/wp-json\/wp\/v2\/types\/product"}],"replies":[{"embeddable":true,"href":"https:\/\/mouldking.store\/hu\/wp-json\/wp\/v2\/comments?post=36431"}],"wp:featuredmedia":[{"embeddable":true,"href":"https:\/\/mouldking.store\/hu\/wp-json\/wp\/v2\/media\/36433"}],"wp:attachment":[{"href":"https:\/\/mouldking.store\/hu\/wp-json\/wp\/v2\/media?parent=36431"}],"wp:term":[{"taxonomy":"product_cat","embeddable":true,"href":"https:\/\/mouldking.store\/hu\/wp-json\/wp\/v2\/product_cat?post=36431"},{"taxonomy":"product_tag","embeddable":true,"href":"https:\/\/mouldking.store\/hu\/wp-json\/wp\/v2\/product_tag?post=36431"}],"curies":[{"name":"wp","href":"https:\/\/api.w.org\/{rel}","templated":true}]}}