{"id":36654,"date":"2022-11-28T11:52:14","date_gmt":"2022-11-28T04:52:14","guid":{"rendered":"https:\/\/mouldking.store\/?post_type=product&#038;p=36654"},"modified":"2022-11-28T11:52:14","modified_gmt":"2022-11-28T04:52:14","slug":"wange-6230-santorini-with-1372pcs","status":"publish","type":"product","link":"https:\/\/mouldking.store\/hu\/shop\/wange-6230-santorini-with-1372pcs\/","title":{"rendered":"WANGE 6230 SANTORINI 1372db-val"},"content":{"rendered":"<p>Term\u00e9k inform\u00e1ci\u00f3:<\/p>\n<ol>\n<li>M\u00e1rka: WANGE<\/li>\n<li>Nem: Uniszex<\/li>\n<li>Name: SANTORINI<\/li>\n<li>Koroszt\u00e1ly: &gt; 6 \u00e9v<\/li>\n<li>Model Number: 6230<\/li>\n<li>Besorol\u00e1s: \u00d6sszeszerel\u00e9s<\/li>\n<li>M\u0171anyag blokk forma: \u00f6nz\u00e1r\u00f3 t\u00e9gla<\/li>\n<li>Anyaga: M\u0171anyag<\/li>\n<li>M\u0171anyag t\u00edpus: ABS<\/li>\n<li>Bricks Blocks:1372PCS<\/li>\n<li>Size: \u00a034.2 \u00d7 33.5 \u00d7 27.5 cm<\/li>\n<li>R\u00e9szletes \u00f6sszeszerel\u00e9si \u00fatmutat\u00f3t tartalmaz.<\/li>\n<\/ol>\n<p>\u00c9rtes\u00edt\u00e9s:<br \/>\n1. Eredeti doboz n\u00e9lk\u00fcl, de garant\u00e1ljuk, hogy term\u00e9keink min\u0151s\u00e9gbiztos\u00edt\u00e1ssal \u00e9s sz\u00e9p csomagol\u00e1ssal rendelkeznek.<br \/>\n2. Mint minden alkatr\u00e9szt, amelyet a sz\u00e1ll\u00edt\u00e1s el\u0151tt ellen\u0151rizt\u00fcnk, ez\u00e9rt ha \u00fagy tal\u00e1lja, hogy n\u00e9h\u00e1ny alkatr\u00e9sz hi\u00e1nyzik vagy s\u00e9r\u00fclt, ne agg\u00f3djon, \u00e9s k\u00e9rj\u00fck, vegye fel vel\u00fcnk a kapcsolatot, \u00e9s azonnal ingyenesen elk\u00fcldj\u00fck \u00d6nnek.<\/p>\n<figure id=\"attachment_36655\" aria-describedby=\"caption-attachment-36655\" style=\"width: 800px\" class=\"wp-caption aligncenter\"><img fetchpriority=\"high\" decoding=\"async\" class=\"wp-image-36655 size-full\" src=\"https:\/\/mouldking.store\/wp-content\/uploads\/2022\/11\/WANGE-6230-SANTORINI-14.jpg\" alt=\"WANGE 6230 SANTORINI With 1372pcs\" width=\"800\" height=\"800\" title=\"-\" srcset=\"https:\/\/mouldking.store\/wp-content\/uploads\/2022\/11\/WANGE-6230-SANTORINI-14.jpg 800w, https:\/\/mouldking.store\/wp-content\/uploads\/2022\/11\/WANGE-6230-SANTORINI-14-300x300.jpg 300w, https:\/\/mouldking.store\/wp-content\/uploads\/2022\/11\/WANGE-6230-SANTORINI-14-768x768.jpg 768w, https:\/\/mouldking.store\/wp-content\/uploads\/2022\/11\/WANGE-6230-SANTORINI-14-600x600.jpg 600w, https:\/\/mouldking.store\/wp-content\/uploads\/2022\/11\/WANGE-6230-SANTORINI-14-150x150.jpg 150w, https:\/\/mouldking.store\/wp-content\/uploads\/2022\/11\/WANGE-6230-SANTORINI-14-60x60.jpg 60w, https:\/\/mouldking.store\/wp-content\/uploads\/2022\/11\/WANGE-6230-SANTORINI-14-90x90.jpg 90w\" sizes=\"(max-width: 800px) 100vw, 800px\" \/><figcaption id=\"caption-attachment-36655\" class=\"wp-caption-text\">WANGE 6230 SANTORINI 1372db-val<\/figcaption><\/figure>\n<figure id=\"attachment_36656\" aria-describedby=\"caption-attachment-36656\" style=\"width: 800px\" class=\"wp-caption aligncenter\"><img decoding=\"async\" class=\"wp-image-36656 size-full\" src=\"https:\/\/mouldking.store\/wp-content\/uploads\/2022\/11\/WANGE-6230-SANTORINI-13.jpg\" alt=\"WANGE 6230 SANTORINI With 1372pcs\" width=\"800\" height=\"800\" title=\"-\" srcset=\"https:\/\/mouldking.store\/wp-content\/uploads\/2022\/11\/WANGE-6230-SANTORINI-13.jpg 800w, https:\/\/mouldking.store\/wp-content\/uploads\/2022\/11\/WANGE-6230-SANTORINI-13-300x300.jpg 300w, https:\/\/mouldking.store\/wp-content\/uploads\/2022\/11\/WANGE-6230-SANTORINI-13-768x768.jpg 768w, https:\/\/mouldking.store\/wp-content\/uploads\/2022\/11\/WANGE-6230-SANTORINI-13-600x600.jpg 600w, https:\/\/mouldking.store\/wp-content\/uploads\/2022\/11\/WANGE-6230-SANTORINI-13-150x150.jpg 150w, https:\/\/mouldking.store\/wp-content\/uploads\/2022\/11\/WANGE-6230-SANTORINI-13-60x60.jpg 60w, https:\/\/mouldking.store\/wp-content\/uploads\/2022\/11\/WANGE-6230-SANTORINI-13-90x90.jpg 90w\" sizes=\"(max-width: 800px) 100vw, 800px\" \/><figcaption id=\"caption-attachment-36656\" class=\"wp-caption-text\">WANGE 6230 SANTORINI 1372db-val<\/figcaption><\/figure>\n<figure id=\"attachment_36657\" aria-describedby=\"caption-attachment-36657\" style=\"width: 707px\" class=\"wp-caption aligncenter\"><img decoding=\"async\" class=\"wp-image-36657 size-full\" src=\"https:\/\/mouldking.store\/wp-content\/uploads\/2022\/11\/WANGE-6230-SANTORINI-12.jpg\" alt=\"WANGE 6230 SANTORINI With 1372pcs\" width=\"707\" height=\"1024\" title=\"-\" srcset=\"https:\/\/mouldking.store\/wp-content\/uploads\/2022\/11\/WANGE-6230-SANTORINI-12.jpg 707w, https:\/\/mouldking.store\/wp-content\/uploads\/2022\/11\/WANGE-6230-SANTORINI-12-207x300.jpg 207w, https:\/\/mouldking.store\/wp-content\/uploads\/2022\/11\/WANGE-6230-SANTORINI-12-300x435.jpg 300w, https:\/\/mouldking.store\/wp-content\/uploads\/2022\/11\/WANGE-6230-SANTORINI-12-600x869.jpg 600w, https:\/\/mouldking.store\/wp-content\/uploads\/2022\/11\/WANGE-6230-SANTORINI-12-104x150.jpg 104w, https:\/\/mouldking.store\/wp-content\/uploads\/2022\/11\/WANGE-6230-SANTORINI-12-41x60.jpg 41w, https:\/\/mouldking.store\/wp-content\/uploads\/2022\/11\/WANGE-6230-SANTORINI-12-62x90.jpg 62w\" sizes=\"(max-width: 707px) 100vw, 707px\" \/><figcaption id=\"caption-attachment-36657\" class=\"wp-caption-text\">WANGE 6230 SANTORINI 1372db-val<\/figcaption><\/figure>\n<figure id=\"attachment_36658\" aria-describedby=\"caption-attachment-36658\" style=\"width: 727px\" class=\"wp-caption aligncenter\"><img loading=\"lazy\" decoding=\"async\" class=\"wp-image-36658 size-full\" src=\"https:\/\/mouldking.store\/wp-content\/uploads\/2022\/11\/WANGE-6230-SANTORINI-11.jpg\" alt=\"WANGE 6230 SANTORINI With 1372pcs\" width=\"727\" height=\"1024\" title=\"-\" srcset=\"https:\/\/mouldking.store\/wp-content\/uploads\/2022\/11\/WANGE-6230-SANTORINI-11.jpg 727w, https:\/\/mouldking.store\/wp-content\/uploads\/2022\/11\/WANGE-6230-SANTORINI-11-213x300.jpg 213w, https:\/\/mouldking.store\/wp-content\/uploads\/2022\/11\/WANGE-6230-SANTORINI-11-300x423.jpg 300w, https:\/\/mouldking.store\/wp-content\/uploads\/2022\/11\/WANGE-6230-SANTORINI-11-600x845.jpg 600w, https:\/\/mouldking.store\/wp-content\/uploads\/2022\/11\/WANGE-6230-SANTORINI-11-106x150.jpg 106w, https:\/\/mouldking.store\/wp-content\/uploads\/2022\/11\/WANGE-6230-SANTORINI-11-43x60.jpg 43w, https:\/\/mouldking.store\/wp-content\/uploads\/2022\/11\/WANGE-6230-SANTORINI-11-64x90.jpg 64w\" sizes=\"(max-width: 727px) 100vw, 727px\" \/><figcaption id=\"caption-attachment-36658\" class=\"wp-caption-text\">WANGE 6230 SANTORINI 1372db-val<\/figcaption><\/figure>\n<figure id=\"attachment_36659\" aria-describedby=\"caption-attachment-36659\" style=\"width: 610px\" class=\"wp-caption aligncenter\"><img loading=\"lazy\" decoding=\"async\" class=\"wp-image-36659 size-full\" src=\"https:\/\/mouldking.store\/wp-content\/uploads\/2022\/11\/WANGE-6230-SANTORINI-10.jpg\" alt=\"WANGE 6230 SANTORINI With 1372pcs\" width=\"610\" height=\"1024\" title=\"-\" srcset=\"https:\/\/mouldking.store\/wp-content\/uploads\/2022\/11\/WANGE-6230-SANTORINI-10.jpg 610w, https:\/\/mouldking.store\/wp-content\/uploads\/2022\/11\/WANGE-6230-SANTORINI-10-179x300.jpg 179w, https:\/\/mouldking.store\/wp-content\/uploads\/2022\/11\/WANGE-6230-SANTORINI-10-300x504.jpg 300w, https:\/\/mouldking.store\/wp-content\/uploads\/2022\/11\/WANGE-6230-SANTORINI-10-600x1007.jpg 600w, https:\/\/mouldking.store\/wp-content\/uploads\/2022\/11\/WANGE-6230-SANTORINI-10-89x150.jpg 89w, https:\/\/mouldking.store\/wp-content\/uploads\/2022\/11\/WANGE-6230-SANTORINI-10-36x60.jpg 36w, https:\/\/mouldking.store\/wp-content\/uploads\/2022\/11\/WANGE-6230-SANTORINI-10-54x90.jpg 54w\" sizes=\"(max-width: 610px) 100vw, 610px\" \/><figcaption id=\"caption-attachment-36659\" class=\"wp-caption-text\">WANGE 6230 SANTORINI 1372db-val<\/figcaption><\/figure>\n<figure id=\"attachment_36660\" aria-describedby=\"caption-attachment-36660\" style=\"width: 460px\" class=\"wp-caption aligncenter\"><img loading=\"lazy\" decoding=\"async\" class=\"wp-image-36660 size-full\" src=\"https:\/\/mouldking.store\/wp-content\/uploads\/2022\/11\/WANGE-6230-SANTORINI-9.jpg\" alt=\"WANGE 6230 SANTORINI With 1372pcs\" width=\"460\" height=\"1024\" title=\"-\" srcset=\"https:\/\/mouldking.store\/wp-content\/uploads\/2022\/11\/WANGE-6230-SANTORINI-9.jpg 460w, https:\/\/mouldking.store\/wp-content\/uploads\/2022\/11\/WANGE-6230-SANTORINI-9-135x300.jpg 135w, https:\/\/mouldking.store\/wp-content\/uploads\/2022\/11\/WANGE-6230-SANTORINI-9-300x668.jpg 300w, https:\/\/mouldking.store\/wp-content\/uploads\/2022\/11\/WANGE-6230-SANTORINI-9-67x150.jpg 67w, https:\/\/mouldking.store\/wp-content\/uploads\/2022\/11\/WANGE-6230-SANTORINI-9-27x60.jpg 27w, https:\/\/mouldking.store\/wp-content\/uploads\/2022\/11\/WANGE-6230-SANTORINI-9-40x90.jpg 40w\" sizes=\"(max-width: 460px) 100vw, 460px\" \/><figcaption id=\"caption-attachment-36660\" class=\"wp-caption-text\">WANGE 6230 SANTORINI 1372db-val<\/figcaption><\/figure>\n<figure id=\"attachment_36661\" aria-describedby=\"caption-attachment-36661\" style=\"width: 750px\" class=\"wp-caption aligncenter\"><img loading=\"lazy\" decoding=\"async\" class=\"wp-image-36661 size-full\" src=\"https:\/\/mouldking.store\/wp-content\/uploads\/2022\/11\/WANGE-6230-SANTORINI-8.jpg\" alt=\"WANGE 6230 SANTORINI With 1372pcs\" width=\"750\" height=\"1003\" title=\"-\" srcset=\"https:\/\/mouldking.store\/wp-content\/uploads\/2022\/11\/WANGE-6230-SANTORINI-8.jpg 750w, https:\/\/mouldking.store\/wp-content\/uploads\/2022\/11\/WANGE-6230-SANTORINI-8-224x300.jpg 224w, https:\/\/mouldking.store\/wp-content\/uploads\/2022\/11\/WANGE-6230-SANTORINI-8-300x401.jpg 300w, https:\/\/mouldking.store\/wp-content\/uploads\/2022\/11\/WANGE-6230-SANTORINI-8-600x802.jpg 600w, https:\/\/mouldking.store\/wp-content\/uploads\/2022\/11\/WANGE-6230-SANTORINI-8-112x150.jpg 112w, https:\/\/mouldking.store\/wp-content\/uploads\/2022\/11\/WANGE-6230-SANTORINI-8-45x60.jpg 45w, https:\/\/mouldking.store\/wp-content\/uploads\/2022\/11\/WANGE-6230-SANTORINI-8-67x90.jpg 67w\" sizes=\"(max-width: 750px) 100vw, 750px\" \/><figcaption id=\"caption-attachment-36661\" class=\"wp-caption-text\">WANGE 6230 SANTORINI 1372db-val<\/figcaption><\/figure>\n<figure id=\"attachment_36662\" aria-describedby=\"caption-attachment-36662\" style=\"width: 462px\" class=\"wp-caption aligncenter\"><img loading=\"lazy\" decoding=\"async\" class=\"wp-image-36662 size-full\" src=\"https:\/\/mouldking.store\/wp-content\/uploads\/2022\/11\/WANGE-6230-SANTORINI-7.jpg\" alt=\"WANGE 6230 SANTORINI With 1372pcs\" width=\"462\" height=\"1024\" title=\"-\" srcset=\"https:\/\/mouldking.store\/wp-content\/uploads\/2022\/11\/WANGE-6230-SANTORINI-7.jpg 462w, https:\/\/mouldking.store\/wp-content\/uploads\/2022\/11\/WANGE-6230-SANTORINI-7-135x300.jpg 135w, https:\/\/mouldking.store\/wp-content\/uploads\/2022\/11\/WANGE-6230-SANTORINI-7-300x665.jpg 300w, https:\/\/mouldking.store\/wp-content\/uploads\/2022\/11\/WANGE-6230-SANTORINI-7-68x150.jpg 68w, https:\/\/mouldking.store\/wp-content\/uploads\/2022\/11\/WANGE-6230-SANTORINI-7-27x60.jpg 27w, https:\/\/mouldking.store\/wp-content\/uploads\/2022\/11\/WANGE-6230-SANTORINI-7-41x90.jpg 41w\" sizes=\"(max-width: 462px) 100vw, 462px\" \/><figcaption id=\"caption-attachment-36662\" class=\"wp-caption-text\">WANGE 6230 SANTORINI 1372db-val<\/figcaption><\/figure>\n<figure id=\"attachment_36663\" aria-describedby=\"caption-attachment-36663\" style=\"width: 750px\" class=\"wp-caption aligncenter\"><img loading=\"lazy\" decoding=\"async\" class=\"wp-image-36663 size-full\" src=\"https:\/\/mouldking.store\/wp-content\/uploads\/2022\/11\/WANGE-6230-SANTORINI-6.jpg\" alt=\"WANGE 6230 SANTORINI With 1372pcs\" width=\"750\" height=\"749\" title=\"-\" srcset=\"https:\/\/mouldking.store\/wp-content\/uploads\/2022\/11\/WANGE-6230-SANTORINI-6.jpg 750w, https:\/\/mouldking.store\/wp-content\/uploads\/2022\/11\/WANGE-6230-SANTORINI-6-300x300.jpg 300w, https:\/\/mouldking.store\/wp-content\/uploads\/2022\/11\/WANGE-6230-SANTORINI-6-600x599.jpg 600w, https:\/\/mouldking.store\/wp-content\/uploads\/2022\/11\/WANGE-6230-SANTORINI-6-150x150.jpg 150w, https:\/\/mouldking.store\/wp-content\/uploads\/2022\/11\/WANGE-6230-SANTORINI-6-60x60.jpg 60w, https:\/\/mouldking.store\/wp-content\/uploads\/2022\/11\/WANGE-6230-SANTORINI-6-90x90.jpg 90w\" sizes=\"(max-width: 750px) 100vw, 750px\" \/><figcaption id=\"caption-attachment-36663\" class=\"wp-caption-text\">WANGE 6230 SANTORINI 1372db-val<\/figcaption><\/figure>\n<figure id=\"attachment_36664\" aria-describedby=\"caption-attachment-36664\" style=\"width: 750px\" class=\"wp-caption aligncenter\"><img loading=\"lazy\" decoding=\"async\" class=\"wp-image-36664 size-full\" src=\"https:\/\/mouldking.store\/wp-content\/uploads\/2022\/11\/WANGE-6230-SANTORINI-5.jpg\" alt=\"WANGE 6230 SANTORINI With 1372pcs\" width=\"750\" height=\"878\" title=\"-\" srcset=\"https:\/\/mouldking.store\/wp-content\/uploads\/2022\/11\/WANGE-6230-SANTORINI-5.jpg 750w, https:\/\/mouldking.store\/wp-content\/uploads\/2022\/11\/WANGE-6230-SANTORINI-5-256x300.jpg 256w, https:\/\/mouldking.store\/wp-content\/uploads\/2022\/11\/WANGE-6230-SANTORINI-5-300x351.jpg 300w, https:\/\/mouldking.store\/wp-content\/uploads\/2022\/11\/WANGE-6230-SANTORINI-5-600x702.jpg 600w, https:\/\/mouldking.store\/wp-content\/uploads\/2022\/11\/WANGE-6230-SANTORINI-5-128x150.jpg 128w, https:\/\/mouldking.store\/wp-content\/uploads\/2022\/11\/WANGE-6230-SANTORINI-5-51x60.jpg 51w, https:\/\/mouldking.store\/wp-content\/uploads\/2022\/11\/WANGE-6230-SANTORINI-5-77x90.jpg 77w\" sizes=\"(max-width: 750px) 100vw, 750px\" \/><figcaption id=\"caption-attachment-36664\" class=\"wp-caption-text\">WANGE 6230 SANTORINI 1372db-val<\/figcaption><\/figure>\n<figure id=\"attachment_36665\" aria-describedby=\"caption-attachment-36665\" style=\"width: 750px\" class=\"wp-caption aligncenter\"><img loading=\"lazy\" decoding=\"async\" class=\"wp-image-36665 size-full\" src=\"https:\/\/mouldking.store\/wp-content\/uploads\/2022\/11\/WANGE-6230-SANTORINI-4.jpg\" alt=\"WANGE 6230 SANTORINI With 1372pcs\" width=\"750\" height=\"752\" title=\"-\" srcset=\"https:\/\/mouldking.store\/wp-content\/uploads\/2022\/11\/WANGE-6230-SANTORINI-4.jpg 750w, https:\/\/mouldking.store\/wp-content\/uploads\/2022\/11\/WANGE-6230-SANTORINI-4-300x301.jpg 300w, https:\/\/mouldking.store\/wp-content\/uploads\/2022\/11\/WANGE-6230-SANTORINI-4-600x602.jpg 600w, https:\/\/mouldking.store\/wp-content\/uploads\/2022\/11\/WANGE-6230-SANTORINI-4-150x150.jpg 150w, https:\/\/mouldking.store\/wp-content\/uploads\/2022\/11\/WANGE-6230-SANTORINI-4-60x60.jpg 60w, https:\/\/mouldking.store\/wp-content\/uploads\/2022\/11\/WANGE-6230-SANTORINI-4-90x90.jpg 90w\" sizes=\"(max-width: 750px) 100vw, 750px\" \/><figcaption id=\"caption-attachment-36665\" class=\"wp-caption-text\">WANGE 6230 SANTORINI 1372db-val<\/figcaption><\/figure>\n<figure id=\"attachment_36666\" aria-describedby=\"caption-attachment-36666\" style=\"width: 509px\" class=\"wp-caption aligncenter\"><img loading=\"lazy\" decoding=\"async\" class=\"wp-image-36666 size-full\" src=\"https:\/\/mouldking.store\/wp-content\/uploads\/2022\/11\/WANGE-6230-SANTORINI-3.jpg\" alt=\"WANGE 6230 SANTORINI With 1372pcs\" width=\"509\" height=\"1024\" title=\"-\" srcset=\"https:\/\/mouldking.store\/wp-content\/uploads\/2022\/11\/WANGE-6230-SANTORINI-3.jpg 509w, https:\/\/mouldking.store\/wp-content\/uploads\/2022\/11\/WANGE-6230-SANTORINI-3-149x300.jpg 149w, https:\/\/mouldking.store\/wp-content\/uploads\/2022\/11\/WANGE-6230-SANTORINI-3-300x604.jpg 300w, https:\/\/mouldking.store\/wp-content\/uploads\/2022\/11\/WANGE-6230-SANTORINI-3-75x150.jpg 75w, https:\/\/mouldking.store\/wp-content\/uploads\/2022\/11\/WANGE-6230-SANTORINI-3-30x60.jpg 30w, https:\/\/mouldking.store\/wp-content\/uploads\/2022\/11\/WANGE-6230-SANTORINI-3-45x90.jpg 45w\" sizes=\"(max-width: 509px) 100vw, 509px\" \/><figcaption id=\"caption-attachment-36666\" class=\"wp-caption-text\">WANGE 6230 SANTORINI 1372db-val<\/figcaption><\/figure>\n<figure id=\"attachment_36667\" aria-describedby=\"caption-attachment-36667\" style=\"width: 561px\" class=\"wp-caption aligncenter\"><img loading=\"lazy\" decoding=\"async\" class=\"wp-image-36667 size-full\" src=\"https:\/\/mouldking.store\/wp-content\/uploads\/2022\/11\/WANGE-6230-SANTORINI-2.jpg\" alt=\"WANGE 6230 SANTORINI With 1372pcs\" width=\"561\" height=\"1024\" title=\"-\" srcset=\"https:\/\/mouldking.store\/wp-content\/uploads\/2022\/11\/WANGE-6230-SANTORINI-2.jpg 561w, https:\/\/mouldking.store\/wp-content\/uploads\/2022\/11\/WANGE-6230-SANTORINI-2-164x300.jpg 164w, https:\/\/mouldking.store\/wp-content\/uploads\/2022\/11\/WANGE-6230-SANTORINI-2-300x548.jpg 300w, https:\/\/mouldking.store\/wp-content\/uploads\/2022\/11\/WANGE-6230-SANTORINI-2-82x150.jpg 82w, https:\/\/mouldking.store\/wp-content\/uploads\/2022\/11\/WANGE-6230-SANTORINI-2-33x60.jpg 33w, https:\/\/mouldking.store\/wp-content\/uploads\/2022\/11\/WANGE-6230-SANTORINI-2-49x90.jpg 49w\" sizes=\"(max-width: 561px) 100vw, 561px\" \/><figcaption id=\"caption-attachment-36667\" class=\"wp-caption-text\">WANGE 6230 SANTORINI 1372db-val<\/figcaption><\/figure>\n<figure id=\"attachment_36668\" aria-describedby=\"caption-attachment-36668\" style=\"width: 800px\" class=\"wp-caption aligncenter\"><img loading=\"lazy\" decoding=\"async\" class=\"wp-image-36668 size-full\" src=\"https:\/\/mouldking.store\/wp-content\/uploads\/2022\/11\/WANGE-6230-SANTORINI-1.jpg\" alt=\"WANGE 6230 SANTORINI With 1372pcs\" width=\"800\" height=\"800\" title=\"-\" srcset=\"https:\/\/mouldking.store\/wp-content\/uploads\/2022\/11\/WANGE-6230-SANTORINI-1.jpg 800w, https:\/\/mouldking.store\/wp-content\/uploads\/2022\/11\/WANGE-6230-SANTORINI-1-300x300.jpg 300w, https:\/\/mouldking.store\/wp-content\/uploads\/2022\/11\/WANGE-6230-SANTORINI-1-768x768.jpg 768w, https:\/\/mouldking.store\/wp-content\/uploads\/2022\/11\/WANGE-6230-SANTORINI-1-600x600.jpg 600w, https:\/\/mouldking.store\/wp-content\/uploads\/2022\/11\/WANGE-6230-SANTORINI-1-150x150.jpg 150w, https:\/\/mouldking.store\/wp-content\/uploads\/2022\/11\/WANGE-6230-SANTORINI-1-60x60.jpg 60w, https:\/\/mouldking.store\/wp-content\/uploads\/2022\/11\/WANGE-6230-SANTORINI-1-90x90.jpg 90w\" sizes=\"(max-width: 800px) 100vw, 800px\" \/><figcaption id=\"caption-attachment-36668\" class=\"wp-caption-text\">WANGE 6230 SANTORINI 1372db-val<\/figcaption><\/figure>","protected":false},"excerpt":{"rendered":"<p>Product information: Brand: WANGE Gender: Unisex Name: SANTORINI Age Range: &gt; 6 years old Model Number: 6230 Classification: Assemblage Plastic Block Shape: Self-Locking Bricks Material: Plastic Plastic Type: ABS Bricks Blocks:1372PCS Size: \u00a034.2 \u00d7 33.5 \u00d7 27.5 cm Contains detailed assembly instructions. Notice: 1. Without an original box, but we guarantee our products have quality [&hellip;]<\/p>","protected":false},"featured_media":36655,"comment_status":"closed","ping_status":"closed","template":"","meta":{"_acf_changed":false},"product_cat":[1365],"product_tag":[8458,8459,2299,8460,8461,8457],"class_list":["product","first","instock","shipping-taxable","purchasable","product-type-simple"],"acf":[],"_links":{"self":[{"href":"https:\/\/mouldking.store\/hu\/wp-json\/wp\/v2\/product\/36654","targetHints":{"allow":["GET"]}}],"collection":[{"href":"https:\/\/mouldking.store\/hu\/wp-json\/wp\/v2\/product"}],"about":[{"href":"https:\/\/mouldking.store\/hu\/wp-json\/wp\/v2\/types\/product"}],"replies":[{"embeddable":true,"href":"https:\/\/mouldking.store\/hu\/wp-json\/wp\/v2\/comments?post=36654"}],"wp:featuredmedia":[{"embeddable":true,"href":"https:\/\/mouldking.store\/hu\/wp-json\/wp\/v2\/media\/36655"}],"wp:attachment":[{"href":"https:\/\/mouldking.store\/hu\/wp-json\/wp\/v2\/media?parent=36654"}],"wp:term":[{"taxonomy":"product_cat","embeddable":true,"href":"https:\/\/mouldking.store\/hu\/wp-json\/wp\/v2\/product_cat?post=36654"},{"taxonomy":"product_tag","embeddable":true,"href":"https:\/\/mouldking.store\/hu\/wp-json\/wp\/v2\/product_tag?post=36654"}],"curies":[{"name":"wp","href":"https:\/\/api.w.org\/{rel}","templated":true}]}}