{"id":36727,"date":"2022-11-28T14:37:18","date_gmt":"2022-11-28T07:37:18","guid":{"rendered":"https:\/\/mouldking.store\/?post_type=product&#038;p=36727"},"modified":"2022-11-28T14:37:18","modified_gmt":"2022-11-28T07:37:18","slug":"sembo-105768-hq-9-anti-aircraft-missiles-system-with-1048pcs","status":"publish","type":"product","link":"https:\/\/mouldking.store\/hu\/shop\/sembo-105768-hq-9-anti-aircraft-missiles-system-with-1048pcs\/","title":{"rendered":"SEMBO 105768 HQ-9 l\u00e9gv\u00e9delmi rak\u00e9tarendszer 1048 darabbal"},"content":{"rendered":"<p>Term\u00e9k inform\u00e1ci\u00f3:<\/p>\n<ol>\n<li>M\u00e1rka: SEMBO<\/li>\n<li>Nem: Uniszex<\/li>\n<li>N\u00e9v: HQ-9 l\u00e9gv\u00e9delmi rak\u00e9tarendszer<\/li>\n<li>Koroszt\u00e1ly: &gt; 6 \u00e9v<\/li>\n<li>Modellsz\u00e1m: 105768<\/li>\n<li>Besorol\u00e1s: \u00d6sszeszerel\u00e9s<\/li>\n<li>M\u0171anyag blokk forma: \u00f6nz\u00e1r\u00f3 t\u00e9gla<\/li>\n<li>Anyaga: M\u0171anyag<\/li>\n<li>M\u0171anyag t\u00edpus: ABS<\/li>\n<li>T\u00e9gla blokkok: 1048 DB<\/li>\n<li>M\u00e9rete: 36,9 x 12,4 x 18,4 cm<\/li>\n<li>R\u00e9szletes \u00f6sszeszerel\u00e9si \u00fatmutat\u00f3t tartalmaz.<\/li>\n<\/ol>\n<p>\u00c9rtes\u00edt\u00e9s:<br \/>\n1. Eredeti doboz n\u00e9lk\u00fcl, de garant\u00e1ljuk, hogy term\u00e9keink min\u0151s\u00e9gbiztos\u00edt\u00e1ssal \u00e9s sz\u00e9p csomagol\u00e1ssal rendelkeznek.<br \/>\n2. Mint minden alkatr\u00e9szt, amelyet a sz\u00e1ll\u00edt\u00e1s el\u0151tt ellen\u0151rizt\u00fcnk, ez\u00e9rt ha \u00fagy tal\u00e1lja, hogy n\u00e9h\u00e1ny alkatr\u00e9sz hi\u00e1nyzik vagy s\u00e9r\u00fclt, ne agg\u00f3djon, \u00e9s k\u00e9rj\u00fck, vegye fel vel\u00fcnk a kapcsolatot, \u00e9s azonnal ingyenesen elk\u00fcldj\u00fck \u00d6nnek.<\/p>\n<figure id=\"attachment_36728\" aria-describedby=\"caption-attachment-36728\" style=\"width: 800px\" class=\"wp-caption aligncenter\"><img fetchpriority=\"high\" decoding=\"async\" class=\"wp-image-36728 size-full\" src=\"https:\/\/mouldking.store\/wp-content\/uploads\/2022\/11\/HQ-9-Anti-Aircraft-Missiles-System-SEMBO-105768-5.jpg\" alt=\"SEMBO 105768 HQ-9 Anti-Aircraft Missiles System With 1048pcs\" width=\"800\" height=\"800\" title=\"-\" srcset=\"https:\/\/mouldking.store\/wp-content\/uploads\/2022\/11\/HQ-9-Anti-Aircraft-Missiles-System-SEMBO-105768-5.jpg 800w, https:\/\/mouldking.store\/wp-content\/uploads\/2022\/11\/HQ-9-Anti-Aircraft-Missiles-System-SEMBO-105768-5-300x300.jpg 300w, https:\/\/mouldking.store\/wp-content\/uploads\/2022\/11\/HQ-9-Anti-Aircraft-Missiles-System-SEMBO-105768-5-768x768.jpg 768w, https:\/\/mouldking.store\/wp-content\/uploads\/2022\/11\/HQ-9-Anti-Aircraft-Missiles-System-SEMBO-105768-5-600x600.jpg 600w, https:\/\/mouldking.store\/wp-content\/uploads\/2022\/11\/HQ-9-Anti-Aircraft-Missiles-System-SEMBO-105768-5-150x150.jpg 150w, https:\/\/mouldking.store\/wp-content\/uploads\/2022\/11\/HQ-9-Anti-Aircraft-Missiles-System-SEMBO-105768-5-60x60.jpg 60w, https:\/\/mouldking.store\/wp-content\/uploads\/2022\/11\/HQ-9-Anti-Aircraft-Missiles-System-SEMBO-105768-5-90x90.jpg 90w\" sizes=\"(max-width: 800px) 100vw, 800px\" \/><figcaption id=\"caption-attachment-36728\" class=\"wp-caption-text\">SEMBO 105768 HQ-9 l\u00e9gv\u00e9delmi rak\u00e9tarendszer 1048 darabbal<\/figcaption><\/figure>\n<figure id=\"attachment_36729\" aria-describedby=\"caption-attachment-36729\" style=\"width: 800px\" class=\"wp-caption aligncenter\"><img decoding=\"async\" class=\"wp-image-36729 size-full\" src=\"https:\/\/mouldking.store\/wp-content\/uploads\/2022\/11\/HQ-9-Anti-Aircraft-Missiles-System-SEMBO-105768-4.jpg\" alt=\"SEMBO 105768 HQ-9 Anti-Aircraft Missiles System With 1048pcs\" width=\"800\" height=\"800\" title=\"-\" srcset=\"https:\/\/mouldking.store\/wp-content\/uploads\/2022\/11\/HQ-9-Anti-Aircraft-Missiles-System-SEMBO-105768-4.jpg 800w, https:\/\/mouldking.store\/wp-content\/uploads\/2022\/11\/HQ-9-Anti-Aircraft-Missiles-System-SEMBO-105768-4-300x300.jpg 300w, https:\/\/mouldking.store\/wp-content\/uploads\/2022\/11\/HQ-9-Anti-Aircraft-Missiles-System-SEMBO-105768-4-768x768.jpg 768w, https:\/\/mouldking.store\/wp-content\/uploads\/2022\/11\/HQ-9-Anti-Aircraft-Missiles-System-SEMBO-105768-4-600x600.jpg 600w, https:\/\/mouldking.store\/wp-content\/uploads\/2022\/11\/HQ-9-Anti-Aircraft-Missiles-System-SEMBO-105768-4-150x150.jpg 150w, https:\/\/mouldking.store\/wp-content\/uploads\/2022\/11\/HQ-9-Anti-Aircraft-Missiles-System-SEMBO-105768-4-60x60.jpg 60w, https:\/\/mouldking.store\/wp-content\/uploads\/2022\/11\/HQ-9-Anti-Aircraft-Missiles-System-SEMBO-105768-4-90x90.jpg 90w\" sizes=\"(max-width: 800px) 100vw, 800px\" \/><figcaption id=\"caption-attachment-36729\" class=\"wp-caption-text\">SEMBO 105768 HQ-9 l\u00e9gv\u00e9delmi rak\u00e9tarendszer 1048 darabbal<\/figcaption><\/figure>\n<figure id=\"attachment_36730\" aria-describedby=\"caption-attachment-36730\" style=\"width: 800px\" class=\"wp-caption aligncenter\"><img decoding=\"async\" class=\"wp-image-36730 size-full\" src=\"https:\/\/mouldking.store\/wp-content\/uploads\/2022\/11\/HQ-9-Anti-Aircraft-Missiles-System-SEMBO-105768-3.jpg\" alt=\"SEMBO 105768 HQ-9 Anti-Aircraft Missiles System With 1048pcs\" width=\"800\" height=\"800\" title=\"-\" srcset=\"https:\/\/mouldking.store\/wp-content\/uploads\/2022\/11\/HQ-9-Anti-Aircraft-Missiles-System-SEMBO-105768-3.jpg 800w, https:\/\/mouldking.store\/wp-content\/uploads\/2022\/11\/HQ-9-Anti-Aircraft-Missiles-System-SEMBO-105768-3-300x300.jpg 300w, https:\/\/mouldking.store\/wp-content\/uploads\/2022\/11\/HQ-9-Anti-Aircraft-Missiles-System-SEMBO-105768-3-768x768.jpg 768w, https:\/\/mouldking.store\/wp-content\/uploads\/2022\/11\/HQ-9-Anti-Aircraft-Missiles-System-SEMBO-105768-3-600x600.jpg 600w, https:\/\/mouldking.store\/wp-content\/uploads\/2022\/11\/HQ-9-Anti-Aircraft-Missiles-System-SEMBO-105768-3-150x150.jpg 150w, https:\/\/mouldking.store\/wp-content\/uploads\/2022\/11\/HQ-9-Anti-Aircraft-Missiles-System-SEMBO-105768-3-60x60.jpg 60w, https:\/\/mouldking.store\/wp-content\/uploads\/2022\/11\/HQ-9-Anti-Aircraft-Missiles-System-SEMBO-105768-3-90x90.jpg 90w\" sizes=\"(max-width: 800px) 100vw, 800px\" \/><figcaption id=\"caption-attachment-36730\" class=\"wp-caption-text\">SEMBO 105768 HQ-9 l\u00e9gv\u00e9delmi rak\u00e9tarendszer 1048 darabbal<\/figcaption><\/figure>\n<figure id=\"attachment_36731\" aria-describedby=\"caption-attachment-36731\" style=\"width: 800px\" class=\"wp-caption aligncenter\"><img loading=\"lazy\" decoding=\"async\" class=\"wp-image-36731 size-full\" src=\"https:\/\/mouldking.store\/wp-content\/uploads\/2022\/11\/HQ-9-Anti-Aircraft-Missiles-System-SEMBO-105768-2.jpg\" alt=\"SEMBO 105768 HQ-9 Anti-Aircraft Missiles System With 1048pcs\" width=\"800\" height=\"800\" title=\"-\" srcset=\"https:\/\/mouldking.store\/wp-content\/uploads\/2022\/11\/HQ-9-Anti-Aircraft-Missiles-System-SEMBO-105768-2.jpg 800w, https:\/\/mouldking.store\/wp-content\/uploads\/2022\/11\/HQ-9-Anti-Aircraft-Missiles-System-SEMBO-105768-2-300x300.jpg 300w, https:\/\/mouldking.store\/wp-content\/uploads\/2022\/11\/HQ-9-Anti-Aircraft-Missiles-System-SEMBO-105768-2-768x768.jpg 768w, https:\/\/mouldking.store\/wp-content\/uploads\/2022\/11\/HQ-9-Anti-Aircraft-Missiles-System-SEMBO-105768-2-600x600.jpg 600w, https:\/\/mouldking.store\/wp-content\/uploads\/2022\/11\/HQ-9-Anti-Aircraft-Missiles-System-SEMBO-105768-2-150x150.jpg 150w, https:\/\/mouldking.store\/wp-content\/uploads\/2022\/11\/HQ-9-Anti-Aircraft-Missiles-System-SEMBO-105768-2-60x60.jpg 60w, https:\/\/mouldking.store\/wp-content\/uploads\/2022\/11\/HQ-9-Anti-Aircraft-Missiles-System-SEMBO-105768-2-90x90.jpg 90w\" sizes=\"(max-width: 800px) 100vw, 800px\" \/><figcaption id=\"caption-attachment-36731\" class=\"wp-caption-text\">SEMBO 105768 HQ-9 l\u00e9gv\u00e9delmi rak\u00e9tarendszer 1048 darabbal<\/figcaption><\/figure>\n<figure id=\"attachment_36732\" aria-describedby=\"caption-attachment-36732\" style=\"width: 800px\" class=\"wp-caption aligncenter\"><img loading=\"lazy\" decoding=\"async\" class=\"wp-image-36732 size-full\" src=\"https:\/\/mouldking.store\/wp-content\/uploads\/2022\/11\/HQ-9-Anti-Aircraft-Missiles-System-SEMBO-105768-1.jpg\" alt=\"SEMBO 105768 HQ-9 Anti-Aircraft Missiles System With 1048pcs\" width=\"800\" height=\"800\" title=\"-\" srcset=\"https:\/\/mouldking.store\/wp-content\/uploads\/2022\/11\/HQ-9-Anti-Aircraft-Missiles-System-SEMBO-105768-1.jpg 800w, https:\/\/mouldking.store\/wp-content\/uploads\/2022\/11\/HQ-9-Anti-Aircraft-Missiles-System-SEMBO-105768-1-300x300.jpg 300w, https:\/\/mouldking.store\/wp-content\/uploads\/2022\/11\/HQ-9-Anti-Aircraft-Missiles-System-SEMBO-105768-1-768x768.jpg 768w, https:\/\/mouldking.store\/wp-content\/uploads\/2022\/11\/HQ-9-Anti-Aircraft-Missiles-System-SEMBO-105768-1-600x600.jpg 600w, https:\/\/mouldking.store\/wp-content\/uploads\/2022\/11\/HQ-9-Anti-Aircraft-Missiles-System-SEMBO-105768-1-150x150.jpg 150w, https:\/\/mouldking.store\/wp-content\/uploads\/2022\/11\/HQ-9-Anti-Aircraft-Missiles-System-SEMBO-105768-1-60x60.jpg 60w, https:\/\/mouldking.store\/wp-content\/uploads\/2022\/11\/HQ-9-Anti-Aircraft-Missiles-System-SEMBO-105768-1-90x90.jpg 90w\" sizes=\"(max-width: 800px) 100vw, 800px\" \/><figcaption id=\"caption-attachment-36732\" class=\"wp-caption-text\">SEMBO 105768 HQ-9 l\u00e9gv\u00e9delmi rak\u00e9tarendszer 1048 darabbal<\/figcaption><\/figure>","protected":false},"excerpt":{"rendered":"<p>Nincsenek minifigur\u00e1k<\/p>","protected":false},"featured_media":36729,"comment_status":"closed","ping_status":"closed","template":"","meta":{"_acf_changed":false},"product_cat":[1350],"product_tag":[8514,8516,8515,8519,8517,1491,8520,8521,8513,8518],"class_list":["product","first","instock","shipping-taxable","purchasable","product-type-simple"],"acf":[],"_links":{"self":[{"href":"https:\/\/mouldking.store\/hu\/wp-json\/wp\/v2\/product\/36727","targetHints":{"allow":["GET"]}}],"collection":[{"href":"https:\/\/mouldking.store\/hu\/wp-json\/wp\/v2\/product"}],"about":[{"href":"https:\/\/mouldking.store\/hu\/wp-json\/wp\/v2\/types\/product"}],"replies":[{"embeddable":true,"href":"https:\/\/mouldking.store\/hu\/wp-json\/wp\/v2\/comments?post=36727"}],"wp:featuredmedia":[{"embeddable":true,"href":"https:\/\/mouldking.store\/hu\/wp-json\/wp\/v2\/media\/36729"}],"wp:attachment":[{"href":"https:\/\/mouldking.store\/hu\/wp-json\/wp\/v2\/media?parent=36727"}],"wp:term":[{"taxonomy":"product_cat","embeddable":true,"href":"https:\/\/mouldking.store\/hu\/wp-json\/wp\/v2\/product_cat?post=36727"},{"taxonomy":"product_tag","embeddable":true,"href":"https:\/\/mouldking.store\/hu\/wp-json\/wp\/v2\/product_tag?post=36727"}],"curies":[{"name":"wp","href":"https:\/\/api.w.org\/{rel}","templated":true}]}}