{"id":36769,"date":"2022-11-28T15:29:14","date_gmt":"2022-11-28T08:29:14","guid":{"rendered":"https:\/\/mouldking.store\/?post_type=product&#038;p=36769"},"modified":"2022-11-28T15:29:14","modified_gmt":"2022-11-28T08:29:14","slug":"rihio-g5-04-two-shots","status":"publish","type":"product","link":"https:\/\/mouldking.store\/hu\/shop\/rihio-g5-04-two-shots\/","title":{"rendered":"RIHIO G5-04 K\u00c9T L\u00d6V\u00c9S"},"content":{"rendered":"<p>Term\u00e9k inform\u00e1ci\u00f3:<\/p>\n<ol>\n<li>M\u00e1rka: RIHIO<\/li>\n<li>Nem: Uniszex<\/li>\n<li>Name: TWO SHOTS<\/li>\n<li>Koroszt\u00e1ly: &gt; 12 \u00e9ves<\/li>\n<li>Model Number: G5-04<\/li>\n<li>Besorol\u00e1s: \u00d6sszeszerel\u00e9s<\/li>\n<li>M\u0171anyag blokk forma: \u00f6nz\u00e1r\u00f3 t\u00e9gla<\/li>\n<li>Anyaga: M\u0171anyag<\/li>\n<li>M\u0171anyag t\u00edpus: ABS<\/li>\n<li>Size: \u00a08 x 11 cm<\/li>\n<li>R\u00e9szletes \u00f6sszeszerel\u00e9si \u00fatmutat\u00f3t tartalmaz.<\/li>\n<\/ol>\n<p>\u00c9rtes\u00edt\u00e9s:<br \/>\n1. Eredeti doboz n\u00e9lk\u00fcl, de garant\u00e1ljuk, hogy term\u00e9keink min\u0151s\u00e9gbiztos\u00edt\u00e1ssal \u00e9s sz\u00e9p csomagol\u00e1ssal rendelkeznek.<br \/>\n2. Mint minden alkatr\u00e9szt, amelyet a sz\u00e1ll\u00edt\u00e1s el\u0151tt ellen\u0151rizt\u00fcnk, ez\u00e9rt ha \u00fagy tal\u00e1lja, hogy n\u00e9h\u00e1ny alkatr\u00e9sz hi\u00e1nyzik vagy s\u00e9r\u00fclt, ne agg\u00f3djon, \u00e9s k\u00e9rj\u00fck, vegye fel vel\u00fcnk a kapcsolatot, \u00e9s azonnal ingyenesen elk\u00fcldj\u00fck \u00d6nnek.<\/p>\n<figure id=\"attachment_36770\" aria-describedby=\"caption-attachment-36770\" style=\"width: 800px\" class=\"wp-caption aligncenter\"><img fetchpriority=\"high\" decoding=\"async\" class=\"wp-image-36770 size-full\" src=\"https:\/\/mouldking.store\/wp-content\/uploads\/2022\/11\/RIHIO-G5-04-TWO-SHOTS-9.jpg\" alt=\"RIHIO G5-04 TWO SHOTS\" width=\"800\" height=\"800\" title=\"-\" srcset=\"https:\/\/mouldking.store\/wp-content\/uploads\/2022\/11\/RIHIO-G5-04-TWO-SHOTS-9.jpg 800w, https:\/\/mouldking.store\/wp-content\/uploads\/2022\/11\/RIHIO-G5-04-TWO-SHOTS-9-300x300.jpg 300w, https:\/\/mouldking.store\/wp-content\/uploads\/2022\/11\/RIHIO-G5-04-TWO-SHOTS-9-768x768.jpg 768w, https:\/\/mouldking.store\/wp-content\/uploads\/2022\/11\/RIHIO-G5-04-TWO-SHOTS-9-600x600.jpg 600w, https:\/\/mouldking.store\/wp-content\/uploads\/2022\/11\/RIHIO-G5-04-TWO-SHOTS-9-150x150.jpg 150w, https:\/\/mouldking.store\/wp-content\/uploads\/2022\/11\/RIHIO-G5-04-TWO-SHOTS-9-60x60.jpg 60w, https:\/\/mouldking.store\/wp-content\/uploads\/2022\/11\/RIHIO-G5-04-TWO-SHOTS-9-90x90.jpg 90w\" sizes=\"(max-width: 800px) 100vw, 800px\" \/><figcaption id=\"caption-attachment-36770\" class=\"wp-caption-text\">RIHIO G5-04 K\u00c9T L\u00d6V\u00c9S<\/figcaption><\/figure>\n<figure id=\"attachment_36771\" aria-describedby=\"caption-attachment-36771\" style=\"width: 800px\" class=\"wp-caption aligncenter\"><img decoding=\"async\" class=\"wp-image-36771 size-full\" src=\"https:\/\/mouldking.store\/wp-content\/uploads\/2022\/11\/RIHIO-G5-04-TWO-SHOTS-8.jpg\" alt=\"RIHIO G5-04 TWO SHOTS\" width=\"800\" height=\"800\" title=\"-\" srcset=\"https:\/\/mouldking.store\/wp-content\/uploads\/2022\/11\/RIHIO-G5-04-TWO-SHOTS-8.jpg 800w, https:\/\/mouldking.store\/wp-content\/uploads\/2022\/11\/RIHIO-G5-04-TWO-SHOTS-8-300x300.jpg 300w, https:\/\/mouldking.store\/wp-content\/uploads\/2022\/11\/RIHIO-G5-04-TWO-SHOTS-8-768x768.jpg 768w, https:\/\/mouldking.store\/wp-content\/uploads\/2022\/11\/RIHIO-G5-04-TWO-SHOTS-8-600x600.jpg 600w, https:\/\/mouldking.store\/wp-content\/uploads\/2022\/11\/RIHIO-G5-04-TWO-SHOTS-8-150x150.jpg 150w, https:\/\/mouldking.store\/wp-content\/uploads\/2022\/11\/RIHIO-G5-04-TWO-SHOTS-8-60x60.jpg 60w, https:\/\/mouldking.store\/wp-content\/uploads\/2022\/11\/RIHIO-G5-04-TWO-SHOTS-8-90x90.jpg 90w\" sizes=\"(max-width: 800px) 100vw, 800px\" \/><figcaption id=\"caption-attachment-36771\" class=\"wp-caption-text\">RIHIO G5-04 K\u00c9T L\u00d6V\u00c9S<\/figcaption><\/figure>\n<figure id=\"attachment_36772\" aria-describedby=\"caption-attachment-36772\" style=\"width: 800px\" class=\"wp-caption aligncenter\"><img decoding=\"async\" class=\"wp-image-36772 size-full\" src=\"https:\/\/mouldking.store\/wp-content\/uploads\/2022\/11\/RIHIO-G5-04-TWO-SHOTS-7.jpg\" alt=\"RIHIO G5-04 TWO SHOTS\" width=\"800\" height=\"800\" title=\"-\" srcset=\"https:\/\/mouldking.store\/wp-content\/uploads\/2022\/11\/RIHIO-G5-04-TWO-SHOTS-7.jpg 800w, https:\/\/mouldking.store\/wp-content\/uploads\/2022\/11\/RIHIO-G5-04-TWO-SHOTS-7-300x300.jpg 300w, https:\/\/mouldking.store\/wp-content\/uploads\/2022\/11\/RIHIO-G5-04-TWO-SHOTS-7-768x768.jpg 768w, https:\/\/mouldking.store\/wp-content\/uploads\/2022\/11\/RIHIO-G5-04-TWO-SHOTS-7-600x600.jpg 600w, https:\/\/mouldking.store\/wp-content\/uploads\/2022\/11\/RIHIO-G5-04-TWO-SHOTS-7-150x150.jpg 150w, https:\/\/mouldking.store\/wp-content\/uploads\/2022\/11\/RIHIO-G5-04-TWO-SHOTS-7-60x60.jpg 60w, https:\/\/mouldking.store\/wp-content\/uploads\/2022\/11\/RIHIO-G5-04-TWO-SHOTS-7-90x90.jpg 90w\" sizes=\"(max-width: 800px) 100vw, 800px\" \/><figcaption id=\"caption-attachment-36772\" class=\"wp-caption-text\">RIHIO G5-04 K\u00c9T L\u00d6V\u00c9S<\/figcaption><\/figure>\n<figure id=\"attachment_36773\" aria-describedby=\"caption-attachment-36773\" style=\"width: 800px\" class=\"wp-caption aligncenter\"><img loading=\"lazy\" decoding=\"async\" class=\"wp-image-36773 size-full\" src=\"https:\/\/mouldking.store\/wp-content\/uploads\/2022\/11\/RIHIO-G5-04-TWO-SHOTS-6.jpg\" alt=\"RIHIO G5-04 TWO SHOTS\" width=\"800\" height=\"800\" title=\"-\" srcset=\"https:\/\/mouldking.store\/wp-content\/uploads\/2022\/11\/RIHIO-G5-04-TWO-SHOTS-6.jpg 800w, https:\/\/mouldking.store\/wp-content\/uploads\/2022\/11\/RIHIO-G5-04-TWO-SHOTS-6-300x300.jpg 300w, https:\/\/mouldking.store\/wp-content\/uploads\/2022\/11\/RIHIO-G5-04-TWO-SHOTS-6-768x768.jpg 768w, https:\/\/mouldking.store\/wp-content\/uploads\/2022\/11\/RIHIO-G5-04-TWO-SHOTS-6-600x600.jpg 600w, https:\/\/mouldking.store\/wp-content\/uploads\/2022\/11\/RIHIO-G5-04-TWO-SHOTS-6-150x150.jpg 150w, https:\/\/mouldking.store\/wp-content\/uploads\/2022\/11\/RIHIO-G5-04-TWO-SHOTS-6-60x60.jpg 60w, https:\/\/mouldking.store\/wp-content\/uploads\/2022\/11\/RIHIO-G5-04-TWO-SHOTS-6-90x90.jpg 90w\" sizes=\"(max-width: 800px) 100vw, 800px\" \/><figcaption id=\"caption-attachment-36773\" class=\"wp-caption-text\">RIHIO G5-04 K\u00c9T L\u00d6V\u00c9S<\/figcaption><\/figure>\n<figure id=\"attachment_36774\" aria-describedby=\"caption-attachment-36774\" style=\"width: 800px\" class=\"wp-caption aligncenter\"><img loading=\"lazy\" decoding=\"async\" class=\"wp-image-36774 size-full\" src=\"https:\/\/mouldking.store\/wp-content\/uploads\/2022\/11\/RIHIO-G5-04-TWO-SHOTS-5.jpg\" alt=\"RIHIO G5-04 TWO SHOTS\" width=\"800\" height=\"800\" title=\"-\" srcset=\"https:\/\/mouldking.store\/wp-content\/uploads\/2022\/11\/RIHIO-G5-04-TWO-SHOTS-5.jpg 800w, https:\/\/mouldking.store\/wp-content\/uploads\/2022\/11\/RIHIO-G5-04-TWO-SHOTS-5-300x300.jpg 300w, https:\/\/mouldking.store\/wp-content\/uploads\/2022\/11\/RIHIO-G5-04-TWO-SHOTS-5-768x768.jpg 768w, https:\/\/mouldking.store\/wp-content\/uploads\/2022\/11\/RIHIO-G5-04-TWO-SHOTS-5-600x600.jpg 600w, https:\/\/mouldking.store\/wp-content\/uploads\/2022\/11\/RIHIO-G5-04-TWO-SHOTS-5-150x150.jpg 150w, https:\/\/mouldking.store\/wp-content\/uploads\/2022\/11\/RIHIO-G5-04-TWO-SHOTS-5-60x60.jpg 60w, https:\/\/mouldking.store\/wp-content\/uploads\/2022\/11\/RIHIO-G5-04-TWO-SHOTS-5-90x90.jpg 90w\" sizes=\"(max-width: 800px) 100vw, 800px\" \/><figcaption id=\"caption-attachment-36774\" class=\"wp-caption-text\">RIHIO G5-04 K\u00c9T L\u00d6V\u00c9S<\/figcaption><\/figure>\n<figure id=\"attachment_36775\" aria-describedby=\"caption-attachment-36775\" style=\"width: 823px\" class=\"wp-caption aligncenter\"><img loading=\"lazy\" decoding=\"async\" class=\"wp-image-36775 size-full\" src=\"https:\/\/mouldking.store\/wp-content\/uploads\/2022\/11\/RIHIO-G5-04-TWO-SHOTS-4.jpg\" alt=\"RIHIO G5-04 TWO SHOTS\" width=\"823\" height=\"1024\" title=\"-\" srcset=\"https:\/\/mouldking.store\/wp-content\/uploads\/2022\/11\/RIHIO-G5-04-TWO-SHOTS-4.jpg 823w, https:\/\/mouldking.store\/wp-content\/uploads\/2022\/11\/RIHIO-G5-04-TWO-SHOTS-4-241x300.jpg 241w, https:\/\/mouldking.store\/wp-content\/uploads\/2022\/11\/RIHIO-G5-04-TWO-SHOTS-4-768x956.jpg 768w, https:\/\/mouldking.store\/wp-content\/uploads\/2022\/11\/RIHIO-G5-04-TWO-SHOTS-4-300x373.jpg 300w, https:\/\/mouldking.store\/wp-content\/uploads\/2022\/11\/RIHIO-G5-04-TWO-SHOTS-4-600x747.jpg 600w, https:\/\/mouldking.store\/wp-content\/uploads\/2022\/11\/RIHIO-G5-04-TWO-SHOTS-4-121x150.jpg 121w, https:\/\/mouldking.store\/wp-content\/uploads\/2022\/11\/RIHIO-G5-04-TWO-SHOTS-4-48x60.jpg 48w, https:\/\/mouldking.store\/wp-content\/uploads\/2022\/11\/RIHIO-G5-04-TWO-SHOTS-4-72x90.jpg 72w\" sizes=\"(max-width: 823px) 100vw, 823px\" \/><figcaption id=\"caption-attachment-36775\" class=\"wp-caption-text\">RIHIO G5-04 K\u00c9T L\u00d6V\u00c9S<\/figcaption><\/figure>\n<figure id=\"attachment_36776\" aria-describedby=\"caption-attachment-36776\" style=\"width: 995px\" class=\"wp-caption aligncenter\"><img loading=\"lazy\" decoding=\"async\" class=\"wp-image-36776 size-full\" src=\"https:\/\/mouldking.store\/wp-content\/uploads\/2022\/11\/RIHIO-G5-04-TWO-SHOTS-3.jpg\" alt=\"RIHIO G5-04 TWO SHOTS\" width=\"995\" height=\"1024\" title=\"-\" srcset=\"https:\/\/mouldking.store\/wp-content\/uploads\/2022\/11\/RIHIO-G5-04-TWO-SHOTS-3.jpg 995w, https:\/\/mouldking.store\/wp-content\/uploads\/2022\/11\/RIHIO-G5-04-TWO-SHOTS-3-292x300.jpg 292w, https:\/\/mouldking.store\/wp-content\/uploads\/2022\/11\/RIHIO-G5-04-TWO-SHOTS-3-768x790.jpg 768w, https:\/\/mouldking.store\/wp-content\/uploads\/2022\/11\/RIHIO-G5-04-TWO-SHOTS-3-300x309.jpg 300w, https:\/\/mouldking.store\/wp-content\/uploads\/2022\/11\/RIHIO-G5-04-TWO-SHOTS-3-600x617.jpg 600w, https:\/\/mouldking.store\/wp-content\/uploads\/2022\/11\/RIHIO-G5-04-TWO-SHOTS-3-146x150.jpg 146w, https:\/\/mouldking.store\/wp-content\/uploads\/2022\/11\/RIHIO-G5-04-TWO-SHOTS-3-58x60.jpg 58w, https:\/\/mouldking.store\/wp-content\/uploads\/2022\/11\/RIHIO-G5-04-TWO-SHOTS-3-87x90.jpg 87w\" sizes=\"(max-width: 995px) 100vw, 995px\" \/><figcaption id=\"caption-attachment-36776\" class=\"wp-caption-text\">RIHIO G5-04 K\u00c9T L\u00d6V\u00c9S<\/figcaption><\/figure>\n<figure id=\"attachment_36777\" aria-describedby=\"caption-attachment-36777\" style=\"width: 710px\" class=\"wp-caption aligncenter\"><img loading=\"lazy\" decoding=\"async\" class=\"wp-image-36777 size-full\" src=\"https:\/\/mouldking.store\/wp-content\/uploads\/2022\/11\/RIHIO-G5-04-TWO-SHOTS-2.jpg\" alt=\"RIHIO G5-04 TWO SHOTS\" width=\"710\" height=\"1024\" title=\"-\" srcset=\"https:\/\/mouldking.store\/wp-content\/uploads\/2022\/11\/RIHIO-G5-04-TWO-SHOTS-2.jpg 710w, https:\/\/mouldking.store\/wp-content\/uploads\/2022\/11\/RIHIO-G5-04-TWO-SHOTS-2-208x300.jpg 208w, https:\/\/mouldking.store\/wp-content\/uploads\/2022\/11\/RIHIO-G5-04-TWO-SHOTS-2-300x433.jpg 300w, https:\/\/mouldking.store\/wp-content\/uploads\/2022\/11\/RIHIO-G5-04-TWO-SHOTS-2-600x865.jpg 600w, https:\/\/mouldking.store\/wp-content\/uploads\/2022\/11\/RIHIO-G5-04-TWO-SHOTS-2-104x150.jpg 104w, https:\/\/mouldking.store\/wp-content\/uploads\/2022\/11\/RIHIO-G5-04-TWO-SHOTS-2-42x60.jpg 42w, https:\/\/mouldking.store\/wp-content\/uploads\/2022\/11\/RIHIO-G5-04-TWO-SHOTS-2-62x90.jpg 62w\" sizes=\"(max-width: 710px) 100vw, 710px\" \/><figcaption id=\"caption-attachment-36777\" class=\"wp-caption-text\">RIHIO G5-04 K\u00c9T L\u00d6V\u00c9S<\/figcaption><\/figure>\n<figure id=\"attachment_36778\" aria-describedby=\"caption-attachment-36778\" style=\"width: 984px\" class=\"wp-caption aligncenter\"><img loading=\"lazy\" decoding=\"async\" class=\"wp-image-36778 size-full\" src=\"https:\/\/mouldking.store\/wp-content\/uploads\/2022\/11\/RIHIO-G5-04-TWO-SHOTS-1.jpg\" alt=\"RIHIO G5-04 TWO SHOTS\" width=\"984\" height=\"984\" title=\"-\" srcset=\"https:\/\/mouldking.store\/wp-content\/uploads\/2022\/11\/RIHIO-G5-04-TWO-SHOTS-1.jpg 984w, https:\/\/mouldking.store\/wp-content\/uploads\/2022\/11\/RIHIO-G5-04-TWO-SHOTS-1-300x300.jpg 300w, https:\/\/mouldking.store\/wp-content\/uploads\/2022\/11\/RIHIO-G5-04-TWO-SHOTS-1-768x768.jpg 768w, https:\/\/mouldking.store\/wp-content\/uploads\/2022\/11\/RIHIO-G5-04-TWO-SHOTS-1-600x600.jpg 600w, https:\/\/mouldking.store\/wp-content\/uploads\/2022\/11\/RIHIO-G5-04-TWO-SHOTS-1-150x150.jpg 150w, https:\/\/mouldking.store\/wp-content\/uploads\/2022\/11\/RIHIO-G5-04-TWO-SHOTS-1-60x60.jpg 60w, https:\/\/mouldking.store\/wp-content\/uploads\/2022\/11\/RIHIO-G5-04-TWO-SHOTS-1-90x90.jpg 90w\" sizes=\"(max-width: 984px) 100vw, 984px\" \/><figcaption id=\"caption-attachment-36778\" class=\"wp-caption-text\">RIHIO G5-04 K\u00c9T L\u00d6V\u00c9S<\/figcaption><\/figure>","protected":false},"excerpt":{"rendered":"<p>Product information: Brand: RIHIO Gender: Unisex Name: TWO SHOTS Age Range: &gt; 12 years old Model Number: G5-04 Classification: Assemblage Plastic Block Shape: Self-Locking Bricks Material: Plastic Plastic Type: ABS Size: \u00a08 x 11 cm Contains detailed assembly instructions. Notice: 1. Without an original box, but we guarantee our products have quality assurance and nice [&hellip;]<\/p>","protected":false},"featured_media":36770,"comment_status":"closed","ping_status":"closed","template":"","meta":{"_acf_changed":false},"product_cat":[1365],"product_tag":[8539,8373,8541,8538,8540],"class_list":["product","first","instock","shipping-taxable","purchasable","product-type-simple"],"acf":[],"_links":{"self":[{"href":"https:\/\/mouldking.store\/hu\/wp-json\/wp\/v2\/product\/36769","targetHints":{"allow":["GET"]}}],"collection":[{"href":"https:\/\/mouldking.store\/hu\/wp-json\/wp\/v2\/product"}],"about":[{"href":"https:\/\/mouldking.store\/hu\/wp-json\/wp\/v2\/types\/product"}],"replies":[{"embeddable":true,"href":"https:\/\/mouldking.store\/hu\/wp-json\/wp\/v2\/comments?post=36769"}],"wp:featuredmedia":[{"embeddable":true,"href":"https:\/\/mouldking.store\/hu\/wp-json\/wp\/v2\/media\/36770"}],"wp:attachment":[{"href":"https:\/\/mouldking.store\/hu\/wp-json\/wp\/v2\/media?parent=36769"}],"wp:term":[{"taxonomy":"product_cat","embeddable":true,"href":"https:\/\/mouldking.store\/hu\/wp-json\/wp\/v2\/product_cat?post=36769"},{"taxonomy":"product_tag","embeddable":true,"href":"https:\/\/mouldking.store\/hu\/wp-json\/wp\/v2\/product_tag?post=36769"}],"curies":[{"name":"wp","href":"https:\/\/api.w.org\/{rel}","templated":true}]}}