{"id":37482,"date":"2022-12-07T09:39:40","date_gmt":"2022-12-07T02:39:40","guid":{"rendered":"https:\/\/mouldking.store\/?post_type=product&#038;p=37482"},"modified":"2022-12-07T09:39:40","modified_gmt":"2022-12-07T02:39:40","slug":"cada-c66008-london-underground-station-with-1836-pieces","status":"publish","type":"product","link":"https:\/\/mouldking.store\/hu\/shop\/cada-c66008-london-underground-station-with-1836-pieces\/","title":{"rendered":"CaDa C66008 londoni metr\u00f3\u00e1llom\u00e1s 1836 darabbal"},"content":{"rendered":"<p>Term\u00e9k inform\u00e1ci\u00f3:<\/p>\n<ol>\n<li>M\u00e1rka: CADA<\/li>\n<li>Nem: Uniszex<\/li>\n<li>N\u00e9v: London metr\u00f3\u00e1llom\u00e1s<\/li>\n<li>Koroszt\u00e1ly: &gt; 6 \u00e9v<\/li>\n<li>Modellsz\u00e1m: C66008<\/li>\n<li>Besorol\u00e1s: \u00d6sszeszerel\u00e9s<\/li>\n<li>M\u0171anyag blokk forma: \u00f6nz\u00e1r\u00f3 t\u00e9gla<\/li>\n<li>Anyaga: M\u0171anyag<\/li>\n<li>M\u0171anyag t\u00edpus: ABS<\/li>\n<li>T\u00e9gla blokkok: 1836 DB<\/li>\n<li>M\u00e9rete: 26,4 \u00d7 19,2 \u00d7 18,6 cm<\/li>\n<li>R\u00e9szletes \u00f6sszeszerel\u00e9si \u00fatmutat\u00f3t tartalmaz.<\/li>\n<\/ol>\n<p>\u00c9rtes\u00edt\u00e9s:<br \/>\n1. Eredeti doboz n\u00e9lk\u00fcl, de garant\u00e1ljuk, hogy term\u00e9keink min\u0151s\u00e9gbiztos\u00edt\u00e1ssal \u00e9s sz\u00e9p csomagol\u00e1ssal rendelkeznek.<br \/>\n2. Mint minden alkatr\u00e9szt, amelyet a sz\u00e1ll\u00edt\u00e1s el\u0151tt ellen\u0151rizt\u00fcnk, ez\u00e9rt ha \u00fagy tal\u00e1lja, hogy n\u00e9h\u00e1ny alkatr\u00e9sz hi\u00e1nyzik vagy s\u00e9r\u00fclt, ne agg\u00f3djon, \u00e9s k\u00e9rj\u00fck, vegye fel vel\u00fcnk a kapcsolatot, \u00e9s azonnal ingyenesen elk\u00fcldj\u00fck \u00d6nnek.<\/p>\n<figure id=\"attachment_37483\" aria-describedby=\"caption-attachment-37483\" style=\"width: 800px\" class=\"wp-caption aligncenter\"><img fetchpriority=\"high\" decoding=\"async\" class=\"wp-image-37483 size-full\" src=\"https:\/\/mouldking.store\/wp-content\/uploads\/2022\/12\/London-Underground-Station-CaDa-C66008-6.jpg\" alt=\"CaDa C66008 London Underground Station With 1836 Pieces\" width=\"800\" height=\"800\" title=\"-\" srcset=\"https:\/\/mouldking.store\/wp-content\/uploads\/2022\/12\/London-Underground-Station-CaDa-C66008-6.jpg 800w, https:\/\/mouldking.store\/wp-content\/uploads\/2022\/12\/London-Underground-Station-CaDa-C66008-6-300x300.jpg 300w, https:\/\/mouldking.store\/wp-content\/uploads\/2022\/12\/London-Underground-Station-CaDa-C66008-6-768x768.jpg 768w, https:\/\/mouldking.store\/wp-content\/uploads\/2022\/12\/London-Underground-Station-CaDa-C66008-6-600x600.jpg 600w, https:\/\/mouldking.store\/wp-content\/uploads\/2022\/12\/London-Underground-Station-CaDa-C66008-6-150x150.jpg 150w, https:\/\/mouldking.store\/wp-content\/uploads\/2022\/12\/London-Underground-Station-CaDa-C66008-6-60x60.jpg 60w, https:\/\/mouldking.store\/wp-content\/uploads\/2022\/12\/London-Underground-Station-CaDa-C66008-6-90x90.jpg 90w\" sizes=\"(max-width: 800px) 100vw, 800px\" \/><figcaption id=\"caption-attachment-37483\" class=\"wp-caption-text\">CaDa C66008 londoni metr\u00f3\u00e1llom\u00e1s 1836 darabbal<\/figcaption><\/figure>\n<figure id=\"attachment_37484\" aria-describedby=\"caption-attachment-37484\" style=\"width: 800px\" class=\"wp-caption aligncenter\"><img decoding=\"async\" class=\"wp-image-37484 size-full\" src=\"https:\/\/mouldking.store\/wp-content\/uploads\/2022\/12\/London-Underground-Station-CaDa-C66008-5.jpg\" alt=\"CaDa C66008 London Underground Station With 1836 Pieces\" width=\"800\" height=\"800\" title=\"-\" srcset=\"https:\/\/mouldking.store\/wp-content\/uploads\/2022\/12\/London-Underground-Station-CaDa-C66008-5.jpg 800w, https:\/\/mouldking.store\/wp-content\/uploads\/2022\/12\/London-Underground-Station-CaDa-C66008-5-300x300.jpg 300w, https:\/\/mouldking.store\/wp-content\/uploads\/2022\/12\/London-Underground-Station-CaDa-C66008-5-768x768.jpg 768w, https:\/\/mouldking.store\/wp-content\/uploads\/2022\/12\/London-Underground-Station-CaDa-C66008-5-600x600.jpg 600w, https:\/\/mouldking.store\/wp-content\/uploads\/2022\/12\/London-Underground-Station-CaDa-C66008-5-150x150.jpg 150w, https:\/\/mouldking.store\/wp-content\/uploads\/2022\/12\/London-Underground-Station-CaDa-C66008-5-60x60.jpg 60w, https:\/\/mouldking.store\/wp-content\/uploads\/2022\/12\/London-Underground-Station-CaDa-C66008-5-90x90.jpg 90w\" sizes=\"(max-width: 800px) 100vw, 800px\" \/><figcaption id=\"caption-attachment-37484\" class=\"wp-caption-text\">CaDa C66008 londoni metr\u00f3\u00e1llom\u00e1s 1836 darabbal<\/figcaption><\/figure>\n<figure id=\"attachment_37485\" aria-describedby=\"caption-attachment-37485\" style=\"width: 800px\" class=\"wp-caption alignnone\"><img decoding=\"async\" class=\"wp-image-37485 size-full\" src=\"https:\/\/mouldking.store\/wp-content\/uploads\/2022\/12\/London-Underground-Station-CaDa-C66008-4.jpg\" alt=\"CaDa C66008 London Underground Station With 1836 Pieces\" width=\"800\" height=\"800\" title=\"-\" srcset=\"https:\/\/mouldking.store\/wp-content\/uploads\/2022\/12\/London-Underground-Station-CaDa-C66008-4.jpg 800w, https:\/\/mouldking.store\/wp-content\/uploads\/2022\/12\/London-Underground-Station-CaDa-C66008-4-300x300.jpg 300w, https:\/\/mouldking.store\/wp-content\/uploads\/2022\/12\/London-Underground-Station-CaDa-C66008-4-768x768.jpg 768w, https:\/\/mouldking.store\/wp-content\/uploads\/2022\/12\/London-Underground-Station-CaDa-C66008-4-600x600.jpg 600w, https:\/\/mouldking.store\/wp-content\/uploads\/2022\/12\/London-Underground-Station-CaDa-C66008-4-150x150.jpg 150w, https:\/\/mouldking.store\/wp-content\/uploads\/2022\/12\/London-Underground-Station-CaDa-C66008-4-60x60.jpg 60w, https:\/\/mouldking.store\/wp-content\/uploads\/2022\/12\/London-Underground-Station-CaDa-C66008-4-90x90.jpg 90w\" sizes=\"(max-width: 800px) 100vw, 800px\" \/><figcaption id=\"caption-attachment-37485\" class=\"wp-caption-text\">CaDa C66008 londoni metr\u00f3\u00e1llom\u00e1s 1836 darabbal<\/figcaption><\/figure>\n<figure id=\"attachment_37486\" aria-describedby=\"caption-attachment-37486\" style=\"width: 800px\" class=\"wp-caption aligncenter\"><img loading=\"lazy\" decoding=\"async\" class=\"wp-image-37486 size-full\" src=\"https:\/\/mouldking.store\/wp-content\/uploads\/2022\/12\/London-Underground-Station-CaDa-C66008-3.jpg\" alt=\"CaDa C66008 London Underground Station With 1836 Pieces\" width=\"800\" height=\"800\" title=\"-\" srcset=\"https:\/\/mouldking.store\/wp-content\/uploads\/2022\/12\/London-Underground-Station-CaDa-C66008-3.jpg 800w, https:\/\/mouldking.store\/wp-content\/uploads\/2022\/12\/London-Underground-Station-CaDa-C66008-3-300x300.jpg 300w, https:\/\/mouldking.store\/wp-content\/uploads\/2022\/12\/London-Underground-Station-CaDa-C66008-3-768x768.jpg 768w, https:\/\/mouldking.store\/wp-content\/uploads\/2022\/12\/London-Underground-Station-CaDa-C66008-3-600x600.jpg 600w, https:\/\/mouldking.store\/wp-content\/uploads\/2022\/12\/London-Underground-Station-CaDa-C66008-3-150x150.jpg 150w, https:\/\/mouldking.store\/wp-content\/uploads\/2022\/12\/London-Underground-Station-CaDa-C66008-3-60x60.jpg 60w, https:\/\/mouldking.store\/wp-content\/uploads\/2022\/12\/London-Underground-Station-CaDa-C66008-3-90x90.jpg 90w\" sizes=\"(max-width: 800px) 100vw, 800px\" \/><figcaption id=\"caption-attachment-37486\" class=\"wp-caption-text\">CaDa C66008 londoni metr\u00f3\u00e1llom\u00e1s 1836 darabbal<\/figcaption><\/figure>\n<figure id=\"attachment_37487\" aria-describedby=\"caption-attachment-37487\" style=\"width: 768px\" class=\"wp-caption aligncenter\"><img loading=\"lazy\" decoding=\"async\" class=\"wp-image-37487 size-large\" src=\"https:\/\/mouldking.store\/wp-content\/uploads\/2022\/12\/London-Underground-Station-CaDa-C66008-2-768x1024.jpeg\" alt=\"CaDa C66008 London Underground Station With 1836 Pieces\" width=\"768\" height=\"1024\" title=\"-\" srcset=\"https:\/\/mouldking.store\/wp-content\/uploads\/2022\/12\/London-Underground-Station-CaDa-C66008-2-768x1024.jpeg 768w, https:\/\/mouldking.store\/wp-content\/uploads\/2022\/12\/London-Underground-Station-CaDa-C66008-2-225x300.jpeg 225w, https:\/\/mouldking.store\/wp-content\/uploads\/2022\/12\/London-Underground-Station-CaDa-C66008-2-300x400.jpeg 300w, https:\/\/mouldking.store\/wp-content\/uploads\/2022\/12\/London-Underground-Station-CaDa-C66008-2-600x800.jpeg 600w, https:\/\/mouldking.store\/wp-content\/uploads\/2022\/12\/London-Underground-Station-CaDa-C66008-2-113x150.jpeg 113w, https:\/\/mouldking.store\/wp-content\/uploads\/2022\/12\/London-Underground-Station-CaDa-C66008-2-45x60.jpeg 45w, https:\/\/mouldking.store\/wp-content\/uploads\/2022\/12\/London-Underground-Station-CaDa-C66008-2-68x90.jpeg 68w, https:\/\/mouldking.store\/wp-content\/uploads\/2022\/12\/London-Underground-Station-CaDa-C66008-2.jpeg 1080w\" sizes=\"(max-width: 768px) 100vw, 768px\" \/><figcaption id=\"caption-attachment-37487\" class=\"wp-caption-text\">CaDa C66008 londoni metr\u00f3\u00e1llom\u00e1s 1836 darabbal<\/figcaption><\/figure>\n<figure id=\"attachment_37488\" aria-describedby=\"caption-attachment-37488\" style=\"width: 768px\" class=\"wp-caption aligncenter\"><img loading=\"lazy\" decoding=\"async\" class=\"wp-image-37488 size-large\" src=\"https:\/\/mouldking.store\/wp-content\/uploads\/2022\/12\/London-Underground-Station-CaDa-C66008-1-768x1024.jpeg\" alt=\"CaDa C66008 London Underground Station With 1836 Pieces\" width=\"768\" height=\"1024\" title=\"-\" srcset=\"https:\/\/mouldking.store\/wp-content\/uploads\/2022\/12\/London-Underground-Station-CaDa-C66008-1-768x1024.jpeg 768w, https:\/\/mouldking.store\/wp-content\/uploads\/2022\/12\/London-Underground-Station-CaDa-C66008-1-225x300.jpeg 225w, https:\/\/mouldking.store\/wp-content\/uploads\/2022\/12\/London-Underground-Station-CaDa-C66008-1-300x400.jpeg 300w, https:\/\/mouldking.store\/wp-content\/uploads\/2022\/12\/London-Underground-Station-CaDa-C66008-1-600x800.jpeg 600w, https:\/\/mouldking.store\/wp-content\/uploads\/2022\/12\/London-Underground-Station-CaDa-C66008-1-113x150.jpeg 113w, https:\/\/mouldking.store\/wp-content\/uploads\/2022\/12\/London-Underground-Station-CaDa-C66008-1-45x60.jpeg 45w, https:\/\/mouldking.store\/wp-content\/uploads\/2022\/12\/London-Underground-Station-CaDa-C66008-1-68x90.jpeg 68w, https:\/\/mouldking.store\/wp-content\/uploads\/2022\/12\/London-Underground-Station-CaDa-C66008-1.jpeg 1080w\" sizes=\"(max-width: 768px) 100vw, 768px\" \/><figcaption id=\"caption-attachment-37488\" class=\"wp-caption-text\">CaDa C66008 londoni metr\u00f3\u00e1llom\u00e1s 1836 darabbal<\/figcaption><\/figure>","protected":false},"excerpt":{"rendered":"<p>Product information: Brand: CADA Gender: Unisex Name: London Underground Station Age Range: &gt; 6 years old Model Number: C66008 Classification: Assemblage Plastic Block Shape: Self-Locking Bricks Material: Plastic Plastic Type: ABS Bricks Blocks:1836 PCS Size: 26.4 \u00d7 19.2 \u00d7 18.6 cm Contains detailed assembly instructions. Notice: 1. Without an original box, but we guarantee our [&hellip;]<\/p>","protected":false},"featured_media":37483,"comment_status":"closed","ping_status":"closed","template":"","meta":{"_acf_changed":false},"product_cat":[1365],"product_tag":[9048,1916,9053,9054,9047,9049,9052,2309,9050,9051],"class_list":["product","first","instock","shipping-taxable","purchasable","product-type-simple"],"acf":[],"_links":{"self":[{"href":"https:\/\/mouldking.store\/hu\/wp-json\/wp\/v2\/product\/37482","targetHints":{"allow":["GET"]}}],"collection":[{"href":"https:\/\/mouldking.store\/hu\/wp-json\/wp\/v2\/product"}],"about":[{"href":"https:\/\/mouldking.store\/hu\/wp-json\/wp\/v2\/types\/product"}],"replies":[{"embeddable":true,"href":"https:\/\/mouldking.store\/hu\/wp-json\/wp\/v2\/comments?post=37482"}],"wp:featuredmedia":[{"embeddable":true,"href":"https:\/\/mouldking.store\/hu\/wp-json\/wp\/v2\/media\/37483"}],"wp:attachment":[{"href":"https:\/\/mouldking.store\/hu\/wp-json\/wp\/v2\/media?parent=37482"}],"wp:term":[{"taxonomy":"product_cat","embeddable":true,"href":"https:\/\/mouldking.store\/hu\/wp-json\/wp\/v2\/product_cat?post=37482"},{"taxonomy":"product_tag","embeddable":true,"href":"https:\/\/mouldking.store\/hu\/wp-json\/wp\/v2\/product_tag?post=37482"}],"curies":[{"name":"wp","href":"https:\/\/api.w.org\/{rel}","templated":true}]}}