{"id":37566,"date":"2022-12-08T14:23:21","date_gmt":"2022-12-08T07:23:21","guid":{"rendered":"https:\/\/mouldking.store\/?post_type=product&#038;p=37566"},"modified":"2025-12-25T09:12:11","modified_gmt":"2025-12-25T02:12:11","slug":"moc-39030-interlocking-plant-signal-box-with-1997-pieces","status":"publish","type":"product","link":"https:\/\/mouldking.store\/hu\/shop\/moc-39030-interlocking-plant-signal-box-with-1997-pieces\/","title":{"rendered":"MOC-39030 reteszel\u0151 berendez\u00e9s jelad\u00f3 doboz 1997 darabbal"},"content":{"rendered":"<p>Term\u00e9k inform\u00e1ci\u00f3:<\/p>\n<ol>\n<li>M\u00e1rka: MOC<\/li>\n<li>Nem: Uniszex<\/li>\n<li>N\u00e9v: Reteszel\u0151berendez\u00e9s jelz\u0151doboz<\/li>\n<li>Koroszt\u00e1ly: &gt; 6 \u00e9v<\/li>\n<li>Modellsz\u00e1m: 39030<\/li>\n<li>Besorol\u00e1s: \u00d6sszeszerel\u00e9s<\/li>\n<li>M\u0171anyag blokk forma: \u00f6nz\u00e1r\u00f3 t\u00e9gla<\/li>\n<li>Anyaga: M\u0171anyag<\/li>\n<li>M\u0171anyag t\u00edpus: ABS<\/li>\n<li>T\u00e9gla blokkok: 1997 db<\/li>\n<li>R\u00e9szletes \u00f6sszeszerel\u00e9si \u00fatmutat\u00f3t tartalmaz.<\/li>\n<li>Id\u0151beoszt\u00e1s: 4-8 h\u00e9t<\/li>\n<\/ol>\n<p>\u00c9rtes\u00edt\u00e9s:<br \/>\n1. Eredeti doboz n\u00e9lk\u00fcl, de garant\u00e1ljuk, hogy term\u00e9keink min\u0151s\u00e9gbiztos\u00edt\u00e1ssal \u00e9s sz\u00e9p csomagol\u00e1ssal rendelkeznek.<br \/>\n2. Mint minden alkatr\u00e9szt, amelyet a sz\u00e1ll\u00edt\u00e1s el\u0151tt ellen\u0151rizt\u00fcnk, ez\u00e9rt ha \u00fagy tal\u00e1lja, hogy n\u00e9h\u00e1ny alkatr\u00e9sz hi\u00e1nyzik vagy s\u00e9r\u00fclt, ne agg\u00f3djon, \u00e9s k\u00e9rj\u00fck, vegye fel vel\u00fcnk a kapcsolatot, \u00e9s azonnal ingyenesen elk\u00fcldj\u00fck \u00d6nnek.<\/p>\n<figure id=\"attachment_37567\" aria-describedby=\"caption-attachment-37567\" style=\"width: 1004px\" class=\"wp-caption aligncenter\"><img fetchpriority=\"high\" decoding=\"async\" class=\"wp-image-37567 size-full\" src=\"https:\/\/mouldking.store\/wp-content\/uploads\/2022\/12\/MOC-39030-Technic-Interlocking-Plant-Signal-Box-MOC-FACTORY.png\" alt=\"MOC-39030 Interlocking Plant Signal Box With 1997 Pieces\" width=\"1004\" height=\"1004\" title=\"-\" srcset=\"https:\/\/mouldking.store\/wp-content\/uploads\/2022\/12\/MOC-39030-Technic-Interlocking-Plant-Signal-Box-MOC-FACTORY.png 1004w, https:\/\/mouldking.store\/wp-content\/uploads\/2022\/12\/MOC-39030-Technic-Interlocking-Plant-Signal-Box-MOC-FACTORY-300x300.png 300w, https:\/\/mouldking.store\/wp-content\/uploads\/2022\/12\/MOC-39030-Technic-Interlocking-Plant-Signal-Box-MOC-FACTORY-768x768.png 768w, https:\/\/mouldking.store\/wp-content\/uploads\/2022\/12\/MOC-39030-Technic-Interlocking-Plant-Signal-Box-MOC-FACTORY-600x600.png 600w, https:\/\/mouldking.store\/wp-content\/uploads\/2022\/12\/MOC-39030-Technic-Interlocking-Plant-Signal-Box-MOC-FACTORY-150x150.png 150w, https:\/\/mouldking.store\/wp-content\/uploads\/2022\/12\/MOC-39030-Technic-Interlocking-Plant-Signal-Box-MOC-FACTORY-60x60.png 60w, https:\/\/mouldking.store\/wp-content\/uploads\/2022\/12\/MOC-39030-Technic-Interlocking-Plant-Signal-Box-MOC-FACTORY-90x90.png 90w\" sizes=\"(max-width: 1004px) 100vw, 1004px\" \/><figcaption id=\"caption-attachment-37567\" class=\"wp-caption-text\">MOC-39030 reteszel\u0151 berendez\u00e9s jelad\u00f3 doboz 1997 darabbal<\/figcaption><\/figure>\n<figure id=\"attachment_37568\" aria-describedby=\"caption-attachment-37568\" style=\"width: 1000px\" class=\"wp-caption aligncenter\"><img decoding=\"async\" class=\"wp-image-37568 size-full\" src=\"https:\/\/mouldking.store\/wp-content\/uploads\/2022\/12\/Interlocking-Plant-Signal-Box-MOC-39030-2.png\" alt=\"MOC-39030 Interlocking Plant Signal Box With 1997 Pieces\" width=\"1000\" height=\"1000\" title=\"-\" srcset=\"https:\/\/mouldking.store\/wp-content\/uploads\/2022\/12\/Interlocking-Plant-Signal-Box-MOC-39030-2.png 1000w, https:\/\/mouldking.store\/wp-content\/uploads\/2022\/12\/Interlocking-Plant-Signal-Box-MOC-39030-2-300x300.png 300w, https:\/\/mouldking.store\/wp-content\/uploads\/2022\/12\/Interlocking-Plant-Signal-Box-MOC-39030-2-768x768.png 768w, https:\/\/mouldking.store\/wp-content\/uploads\/2022\/12\/Interlocking-Plant-Signal-Box-MOC-39030-2-600x600.png 600w, https:\/\/mouldking.store\/wp-content\/uploads\/2022\/12\/Interlocking-Plant-Signal-Box-MOC-39030-2-150x150.png 150w, https:\/\/mouldking.store\/wp-content\/uploads\/2022\/12\/Interlocking-Plant-Signal-Box-MOC-39030-2-60x60.png 60w, https:\/\/mouldking.store\/wp-content\/uploads\/2022\/12\/Interlocking-Plant-Signal-Box-MOC-39030-2-90x90.png 90w\" sizes=\"(max-width: 1000px) 100vw, 1000px\" \/><figcaption id=\"caption-attachment-37568\" class=\"wp-caption-text\">MOC-39030 reteszel\u0151 berendez\u00e9s jelad\u00f3 doboz 1997 darabbal<\/figcaption><\/figure>\n<figure id=\"attachment_37569\" aria-describedby=\"caption-attachment-37569\" style=\"width: 1000px\" class=\"wp-caption aligncenter\"><img decoding=\"async\" class=\"wp-image-37569 size-full\" src=\"https:\/\/mouldking.store\/wp-content\/uploads\/2022\/12\/Interlocking-Plant-Signal-Box-MOC-39030-3.png\" alt=\"MOC-39030 Interlocking Plant Signal Box With 1997 Pieces\" width=\"1000\" height=\"1000\" title=\"-\" srcset=\"https:\/\/mouldking.store\/wp-content\/uploads\/2022\/12\/Interlocking-Plant-Signal-Box-MOC-39030-3.png 1000w, https:\/\/mouldking.store\/wp-content\/uploads\/2022\/12\/Interlocking-Plant-Signal-Box-MOC-39030-3-300x300.png 300w, https:\/\/mouldking.store\/wp-content\/uploads\/2022\/12\/Interlocking-Plant-Signal-Box-MOC-39030-3-768x768.png 768w, https:\/\/mouldking.store\/wp-content\/uploads\/2022\/12\/Interlocking-Plant-Signal-Box-MOC-39030-3-600x600.png 600w, https:\/\/mouldking.store\/wp-content\/uploads\/2022\/12\/Interlocking-Plant-Signal-Box-MOC-39030-3-150x150.png 150w, https:\/\/mouldking.store\/wp-content\/uploads\/2022\/12\/Interlocking-Plant-Signal-Box-MOC-39030-3-60x60.png 60w, https:\/\/mouldking.store\/wp-content\/uploads\/2022\/12\/Interlocking-Plant-Signal-Box-MOC-39030-3-90x90.png 90w\" sizes=\"(max-width: 1000px) 100vw, 1000px\" \/><figcaption id=\"caption-attachment-37569\" class=\"wp-caption-text\">MOC-39030 reteszel\u0151 berendez\u00e9s jelad\u00f3 doboz 1997 darabbal<\/figcaption><\/figure>","protected":false},"excerpt":{"rendered":"<p>Product information: Brand: MOC Gender: Unisex Name: Interlocking Plant Signal Box Age Range: &gt; 6 years old Model Number: 39030 Classification: Assemblage Plastic Block Shape: Self-Locking Bricks Material: Plastic Plastic Type: ABS Bricks Blocks:1997 PCS Contains detailed assembly instructions. Time arrange: 4-8 weeks Notice: 1. Without an original box, but we guarantee our products have [&hellip;]<\/p>","protected":false},"featured_media":37567,"comment_status":"closed","ping_status":"closed","template":"","meta":{"_acf_changed":false},"product_cat":[1406,364],"product_tag":[9146,9148,430,9145,9149,9144,9147],"class_list":["product","first","instock","shipping-taxable","purchasable","product-type-simple"],"acf":[],"_links":{"self":[{"href":"https:\/\/mouldking.store\/hu\/wp-json\/wp\/v2\/product\/37566","targetHints":{"allow":["GET"]}}],"collection":[{"href":"https:\/\/mouldking.store\/hu\/wp-json\/wp\/v2\/product"}],"about":[{"href":"https:\/\/mouldking.store\/hu\/wp-json\/wp\/v2\/types\/product"}],"replies":[{"embeddable":true,"href":"https:\/\/mouldking.store\/hu\/wp-json\/wp\/v2\/comments?post=37566"}],"wp:featuredmedia":[{"embeddable":true,"href":"https:\/\/mouldking.store\/hu\/wp-json\/wp\/v2\/media\/37567"}],"wp:attachment":[{"href":"https:\/\/mouldking.store\/hu\/wp-json\/wp\/v2\/media?parent=37566"}],"wp:term":[{"taxonomy":"product_cat","embeddable":true,"href":"https:\/\/mouldking.store\/hu\/wp-json\/wp\/v2\/product_cat?post=37566"},{"taxonomy":"product_tag","embeddable":true,"href":"https:\/\/mouldking.store\/hu\/wp-json\/wp\/v2\/product_tag?post=37566"}],"curies":[{"name":"wp","href":"https:\/\/api.w.org\/{rel}","templated":true}]}}