{"id":37839,"date":"2022-12-14T10:13:43","date_gmt":"2022-12-14T03:13:43","guid":{"rendered":"https:\/\/mouldking.store\/?post_type=product&#038;p=37839"},"modified":"2022-12-14T10:13:45","modified_gmt":"2022-12-14T03:13:45","slug":"mork-10208-the-deers-bubble-tea-shop-the-alley-with-3423pcs","status":"publish","type":"product","link":"https:\/\/mouldking.store\/hu\/shop\/mork-10208-the-deers-bubble-tea-shop-the-alley-with-3423pcs\/","title":{"rendered":"Mork 10208 The Deers Bubble Tea Shop The Alley 3423db-val"},"content":{"rendered":"<p>Term\u00e9k inform\u00e1ci\u00f3:<\/p>\n<ol>\n<li>M\u00e1rka: Mork<\/li>\n<li>Nem: Uniszex<\/li>\n<li>Name: The Deers Bubble Tea Shop The Alley<\/li>\n<li>Koroszt\u00e1ly: &gt; 6 \u00e9v<\/li>\n<li>Model Number: 10208<\/li>\n<li>Besorol\u00e1s: \u00d6sszeszerel\u00e9s<\/li>\n<li>M\u0171anyag blokk forma: \u00f6nz\u00e1r\u00f3 t\u00e9gla<\/li>\n<li>Anyaga: M\u0171anyag<\/li>\n<li>M\u0171anyag t\u00edpus: ABS<\/li>\n<li>Bricks Blocks:3423PCS<\/li>\n<li>Size: 25.6 \u00d7 25.6 \u00d7 32.5 cm<\/li>\n<li>R\u00e9szletes \u00f6sszeszerel\u00e9si \u00fatmutat\u00f3t tartalmaz.<\/li>\n<\/ol>\n<p>\u00c9rtes\u00edt\u00e9s:<br \/>\n1. Eredeti doboz n\u00e9lk\u00fcl, de garant\u00e1ljuk, hogy term\u00e9keink min\u0151s\u00e9gbiztos\u00edt\u00e1ssal \u00e9s sz\u00e9p csomagol\u00e1ssal rendelkeznek.<br \/>\n2. Mint minden alkatr\u00e9szt, amelyet a sz\u00e1ll\u00edt\u00e1s el\u0151tt ellen\u0151rizt\u00fcnk, ez\u00e9rt ha \u00fagy tal\u00e1lja, hogy n\u00e9h\u00e1ny alkatr\u00e9sz hi\u00e1nyzik vagy s\u00e9r\u00fclt, ne agg\u00f3djon, \u00e9s k\u00e9rj\u00fck, vegye fel vel\u00fcnk a kapcsolatot, \u00e9s azonnal ingyenesen elk\u00fcldj\u00fck \u00d6nnek.<\/p>\n<figure id=\"attachment_37840\" aria-describedby=\"caption-attachment-37840\" style=\"width: 800px\" class=\"wp-caption aligncenter\"><img fetchpriority=\"high\" decoding=\"async\" class=\"wp-image-37840 size-full\" src=\"https:\/\/mouldking.store\/wp-content\/uploads\/2022\/12\/The-Deers-Bubble-Tea-Shop-The-Alley-Mork-10208-10.jpg\" alt=\"Mork 10208 The Deers Bubble Tea Shop The Alley With 3423pcs\" width=\"800\" height=\"800\" title=\"-\" srcset=\"https:\/\/mouldking.store\/wp-content\/uploads\/2022\/12\/The-Deers-Bubble-Tea-Shop-The-Alley-Mork-10208-10.jpg 800w, https:\/\/mouldking.store\/wp-content\/uploads\/2022\/12\/The-Deers-Bubble-Tea-Shop-The-Alley-Mork-10208-10-300x300.jpg 300w, https:\/\/mouldking.store\/wp-content\/uploads\/2022\/12\/The-Deers-Bubble-Tea-Shop-The-Alley-Mork-10208-10-768x768.jpg 768w, https:\/\/mouldking.store\/wp-content\/uploads\/2022\/12\/The-Deers-Bubble-Tea-Shop-The-Alley-Mork-10208-10-600x600.jpg 600w, https:\/\/mouldking.store\/wp-content\/uploads\/2022\/12\/The-Deers-Bubble-Tea-Shop-The-Alley-Mork-10208-10-150x150.jpg 150w, https:\/\/mouldking.store\/wp-content\/uploads\/2022\/12\/The-Deers-Bubble-Tea-Shop-The-Alley-Mork-10208-10-60x60.jpg 60w, https:\/\/mouldking.store\/wp-content\/uploads\/2022\/12\/The-Deers-Bubble-Tea-Shop-The-Alley-Mork-10208-10-90x90.jpg 90w\" sizes=\"(max-width: 800px) 100vw, 800px\" \/><figcaption id=\"caption-attachment-37840\" class=\"wp-caption-text\">Mork 10208 The Deers Bubble Tea Shop The Alley 3423db-val<\/figcaption><\/figure>\n<figure id=\"attachment_37841\" aria-describedby=\"caption-attachment-37841\" style=\"width: 800px\" class=\"wp-caption aligncenter\"><img decoding=\"async\" class=\"wp-image-37841 size-full\" src=\"https:\/\/mouldking.store\/wp-content\/uploads\/2022\/12\/The-Deers-Bubble-Tea-Shop-The-Alley-Mork-10208-9.jpg\" alt=\"Mork 10208 The Deers Bubble Tea Shop The Alley With 3423pcs\" width=\"800\" height=\"800\" title=\"-\" srcset=\"https:\/\/mouldking.store\/wp-content\/uploads\/2022\/12\/The-Deers-Bubble-Tea-Shop-The-Alley-Mork-10208-9.jpg 800w, https:\/\/mouldking.store\/wp-content\/uploads\/2022\/12\/The-Deers-Bubble-Tea-Shop-The-Alley-Mork-10208-9-300x300.jpg 300w, https:\/\/mouldking.store\/wp-content\/uploads\/2022\/12\/The-Deers-Bubble-Tea-Shop-The-Alley-Mork-10208-9-768x768.jpg 768w, https:\/\/mouldking.store\/wp-content\/uploads\/2022\/12\/The-Deers-Bubble-Tea-Shop-The-Alley-Mork-10208-9-600x600.jpg 600w, https:\/\/mouldking.store\/wp-content\/uploads\/2022\/12\/The-Deers-Bubble-Tea-Shop-The-Alley-Mork-10208-9-150x150.jpg 150w, https:\/\/mouldking.store\/wp-content\/uploads\/2022\/12\/The-Deers-Bubble-Tea-Shop-The-Alley-Mork-10208-9-60x60.jpg 60w, https:\/\/mouldking.store\/wp-content\/uploads\/2022\/12\/The-Deers-Bubble-Tea-Shop-The-Alley-Mork-10208-9-90x90.jpg 90w\" sizes=\"(max-width: 800px) 100vw, 800px\" \/><figcaption id=\"caption-attachment-37841\" class=\"wp-caption-text\">Mork 10208 The Deers Bubble Tea Shop The Alley 3423db-val<\/figcaption><\/figure>\n<figure id=\"attachment_37842\" aria-describedby=\"caption-attachment-37842\" style=\"width: 800px\" class=\"wp-caption aligncenter\"><img decoding=\"async\" class=\"wp-image-37842 size-full\" src=\"https:\/\/mouldking.store\/wp-content\/uploads\/2022\/12\/The-Deers-Bubble-Tea-Shop-The-Alley-Mork-10208-8.jpg\" alt=\"Mork 10208 The Deers Bubble Tea Shop The Alley With 3423pcs\" width=\"800\" height=\"800\" title=\"-\" srcset=\"https:\/\/mouldking.store\/wp-content\/uploads\/2022\/12\/The-Deers-Bubble-Tea-Shop-The-Alley-Mork-10208-8.jpg 800w, https:\/\/mouldking.store\/wp-content\/uploads\/2022\/12\/The-Deers-Bubble-Tea-Shop-The-Alley-Mork-10208-8-300x300.jpg 300w, https:\/\/mouldking.store\/wp-content\/uploads\/2022\/12\/The-Deers-Bubble-Tea-Shop-The-Alley-Mork-10208-8-768x768.jpg 768w, https:\/\/mouldking.store\/wp-content\/uploads\/2022\/12\/The-Deers-Bubble-Tea-Shop-The-Alley-Mork-10208-8-600x600.jpg 600w, https:\/\/mouldking.store\/wp-content\/uploads\/2022\/12\/The-Deers-Bubble-Tea-Shop-The-Alley-Mork-10208-8-150x150.jpg 150w, https:\/\/mouldking.store\/wp-content\/uploads\/2022\/12\/The-Deers-Bubble-Tea-Shop-The-Alley-Mork-10208-8-60x60.jpg 60w, https:\/\/mouldking.store\/wp-content\/uploads\/2022\/12\/The-Deers-Bubble-Tea-Shop-The-Alley-Mork-10208-8-90x90.jpg 90w\" sizes=\"(max-width: 800px) 100vw, 800px\" \/><figcaption id=\"caption-attachment-37842\" class=\"wp-caption-text\">Mork 10208 The Deers Bubble Tea Shop The Alley 3423db-val<\/figcaption><\/figure>\n<figure id=\"attachment_37843\" aria-describedby=\"caption-attachment-37843\" style=\"width: 800px\" class=\"wp-caption aligncenter\"><img loading=\"lazy\" decoding=\"async\" class=\"wp-image-37843 size-full\" src=\"https:\/\/mouldking.store\/wp-content\/uploads\/2022\/12\/The-Deers-Bubble-Tea-Shop-The-Alley-Mork-10208-7.jpg\" alt=\"Mork 10208 The Deers Bubble Tea Shop The Alley With 3423pcs\" width=\"800\" height=\"800\" title=\"-\" srcset=\"https:\/\/mouldking.store\/wp-content\/uploads\/2022\/12\/The-Deers-Bubble-Tea-Shop-The-Alley-Mork-10208-7.jpg 800w, https:\/\/mouldking.store\/wp-content\/uploads\/2022\/12\/The-Deers-Bubble-Tea-Shop-The-Alley-Mork-10208-7-300x300.jpg 300w, https:\/\/mouldking.store\/wp-content\/uploads\/2022\/12\/The-Deers-Bubble-Tea-Shop-The-Alley-Mork-10208-7-768x768.jpg 768w, https:\/\/mouldking.store\/wp-content\/uploads\/2022\/12\/The-Deers-Bubble-Tea-Shop-The-Alley-Mork-10208-7-600x600.jpg 600w, https:\/\/mouldking.store\/wp-content\/uploads\/2022\/12\/The-Deers-Bubble-Tea-Shop-The-Alley-Mork-10208-7-150x150.jpg 150w, https:\/\/mouldking.store\/wp-content\/uploads\/2022\/12\/The-Deers-Bubble-Tea-Shop-The-Alley-Mork-10208-7-60x60.jpg 60w, https:\/\/mouldking.store\/wp-content\/uploads\/2022\/12\/The-Deers-Bubble-Tea-Shop-The-Alley-Mork-10208-7-90x90.jpg 90w\" sizes=\"(max-width: 800px) 100vw, 800px\" \/><figcaption id=\"caption-attachment-37843\" class=\"wp-caption-text\">Mork 10208 The Deers Bubble Tea Shop The Alley 3423db-val<\/figcaption><\/figure>\n<figure id=\"attachment_37844\" aria-describedby=\"caption-attachment-37844\" style=\"width: 800px\" class=\"wp-caption aligncenter\"><img loading=\"lazy\" decoding=\"async\" class=\"wp-image-37844 size-full\" src=\"https:\/\/mouldking.store\/wp-content\/uploads\/2022\/12\/The-Deers-Bubble-Tea-Shop-The-Alley-Mork-10208-6.jpg\" alt=\"Mork 10208 The Deers Bubble Tea Shop The Alley With 3423pcs\" width=\"800\" height=\"800\" title=\"-\" srcset=\"https:\/\/mouldking.store\/wp-content\/uploads\/2022\/12\/The-Deers-Bubble-Tea-Shop-The-Alley-Mork-10208-6.jpg 800w, https:\/\/mouldking.store\/wp-content\/uploads\/2022\/12\/The-Deers-Bubble-Tea-Shop-The-Alley-Mork-10208-6-300x300.jpg 300w, https:\/\/mouldking.store\/wp-content\/uploads\/2022\/12\/The-Deers-Bubble-Tea-Shop-The-Alley-Mork-10208-6-768x768.jpg 768w, https:\/\/mouldking.store\/wp-content\/uploads\/2022\/12\/The-Deers-Bubble-Tea-Shop-The-Alley-Mork-10208-6-600x600.jpg 600w, https:\/\/mouldking.store\/wp-content\/uploads\/2022\/12\/The-Deers-Bubble-Tea-Shop-The-Alley-Mork-10208-6-150x150.jpg 150w, https:\/\/mouldking.store\/wp-content\/uploads\/2022\/12\/The-Deers-Bubble-Tea-Shop-The-Alley-Mork-10208-6-60x60.jpg 60w, https:\/\/mouldking.store\/wp-content\/uploads\/2022\/12\/The-Deers-Bubble-Tea-Shop-The-Alley-Mork-10208-6-90x90.jpg 90w\" sizes=\"(max-width: 800px) 100vw, 800px\" \/><figcaption id=\"caption-attachment-37844\" class=\"wp-caption-text\">Mork 10208 The Deers Bubble Tea Shop The Alley 3423db-val<\/figcaption><\/figure>\n<figure id=\"attachment_37845\" aria-describedby=\"caption-attachment-37845\" style=\"width: 800px\" class=\"wp-caption aligncenter\"><img loading=\"lazy\" decoding=\"async\" class=\"wp-image-37845 size-full\" src=\"https:\/\/mouldking.store\/wp-content\/uploads\/2022\/12\/The-Deers-Bubble-Tea-Shop-The-Alley-Mork-10208-5.jpg\" alt=\"Mork 10208 The Deers Bubble Tea Shop The Alley With 3423pcs\" width=\"800\" height=\"800\" title=\"-\" srcset=\"https:\/\/mouldking.store\/wp-content\/uploads\/2022\/12\/The-Deers-Bubble-Tea-Shop-The-Alley-Mork-10208-5.jpg 800w, https:\/\/mouldking.store\/wp-content\/uploads\/2022\/12\/The-Deers-Bubble-Tea-Shop-The-Alley-Mork-10208-5-300x300.jpg 300w, https:\/\/mouldking.store\/wp-content\/uploads\/2022\/12\/The-Deers-Bubble-Tea-Shop-The-Alley-Mork-10208-5-768x768.jpg 768w, https:\/\/mouldking.store\/wp-content\/uploads\/2022\/12\/The-Deers-Bubble-Tea-Shop-The-Alley-Mork-10208-5-600x600.jpg 600w, https:\/\/mouldking.store\/wp-content\/uploads\/2022\/12\/The-Deers-Bubble-Tea-Shop-The-Alley-Mork-10208-5-150x150.jpg 150w, https:\/\/mouldking.store\/wp-content\/uploads\/2022\/12\/The-Deers-Bubble-Tea-Shop-The-Alley-Mork-10208-5-60x60.jpg 60w, https:\/\/mouldking.store\/wp-content\/uploads\/2022\/12\/The-Deers-Bubble-Tea-Shop-The-Alley-Mork-10208-5-90x90.jpg 90w\" sizes=\"(max-width: 800px) 100vw, 800px\" \/><figcaption id=\"caption-attachment-37845\" class=\"wp-caption-text\">Mork 10208 The Deers Bubble Tea Shop The Alley 3423db-val<\/figcaption><\/figure>\n<figure id=\"attachment_37846\" aria-describedby=\"caption-attachment-37846\" style=\"width: 800px\" class=\"wp-caption aligncenter\"><img loading=\"lazy\" decoding=\"async\" class=\"wp-image-37846 size-full\" src=\"https:\/\/mouldking.store\/wp-content\/uploads\/2022\/12\/The-Deers-Bubble-Tea-Shop-The-Alley-Mork-10208-4.jpg\" alt=\"Mork 10208 The Deers Bubble Tea Shop The Alley With 3423pcs\" width=\"800\" height=\"800\" title=\"-\" srcset=\"https:\/\/mouldking.store\/wp-content\/uploads\/2022\/12\/The-Deers-Bubble-Tea-Shop-The-Alley-Mork-10208-4.jpg 800w, https:\/\/mouldking.store\/wp-content\/uploads\/2022\/12\/The-Deers-Bubble-Tea-Shop-The-Alley-Mork-10208-4-300x300.jpg 300w, https:\/\/mouldking.store\/wp-content\/uploads\/2022\/12\/The-Deers-Bubble-Tea-Shop-The-Alley-Mork-10208-4-768x768.jpg 768w, https:\/\/mouldking.store\/wp-content\/uploads\/2022\/12\/The-Deers-Bubble-Tea-Shop-The-Alley-Mork-10208-4-600x600.jpg 600w, https:\/\/mouldking.store\/wp-content\/uploads\/2022\/12\/The-Deers-Bubble-Tea-Shop-The-Alley-Mork-10208-4-150x150.jpg 150w, https:\/\/mouldking.store\/wp-content\/uploads\/2022\/12\/The-Deers-Bubble-Tea-Shop-The-Alley-Mork-10208-4-60x60.jpg 60w, https:\/\/mouldking.store\/wp-content\/uploads\/2022\/12\/The-Deers-Bubble-Tea-Shop-The-Alley-Mork-10208-4-90x90.jpg 90w\" sizes=\"(max-width: 800px) 100vw, 800px\" \/><figcaption id=\"caption-attachment-37846\" class=\"wp-caption-text\">Mork 10208 The Deers Bubble Tea Shop The Alley 3423db-val<\/figcaption><\/figure>\n<figure id=\"attachment_37847\" aria-describedby=\"caption-attachment-37847\" style=\"width: 800px\" class=\"wp-caption aligncenter\"><img loading=\"lazy\" decoding=\"async\" class=\"wp-image-37847 size-full\" src=\"https:\/\/mouldking.store\/wp-content\/uploads\/2022\/12\/The-Deers-Bubble-Tea-Shop-The-Alley-Mork-10208-3.jpg\" alt=\"Mork 10208 The Deers Bubble Tea Shop The Alley With 3423pcs\" width=\"800\" height=\"800\" title=\"-\" srcset=\"https:\/\/mouldking.store\/wp-content\/uploads\/2022\/12\/The-Deers-Bubble-Tea-Shop-The-Alley-Mork-10208-3.jpg 800w, https:\/\/mouldking.store\/wp-content\/uploads\/2022\/12\/The-Deers-Bubble-Tea-Shop-The-Alley-Mork-10208-3-300x300.jpg 300w, https:\/\/mouldking.store\/wp-content\/uploads\/2022\/12\/The-Deers-Bubble-Tea-Shop-The-Alley-Mork-10208-3-768x768.jpg 768w, https:\/\/mouldking.store\/wp-content\/uploads\/2022\/12\/The-Deers-Bubble-Tea-Shop-The-Alley-Mork-10208-3-600x600.jpg 600w, https:\/\/mouldking.store\/wp-content\/uploads\/2022\/12\/The-Deers-Bubble-Tea-Shop-The-Alley-Mork-10208-3-150x150.jpg 150w, https:\/\/mouldking.store\/wp-content\/uploads\/2022\/12\/The-Deers-Bubble-Tea-Shop-The-Alley-Mork-10208-3-60x60.jpg 60w, https:\/\/mouldking.store\/wp-content\/uploads\/2022\/12\/The-Deers-Bubble-Tea-Shop-The-Alley-Mork-10208-3-90x90.jpg 90w\" sizes=\"(max-width: 800px) 100vw, 800px\" \/><figcaption id=\"caption-attachment-37847\" class=\"wp-caption-text\">Mork 10208 The Deers Bubble Tea Shop The Alley 3423db-val<\/figcaption><\/figure>\n<figure id=\"attachment_37848\" aria-describedby=\"caption-attachment-37848\" style=\"width: 800px\" class=\"wp-caption aligncenter\"><img loading=\"lazy\" decoding=\"async\" class=\"wp-image-37848 size-full\" src=\"https:\/\/mouldking.store\/wp-content\/uploads\/2022\/12\/The-Deers-Bubble-Tea-Shop-The-Alley-Mork-10208-2.jpg\" alt=\"Mork 10208 The Deers Bubble Tea Shop The Alley With 3423pcs\" width=\"800\" height=\"800\" title=\"-\" srcset=\"https:\/\/mouldking.store\/wp-content\/uploads\/2022\/12\/The-Deers-Bubble-Tea-Shop-The-Alley-Mork-10208-2.jpg 800w, https:\/\/mouldking.store\/wp-content\/uploads\/2022\/12\/The-Deers-Bubble-Tea-Shop-The-Alley-Mork-10208-2-300x300.jpg 300w, https:\/\/mouldking.store\/wp-content\/uploads\/2022\/12\/The-Deers-Bubble-Tea-Shop-The-Alley-Mork-10208-2-768x768.jpg 768w, https:\/\/mouldking.store\/wp-content\/uploads\/2022\/12\/The-Deers-Bubble-Tea-Shop-The-Alley-Mork-10208-2-600x600.jpg 600w, https:\/\/mouldking.store\/wp-content\/uploads\/2022\/12\/The-Deers-Bubble-Tea-Shop-The-Alley-Mork-10208-2-150x150.jpg 150w, https:\/\/mouldking.store\/wp-content\/uploads\/2022\/12\/The-Deers-Bubble-Tea-Shop-The-Alley-Mork-10208-2-60x60.jpg 60w, https:\/\/mouldking.store\/wp-content\/uploads\/2022\/12\/The-Deers-Bubble-Tea-Shop-The-Alley-Mork-10208-2-90x90.jpg 90w\" sizes=\"(max-width: 800px) 100vw, 800px\" \/><figcaption id=\"caption-attachment-37848\" class=\"wp-caption-text\">Mork 10208 The Deers Bubble Tea Shop The Alley 3423db-val<\/figcaption><\/figure>\n<figure id=\"attachment_37849\" aria-describedby=\"caption-attachment-37849\" style=\"width: 800px\" class=\"wp-caption aligncenter\"><img loading=\"lazy\" decoding=\"async\" class=\"wp-image-37849 size-full\" src=\"https:\/\/mouldking.store\/wp-content\/uploads\/2022\/12\/The-Deers-Bubble-Tea-Shop-The-Alley-Mork-10208-1.jpg\" alt=\"Mork 10208 The Deers Bubble Tea Shop The Alley With 3423pcs\" width=\"800\" height=\"800\" title=\"-\" srcset=\"https:\/\/mouldking.store\/wp-content\/uploads\/2022\/12\/The-Deers-Bubble-Tea-Shop-The-Alley-Mork-10208-1.jpg 800w, https:\/\/mouldking.store\/wp-content\/uploads\/2022\/12\/The-Deers-Bubble-Tea-Shop-The-Alley-Mork-10208-1-300x300.jpg 300w, https:\/\/mouldking.store\/wp-content\/uploads\/2022\/12\/The-Deers-Bubble-Tea-Shop-The-Alley-Mork-10208-1-768x768.jpg 768w, https:\/\/mouldking.store\/wp-content\/uploads\/2022\/12\/The-Deers-Bubble-Tea-Shop-The-Alley-Mork-10208-1-600x600.jpg 600w, https:\/\/mouldking.store\/wp-content\/uploads\/2022\/12\/The-Deers-Bubble-Tea-Shop-The-Alley-Mork-10208-1-150x150.jpg 150w, https:\/\/mouldking.store\/wp-content\/uploads\/2022\/12\/The-Deers-Bubble-Tea-Shop-The-Alley-Mork-10208-1-60x60.jpg 60w, https:\/\/mouldking.store\/wp-content\/uploads\/2022\/12\/The-Deers-Bubble-Tea-Shop-The-Alley-Mork-10208-1-90x90.jpg 90w\" sizes=\"(max-width: 800px) 100vw, 800px\" \/><figcaption id=\"caption-attachment-37849\" class=\"wp-caption-text\">Mork 10208 The Deers Bubble Tea Shop The Alley 3423db-val<\/figcaption><\/figure>","protected":false},"excerpt":{"rendered":"<p>Product information: Brand: Mork Gender: Unisex Name: The Deers Bubble Tea Shop The Alley Age Range: &gt; 6 years old Model Number: 10208 Classification: Assemblage Plastic Block Shape: Self-Locking Bricks Material: Plastic Plastic Type: ABS Bricks Blocks:3423PCS Size: 25.6 \u00d7 25.6 \u00d7 32.5 cm Contains detailed assembly instructions. Notice: 1. Without an original box, but [&hellip;]<\/p>","protected":false},"featured_media":37840,"comment_status":"closed","ping_status":"closed","template":"","meta":{"_acf_changed":false},"product_cat":[1365],"product_tag":[9359,9361,9363,2352,9366,9358,1711,9362,9360,9364,9365],"class_list":["product","first","instock","shipping-taxable","purchasable","product-type-simple"],"acf":[],"_links":{"self":[{"href":"https:\/\/mouldking.store\/hu\/wp-json\/wp\/v2\/product\/37839","targetHints":{"allow":["GET"]}}],"collection":[{"href":"https:\/\/mouldking.store\/hu\/wp-json\/wp\/v2\/product"}],"about":[{"href":"https:\/\/mouldking.store\/hu\/wp-json\/wp\/v2\/types\/product"}],"replies":[{"embeddable":true,"href":"https:\/\/mouldking.store\/hu\/wp-json\/wp\/v2\/comments?post=37839"}],"wp:featuredmedia":[{"embeddable":true,"href":"https:\/\/mouldking.store\/hu\/wp-json\/wp\/v2\/media\/37840"}],"wp:attachment":[{"href":"https:\/\/mouldking.store\/hu\/wp-json\/wp\/v2\/media?parent=37839"}],"wp:term":[{"taxonomy":"product_cat","embeddable":true,"href":"https:\/\/mouldking.store\/hu\/wp-json\/wp\/v2\/product_cat?post=37839"},{"taxonomy":"product_tag","embeddable":true,"href":"https:\/\/mouldking.store\/hu\/wp-json\/wp\/v2\/product_tag?post=37839"}],"curies":[{"name":"wp","href":"https:\/\/api.w.org\/{rel}","templated":true}]}}