{"id":37858,"date":"2022-12-14T10:25:52","date_gmt":"2022-12-14T03:25:52","guid":{"rendered":"https:\/\/mouldking.store\/?post_type=product&#038;p=37858"},"modified":"2022-12-14T10:25:53","modified_gmt":"2022-12-14T03:25:53","slug":"kb1002-christmas-love-bear-santa-claus-with-3365pcs","status":"publish","type":"product","link":"https:\/\/mouldking.store\/hu\/shop\/kb1002-christmas-love-bear-santa-claus-with-3365pcs\/","title":{"rendered":"KB1002 Kar\u00e1csonyi Love Bear Mikul\u00e1s 3365db"},"content":{"rendered":"<p>Term\u00e9k inform\u00e1ci\u00f3:<\/p>\n<ol>\n<li>M\u00e1rka: KB<\/li>\n<li>Nem: Uniszex<\/li>\n<li>N\u00e9v: Christmas Love Bear Mikul\u00e1s<\/li>\n<li>Koroszt\u00e1ly: &gt; 6 \u00e9v<\/li>\n<li>Modellsz\u00e1m: 1002<\/li>\n<li>Besorol\u00e1s: \u00d6sszeszerel\u00e9s<\/li>\n<li>M\u0171anyag blokk forma: \u00f6nz\u00e1r\u00f3 t\u00e9gla<\/li>\n<li>Anyaga: M\u0171anyag<\/li>\n<li>M\u0171anyag t\u00edpus: ABS<\/li>\n<li>T\u00e9gla blokkok: 3365 DB<\/li>\n<li>M\u00e9rete: 16 x 32 cm<\/li>\n<li>R\u00e9szletes \u00f6sszeszerel\u00e9si \u00fatmutat\u00f3t tartalmaz.<\/li>\n<\/ol>\n<p>\u00c9rtes\u00edt\u00e9s:<br \/>\n1. Eredeti doboz n\u00e9lk\u00fcl, de garant\u00e1ljuk, hogy term\u00e9keink min\u0151s\u00e9gbiztos\u00edt\u00e1ssal \u00e9s sz\u00e9p csomagol\u00e1ssal rendelkeznek.<br \/>\n2. Mint az \u00f6sszes alkatr\u00e9szt, amelyet a sz\u00e1ll\u00edt\u00e1s el\u0151tt ellen\u0151rizt\u00fcnk, ez\u00e9rt ha \u00fagy tal\u00e1lja, hogy egyes alkatr\u00e9szek hi\u00e1nyoznak vagy s\u00e9r\u00fcltek, ne agg\u00f3djon, \u00e9s k\u00e9rj\u00fck, l\u00e9pjen kapcsolatba vel\u00fcnk, \u00e9s azonnal ingyenesen elk\u00fcldj\u00fck \u00d6nnek<\/p>\n<figure id=\"attachment_37859\" aria-describedby=\"caption-attachment-37859\" style=\"width: 800px\" class=\"wp-caption aligncenter\"><img fetchpriority=\"high\" decoding=\"async\" class=\"wp-image-37859 size-full\" src=\"https:\/\/mouldking.store\/wp-content\/uploads\/2022\/12\/Christmas-Love-Bear-Santa-Claus-KB1002-4.jpg\" alt=\"KB1002 Christmas Love Bear Santa Claus With 3365pcs\" width=\"800\" height=\"800\" title=\"-\" srcset=\"https:\/\/mouldking.store\/wp-content\/uploads\/2022\/12\/Christmas-Love-Bear-Santa-Claus-KB1002-4.jpg 800w, https:\/\/mouldking.store\/wp-content\/uploads\/2022\/12\/Christmas-Love-Bear-Santa-Claus-KB1002-4-300x300.jpg 300w, https:\/\/mouldking.store\/wp-content\/uploads\/2022\/12\/Christmas-Love-Bear-Santa-Claus-KB1002-4-768x768.jpg 768w, https:\/\/mouldking.store\/wp-content\/uploads\/2022\/12\/Christmas-Love-Bear-Santa-Claus-KB1002-4-600x600.jpg 600w, https:\/\/mouldking.store\/wp-content\/uploads\/2022\/12\/Christmas-Love-Bear-Santa-Claus-KB1002-4-150x150.jpg 150w, https:\/\/mouldking.store\/wp-content\/uploads\/2022\/12\/Christmas-Love-Bear-Santa-Claus-KB1002-4-60x60.jpg 60w, https:\/\/mouldking.store\/wp-content\/uploads\/2022\/12\/Christmas-Love-Bear-Santa-Claus-KB1002-4-90x90.jpg 90w\" sizes=\"(max-width: 800px) 100vw, 800px\" \/><figcaption id=\"caption-attachment-37859\" class=\"wp-caption-text\">KB1002 Kar\u00e1csonyi Love Bear Mikul\u00e1s 3365db<\/figcaption><\/figure>\n<figure id=\"attachment_37860\" aria-describedby=\"caption-attachment-37860\" style=\"width: 800px\" class=\"wp-caption aligncenter\"><img decoding=\"async\" class=\"wp-image-37860 size-full\" src=\"https:\/\/mouldking.store\/wp-content\/uploads\/2022\/12\/Christmas-Love-Bear-Santa-Claus-KB1002-3.jpg\" alt=\"KB1002 Christmas Love Bear Santa Claus With 3365pcs\" width=\"800\" height=\"800\" title=\"-\" srcset=\"https:\/\/mouldking.store\/wp-content\/uploads\/2022\/12\/Christmas-Love-Bear-Santa-Claus-KB1002-3.jpg 800w, https:\/\/mouldking.store\/wp-content\/uploads\/2022\/12\/Christmas-Love-Bear-Santa-Claus-KB1002-3-300x300.jpg 300w, https:\/\/mouldking.store\/wp-content\/uploads\/2022\/12\/Christmas-Love-Bear-Santa-Claus-KB1002-3-768x768.jpg 768w, https:\/\/mouldking.store\/wp-content\/uploads\/2022\/12\/Christmas-Love-Bear-Santa-Claus-KB1002-3-600x600.jpg 600w, https:\/\/mouldking.store\/wp-content\/uploads\/2022\/12\/Christmas-Love-Bear-Santa-Claus-KB1002-3-150x150.jpg 150w, https:\/\/mouldking.store\/wp-content\/uploads\/2022\/12\/Christmas-Love-Bear-Santa-Claus-KB1002-3-60x60.jpg 60w, https:\/\/mouldking.store\/wp-content\/uploads\/2022\/12\/Christmas-Love-Bear-Santa-Claus-KB1002-3-90x90.jpg 90w\" sizes=\"(max-width: 800px) 100vw, 800px\" \/><figcaption id=\"caption-attachment-37860\" class=\"wp-caption-text\">KB1002 Kar\u00e1csonyi Love Bear Mikul\u00e1s 3365db<\/figcaption><\/figure>\n<figure id=\"attachment_37861\" aria-describedby=\"caption-attachment-37861\" style=\"width: 800px\" class=\"wp-caption aligncenter\"><img decoding=\"async\" class=\"wp-image-37861 size-full\" src=\"https:\/\/mouldking.store\/wp-content\/uploads\/2022\/12\/Christmas-Love-Bear-Santa-Claus-KB1002-2.jpg\" alt=\"KB1002 Christmas Love Bear Santa Claus With 3365pcs\" width=\"800\" height=\"800\" title=\"-\" srcset=\"https:\/\/mouldking.store\/wp-content\/uploads\/2022\/12\/Christmas-Love-Bear-Santa-Claus-KB1002-2.jpg 800w, https:\/\/mouldking.store\/wp-content\/uploads\/2022\/12\/Christmas-Love-Bear-Santa-Claus-KB1002-2-300x300.jpg 300w, https:\/\/mouldking.store\/wp-content\/uploads\/2022\/12\/Christmas-Love-Bear-Santa-Claus-KB1002-2-768x768.jpg 768w, https:\/\/mouldking.store\/wp-content\/uploads\/2022\/12\/Christmas-Love-Bear-Santa-Claus-KB1002-2-600x600.jpg 600w, https:\/\/mouldking.store\/wp-content\/uploads\/2022\/12\/Christmas-Love-Bear-Santa-Claus-KB1002-2-150x150.jpg 150w, https:\/\/mouldking.store\/wp-content\/uploads\/2022\/12\/Christmas-Love-Bear-Santa-Claus-KB1002-2-60x60.jpg 60w, https:\/\/mouldking.store\/wp-content\/uploads\/2022\/12\/Christmas-Love-Bear-Santa-Claus-KB1002-2-90x90.jpg 90w\" sizes=\"(max-width: 800px) 100vw, 800px\" \/><figcaption id=\"caption-attachment-37861\" class=\"wp-caption-text\">KB1002 Kar\u00e1csonyi Love Bear Mikul\u00e1s 3365db<\/figcaption><\/figure>\n<figure id=\"attachment_37862\" aria-describedby=\"caption-attachment-37862\" style=\"width: 800px\" class=\"wp-caption aligncenter\"><img loading=\"lazy\" decoding=\"async\" class=\"wp-image-37862 size-full\" src=\"https:\/\/mouldking.store\/wp-content\/uploads\/2022\/12\/Christmas-Love-Bear-Santa-Claus-KB1002-1.jpg\" alt=\"KB1002 Christmas Love Bear Santa Claus With 3365pcs\" width=\"800\" height=\"800\" title=\"-\" srcset=\"https:\/\/mouldking.store\/wp-content\/uploads\/2022\/12\/Christmas-Love-Bear-Santa-Claus-KB1002-1.jpg 800w, https:\/\/mouldking.store\/wp-content\/uploads\/2022\/12\/Christmas-Love-Bear-Santa-Claus-KB1002-1-300x300.jpg 300w, https:\/\/mouldking.store\/wp-content\/uploads\/2022\/12\/Christmas-Love-Bear-Santa-Claus-KB1002-1-768x768.jpg 768w, https:\/\/mouldking.store\/wp-content\/uploads\/2022\/12\/Christmas-Love-Bear-Santa-Claus-KB1002-1-600x600.jpg 600w, https:\/\/mouldking.store\/wp-content\/uploads\/2022\/12\/Christmas-Love-Bear-Santa-Claus-KB1002-1-150x150.jpg 150w, https:\/\/mouldking.store\/wp-content\/uploads\/2022\/12\/Christmas-Love-Bear-Santa-Claus-KB1002-1-60x60.jpg 60w, https:\/\/mouldking.store\/wp-content\/uploads\/2022\/12\/Christmas-Love-Bear-Santa-Claus-KB1002-1-90x90.jpg 90w\" sizes=\"(max-width: 800px) 100vw, 800px\" \/><figcaption id=\"caption-attachment-37862\" class=\"wp-caption-text\">KB1002 Kar\u00e1csonyi Love Bear Mikul\u00e1s 3365db<\/figcaption><\/figure>","protected":false},"excerpt":{"rendered":"<p>Product information: Brand: KB Gender: Unisex Name: Christmas Love Bear Santa Claus Age Range: &gt; 6 years old Model Number: 1002 Classification: Assemblage Plastic Block Shape: Self-Locking Bricks Material: Plastic Plastic Type: ABS Bricks Blocks: 3365PCS Size: 16 x 32 cm Contains detailed assembly instructions. Notice: 1. Without an original box, but we guarantee our [&hellip;]<\/p>","protected":false},"featured_media":37859,"comment_status":"closed","ping_status":"closed","template":"","meta":{"_acf_changed":false},"product_cat":[1365],"product_tag":[2271,1066,9378,9379,9376,9380,9375,6522,9377,5697],"class_list":["product","first","instock","shipping-taxable","purchasable","product-type-simple"],"acf":[],"_links":{"self":[{"href":"https:\/\/mouldking.store\/hu\/wp-json\/wp\/v2\/product\/37858","targetHints":{"allow":["GET"]}}],"collection":[{"href":"https:\/\/mouldking.store\/hu\/wp-json\/wp\/v2\/product"}],"about":[{"href":"https:\/\/mouldking.store\/hu\/wp-json\/wp\/v2\/types\/product"}],"replies":[{"embeddable":true,"href":"https:\/\/mouldking.store\/hu\/wp-json\/wp\/v2\/comments?post=37858"}],"wp:featuredmedia":[{"embeddable":true,"href":"https:\/\/mouldking.store\/hu\/wp-json\/wp\/v2\/media\/37859"}],"wp:attachment":[{"href":"https:\/\/mouldking.store\/hu\/wp-json\/wp\/v2\/media?parent=37858"}],"wp:term":[{"taxonomy":"product_cat","embeddable":true,"href":"https:\/\/mouldking.store\/hu\/wp-json\/wp\/v2\/product_cat?post=37858"},{"taxonomy":"product_tag","embeddable":true,"href":"https:\/\/mouldking.store\/hu\/wp-json\/wp\/v2\/product_tag?post=37858"}],"curies":[{"name":"wp","href":"https:\/\/api.w.org\/{rel}","templated":true}]}}