{"id":37863,"date":"2022-12-14T10:32:15","date_gmt":"2022-12-14T03:32:15","guid":{"rendered":"https:\/\/mouldking.store\/?post_type=product&#038;p=37863"},"modified":"2025-12-25T09:12:09","modified_gmt":"2025-12-25T02:12:09","slug":"moc-t006-2-black-ferrari-daytona-sp3-sports-car-with-3778pcs","status":"publish","type":"product","link":"https:\/\/mouldking.store\/hu\/shop\/moc-t006-2-black-ferrari-daytona-sp3-sports-car-with-3778pcs\/","title":{"rendered":"MOC-T006-2 fekete &quot;Ferrari&quot; Daytona SP3 sportaut\u00f3 3778db"},"content":{"rendered":"<p>Term\u00e9k inform\u00e1ci\u00f3:<\/p>\n<ol>\n<li>M\u00e1rka: MOC<\/li>\n<li>Nem: Uniszex<\/li>\n<li>Name: Black \u201cFerrari \u201cDaytona SP3 Sports Car<\/li>\n<li>Koroszt\u00e1ly: &gt; 6 \u00e9v<\/li>\n<li>Model Number: T006-2<\/li>\n<li>Besorol\u00e1s: \u00d6sszeszerel\u00e9s<\/li>\n<li>M\u0171anyag blokk forma: \u00f6nz\u00e1r\u00f3 t\u00e9gla<\/li>\n<li>Anyaga: M\u0171anyag<\/li>\n<li>M\u0171anyag t\u00edpus: ABS<\/li>\n<li>Bricks Blocks:3778PCS<\/li>\n<li>Size: 59 x 24 x 15 cm<\/li>\n<li>R\u00e9szletes \u00f6sszeszerel\u00e9si \u00fatmutat\u00f3t tartalmaz.<\/li>\n<\/ol>\n<p>\u00c9rtes\u00edt\u00e9s:<br \/>\n1. Eredeti doboz n\u00e9lk\u00fcl, de garant\u00e1ljuk, hogy term\u00e9keink min\u0151s\u00e9gbiztos\u00edt\u00e1ssal \u00e9s sz\u00e9p csomagol\u00e1ssal rendelkeznek.<br \/>\n2. Mint minden alkatr\u00e9szt, amelyet a sz\u00e1ll\u00edt\u00e1s el\u0151tt ellen\u0151rizt\u00fcnk, ez\u00e9rt ha \u00fagy tal\u00e1lja, hogy n\u00e9h\u00e1ny alkatr\u00e9sz hi\u00e1nyzik vagy s\u00e9r\u00fclt, ne agg\u00f3djon, \u00e9s k\u00e9rj\u00fck, vegye fel vel\u00fcnk a kapcsolatot, \u00e9s azonnal ingyenesen elk\u00fcldj\u00fck \u00d6nnek.<\/p>\n<figure id=\"attachment_37864\" aria-describedby=\"caption-attachment-37864\" style=\"width: 800px\" class=\"wp-caption aligncenter\"><img fetchpriority=\"high\" decoding=\"async\" class=\"wp-image-37864 size-full\" src=\"https:\/\/mouldking.store\/wp-content\/uploads\/2022\/12\/Black-Ferrari-Daytona-SP3-Sports-Car-MOC-T006-2-8.jpg\" alt=\"MOC-T006-2 Black \u201cFerrari \u201cDaytona SP3 Sports Car With 3778pcs\" width=\"800\" height=\"800\" title=\"-\" srcset=\"https:\/\/mouldking.store\/wp-content\/uploads\/2022\/12\/Black-Ferrari-Daytona-SP3-Sports-Car-MOC-T006-2-8.jpg 800w, https:\/\/mouldking.store\/wp-content\/uploads\/2022\/12\/Black-Ferrari-Daytona-SP3-Sports-Car-MOC-T006-2-8-300x300.jpg 300w, https:\/\/mouldking.store\/wp-content\/uploads\/2022\/12\/Black-Ferrari-Daytona-SP3-Sports-Car-MOC-T006-2-8-768x768.jpg 768w, https:\/\/mouldking.store\/wp-content\/uploads\/2022\/12\/Black-Ferrari-Daytona-SP3-Sports-Car-MOC-T006-2-8-600x600.jpg 600w, https:\/\/mouldking.store\/wp-content\/uploads\/2022\/12\/Black-Ferrari-Daytona-SP3-Sports-Car-MOC-T006-2-8-150x150.jpg 150w, https:\/\/mouldking.store\/wp-content\/uploads\/2022\/12\/Black-Ferrari-Daytona-SP3-Sports-Car-MOC-T006-2-8-60x60.jpg 60w, https:\/\/mouldking.store\/wp-content\/uploads\/2022\/12\/Black-Ferrari-Daytona-SP3-Sports-Car-MOC-T006-2-8-90x90.jpg 90w\" sizes=\"(max-width: 800px) 100vw, 800px\" \/><figcaption id=\"caption-attachment-37864\" class=\"wp-caption-text\">MOC-T006-2 fekete &quot;Ferrari&quot; Daytona SP3 sportaut\u00f3 3778db<\/figcaption><\/figure>\n<figure id=\"attachment_37865\" aria-describedby=\"caption-attachment-37865\" style=\"width: 800px\" class=\"wp-caption aligncenter\"><img decoding=\"async\" class=\"wp-image-37865 size-full\" src=\"https:\/\/mouldking.store\/wp-content\/uploads\/2022\/12\/Black-Ferrari-Daytona-SP3-Sports-Car-MOC-T006-2-7.jpg\" alt=\"MOC-T006-2 Black \u201cFerrari \u201cDaytona SP3 Sports Car With 3778pcs\" width=\"800\" height=\"800\" title=\"-\" srcset=\"https:\/\/mouldking.store\/wp-content\/uploads\/2022\/12\/Black-Ferrari-Daytona-SP3-Sports-Car-MOC-T006-2-7.jpg 800w, https:\/\/mouldking.store\/wp-content\/uploads\/2022\/12\/Black-Ferrari-Daytona-SP3-Sports-Car-MOC-T006-2-7-300x300.jpg 300w, https:\/\/mouldking.store\/wp-content\/uploads\/2022\/12\/Black-Ferrari-Daytona-SP3-Sports-Car-MOC-T006-2-7-768x768.jpg 768w, https:\/\/mouldking.store\/wp-content\/uploads\/2022\/12\/Black-Ferrari-Daytona-SP3-Sports-Car-MOC-T006-2-7-600x600.jpg 600w, https:\/\/mouldking.store\/wp-content\/uploads\/2022\/12\/Black-Ferrari-Daytona-SP3-Sports-Car-MOC-T006-2-7-150x150.jpg 150w, https:\/\/mouldking.store\/wp-content\/uploads\/2022\/12\/Black-Ferrari-Daytona-SP3-Sports-Car-MOC-T006-2-7-60x60.jpg 60w, https:\/\/mouldking.store\/wp-content\/uploads\/2022\/12\/Black-Ferrari-Daytona-SP3-Sports-Car-MOC-T006-2-7-90x90.jpg 90w\" sizes=\"(max-width: 800px) 100vw, 800px\" \/><figcaption id=\"caption-attachment-37865\" class=\"wp-caption-text\">MOC-T006-2 fekete &quot;Ferrari&quot; Daytona SP3 sportaut\u00f3 3778db<\/figcaption><\/figure>\n<figure id=\"attachment_37866\" aria-describedby=\"caption-attachment-37866\" style=\"width: 800px\" class=\"wp-caption aligncenter\"><img decoding=\"async\" class=\"wp-image-37866 size-full\" src=\"https:\/\/mouldking.store\/wp-content\/uploads\/2022\/12\/Black-Ferrari-Daytona-SP3-Sports-Car-MOC-T006-2-6.jpg\" alt=\"MOC-T006-2 Black \u201cFerrari \u201cDaytona SP3 Sports Car With 3778pcs\" width=\"800\" height=\"800\" title=\"-\" srcset=\"https:\/\/mouldking.store\/wp-content\/uploads\/2022\/12\/Black-Ferrari-Daytona-SP3-Sports-Car-MOC-T006-2-6.jpg 800w, https:\/\/mouldking.store\/wp-content\/uploads\/2022\/12\/Black-Ferrari-Daytona-SP3-Sports-Car-MOC-T006-2-6-300x300.jpg 300w, https:\/\/mouldking.store\/wp-content\/uploads\/2022\/12\/Black-Ferrari-Daytona-SP3-Sports-Car-MOC-T006-2-6-768x768.jpg 768w, https:\/\/mouldking.store\/wp-content\/uploads\/2022\/12\/Black-Ferrari-Daytona-SP3-Sports-Car-MOC-T006-2-6-600x600.jpg 600w, https:\/\/mouldking.store\/wp-content\/uploads\/2022\/12\/Black-Ferrari-Daytona-SP3-Sports-Car-MOC-T006-2-6-150x150.jpg 150w, https:\/\/mouldking.store\/wp-content\/uploads\/2022\/12\/Black-Ferrari-Daytona-SP3-Sports-Car-MOC-T006-2-6-60x60.jpg 60w, https:\/\/mouldking.store\/wp-content\/uploads\/2022\/12\/Black-Ferrari-Daytona-SP3-Sports-Car-MOC-T006-2-6-90x90.jpg 90w\" sizes=\"(max-width: 800px) 100vw, 800px\" \/><figcaption id=\"caption-attachment-37866\" class=\"wp-caption-text\">MOC-T006-2 fekete &quot;Ferrari&quot; Daytona SP3 sportaut\u00f3 3778db<\/figcaption><\/figure>\n<figure id=\"attachment_37867\" aria-describedby=\"caption-attachment-37867\" style=\"width: 800px\" class=\"wp-caption aligncenter\"><img loading=\"lazy\" decoding=\"async\" class=\"wp-image-37867 size-full\" src=\"https:\/\/mouldking.store\/wp-content\/uploads\/2022\/12\/Black-Ferrari-Daytona-SP3-Sports-Car-MOC-T006-2-5.jpg\" alt=\"MOC-T006-2 Black \u201cFerrari \u201cDaytona SP3 Sports Car With 3778pcs\" width=\"800\" height=\"800\" title=\"-\" srcset=\"https:\/\/mouldking.store\/wp-content\/uploads\/2022\/12\/Black-Ferrari-Daytona-SP3-Sports-Car-MOC-T006-2-5.jpg 800w, https:\/\/mouldking.store\/wp-content\/uploads\/2022\/12\/Black-Ferrari-Daytona-SP3-Sports-Car-MOC-T006-2-5-300x300.jpg 300w, https:\/\/mouldking.store\/wp-content\/uploads\/2022\/12\/Black-Ferrari-Daytona-SP3-Sports-Car-MOC-T006-2-5-768x768.jpg 768w, https:\/\/mouldking.store\/wp-content\/uploads\/2022\/12\/Black-Ferrari-Daytona-SP3-Sports-Car-MOC-T006-2-5-600x600.jpg 600w, https:\/\/mouldking.store\/wp-content\/uploads\/2022\/12\/Black-Ferrari-Daytona-SP3-Sports-Car-MOC-T006-2-5-150x150.jpg 150w, https:\/\/mouldking.store\/wp-content\/uploads\/2022\/12\/Black-Ferrari-Daytona-SP3-Sports-Car-MOC-T006-2-5-60x60.jpg 60w, https:\/\/mouldking.store\/wp-content\/uploads\/2022\/12\/Black-Ferrari-Daytona-SP3-Sports-Car-MOC-T006-2-5-90x90.jpg 90w\" sizes=\"(max-width: 800px) 100vw, 800px\" \/><figcaption id=\"caption-attachment-37867\" class=\"wp-caption-text\">MOC-T006-2 fekete &quot;Ferrari&quot; Daytona SP3 sportaut\u00f3 3778db<\/figcaption><\/figure>\n<figure id=\"attachment_37868\" aria-describedby=\"caption-attachment-37868\" style=\"width: 800px\" class=\"wp-caption aligncenter\"><img loading=\"lazy\" decoding=\"async\" class=\"wp-image-37868 size-full\" src=\"https:\/\/mouldking.store\/wp-content\/uploads\/2022\/12\/Black-Ferrari-Daytona-SP3-Sports-Car-MOC-T006-2-4.jpg\" alt=\"MOC-T006-2 Black \u201cFerrari \u201cDaytona SP3 Sports Car With 3778pcs\" width=\"800\" height=\"800\" title=\"-\" srcset=\"https:\/\/mouldking.store\/wp-content\/uploads\/2022\/12\/Black-Ferrari-Daytona-SP3-Sports-Car-MOC-T006-2-4.jpg 800w, https:\/\/mouldking.store\/wp-content\/uploads\/2022\/12\/Black-Ferrari-Daytona-SP3-Sports-Car-MOC-T006-2-4-300x300.jpg 300w, https:\/\/mouldking.store\/wp-content\/uploads\/2022\/12\/Black-Ferrari-Daytona-SP3-Sports-Car-MOC-T006-2-4-768x768.jpg 768w, https:\/\/mouldking.store\/wp-content\/uploads\/2022\/12\/Black-Ferrari-Daytona-SP3-Sports-Car-MOC-T006-2-4-600x600.jpg 600w, https:\/\/mouldking.store\/wp-content\/uploads\/2022\/12\/Black-Ferrari-Daytona-SP3-Sports-Car-MOC-T006-2-4-150x150.jpg 150w, https:\/\/mouldking.store\/wp-content\/uploads\/2022\/12\/Black-Ferrari-Daytona-SP3-Sports-Car-MOC-T006-2-4-60x60.jpg 60w, https:\/\/mouldking.store\/wp-content\/uploads\/2022\/12\/Black-Ferrari-Daytona-SP3-Sports-Car-MOC-T006-2-4-90x90.jpg 90w\" sizes=\"(max-width: 800px) 100vw, 800px\" \/><figcaption id=\"caption-attachment-37868\" class=\"wp-caption-text\">MOC-T006-2 fekete &quot;Ferrari&quot; Daytona SP3 sportaut\u00f3 3778db<\/figcaption><\/figure>\n<figure id=\"attachment_37869\" aria-describedby=\"caption-attachment-37869\" style=\"width: 800px\" class=\"wp-caption aligncenter\"><img loading=\"lazy\" decoding=\"async\" class=\"wp-image-37869 size-full\" src=\"https:\/\/mouldking.store\/wp-content\/uploads\/2022\/12\/Black-Ferrari-Daytona-SP3-Sports-Car-MOC-T006-2-3.jpg\" alt=\"MOC-T006-2 Black \u201cFerrari \u201cDaytona SP3 Sports Car With 3778pcs\" width=\"800\" height=\"800\" title=\"-\" srcset=\"https:\/\/mouldking.store\/wp-content\/uploads\/2022\/12\/Black-Ferrari-Daytona-SP3-Sports-Car-MOC-T006-2-3.jpg 800w, https:\/\/mouldking.store\/wp-content\/uploads\/2022\/12\/Black-Ferrari-Daytona-SP3-Sports-Car-MOC-T006-2-3-300x300.jpg 300w, https:\/\/mouldking.store\/wp-content\/uploads\/2022\/12\/Black-Ferrari-Daytona-SP3-Sports-Car-MOC-T006-2-3-768x768.jpg 768w, https:\/\/mouldking.store\/wp-content\/uploads\/2022\/12\/Black-Ferrari-Daytona-SP3-Sports-Car-MOC-T006-2-3-600x600.jpg 600w, https:\/\/mouldking.store\/wp-content\/uploads\/2022\/12\/Black-Ferrari-Daytona-SP3-Sports-Car-MOC-T006-2-3-150x150.jpg 150w, https:\/\/mouldking.store\/wp-content\/uploads\/2022\/12\/Black-Ferrari-Daytona-SP3-Sports-Car-MOC-T006-2-3-60x60.jpg 60w, https:\/\/mouldking.store\/wp-content\/uploads\/2022\/12\/Black-Ferrari-Daytona-SP3-Sports-Car-MOC-T006-2-3-90x90.jpg 90w\" sizes=\"(max-width: 800px) 100vw, 800px\" \/><figcaption id=\"caption-attachment-37869\" class=\"wp-caption-text\">MOC-T006-2 fekete &quot;Ferrari&quot; Daytona SP3 sportaut\u00f3 3778db<\/figcaption><\/figure>\n<figure id=\"attachment_37870\" aria-describedby=\"caption-attachment-37870\" style=\"width: 800px\" class=\"wp-caption aligncenter\"><img loading=\"lazy\" decoding=\"async\" class=\"wp-image-37870 size-full\" src=\"https:\/\/mouldking.store\/wp-content\/uploads\/2022\/12\/Black-Ferrari-Daytona-SP3-Sports-Car-MOC-T006-2-2.jpg\" alt=\"MOC-T006-2 Black \u201cFerrari \u201cDaytona SP3 Sports Car With 3778pcs\" width=\"800\" height=\"800\" title=\"-\" srcset=\"https:\/\/mouldking.store\/wp-content\/uploads\/2022\/12\/Black-Ferrari-Daytona-SP3-Sports-Car-MOC-T006-2-2.jpg 800w, https:\/\/mouldking.store\/wp-content\/uploads\/2022\/12\/Black-Ferrari-Daytona-SP3-Sports-Car-MOC-T006-2-2-300x300.jpg 300w, https:\/\/mouldking.store\/wp-content\/uploads\/2022\/12\/Black-Ferrari-Daytona-SP3-Sports-Car-MOC-T006-2-2-768x768.jpg 768w, https:\/\/mouldking.store\/wp-content\/uploads\/2022\/12\/Black-Ferrari-Daytona-SP3-Sports-Car-MOC-T006-2-2-600x600.jpg 600w, https:\/\/mouldking.store\/wp-content\/uploads\/2022\/12\/Black-Ferrari-Daytona-SP3-Sports-Car-MOC-T006-2-2-150x150.jpg 150w, https:\/\/mouldking.store\/wp-content\/uploads\/2022\/12\/Black-Ferrari-Daytona-SP3-Sports-Car-MOC-T006-2-2-60x60.jpg 60w, https:\/\/mouldking.store\/wp-content\/uploads\/2022\/12\/Black-Ferrari-Daytona-SP3-Sports-Car-MOC-T006-2-2-90x90.jpg 90w\" sizes=\"(max-width: 800px) 100vw, 800px\" \/><figcaption id=\"caption-attachment-37870\" class=\"wp-caption-text\">MOC-T006-2 fekete &quot;Ferrari&quot; Daytona SP3 sportaut\u00f3 3778db<\/figcaption><\/figure>\n<figure id=\"attachment_37871\" aria-describedby=\"caption-attachment-37871\" style=\"width: 800px\" class=\"wp-caption aligncenter\"><img loading=\"lazy\" decoding=\"async\" class=\"wp-image-37871 size-full\" src=\"https:\/\/mouldking.store\/wp-content\/uploads\/2022\/12\/Black-Ferrari-Daytona-SP3-Sports-Car-MOC-T006-2-1.jpg\" alt=\"MOC-T006-2 Black \u201cFerrari \u201cDaytona SP3 Sports Car With 3778pcs\" width=\"800\" height=\"800\" title=\"-\" srcset=\"https:\/\/mouldking.store\/wp-content\/uploads\/2022\/12\/Black-Ferrari-Daytona-SP3-Sports-Car-MOC-T006-2-1.jpg 800w, https:\/\/mouldking.store\/wp-content\/uploads\/2022\/12\/Black-Ferrari-Daytona-SP3-Sports-Car-MOC-T006-2-1-300x300.jpg 300w, https:\/\/mouldking.store\/wp-content\/uploads\/2022\/12\/Black-Ferrari-Daytona-SP3-Sports-Car-MOC-T006-2-1-768x768.jpg 768w, https:\/\/mouldking.store\/wp-content\/uploads\/2022\/12\/Black-Ferrari-Daytona-SP3-Sports-Car-MOC-T006-2-1-600x600.jpg 600w, https:\/\/mouldking.store\/wp-content\/uploads\/2022\/12\/Black-Ferrari-Daytona-SP3-Sports-Car-MOC-T006-2-1-150x150.jpg 150w, https:\/\/mouldking.store\/wp-content\/uploads\/2022\/12\/Black-Ferrari-Daytona-SP3-Sports-Car-MOC-T006-2-1-60x60.jpg 60w, https:\/\/mouldking.store\/wp-content\/uploads\/2022\/12\/Black-Ferrari-Daytona-SP3-Sports-Car-MOC-T006-2-1-90x90.jpg 90w\" sizes=\"(max-width: 800px) 100vw, 800px\" \/><figcaption id=\"caption-attachment-37871\" class=\"wp-caption-text\">MOC-T006-2 fekete &quot;Ferrari&quot; Daytona SP3 sportaut\u00f3 3778db<\/figcaption><\/figure>","protected":false},"excerpt":{"rendered":"<p>Product information: Brand: MOC Gender: Unisex Name: Black \u201cFerrari \u201cDaytona SP3 Sports Car Age Range: &gt; 6 years old Model Number: T006-2 Classification: Assemblage Plastic Block Shape: Self-Locking Bricks Material: Plastic Plastic Type: ABS Bricks Blocks:3778PCS Size: 59 x 24 x 15 cm Contains detailed assembly instructions. Notice: 1. Without an original box, but we [&hellip;]<\/p>","protected":false},"featured_media":37864,"comment_status":"closed","ping_status":"closed","template":"","meta":{"_acf_changed":false},"product_cat":[1360,1357],"product_tag":[9383,9384,7380,1585,7381,430,9382,9385,9381,9220,5166],"class_list":["product","first","instock","shipping-taxable","purchasable","product-type-simple"],"acf":[],"_links":{"self":[{"href":"https:\/\/mouldking.store\/hu\/wp-json\/wp\/v2\/product\/37863","targetHints":{"allow":["GET"]}}],"collection":[{"href":"https:\/\/mouldking.store\/hu\/wp-json\/wp\/v2\/product"}],"about":[{"href":"https:\/\/mouldking.store\/hu\/wp-json\/wp\/v2\/types\/product"}],"replies":[{"embeddable":true,"href":"https:\/\/mouldking.store\/hu\/wp-json\/wp\/v2\/comments?post=37863"}],"wp:featuredmedia":[{"embeddable":true,"href":"https:\/\/mouldking.store\/hu\/wp-json\/wp\/v2\/media\/37864"}],"wp:attachment":[{"href":"https:\/\/mouldking.store\/hu\/wp-json\/wp\/v2\/media?parent=37863"}],"wp:term":[{"taxonomy":"product_cat","embeddable":true,"href":"https:\/\/mouldking.store\/hu\/wp-json\/wp\/v2\/product_cat?post=37863"},{"taxonomy":"product_tag","embeddable":true,"href":"https:\/\/mouldking.store\/hu\/wp-json\/wp\/v2\/product_tag?post=37863"}],"curies":[{"name":"wp","href":"https:\/\/api.w.org\/{rel}","templated":true}]}}