{"id":38187,"date":"2022-12-21T10:55:58","date_gmt":"2022-12-21T03:55:58","guid":{"rendered":"https:\/\/mouldking.store\/?post_type=product&#038;p=38187"},"modified":"2025-12-25T09:12:05","modified_gmt":"2025-12-25T02:12:05","slug":"moc-92280-curved-roof-train-station-with-3348pcs","status":"publish","type":"product","link":"https:\/\/mouldking.store\/hu\/shop\/moc-92280-curved-roof-train-station-with-3348pcs\/","title":{"rendered":"MOC-92280 \u00edvelt tet\u0151s vas\u00fat\u00e1llom\u00e1s 3348 db"},"content":{"rendered":"<ol>\n<li>M\u00e1rka: MOC<\/li>\n<li>Nem: Uniszex<\/li>\n<li>Name: Curved Roof Train Station<\/li>\n<li>Koroszt\u00e1ly: &gt; 6 \u00e9v<\/li>\n<li>Model Number: 92280<\/li>\n<li>Besorol\u00e1s: \u00d6sszeszerel\u00e9s<\/li>\n<li>M\u0171anyag blokk forma: \u00f6nz\u00e1r\u00f3 t\u00e9gla<\/li>\n<li>Anyaga: M\u0171anyag<\/li>\n<li>M\u0171anyag t\u00edpus: ABS<\/li>\n<li>Bricks Blocks:3348PCS<\/li>\n<li>Weight:3000g<\/li>\n<li>R\u00e9szletes \u00f6sszeszerel\u00e9si \u00fatmutat\u00f3t tartalmaz.<\/li>\n<\/ol>\n<p>\u00c9rtes\u00edt\u00e9s:<br \/>\n1. Eredeti doboz n\u00e9lk\u00fcl, de garant\u00e1ljuk, hogy term\u00e9keink min\u0151s\u00e9gbiztos\u00edt\u00e1ssal \u00e9s sz\u00e9p csomagol\u00e1ssal rendelkeznek.<br \/>\n2. Mint minden alkatr\u00e9szt, amelyet a sz\u00e1ll\u00edt\u00e1s el\u0151tt ellen\u0151rizt\u00fcnk, ez\u00e9rt ha \u00fagy tal\u00e1lja, hogy n\u00e9h\u00e1ny alkatr\u00e9sz hi\u00e1nyzik vagy s\u00e9r\u00fclt, ne agg\u00f3djon, \u00e9s k\u00e9rj\u00fck, vegye fel vel\u00fcnk a kapcsolatot, \u00e9s azonnal ingyenesen elk\u00fcldj\u00fck \u00d6nnek.<\/p>\n<figure id=\"attachment_38192\" aria-describedby=\"caption-attachment-38192\" style=\"width: 1024px\" class=\"wp-caption aligncenter\"><img fetchpriority=\"high\" decoding=\"async\" class=\"wp-image-38192 size-large\" src=\"https:\/\/mouldking.store\/wp-content\/uploads\/2022\/12\/MOC-92280-Curved-Roof-Train-Station-1024x1024.png\" alt=\"MOC-92280 Curved Roof Train Station With 3348PCS\" width=\"1024\" height=\"1024\" title=\"-\" srcset=\"https:\/\/mouldking.store\/wp-content\/uploads\/2022\/12\/MOC-92280-Curved-Roof-Train-Station-1024x1024.png 1024w, https:\/\/mouldking.store\/wp-content\/uploads\/2022\/12\/MOC-92280-Curved-Roof-Train-Station-300x300.png 300w, https:\/\/mouldking.store\/wp-content\/uploads\/2022\/12\/MOC-92280-Curved-Roof-Train-Station-768x768.png 768w, https:\/\/mouldking.store\/wp-content\/uploads\/2022\/12\/MOC-92280-Curved-Roof-Train-Station-600x600.png 600w, https:\/\/mouldking.store\/wp-content\/uploads\/2022\/12\/MOC-92280-Curved-Roof-Train-Station-150x150.png 150w, https:\/\/mouldking.store\/wp-content\/uploads\/2022\/12\/MOC-92280-Curved-Roof-Train-Station-60x60.png 60w, https:\/\/mouldking.store\/wp-content\/uploads\/2022\/12\/MOC-92280-Curved-Roof-Train-Station-90x90.png 90w, https:\/\/mouldking.store\/wp-content\/uploads\/2022\/12\/MOC-92280-Curved-Roof-Train-Station.png 1095w\" sizes=\"(max-width: 1024px) 100vw, 1024px\" \/><figcaption id=\"caption-attachment-38192\" class=\"wp-caption-text\">MOC-92280 \u00edvelt tet\u0151s vas\u00fat\u00e1llom\u00e1s 3348 db<\/figcaption><\/figure>\n<figure id=\"attachment_38193\" aria-describedby=\"caption-attachment-38193\" style=\"width: 1024px\" class=\"wp-caption aligncenter\"><img decoding=\"async\" class=\"wp-image-38193 size-large\" src=\"https:\/\/mouldking.store\/wp-content\/uploads\/2022\/12\/Curved-Roof-Train-Station-MOC-92280-3-1024x1024.jpg\" alt=\"MOC-92280 Curved Roof Train Station With 3348PCS\" width=\"1024\" height=\"1024\" title=\"-\" srcset=\"https:\/\/mouldking.store\/wp-content\/uploads\/2022\/12\/Curved-Roof-Train-Station-MOC-92280-3-1024x1024.jpg 1024w, https:\/\/mouldking.store\/wp-content\/uploads\/2022\/12\/Curved-Roof-Train-Station-MOC-92280-3-300x300.jpg 300w, https:\/\/mouldking.store\/wp-content\/uploads\/2022\/12\/Curved-Roof-Train-Station-MOC-92280-3-768x768.jpg 768w, https:\/\/mouldking.store\/wp-content\/uploads\/2022\/12\/Curved-Roof-Train-Station-MOC-92280-3-600x600.jpg 600w, https:\/\/mouldking.store\/wp-content\/uploads\/2022\/12\/Curved-Roof-Train-Station-MOC-92280-3-150x150.jpg 150w, https:\/\/mouldking.store\/wp-content\/uploads\/2022\/12\/Curved-Roof-Train-Station-MOC-92280-3-60x60.jpg 60w, https:\/\/mouldking.store\/wp-content\/uploads\/2022\/12\/Curved-Roof-Train-Station-MOC-92280-3-90x90.jpg 90w, https:\/\/mouldking.store\/wp-content\/uploads\/2022\/12\/Curved-Roof-Train-Station-MOC-92280-3.jpg 1100w\" sizes=\"(max-width: 1024px) 100vw, 1024px\" \/><figcaption id=\"caption-attachment-38193\" class=\"wp-caption-text\">MOC-92280 \u00edvelt tet\u0151s vas\u00fat\u00e1llom\u00e1s 3348 db<\/figcaption><\/figure>\n<figure id=\"attachment_38194\" aria-describedby=\"caption-attachment-38194\" style=\"width: 1024px\" class=\"wp-caption aligncenter\"><img decoding=\"async\" class=\"wp-image-38194 size-large\" src=\"https:\/\/mouldking.store\/wp-content\/uploads\/2022\/12\/Curved-Roof-Train-Station-MOC-92280-2-1024x1024.jpg\" alt=\"MOC-92280 Curved Roof Train Station With 3348PCS\" width=\"1024\" height=\"1024\" title=\"-\" srcset=\"https:\/\/mouldking.store\/wp-content\/uploads\/2022\/12\/Curved-Roof-Train-Station-MOC-92280-2-1024x1024.jpg 1024w, https:\/\/mouldking.store\/wp-content\/uploads\/2022\/12\/Curved-Roof-Train-Station-MOC-92280-2-300x300.jpg 300w, https:\/\/mouldking.store\/wp-content\/uploads\/2022\/12\/Curved-Roof-Train-Station-MOC-92280-2-768x768.jpg 768w, https:\/\/mouldking.store\/wp-content\/uploads\/2022\/12\/Curved-Roof-Train-Station-MOC-92280-2-600x600.jpg 600w, https:\/\/mouldking.store\/wp-content\/uploads\/2022\/12\/Curved-Roof-Train-Station-MOC-92280-2-150x150.jpg 150w, https:\/\/mouldking.store\/wp-content\/uploads\/2022\/12\/Curved-Roof-Train-Station-MOC-92280-2-60x60.jpg 60w, https:\/\/mouldking.store\/wp-content\/uploads\/2022\/12\/Curved-Roof-Train-Station-MOC-92280-2-90x90.jpg 90w, https:\/\/mouldking.store\/wp-content\/uploads\/2022\/12\/Curved-Roof-Train-Station-MOC-92280-2.jpg 1100w\" sizes=\"(max-width: 1024px) 100vw, 1024px\" \/><figcaption id=\"caption-attachment-38194\" class=\"wp-caption-text\">MOC-92280 \u00edvelt tet\u0151s vas\u00fat\u00e1llom\u00e1s 3348 db<\/figcaption><\/figure>\n<figure id=\"attachment_38195\" aria-describedby=\"caption-attachment-38195\" style=\"width: 1024px\" class=\"wp-caption aligncenter\"><img loading=\"lazy\" decoding=\"async\" class=\"wp-image-38195 size-large\" src=\"https:\/\/mouldking.store\/wp-content\/uploads\/2022\/12\/Curved-Roof-Train-Station-MOC-92280-1-1024x1024.jpg\" alt=\"MOC-92280 Curved Roof Train Station With 3348PCS\" width=\"1024\" height=\"1024\" title=\"-\" srcset=\"https:\/\/mouldking.store\/wp-content\/uploads\/2022\/12\/Curved-Roof-Train-Station-MOC-92280-1-1024x1024.jpg 1024w, https:\/\/mouldking.store\/wp-content\/uploads\/2022\/12\/Curved-Roof-Train-Station-MOC-92280-1-300x300.jpg 300w, https:\/\/mouldking.store\/wp-content\/uploads\/2022\/12\/Curved-Roof-Train-Station-MOC-92280-1-768x768.jpg 768w, https:\/\/mouldking.store\/wp-content\/uploads\/2022\/12\/Curved-Roof-Train-Station-MOC-92280-1-600x600.jpg 600w, https:\/\/mouldking.store\/wp-content\/uploads\/2022\/12\/Curved-Roof-Train-Station-MOC-92280-1-150x150.jpg 150w, https:\/\/mouldking.store\/wp-content\/uploads\/2022\/12\/Curved-Roof-Train-Station-MOC-92280-1-60x60.jpg 60w, https:\/\/mouldking.store\/wp-content\/uploads\/2022\/12\/Curved-Roof-Train-Station-MOC-92280-1-90x90.jpg 90w, https:\/\/mouldking.store\/wp-content\/uploads\/2022\/12\/Curved-Roof-Train-Station-MOC-92280-1.jpg 1100w\" sizes=\"(max-width: 1024px) 100vw, 1024px\" \/><figcaption id=\"caption-attachment-38195\" class=\"wp-caption-text\">MOC-92280 \u00edvelt tet\u0151s vas\u00fat\u00e1llom\u00e1s 3348 db<\/figcaption><\/figure>\n<figure id=\"attachment_38196\" aria-describedby=\"caption-attachment-38196\" style=\"width: 1024px\" class=\"wp-caption aligncenter\"><img loading=\"lazy\" decoding=\"async\" class=\"wp-image-38196 size-large\" src=\"https:\/\/mouldking.store\/wp-content\/uploads\/2022\/12\/Curved-Roof-Train-Station-MOC-92280-4-1024x1024.jpg\" alt=\"MOC-92280 Curved Roof Train Station With 3348PCS\" width=\"1024\" height=\"1024\" title=\"-\" srcset=\"https:\/\/mouldking.store\/wp-content\/uploads\/2022\/12\/Curved-Roof-Train-Station-MOC-92280-4-1024x1024.jpg 1024w, https:\/\/mouldking.store\/wp-content\/uploads\/2022\/12\/Curved-Roof-Train-Station-MOC-92280-4-300x300.jpg 300w, https:\/\/mouldking.store\/wp-content\/uploads\/2022\/12\/Curved-Roof-Train-Station-MOC-92280-4-768x768.jpg 768w, https:\/\/mouldking.store\/wp-content\/uploads\/2022\/12\/Curved-Roof-Train-Station-MOC-92280-4-600x600.jpg 600w, https:\/\/mouldking.store\/wp-content\/uploads\/2022\/12\/Curved-Roof-Train-Station-MOC-92280-4-150x150.jpg 150w, https:\/\/mouldking.store\/wp-content\/uploads\/2022\/12\/Curved-Roof-Train-Station-MOC-92280-4-60x60.jpg 60w, https:\/\/mouldking.store\/wp-content\/uploads\/2022\/12\/Curved-Roof-Train-Station-MOC-92280-4-90x90.jpg 90w, https:\/\/mouldking.store\/wp-content\/uploads\/2022\/12\/Curved-Roof-Train-Station-MOC-92280-4.jpg 1100w\" sizes=\"(max-width: 1024px) 100vw, 1024px\" \/><figcaption id=\"caption-attachment-38196\" class=\"wp-caption-text\">MOC-92280 \u00edvelt tet\u0151s vas\u00fat\u00e1llom\u00e1s 3348 db<\/figcaption><\/figure>\n<figure id=\"attachment_38197\" aria-describedby=\"caption-attachment-38197\" style=\"width: 1024px\" class=\"wp-caption aligncenter\"><img loading=\"lazy\" decoding=\"async\" class=\"wp-image-38197 size-large\" src=\"https:\/\/mouldking.store\/wp-content\/uploads\/2022\/12\/Curved-Roof-Train-Station-MOC-92280-5-1024x1024.jpg\" alt=\"MOC-92280 Curved Roof Train Station With 3348PCS\" width=\"1024\" height=\"1024\" title=\"-\" srcset=\"https:\/\/mouldking.store\/wp-content\/uploads\/2022\/12\/Curved-Roof-Train-Station-MOC-92280-5-1024x1024.jpg 1024w, https:\/\/mouldking.store\/wp-content\/uploads\/2022\/12\/Curved-Roof-Train-Station-MOC-92280-5-300x300.jpg 300w, https:\/\/mouldking.store\/wp-content\/uploads\/2022\/12\/Curved-Roof-Train-Station-MOC-92280-5-768x768.jpg 768w, https:\/\/mouldking.store\/wp-content\/uploads\/2022\/12\/Curved-Roof-Train-Station-MOC-92280-5-600x600.jpg 600w, https:\/\/mouldking.store\/wp-content\/uploads\/2022\/12\/Curved-Roof-Train-Station-MOC-92280-5-150x150.jpg 150w, https:\/\/mouldking.store\/wp-content\/uploads\/2022\/12\/Curved-Roof-Train-Station-MOC-92280-5-60x60.jpg 60w, https:\/\/mouldking.store\/wp-content\/uploads\/2022\/12\/Curved-Roof-Train-Station-MOC-92280-5-90x90.jpg 90w, https:\/\/mouldking.store\/wp-content\/uploads\/2022\/12\/Curved-Roof-Train-Station-MOC-92280-5.jpg 1100w\" sizes=\"(max-width: 1024px) 100vw, 1024px\" \/><figcaption id=\"caption-attachment-38197\" class=\"wp-caption-text\">MOC-92280 \u00edvelt tet\u0151s vas\u00fat\u00e1llom\u00e1s 3348 db<\/figcaption><\/figure>","protected":false},"excerpt":{"rendered":"<p>Brand: MOC Gender: Unisex Name: Curved Roof Train Station Age Range: &gt; 6 years old Model Number: 92280 Classification: Assemblage Plastic Block Shape: Self-Locking Bricks Material: Plastic Plastic Type: ABS Bricks Blocks:3348PCS Weight:3000g Contains detailed assembly instructions. Notice: 1. Without an original box, but we guarantee our products have quality assurance and nice packaging. 2. [&hellip;]<\/p>","protected":false},"featured_media":38192,"comment_status":"closed","ping_status":"closed","template":"","meta":{"_acf_changed":false},"product_cat":[1395,1357,1406],"product_tag":[9609,9611,9612,430,9608,9613,9607,9610,2309,300,9102],"class_list":["product","first","instock","shipping-taxable","purchasable","product-type-simple"],"acf":[],"_links":{"self":[{"href":"https:\/\/mouldking.store\/hu\/wp-json\/wp\/v2\/product\/38187","targetHints":{"allow":["GET"]}}],"collection":[{"href":"https:\/\/mouldking.store\/hu\/wp-json\/wp\/v2\/product"}],"about":[{"href":"https:\/\/mouldking.store\/hu\/wp-json\/wp\/v2\/types\/product"}],"replies":[{"embeddable":true,"href":"https:\/\/mouldking.store\/hu\/wp-json\/wp\/v2\/comments?post=38187"}],"wp:featuredmedia":[{"embeddable":true,"href":"https:\/\/mouldking.store\/hu\/wp-json\/wp\/v2\/media\/38192"}],"wp:attachment":[{"href":"https:\/\/mouldking.store\/hu\/wp-json\/wp\/v2\/media?parent=38187"}],"wp:term":[{"taxonomy":"product_cat","embeddable":true,"href":"https:\/\/mouldking.store\/hu\/wp-json\/wp\/v2\/product_cat?post=38187"},{"taxonomy":"product_tag","embeddable":true,"href":"https:\/\/mouldking.store\/hu\/wp-json\/wp\/v2\/product_tag?post=38187"}],"curies":[{"name":"wp","href":"https:\/\/api.w.org\/{rel}","templated":true}]}}