{"id":38199,"date":"2022-12-21T11:06:38","date_gmt":"2022-12-21T04:06:38","guid":{"rendered":"https:\/\/mouldking.store\/?post_type=product&#038;p=38199"},"modified":"2025-12-25T09:12:05","modified_gmt":"2025-12-25T02:12:05","slug":"moc-108731-black-falcons-fort-31120-1-alt-build-with-1025pcs","status":"publish","type":"product","link":"https:\/\/mouldking.store\/hu\/shop\/moc-108731-black-falcons-fort-31120-1-alt-build-with-1025pcs\/","title":{"rendered":"MOC-108731 Black Falcon&#039;s Fort 31120-1 Alt. \u00c9p\u00edtsd 1025 DB-vel"},"content":{"rendered":"<ol>\n<li>M\u00e1rka: MOC<\/li>\n<li>Nem: Uniszex<\/li>\n<li>Name: Black Falcon\u2019s Fort 31120-1 Alt. Build<\/li>\n<li>Koroszt\u00e1ly: &gt; 6 \u00e9v<\/li>\n<li>Model Number: 108731<\/li>\n<li>Besorol\u00e1s: \u00d6sszeszerel\u00e9s<\/li>\n<li>M\u0171anyag blokk forma: \u00f6nz\u00e1r\u00f3 t\u00e9gla<\/li>\n<li>Anyaga: M\u0171anyag<\/li>\n<li>M\u0171anyag t\u00edpus: ABS<\/li>\n<li>Bricks Blocks:1025PCS<\/li>\n<li>S\u00faly: 1500g<\/li>\n<li>R\u00e9szletes \u00f6sszeszerel\u00e9si \u00fatmutat\u00f3t tartalmaz.<\/li>\n<\/ol>\n<p>\u00c9rtes\u00edt\u00e9s:<br \/>\n1. Eredeti doboz n\u00e9lk\u00fcl, de garant\u00e1ljuk, hogy term\u00e9keink min\u0151s\u00e9gbiztos\u00edt\u00e1ssal \u00e9s sz\u00e9p csomagol\u00e1ssal rendelkeznek.<br \/>\n2. Mint minden alkatr\u00e9szt, amelyet a sz\u00e1ll\u00edt\u00e1s el\u0151tt ellen\u0151rizt\u00fcnk, ez\u00e9rt ha \u00fagy tal\u00e1lja, hogy n\u00e9h\u00e1ny alkatr\u00e9sz hi\u00e1nyzik vagy s\u00e9r\u00fclt, ne agg\u00f3djon, \u00e9s k\u00e9rj\u00fck, vegye fel vel\u00fcnk a kapcsolatot, \u00e9s azonnal ingyenesen elk\u00fcldj\u00fck \u00d6nnek.<\/p>\n<figure id=\"attachment_38205\" aria-describedby=\"caption-attachment-38205\" style=\"width: 1024px\" class=\"wp-caption aligncenter\"><img fetchpriority=\"high\" decoding=\"async\" class=\"wp-image-38205 size-large\" src=\"https:\/\/mouldking.store\/wp-content\/uploads\/2022\/12\/MOC-108731-Black-Falcons-Fort-1024x1024.png\" alt=\"MOC-108731 Black Falcon\u2019s Fort 31120-1 Alt. Build With 1025PCS\" width=\"1024\" height=\"1024\" title=\"-\" srcset=\"https:\/\/mouldking.store\/wp-content\/uploads\/2022\/12\/MOC-108731-Black-Falcons-Fort-1024x1024.png 1024w, https:\/\/mouldking.store\/wp-content\/uploads\/2022\/12\/MOC-108731-Black-Falcons-Fort-300x300.png 300w, https:\/\/mouldking.store\/wp-content\/uploads\/2022\/12\/MOC-108731-Black-Falcons-Fort-768x768.png 768w, https:\/\/mouldking.store\/wp-content\/uploads\/2022\/12\/MOC-108731-Black-Falcons-Fort-600x600.png 600w, https:\/\/mouldking.store\/wp-content\/uploads\/2022\/12\/MOC-108731-Black-Falcons-Fort-150x150.png 150w, https:\/\/mouldking.store\/wp-content\/uploads\/2022\/12\/MOC-108731-Black-Falcons-Fort-60x60.png 60w, https:\/\/mouldking.store\/wp-content\/uploads\/2022\/12\/MOC-108731-Black-Falcons-Fort-90x90.png 90w, https:\/\/mouldking.store\/wp-content\/uploads\/2022\/12\/MOC-108731-Black-Falcons-Fort.png 1095w\" sizes=\"(max-width: 1024px) 100vw, 1024px\" \/><figcaption id=\"caption-attachment-38205\" class=\"wp-caption-text\">MOC-108731 Black Falcon&#039;s Fort 31120-1 Alt. \u00c9p\u00edtsd 1025 DB-vel<\/figcaption><\/figure>\n<figure id=\"attachment_38206\" aria-describedby=\"caption-attachment-38206\" style=\"width: 1024px\" class=\"wp-caption aligncenter\"><img decoding=\"async\" class=\"wp-image-38206 size-large\" src=\"https:\/\/mouldking.store\/wp-content\/uploads\/2022\/12\/Black-Falcons-Fort-31120-1-Alt.-Build-MOC-108731-1-1024x1024.jpg\" alt=\"MOC-108731 Black Falcon\u2019s Fort 31120-1 Alt. Build With 1025PCS\" width=\"1024\" height=\"1024\" title=\"-\" srcset=\"https:\/\/mouldking.store\/wp-content\/uploads\/2022\/12\/Black-Falcons-Fort-31120-1-Alt.-Build-MOC-108731-1-1024x1024.jpg 1024w, https:\/\/mouldking.store\/wp-content\/uploads\/2022\/12\/Black-Falcons-Fort-31120-1-Alt.-Build-MOC-108731-1-300x300.jpg 300w, https:\/\/mouldking.store\/wp-content\/uploads\/2022\/12\/Black-Falcons-Fort-31120-1-Alt.-Build-MOC-108731-1-768x768.jpg 768w, https:\/\/mouldking.store\/wp-content\/uploads\/2022\/12\/Black-Falcons-Fort-31120-1-Alt.-Build-MOC-108731-1-600x600.jpg 600w, https:\/\/mouldking.store\/wp-content\/uploads\/2022\/12\/Black-Falcons-Fort-31120-1-Alt.-Build-MOC-108731-1-150x150.jpg 150w, https:\/\/mouldking.store\/wp-content\/uploads\/2022\/12\/Black-Falcons-Fort-31120-1-Alt.-Build-MOC-108731-1-60x60.jpg 60w, https:\/\/mouldking.store\/wp-content\/uploads\/2022\/12\/Black-Falcons-Fort-31120-1-Alt.-Build-MOC-108731-1-90x90.jpg 90w, https:\/\/mouldking.store\/wp-content\/uploads\/2022\/12\/Black-Falcons-Fort-31120-1-Alt.-Build-MOC-108731-1.jpg 1100w\" sizes=\"(max-width: 1024px) 100vw, 1024px\" \/><figcaption id=\"caption-attachment-38206\" class=\"wp-caption-text\">MOC-108731 Black Falcon&#039;s Fort 31120-1 Alt. \u00c9p\u00edtsd 1025 DB-vel<\/figcaption><\/figure>\n<figure id=\"attachment_38207\" aria-describedby=\"caption-attachment-38207\" style=\"width: 1024px\" class=\"wp-caption aligncenter\"><img decoding=\"async\" class=\"wp-image-38207 size-large\" src=\"https:\/\/mouldking.store\/wp-content\/uploads\/2022\/12\/Black-Falcons-Fort-31120-1-Alt.-Build-MOC-108731-2-1024x1024.jpg\" alt=\"MOC-108731 Black Falcon\u2019s Fort 31120-1 Alt. Build With 1025PCS\" width=\"1024\" height=\"1024\" title=\"-\" srcset=\"https:\/\/mouldking.store\/wp-content\/uploads\/2022\/12\/Black-Falcons-Fort-31120-1-Alt.-Build-MOC-108731-2-1024x1024.jpg 1024w, https:\/\/mouldking.store\/wp-content\/uploads\/2022\/12\/Black-Falcons-Fort-31120-1-Alt.-Build-MOC-108731-2-300x300.jpg 300w, https:\/\/mouldking.store\/wp-content\/uploads\/2022\/12\/Black-Falcons-Fort-31120-1-Alt.-Build-MOC-108731-2-768x768.jpg 768w, https:\/\/mouldking.store\/wp-content\/uploads\/2022\/12\/Black-Falcons-Fort-31120-1-Alt.-Build-MOC-108731-2-600x600.jpg 600w, https:\/\/mouldking.store\/wp-content\/uploads\/2022\/12\/Black-Falcons-Fort-31120-1-Alt.-Build-MOC-108731-2-150x150.jpg 150w, https:\/\/mouldking.store\/wp-content\/uploads\/2022\/12\/Black-Falcons-Fort-31120-1-Alt.-Build-MOC-108731-2-60x60.jpg 60w, https:\/\/mouldking.store\/wp-content\/uploads\/2022\/12\/Black-Falcons-Fort-31120-1-Alt.-Build-MOC-108731-2-90x90.jpg 90w, https:\/\/mouldking.store\/wp-content\/uploads\/2022\/12\/Black-Falcons-Fort-31120-1-Alt.-Build-MOC-108731-2.jpg 1100w\" sizes=\"(max-width: 1024px) 100vw, 1024px\" \/><figcaption id=\"caption-attachment-38207\" class=\"wp-caption-text\">MOC-108731 Black Falcon&#039;s Fort 31120-1 Alt. \u00c9p\u00edtsd 1025 DB-vel<\/figcaption><\/figure>\n<figure id=\"attachment_38208\" aria-describedby=\"caption-attachment-38208\" style=\"width: 1024px\" class=\"wp-caption aligncenter\"><img loading=\"lazy\" decoding=\"async\" class=\"wp-image-38208 size-large\" src=\"https:\/\/mouldking.store\/wp-content\/uploads\/2022\/12\/Black-Falcons-Fort-31120-1-Alt.-Build-MOC-108731-3-1024x1024.jpg\" alt=\"MOC-108731 Black Falcon\u2019s Fort 31120-1 Alt. Build With 1025PCS\" width=\"1024\" height=\"1024\" title=\"-\" srcset=\"https:\/\/mouldking.store\/wp-content\/uploads\/2022\/12\/Black-Falcons-Fort-31120-1-Alt.-Build-MOC-108731-3-1024x1024.jpg 1024w, https:\/\/mouldking.store\/wp-content\/uploads\/2022\/12\/Black-Falcons-Fort-31120-1-Alt.-Build-MOC-108731-3-300x300.jpg 300w, https:\/\/mouldking.store\/wp-content\/uploads\/2022\/12\/Black-Falcons-Fort-31120-1-Alt.-Build-MOC-108731-3-768x768.jpg 768w, https:\/\/mouldking.store\/wp-content\/uploads\/2022\/12\/Black-Falcons-Fort-31120-1-Alt.-Build-MOC-108731-3-600x600.jpg 600w, https:\/\/mouldking.store\/wp-content\/uploads\/2022\/12\/Black-Falcons-Fort-31120-1-Alt.-Build-MOC-108731-3-150x150.jpg 150w, https:\/\/mouldking.store\/wp-content\/uploads\/2022\/12\/Black-Falcons-Fort-31120-1-Alt.-Build-MOC-108731-3-60x60.jpg 60w, https:\/\/mouldking.store\/wp-content\/uploads\/2022\/12\/Black-Falcons-Fort-31120-1-Alt.-Build-MOC-108731-3-90x90.jpg 90w, https:\/\/mouldking.store\/wp-content\/uploads\/2022\/12\/Black-Falcons-Fort-31120-1-Alt.-Build-MOC-108731-3.jpg 1100w\" sizes=\"(max-width: 1024px) 100vw, 1024px\" \/><figcaption id=\"caption-attachment-38208\" class=\"wp-caption-text\">MOC-108731 Black Falcon&#039;s Fort 31120-1 Alt. \u00c9p\u00edtsd 1025 DB-vel<\/figcaption><\/figure>\n<figure id=\"attachment_38209\" aria-describedby=\"caption-attachment-38209\" style=\"width: 1024px\" class=\"wp-caption aligncenter\"><img loading=\"lazy\" decoding=\"async\" class=\"wp-image-38209 size-large\" src=\"https:\/\/mouldking.store\/wp-content\/uploads\/2022\/12\/Black-Falcons-Fort-31120-1-Alt.-Build-MOC-108731-4-1024x1024.jpg\" alt=\"MOC-108731 Black Falcon\u2019s Fort 31120-1 Alt. Build With 1025PCS\" width=\"1024\" height=\"1024\" title=\"-\" srcset=\"https:\/\/mouldking.store\/wp-content\/uploads\/2022\/12\/Black-Falcons-Fort-31120-1-Alt.-Build-MOC-108731-4-1024x1024.jpg 1024w, https:\/\/mouldking.store\/wp-content\/uploads\/2022\/12\/Black-Falcons-Fort-31120-1-Alt.-Build-MOC-108731-4-300x300.jpg 300w, https:\/\/mouldking.store\/wp-content\/uploads\/2022\/12\/Black-Falcons-Fort-31120-1-Alt.-Build-MOC-108731-4-768x768.jpg 768w, https:\/\/mouldking.store\/wp-content\/uploads\/2022\/12\/Black-Falcons-Fort-31120-1-Alt.-Build-MOC-108731-4-600x600.jpg 600w, https:\/\/mouldking.store\/wp-content\/uploads\/2022\/12\/Black-Falcons-Fort-31120-1-Alt.-Build-MOC-108731-4-150x150.jpg 150w, https:\/\/mouldking.store\/wp-content\/uploads\/2022\/12\/Black-Falcons-Fort-31120-1-Alt.-Build-MOC-108731-4-60x60.jpg 60w, https:\/\/mouldking.store\/wp-content\/uploads\/2022\/12\/Black-Falcons-Fort-31120-1-Alt.-Build-MOC-108731-4-90x90.jpg 90w, https:\/\/mouldking.store\/wp-content\/uploads\/2022\/12\/Black-Falcons-Fort-31120-1-Alt.-Build-MOC-108731-4.jpg 1100w\" sizes=\"(max-width: 1024px) 100vw, 1024px\" \/><figcaption id=\"caption-attachment-38209\" class=\"wp-caption-text\">MOC-108731 Black Falcon&#039;s Fort 31120-1 Alt. \u00c9p\u00edtsd 1025 DB-vel<\/figcaption><\/figure>\n<figure id=\"attachment_38210\" aria-describedby=\"caption-attachment-38210\" style=\"width: 1100px\" class=\"wp-caption aligncenter\"><img loading=\"lazy\" decoding=\"async\" class=\"wp-image-38210 size-full\" src=\"https:\/\/mouldking.store\/wp-content\/uploads\/2022\/12\/Black-Falcons-Fort-31120-1-Alt.-Build-MOC-108731-5.jpg\" alt=\"MOC-108731 Black Falcon\u2019s Fort 31120-1 Alt. Build With 1025PCS\" width=\"1100\" height=\"1100\" title=\"-\" srcset=\"https:\/\/mouldking.store\/wp-content\/uploads\/2022\/12\/Black-Falcons-Fort-31120-1-Alt.-Build-MOC-108731-5.jpg 1100w, https:\/\/mouldking.store\/wp-content\/uploads\/2022\/12\/Black-Falcons-Fort-31120-1-Alt.-Build-MOC-108731-5-300x300.jpg 300w, https:\/\/mouldking.store\/wp-content\/uploads\/2022\/12\/Black-Falcons-Fort-31120-1-Alt.-Build-MOC-108731-5-1024x1024.jpg 1024w, https:\/\/mouldking.store\/wp-content\/uploads\/2022\/12\/Black-Falcons-Fort-31120-1-Alt.-Build-MOC-108731-5-768x768.jpg 768w, https:\/\/mouldking.store\/wp-content\/uploads\/2022\/12\/Black-Falcons-Fort-31120-1-Alt.-Build-MOC-108731-5-600x600.jpg 600w, https:\/\/mouldking.store\/wp-content\/uploads\/2022\/12\/Black-Falcons-Fort-31120-1-Alt.-Build-MOC-108731-5-150x150.jpg 150w, https:\/\/mouldking.store\/wp-content\/uploads\/2022\/12\/Black-Falcons-Fort-31120-1-Alt.-Build-MOC-108731-5-60x60.jpg 60w, https:\/\/mouldking.store\/wp-content\/uploads\/2022\/12\/Black-Falcons-Fort-31120-1-Alt.-Build-MOC-108731-5-90x90.jpg 90w\" sizes=\"(max-width: 1100px) 100vw, 1100px\" \/><figcaption id=\"caption-attachment-38210\" class=\"wp-caption-text\">MOC-108731 Black Falcon&#039;s Fort 31120-1 Alt. \u00c9p\u00edtsd 1025 DB-vel<\/figcaption><\/figure>","protected":false},"excerpt":{"rendered":"<p>PDF \u00e9p\u00edt\u00e9si \u00fatmutat\u00f3<\/p>\n<p>Eredeti doboz n\u00e9lk\u00fcl<\/p>\n<p>Id\u0151beoszt\u00e1s: 4-8 h\u00e9t<\/p>","protected":false},"featured_media":38205,"comment_status":"closed","ping_status":"closed","template":"","meta":{"_acf_changed":false},"product_cat":[1365,1395,1406],"product_tag":[9616,9620,9617,9626,9629,9627,8583,9625,430,9624,9628,9623],"class_list":["product","first","instock","shipping-taxable","purchasable","product-type-simple"],"acf":[],"_links":{"self":[{"href":"https:\/\/mouldking.store\/hu\/wp-json\/wp\/v2\/product\/38199","targetHints":{"allow":["GET"]}}],"collection":[{"href":"https:\/\/mouldking.store\/hu\/wp-json\/wp\/v2\/product"}],"about":[{"href":"https:\/\/mouldking.store\/hu\/wp-json\/wp\/v2\/types\/product"}],"replies":[{"embeddable":true,"href":"https:\/\/mouldking.store\/hu\/wp-json\/wp\/v2\/comments?post=38199"}],"wp:featuredmedia":[{"embeddable":true,"href":"https:\/\/mouldking.store\/hu\/wp-json\/wp\/v2\/media\/38205"}],"wp:attachment":[{"href":"https:\/\/mouldking.store\/hu\/wp-json\/wp\/v2\/media?parent=38199"}],"wp:term":[{"taxonomy":"product_cat","embeddable":true,"href":"https:\/\/mouldking.store\/hu\/wp-json\/wp\/v2\/product_cat?post=38199"},{"taxonomy":"product_tag","embeddable":true,"href":"https:\/\/mouldking.store\/hu\/wp-json\/wp\/v2\/product_tag?post=38199"}],"curies":[{"name":"wp","href":"https:\/\/api.w.org\/{rel}","templated":true}]}}