{"id":38356,"date":"2022-12-21T15:17:20","date_gmt":"2022-12-21T08:17:20","guid":{"rendered":"https:\/\/mouldking.store\/?post_type=product&#038;p=38356"},"modified":"2025-12-25T09:12:03","modified_gmt":"2025-12-25T02:12:03","slug":"moc-116560-port-sauvage-stone-pier-with-plank-bridge-with-878-pieces","status":"publish","type":"product","link":"https:\/\/mouldking.store\/hu\/shop\/moc-116560-port-sauvage-stone-pier-with-plank-bridge-with-878-pieces\/","title":{"rendered":"MOC-116560 Port Sauvage: K\u0151m\u00f3l\u00f3 deszkah\u00edddal 878 darabbal"},"content":{"rendered":"<ol>\n<li>M\u00e1rka: MOC<\/li>\n<li>Nem: Uniszex<\/li>\n<li>N\u00e9v: Port Sauvage: K\u0151m\u00f3l\u00f3 deszkah\u00edddal<\/li>\n<li>Koroszt\u00e1ly: &gt; 6 \u00e9v<\/li>\n<li>Modellsz\u00e1m: 116560<\/li>\n<li>Besorol\u00e1s: \u00d6sszeszerel\u00e9s<\/li>\n<li>M\u0171anyag blokk forma: \u00f6nz\u00e1r\u00f3 t\u00e9gla<\/li>\n<li>Anyaga: M\u0171anyag<\/li>\n<li>M\u0171anyag t\u00edpus: ABS<\/li>\n<li>T\u00e9gla blokkok: 878 db<\/li>\n<li>S\u00faly: 2200g<\/li>\n<li>R\u00e9szletes \u00f6sszeszerel\u00e9si \u00fatmutat\u00f3t tartalmaz.<\/li>\n<\/ol>\n<p>\u00c9rtes\u00edt\u00e9s:<br \/>\n1. Eredeti doboz n\u00e9lk\u00fcl, de garant\u00e1ljuk, hogy term\u00e9keink min\u0151s\u00e9gbiztos\u00edt\u00e1ssal \u00e9s sz\u00e9p csomagol\u00e1ssal rendelkeznek.<br \/>\n2. Mint minden alkatr\u00e9szt, amelyet a sz\u00e1ll\u00edt\u00e1s el\u0151tt ellen\u0151rizt\u00fcnk, ez\u00e9rt ha \u00fagy tal\u00e1lja, hogy n\u00e9h\u00e1ny alkatr\u00e9sz hi\u00e1nyzik vagy s\u00e9r\u00fclt, ne agg\u00f3djon, \u00e9s k\u00e9rj\u00fck, vegye fel vel\u00fcnk a kapcsolatot, \u00e9s azonnal ingyenesen elk\u00fcldj\u00fck \u00d6nnek.<\/p>\n<figure id=\"attachment_38357\" aria-describedby=\"caption-attachment-38357\" style=\"width: 1024px\" class=\"wp-caption aligncenter\"><img fetchpriority=\"high\" decoding=\"async\" class=\"wp-image-38357 size-large\" src=\"https:\/\/mouldking.store\/wp-content\/uploads\/2022\/12\/MOC-116560-Creator-Port-Sauvage-Stone-Pier-with-Plank-Bridge-MOC-FACTORY-1024x1024.png\" alt=\"MOC-116560 Port Sauvage: Stone Pier with Plank Bridge With 878 Pieces\" width=\"1024\" height=\"1024\" title=\"-\" srcset=\"https:\/\/mouldking.store\/wp-content\/uploads\/2022\/12\/MOC-116560-Creator-Port-Sauvage-Stone-Pier-with-Plank-Bridge-MOC-FACTORY-1024x1024.png 1024w, https:\/\/mouldking.store\/wp-content\/uploads\/2022\/12\/MOC-116560-Creator-Port-Sauvage-Stone-Pier-with-Plank-Bridge-MOC-FACTORY-300x300.png 300w, https:\/\/mouldking.store\/wp-content\/uploads\/2022\/12\/MOC-116560-Creator-Port-Sauvage-Stone-Pier-with-Plank-Bridge-MOC-FACTORY-768x768.png 768w, https:\/\/mouldking.store\/wp-content\/uploads\/2022\/12\/MOC-116560-Creator-Port-Sauvage-Stone-Pier-with-Plank-Bridge-MOC-FACTORY-600x600.png 600w, https:\/\/mouldking.store\/wp-content\/uploads\/2022\/12\/MOC-116560-Creator-Port-Sauvage-Stone-Pier-with-Plank-Bridge-MOC-FACTORY-150x150.png 150w, https:\/\/mouldking.store\/wp-content\/uploads\/2022\/12\/MOC-116560-Creator-Port-Sauvage-Stone-Pier-with-Plank-Bridge-MOC-FACTORY-60x60.png 60w, https:\/\/mouldking.store\/wp-content\/uploads\/2022\/12\/MOC-116560-Creator-Port-Sauvage-Stone-Pier-with-Plank-Bridge-MOC-FACTORY-90x90.png 90w, https:\/\/mouldking.store\/wp-content\/uploads\/2022\/12\/MOC-116560-Creator-Port-Sauvage-Stone-Pier-with-Plank-Bridge-MOC-FACTORY.png 1095w\" sizes=\"(max-width: 1024px) 100vw, 1024px\" \/><figcaption id=\"caption-attachment-38357\" class=\"wp-caption-text\">MOC-116560 Port Sauvage: K\u0151m\u00f3l\u00f3 deszkah\u00edddal 878 darabbal<\/figcaption><\/figure>\n<figure id=\"attachment_38358\" aria-describedby=\"caption-attachment-38358\" style=\"width: 1024px\" class=\"wp-caption aligncenter\"><img decoding=\"async\" class=\"wp-image-38358 size-large\" src=\"https:\/\/mouldking.store\/wp-content\/uploads\/2022\/12\/Port-Sauvage-Stone-Pier-with-Plank-Bridge-MOC-116560-1-1024x1024.jpg\" alt=\"MOC-116560 Port Sauvage: Stone Pier with Plank Bridge With 878 Pieces\" width=\"1024\" height=\"1024\" title=\"-\" srcset=\"https:\/\/mouldking.store\/wp-content\/uploads\/2022\/12\/Port-Sauvage-Stone-Pier-with-Plank-Bridge-MOC-116560-1-1024x1024.jpg 1024w, https:\/\/mouldking.store\/wp-content\/uploads\/2022\/12\/Port-Sauvage-Stone-Pier-with-Plank-Bridge-MOC-116560-1-300x300.jpg 300w, https:\/\/mouldking.store\/wp-content\/uploads\/2022\/12\/Port-Sauvage-Stone-Pier-with-Plank-Bridge-MOC-116560-1-768x768.jpg 768w, https:\/\/mouldking.store\/wp-content\/uploads\/2022\/12\/Port-Sauvage-Stone-Pier-with-Plank-Bridge-MOC-116560-1-600x600.jpg 600w, https:\/\/mouldking.store\/wp-content\/uploads\/2022\/12\/Port-Sauvage-Stone-Pier-with-Plank-Bridge-MOC-116560-1-150x150.jpg 150w, https:\/\/mouldking.store\/wp-content\/uploads\/2022\/12\/Port-Sauvage-Stone-Pier-with-Plank-Bridge-MOC-116560-1-60x60.jpg 60w, https:\/\/mouldking.store\/wp-content\/uploads\/2022\/12\/Port-Sauvage-Stone-Pier-with-Plank-Bridge-MOC-116560-1-90x90.jpg 90w, https:\/\/mouldking.store\/wp-content\/uploads\/2022\/12\/Port-Sauvage-Stone-Pier-with-Plank-Bridge-MOC-116560-1.jpg 1100w\" sizes=\"(max-width: 1024px) 100vw, 1024px\" \/><figcaption id=\"caption-attachment-38358\" class=\"wp-caption-text\">MOC-116560 Port Sauvage: K\u0151m\u00f3l\u00f3 deszkah\u00edddal 878 darabbal<\/figcaption><\/figure>\n<figure id=\"attachment_38359\" aria-describedby=\"caption-attachment-38359\" style=\"width: 1024px\" class=\"wp-caption aligncenter\"><img decoding=\"async\" class=\"wp-image-38359 size-large\" src=\"https:\/\/mouldking.store\/wp-content\/uploads\/2022\/12\/Port-Sauvage-Stone-Pier-with-Plank-Bridge-MOC-116560-2-1024x1024.jpg\" alt=\"MOC-116560 Port Sauvage: Stone Pier with Plank Bridge With 878 Pieces\" width=\"1024\" height=\"1024\" title=\"-\" srcset=\"https:\/\/mouldking.store\/wp-content\/uploads\/2022\/12\/Port-Sauvage-Stone-Pier-with-Plank-Bridge-MOC-116560-2-1024x1024.jpg 1024w, https:\/\/mouldking.store\/wp-content\/uploads\/2022\/12\/Port-Sauvage-Stone-Pier-with-Plank-Bridge-MOC-116560-2-300x300.jpg 300w, https:\/\/mouldking.store\/wp-content\/uploads\/2022\/12\/Port-Sauvage-Stone-Pier-with-Plank-Bridge-MOC-116560-2-768x768.jpg 768w, https:\/\/mouldking.store\/wp-content\/uploads\/2022\/12\/Port-Sauvage-Stone-Pier-with-Plank-Bridge-MOC-116560-2-600x600.jpg 600w, https:\/\/mouldking.store\/wp-content\/uploads\/2022\/12\/Port-Sauvage-Stone-Pier-with-Plank-Bridge-MOC-116560-2-150x150.jpg 150w, https:\/\/mouldking.store\/wp-content\/uploads\/2022\/12\/Port-Sauvage-Stone-Pier-with-Plank-Bridge-MOC-116560-2-60x60.jpg 60w, https:\/\/mouldking.store\/wp-content\/uploads\/2022\/12\/Port-Sauvage-Stone-Pier-with-Plank-Bridge-MOC-116560-2-90x90.jpg 90w, https:\/\/mouldking.store\/wp-content\/uploads\/2022\/12\/Port-Sauvage-Stone-Pier-with-Plank-Bridge-MOC-116560-2.jpg 1100w\" sizes=\"(max-width: 1024px) 100vw, 1024px\" \/><figcaption id=\"caption-attachment-38359\" class=\"wp-caption-text\">MOC-116560 Port Sauvage: K\u0151m\u00f3l\u00f3 deszkah\u00edddal 878 darabbal<\/figcaption><\/figure>\n<figure id=\"attachment_38360\" aria-describedby=\"caption-attachment-38360\" style=\"width: 1024px\" class=\"wp-caption aligncenter\"><img loading=\"lazy\" decoding=\"async\" class=\"wp-image-38360 size-large\" src=\"https:\/\/mouldking.store\/wp-content\/uploads\/2022\/12\/Port-Sauvage-Stone-Pier-with-Plank-Bridge-MOC-116560-3-1024x1024.jpg\" alt=\"MOC-116560 Port Sauvage: Stone Pier with Plank Bridge With 878 Pieces\" width=\"1024\" height=\"1024\" title=\"-\" srcset=\"https:\/\/mouldking.store\/wp-content\/uploads\/2022\/12\/Port-Sauvage-Stone-Pier-with-Plank-Bridge-MOC-116560-3-1024x1024.jpg 1024w, https:\/\/mouldking.store\/wp-content\/uploads\/2022\/12\/Port-Sauvage-Stone-Pier-with-Plank-Bridge-MOC-116560-3-300x300.jpg 300w, https:\/\/mouldking.store\/wp-content\/uploads\/2022\/12\/Port-Sauvage-Stone-Pier-with-Plank-Bridge-MOC-116560-3-768x768.jpg 768w, https:\/\/mouldking.store\/wp-content\/uploads\/2022\/12\/Port-Sauvage-Stone-Pier-with-Plank-Bridge-MOC-116560-3-600x600.jpg 600w, https:\/\/mouldking.store\/wp-content\/uploads\/2022\/12\/Port-Sauvage-Stone-Pier-with-Plank-Bridge-MOC-116560-3-150x150.jpg 150w, https:\/\/mouldking.store\/wp-content\/uploads\/2022\/12\/Port-Sauvage-Stone-Pier-with-Plank-Bridge-MOC-116560-3-60x60.jpg 60w, https:\/\/mouldking.store\/wp-content\/uploads\/2022\/12\/Port-Sauvage-Stone-Pier-with-Plank-Bridge-MOC-116560-3-90x90.jpg 90w, https:\/\/mouldking.store\/wp-content\/uploads\/2022\/12\/Port-Sauvage-Stone-Pier-with-Plank-Bridge-MOC-116560-3.jpg 1100w\" sizes=\"(max-width: 1024px) 100vw, 1024px\" \/><figcaption id=\"caption-attachment-38360\" class=\"wp-caption-text\">MOC-116560 Port Sauvage: K\u0151m\u00f3l\u00f3 deszkah\u00edddal 878 darabbal<\/figcaption><\/figure>","protected":false},"excerpt":{"rendered":"<p>PDF \u00e9p\u00edt\u00e9si \u00fatmutat\u00f3<\/p>\n<p>Eredeti doboz n\u00e9lk\u00fcl<\/p>\n<p>Id\u0151beoszt\u00e1s: 4-8 h\u00e9t<\/p>","protected":false},"featured_media":38357,"comment_status":"closed","ping_status":"closed","template":"","meta":{"_acf_changed":false},"product_cat":[1365,1406],"product_tag":[430,9766,9773,9765,9768,9770,9759,9772,9767,9769,9771],"class_list":["product","first","instock","shipping-taxable","purchasable","product-type-simple"],"acf":[],"_links":{"self":[{"href":"https:\/\/mouldking.store\/hu\/wp-json\/wp\/v2\/product\/38356","targetHints":{"allow":["GET"]}}],"collection":[{"href":"https:\/\/mouldking.store\/hu\/wp-json\/wp\/v2\/product"}],"about":[{"href":"https:\/\/mouldking.store\/hu\/wp-json\/wp\/v2\/types\/product"}],"replies":[{"embeddable":true,"href":"https:\/\/mouldking.store\/hu\/wp-json\/wp\/v2\/comments?post=38356"}],"wp:featuredmedia":[{"embeddable":true,"href":"https:\/\/mouldking.store\/hu\/wp-json\/wp\/v2\/media\/38357"}],"wp:attachment":[{"href":"https:\/\/mouldking.store\/hu\/wp-json\/wp\/v2\/media?parent=38356"}],"wp:term":[{"taxonomy":"product_cat","embeddable":true,"href":"https:\/\/mouldking.store\/hu\/wp-json\/wp\/v2\/product_cat?post=38356"},{"taxonomy":"product_tag","embeddable":true,"href":"https:\/\/mouldking.store\/hu\/wp-json\/wp\/v2\/product_tag?post=38356"}],"curies":[{"name":"wp","href":"https:\/\/api.w.org\/{rel}","templated":true}]}}