{"id":38443,"date":"2022-12-21T18:04:57","date_gmt":"2022-12-21T11:04:57","guid":{"rendered":"https:\/\/mouldking.store\/?post_type=product&#038;p=38443"},"modified":"2025-12-25T09:12:02","modified_gmt":"2025-12-25T02:12:02","slug":"moc-111378-tie-dragonfly-drone-tie-dx-with-456-pieces","status":"publish","type":"product","link":"https:\/\/mouldking.store\/hu\/shop\/moc-111378-tie-dragonfly-drone-tie-dx-with-456-pieces\/","title":{"rendered":"MOC-111378 TIE szitak\u00f6t\u0151 dr\u00f3n (TIE\/dx) 456 darabbal"},"content":{"rendered":"<ol>\n<li>M\u00e1rka: MOC<\/li>\n<li>Nem: Uniszex<\/li>\n<li>Name: TIE Dragonfly Drone (TIE\/dx)<\/li>\n<li>Koroszt\u00e1ly: &gt; 6 \u00e9v<\/li>\n<li>Model Number: 111378<\/li>\n<li>Besorol\u00e1s: \u00d6sszeszerel\u00e9s<\/li>\n<li>M\u0171anyag blokk forma: \u00f6nz\u00e1r\u00f3 t\u00e9gla<\/li>\n<li>Anyaga: M\u0171anyag<\/li>\n<li>M\u0171anyag t\u00edpus: ABS<\/li>\n<li>Bricks Blocks:456 PCS<\/li>\n<li>Dimensions: 21.3 x 17.7 x 10.2cm<\/li>\n<li>S\u00faly: 500g<\/li>\n<li>R\u00e9szletes \u00f6sszeszerel\u00e9si \u00fatmutat\u00f3t tartalmaz.<\/li>\n<\/ol>\n<p>\u00c9rtes\u00edt\u00e9s:<br \/>\n1. Eredeti doboz n\u00e9lk\u00fcl, de garant\u00e1ljuk, hogy term\u00e9keink min\u0151s\u00e9gbiztos\u00edt\u00e1ssal \u00e9s sz\u00e9p csomagol\u00e1ssal rendelkeznek.<br \/>\n2. Mint minden alkatr\u00e9szt, amelyet a sz\u00e1ll\u00edt\u00e1s el\u0151tt ellen\u0151rizt\u00fcnk, ez\u00e9rt ha \u00fagy tal\u00e1lja, hogy n\u00e9h\u00e1ny alkatr\u00e9sz hi\u00e1nyzik vagy s\u00e9r\u00fclt, ne agg\u00f3djon, \u00e9s k\u00e9rj\u00fck, vegye fel vel\u00fcnk a kapcsolatot, \u00e9s azonnal ingyenesen elk\u00fcldj\u00fck \u00d6nnek.<\/p>\n<figure id=\"attachment_38444\" aria-describedby=\"caption-attachment-38444\" style=\"width: 1024px\" class=\"wp-caption aligncenter\"><img fetchpriority=\"high\" decoding=\"async\" class=\"wp-image-38444 size-large\" src=\"https:\/\/mouldking.store\/wp-content\/uploads\/2022\/12\/MOC-111378-Star-Wars-TIE-Dragonfly-Drone-TIEdx-MOC-FACTORY-1024x1024.png\" alt=\"MOC-111378 TIE Dragonfly Drone (TIE\/dx) With 456 Pieces\" width=\"1024\" height=\"1024\" title=\"-\" srcset=\"https:\/\/mouldking.store\/wp-content\/uploads\/2022\/12\/MOC-111378-Star-Wars-TIE-Dragonfly-Drone-TIEdx-MOC-FACTORY-1024x1024.png 1024w, https:\/\/mouldking.store\/wp-content\/uploads\/2022\/12\/MOC-111378-Star-Wars-TIE-Dragonfly-Drone-TIEdx-MOC-FACTORY-300x300.png 300w, https:\/\/mouldking.store\/wp-content\/uploads\/2022\/12\/MOC-111378-Star-Wars-TIE-Dragonfly-Drone-TIEdx-MOC-FACTORY-768x768.png 768w, https:\/\/mouldking.store\/wp-content\/uploads\/2022\/12\/MOC-111378-Star-Wars-TIE-Dragonfly-Drone-TIEdx-MOC-FACTORY-600x600.png 600w, https:\/\/mouldking.store\/wp-content\/uploads\/2022\/12\/MOC-111378-Star-Wars-TIE-Dragonfly-Drone-TIEdx-MOC-FACTORY-150x150.png 150w, https:\/\/mouldking.store\/wp-content\/uploads\/2022\/12\/MOC-111378-Star-Wars-TIE-Dragonfly-Drone-TIEdx-MOC-FACTORY-60x60.png 60w, https:\/\/mouldking.store\/wp-content\/uploads\/2022\/12\/MOC-111378-Star-Wars-TIE-Dragonfly-Drone-TIEdx-MOC-FACTORY-90x90.png 90w, https:\/\/mouldking.store\/wp-content\/uploads\/2022\/12\/MOC-111378-Star-Wars-TIE-Dragonfly-Drone-TIEdx-MOC-FACTORY.png 1095w\" sizes=\"(max-width: 1024px) 100vw, 1024px\" \/><figcaption id=\"caption-attachment-38444\" class=\"wp-caption-text\">MOC-111378 TIE szitak\u00f6t\u0151 dr\u00f3n (TIE\/dx) 456 darabbal<\/figcaption><\/figure>\n<figure id=\"attachment_38445\" aria-describedby=\"caption-attachment-38445\" style=\"width: 1100px\" class=\"wp-caption aligncenter\"><img decoding=\"async\" class=\"wp-image-38445 size-full\" src=\"https:\/\/mouldking.store\/wp-content\/uploads\/2022\/12\/TIE-Dragonfly-Drone-TIEdx-MOC-111378-1.jpg\" alt=\"MOC-111378 TIE Dragonfly Drone (TIE\/dx) With 456 Pieces\" width=\"1100\" height=\"1100\" title=\"-\" srcset=\"https:\/\/mouldking.store\/wp-content\/uploads\/2022\/12\/TIE-Dragonfly-Drone-TIEdx-MOC-111378-1.jpg 1100w, https:\/\/mouldking.store\/wp-content\/uploads\/2022\/12\/TIE-Dragonfly-Drone-TIEdx-MOC-111378-1-300x300.jpg 300w, https:\/\/mouldking.store\/wp-content\/uploads\/2022\/12\/TIE-Dragonfly-Drone-TIEdx-MOC-111378-1-1024x1024.jpg 1024w, https:\/\/mouldking.store\/wp-content\/uploads\/2022\/12\/TIE-Dragonfly-Drone-TIEdx-MOC-111378-1-768x768.jpg 768w, https:\/\/mouldking.store\/wp-content\/uploads\/2022\/12\/TIE-Dragonfly-Drone-TIEdx-MOC-111378-1-600x600.jpg 600w, https:\/\/mouldking.store\/wp-content\/uploads\/2022\/12\/TIE-Dragonfly-Drone-TIEdx-MOC-111378-1-150x150.jpg 150w, https:\/\/mouldking.store\/wp-content\/uploads\/2022\/12\/TIE-Dragonfly-Drone-TIEdx-MOC-111378-1-60x60.jpg 60w, https:\/\/mouldking.store\/wp-content\/uploads\/2022\/12\/TIE-Dragonfly-Drone-TIEdx-MOC-111378-1-90x90.jpg 90w\" sizes=\"(max-width: 1100px) 100vw, 1100px\" \/><figcaption id=\"caption-attachment-38445\" class=\"wp-caption-text\">MOC-111378 TIE szitak\u00f6t\u0151 dr\u00f3n (TIE\/dx) 456 darabbal<\/figcaption><\/figure>\n<figure id=\"attachment_38446\" aria-describedby=\"caption-attachment-38446\" style=\"width: 1100px\" class=\"wp-caption aligncenter\"><img decoding=\"async\" class=\"wp-image-38446 size-full\" src=\"https:\/\/mouldking.store\/wp-content\/uploads\/2022\/12\/TIE-Dragonfly-Drone-TIEdx-MOC-111378-2.jpg\" alt=\"MOC-111378 TIE Dragonfly Drone (TIE\/dx) With 456 Pieces\" width=\"1100\" height=\"1100\" title=\"-\" srcset=\"https:\/\/mouldking.store\/wp-content\/uploads\/2022\/12\/TIE-Dragonfly-Drone-TIEdx-MOC-111378-2.jpg 1100w, https:\/\/mouldking.store\/wp-content\/uploads\/2022\/12\/TIE-Dragonfly-Drone-TIEdx-MOC-111378-2-300x300.jpg 300w, https:\/\/mouldking.store\/wp-content\/uploads\/2022\/12\/TIE-Dragonfly-Drone-TIEdx-MOC-111378-2-1024x1024.jpg 1024w, https:\/\/mouldking.store\/wp-content\/uploads\/2022\/12\/TIE-Dragonfly-Drone-TIEdx-MOC-111378-2-768x768.jpg 768w, https:\/\/mouldking.store\/wp-content\/uploads\/2022\/12\/TIE-Dragonfly-Drone-TIEdx-MOC-111378-2-600x600.jpg 600w, https:\/\/mouldking.store\/wp-content\/uploads\/2022\/12\/TIE-Dragonfly-Drone-TIEdx-MOC-111378-2-150x150.jpg 150w, https:\/\/mouldking.store\/wp-content\/uploads\/2022\/12\/TIE-Dragonfly-Drone-TIEdx-MOC-111378-2-60x60.jpg 60w, https:\/\/mouldking.store\/wp-content\/uploads\/2022\/12\/TIE-Dragonfly-Drone-TIEdx-MOC-111378-2-90x90.jpg 90w\" sizes=\"(max-width: 1100px) 100vw, 1100px\" \/><figcaption id=\"caption-attachment-38446\" class=\"wp-caption-text\">MOC-111378 TIE szitak\u00f6t\u0151 dr\u00f3n (TIE\/dx) 456 darabbal<\/figcaption><\/figure>\n<figure id=\"attachment_38447\" aria-describedby=\"caption-attachment-38447\" style=\"width: 1024px\" class=\"wp-caption aligncenter\"><img loading=\"lazy\" decoding=\"async\" class=\"wp-image-38447 size-large\" src=\"https:\/\/mouldking.store\/wp-content\/uploads\/2022\/12\/TIE-Dragonfly-Drone-TIEdx-MOC-111378-3-1024x1024.jpg\" alt=\"MOC-111378 TIE Dragonfly Drone (TIE\/dx) With 456 Pieces\" width=\"1024\" height=\"1024\" title=\"-\" srcset=\"https:\/\/mouldking.store\/wp-content\/uploads\/2022\/12\/TIE-Dragonfly-Drone-TIEdx-MOC-111378-3-1024x1024.jpg 1024w, https:\/\/mouldking.store\/wp-content\/uploads\/2022\/12\/TIE-Dragonfly-Drone-TIEdx-MOC-111378-3-300x300.jpg 300w, https:\/\/mouldking.store\/wp-content\/uploads\/2022\/12\/TIE-Dragonfly-Drone-TIEdx-MOC-111378-3-768x768.jpg 768w, https:\/\/mouldking.store\/wp-content\/uploads\/2022\/12\/TIE-Dragonfly-Drone-TIEdx-MOC-111378-3-600x600.jpg 600w, https:\/\/mouldking.store\/wp-content\/uploads\/2022\/12\/TIE-Dragonfly-Drone-TIEdx-MOC-111378-3-150x150.jpg 150w, https:\/\/mouldking.store\/wp-content\/uploads\/2022\/12\/TIE-Dragonfly-Drone-TIEdx-MOC-111378-3-60x60.jpg 60w, https:\/\/mouldking.store\/wp-content\/uploads\/2022\/12\/TIE-Dragonfly-Drone-TIEdx-MOC-111378-3-90x90.jpg 90w, https:\/\/mouldking.store\/wp-content\/uploads\/2022\/12\/TIE-Dragonfly-Drone-TIEdx-MOC-111378-3.jpg 1100w\" sizes=\"(max-width: 1024px) 100vw, 1024px\" \/><figcaption id=\"caption-attachment-38447\" class=\"wp-caption-text\">MOC-111378 TIE szitak\u00f6t\u0151 dr\u00f3n (TIE\/dx) 456 darabbal<\/figcaption><\/figure>\n<figure id=\"attachment_38448\" aria-describedby=\"caption-attachment-38448\" style=\"width: 1100px\" class=\"wp-caption aligncenter\"><img loading=\"lazy\" decoding=\"async\" class=\"wp-image-38448 size-full\" src=\"https:\/\/mouldking.store\/wp-content\/uploads\/2022\/12\/TIE-Dragonfly-Drone-TIEdx-MOC-111378-4.jpg\" alt=\"MOC-111378 TIE Dragonfly Drone (TIE\/dx) With 456 Pieces\" width=\"1100\" height=\"1100\" title=\"-\" srcset=\"https:\/\/mouldking.store\/wp-content\/uploads\/2022\/12\/TIE-Dragonfly-Drone-TIEdx-MOC-111378-4.jpg 1100w, https:\/\/mouldking.store\/wp-content\/uploads\/2022\/12\/TIE-Dragonfly-Drone-TIEdx-MOC-111378-4-300x300.jpg 300w, https:\/\/mouldking.store\/wp-content\/uploads\/2022\/12\/TIE-Dragonfly-Drone-TIEdx-MOC-111378-4-1024x1024.jpg 1024w, https:\/\/mouldking.store\/wp-content\/uploads\/2022\/12\/TIE-Dragonfly-Drone-TIEdx-MOC-111378-4-768x768.jpg 768w, https:\/\/mouldking.store\/wp-content\/uploads\/2022\/12\/TIE-Dragonfly-Drone-TIEdx-MOC-111378-4-600x600.jpg 600w, https:\/\/mouldking.store\/wp-content\/uploads\/2022\/12\/TIE-Dragonfly-Drone-TIEdx-MOC-111378-4-150x150.jpg 150w, https:\/\/mouldking.store\/wp-content\/uploads\/2022\/12\/TIE-Dragonfly-Drone-TIEdx-MOC-111378-4-60x60.jpg 60w, https:\/\/mouldking.store\/wp-content\/uploads\/2022\/12\/TIE-Dragonfly-Drone-TIEdx-MOC-111378-4-90x90.jpg 90w\" sizes=\"(max-width: 1100px) 100vw, 1100px\" \/><figcaption id=\"caption-attachment-38448\" class=\"wp-caption-text\">MOC-111378 TIE szitak\u00f6t\u0151 dr\u00f3n (TIE\/dx) 456 darabbal<\/figcaption><\/figure>\n<figure id=\"attachment_38449\" aria-describedby=\"caption-attachment-38449\" style=\"width: 1024px\" class=\"wp-caption aligncenter\"><img loading=\"lazy\" decoding=\"async\" class=\"wp-image-38449 size-large\" src=\"https:\/\/mouldking.store\/wp-content\/uploads\/2022\/12\/TIE-Dragonfly-Drone-TIEdx-MOC-111378-5-1024x1024.jpg\" alt=\"MOC-111378 TIE Dragonfly Drone (TIE\/dx) With 456 Pieces\" width=\"1024\" height=\"1024\" title=\"-\" srcset=\"https:\/\/mouldking.store\/wp-content\/uploads\/2022\/12\/TIE-Dragonfly-Drone-TIEdx-MOC-111378-5-1024x1024.jpg 1024w, https:\/\/mouldking.store\/wp-content\/uploads\/2022\/12\/TIE-Dragonfly-Drone-TIEdx-MOC-111378-5-300x300.jpg 300w, https:\/\/mouldking.store\/wp-content\/uploads\/2022\/12\/TIE-Dragonfly-Drone-TIEdx-MOC-111378-5-768x768.jpg 768w, https:\/\/mouldking.store\/wp-content\/uploads\/2022\/12\/TIE-Dragonfly-Drone-TIEdx-MOC-111378-5-600x600.jpg 600w, https:\/\/mouldking.store\/wp-content\/uploads\/2022\/12\/TIE-Dragonfly-Drone-TIEdx-MOC-111378-5-150x150.jpg 150w, https:\/\/mouldking.store\/wp-content\/uploads\/2022\/12\/TIE-Dragonfly-Drone-TIEdx-MOC-111378-5-60x60.jpg 60w, https:\/\/mouldking.store\/wp-content\/uploads\/2022\/12\/TIE-Dragonfly-Drone-TIEdx-MOC-111378-5-90x90.jpg 90w, https:\/\/mouldking.store\/wp-content\/uploads\/2022\/12\/TIE-Dragonfly-Drone-TIEdx-MOC-111378-5.jpg 1100w\" sizes=\"(max-width: 1024px) 100vw, 1024px\" \/><figcaption id=\"caption-attachment-38449\" class=\"wp-caption-text\">MOC-111378 TIE szitak\u00f6t\u0151 dr\u00f3n (TIE\/dx) 456 darabbal<\/figcaption><\/figure>\n<figure id=\"attachment_38450\" aria-describedby=\"caption-attachment-38450\" style=\"width: 1024px\" class=\"wp-caption aligncenter\"><img loading=\"lazy\" decoding=\"async\" class=\"wp-image-38450 size-large\" src=\"https:\/\/mouldking.store\/wp-content\/uploads\/2022\/12\/TIE-Dragonfly-Drone-TIEdx-MOC-111378-6-1024x1024.jpg\" alt=\"MOC-111378 TIE Dragonfly Drone (TIE\/dx) With 456 Pieces\" width=\"1024\" height=\"1024\" title=\"-\" srcset=\"https:\/\/mouldking.store\/wp-content\/uploads\/2022\/12\/TIE-Dragonfly-Drone-TIEdx-MOC-111378-6-1024x1024.jpg 1024w, https:\/\/mouldking.store\/wp-content\/uploads\/2022\/12\/TIE-Dragonfly-Drone-TIEdx-MOC-111378-6-300x300.jpg 300w, https:\/\/mouldking.store\/wp-content\/uploads\/2022\/12\/TIE-Dragonfly-Drone-TIEdx-MOC-111378-6-768x768.jpg 768w, https:\/\/mouldking.store\/wp-content\/uploads\/2022\/12\/TIE-Dragonfly-Drone-TIEdx-MOC-111378-6-600x600.jpg 600w, https:\/\/mouldking.store\/wp-content\/uploads\/2022\/12\/TIE-Dragonfly-Drone-TIEdx-MOC-111378-6-150x150.jpg 150w, https:\/\/mouldking.store\/wp-content\/uploads\/2022\/12\/TIE-Dragonfly-Drone-TIEdx-MOC-111378-6-60x60.jpg 60w, https:\/\/mouldking.store\/wp-content\/uploads\/2022\/12\/TIE-Dragonfly-Drone-TIEdx-MOC-111378-6-90x90.jpg 90w, https:\/\/mouldking.store\/wp-content\/uploads\/2022\/12\/TIE-Dragonfly-Drone-TIEdx-MOC-111378-6.jpg 1100w\" sizes=\"(max-width: 1024px) 100vw, 1024px\" \/><figcaption id=\"caption-attachment-38450\" class=\"wp-caption-text\">MOC-111378 TIE szitak\u00f6t\u0151 dr\u00f3n (TIE\/dx) 456 darabbal<\/figcaption><\/figure>","protected":false},"excerpt":{"rendered":"<p>PDF \u00e9p\u00edt\u00e9si \u00fatmutat\u00f3<\/p>\n<p>Eredeti doboz n\u00e9lk\u00fcl<\/p>\n<p>Id\u0151beoszt\u00e1s: 4-8 h\u00e9t<\/p>","protected":false},"featured_media":38444,"comment_status":"closed","ping_status":"closed","template":"","meta":{"_acf_changed":false},"product_cat":[1406,415],"product_tag":[8389,9842,430,9841,9846,9840,5532,9843,9845,9844],"class_list":["product","first","instock","shipping-taxable","purchasable","product-type-simple"],"acf":[],"_links":{"self":[{"href":"https:\/\/mouldking.store\/hu\/wp-json\/wp\/v2\/product\/38443","targetHints":{"allow":["GET"]}}],"collection":[{"href":"https:\/\/mouldking.store\/hu\/wp-json\/wp\/v2\/product"}],"about":[{"href":"https:\/\/mouldking.store\/hu\/wp-json\/wp\/v2\/types\/product"}],"replies":[{"embeddable":true,"href":"https:\/\/mouldking.store\/hu\/wp-json\/wp\/v2\/comments?post=38443"}],"wp:featuredmedia":[{"embeddable":true,"href":"https:\/\/mouldking.store\/hu\/wp-json\/wp\/v2\/media\/38444"}],"wp:attachment":[{"href":"https:\/\/mouldking.store\/hu\/wp-json\/wp\/v2\/media?parent=38443"}],"wp:term":[{"taxonomy":"product_cat","embeddable":true,"href":"https:\/\/mouldking.store\/hu\/wp-json\/wp\/v2\/product_cat?post=38443"},{"taxonomy":"product_tag","embeddable":true,"href":"https:\/\/mouldking.store\/hu\/wp-json\/wp\/v2\/product_tag?post=38443"}],"curies":[{"name":"wp","href":"https:\/\/api.w.org\/{rel}","templated":true}]}}