{"id":38518,"date":"2022-12-22T11:10:20","date_gmt":"2022-12-22T04:10:20","guid":{"rendered":"https:\/\/mouldking.store\/?post_type=product&#038;p=38518"},"modified":"2025-12-25T09:11:59","modified_gmt":"2025-12-25T02:11:59","slug":"moc-111759-roman-limes-watchtower-with-3794-pieces","status":"publish","type":"product","link":"https:\/\/mouldking.store\/hu\/shop\/moc-111759-roman-limes-watchtower-with-3794-pieces\/","title":{"rendered":"MOC-111759 Roman Limes \u0150rtorony 3794 darabbal"},"content":{"rendered":"<ol>\n<li>M\u00e1rka: MOC<\/li>\n<li>Nem: Uniszex<\/li>\n<li>N\u00e9v: Roman Limes \u0150rtorony<\/li>\n<li>Koroszt\u00e1ly: &gt; 6 \u00e9v<\/li>\n<li>Modellsz\u00e1m: 111759<\/li>\n<li>Besorol\u00e1s: \u00d6sszeszerel\u00e9s<\/li>\n<li>M\u0171anyag blokk forma: \u00f6nz\u00e1r\u00f3 t\u00e9gla<\/li>\n<li>Anyaga: M\u0171anyag<\/li>\n<li>M\u0171anyag t\u00edpus: ABS<\/li>\n<li>T\u00e9gla blokkok: 3794 DB<\/li>\n<li>S\u00faly: 4200g<\/li>\n<li>R\u00e9szletes \u00f6sszeszerel\u00e9si \u00fatmutat\u00f3t tartalmaz.<\/li>\n<\/ol>\n<p>\u00c9rtes\u00edt\u00e9s:<br \/>\n1. Eredeti doboz n\u00e9lk\u00fcl, de garant\u00e1ljuk, hogy term\u00e9keink min\u0151s\u00e9gbiztos\u00edt\u00e1ssal \u00e9s sz\u00e9p csomagol\u00e1ssal rendelkeznek.<br \/>\n2. Mint minden alkatr\u00e9szt, amelyet a sz\u00e1ll\u00edt\u00e1s el\u0151tt ellen\u0151rizt\u00fcnk, ez\u00e9rt ha \u00fagy tal\u00e1lja, hogy n\u00e9h\u00e1ny alkatr\u00e9sz hi\u00e1nyzik vagy s\u00e9r\u00fclt, ne agg\u00f3djon, \u00e9s k\u00e9rj\u00fck, vegye fel vel\u00fcnk a kapcsolatot, \u00e9s azonnal ingyenesen elk\u00fcldj\u00fck \u00d6nnek.<\/p>\n<figure id=\"attachment_38519\" aria-describedby=\"caption-attachment-38519\" style=\"width: 1004px\" class=\"wp-caption aligncenter\"><img fetchpriority=\"high\" decoding=\"async\" class=\"wp-image-38519 size-full\" src=\"https:\/\/mouldking.store\/wp-content\/uploads\/2022\/12\/MOC-111759-Creator-Roman-Limes-Watchtower-MOC-FACTORY.png\" alt=\"MOC-111759 Roman Limes Watchtower With 3794 Pieces \" width=\"1004\" height=\"1004\" title=\"-\" srcset=\"https:\/\/mouldking.store\/wp-content\/uploads\/2022\/12\/MOC-111759-Creator-Roman-Limes-Watchtower-MOC-FACTORY.png 1004w, https:\/\/mouldking.store\/wp-content\/uploads\/2022\/12\/MOC-111759-Creator-Roman-Limes-Watchtower-MOC-FACTORY-300x300.png 300w, https:\/\/mouldking.store\/wp-content\/uploads\/2022\/12\/MOC-111759-Creator-Roman-Limes-Watchtower-MOC-FACTORY-768x768.png 768w, https:\/\/mouldking.store\/wp-content\/uploads\/2022\/12\/MOC-111759-Creator-Roman-Limes-Watchtower-MOC-FACTORY-600x600.png 600w, https:\/\/mouldking.store\/wp-content\/uploads\/2022\/12\/MOC-111759-Creator-Roman-Limes-Watchtower-MOC-FACTORY-150x150.png 150w, https:\/\/mouldking.store\/wp-content\/uploads\/2022\/12\/MOC-111759-Creator-Roman-Limes-Watchtower-MOC-FACTORY-60x60.png 60w, https:\/\/mouldking.store\/wp-content\/uploads\/2022\/12\/MOC-111759-Creator-Roman-Limes-Watchtower-MOC-FACTORY-90x90.png 90w\" sizes=\"(max-width: 1004px) 100vw, 1004px\" \/><figcaption id=\"caption-attachment-38519\" class=\"wp-caption-text\">MOC-111759 Roman Limes \u0150rtorony 3794 darabbal<\/figcaption><\/figure>\n<figure id=\"attachment_38520\" aria-describedby=\"caption-attachment-38520\" style=\"width: 1024px\" class=\"wp-caption aligncenter\"><img decoding=\"async\" class=\"wp-image-38520 size-large\" src=\"https:\/\/mouldking.store\/wp-content\/uploads\/2022\/12\/Roman-Limes-Watchtower-MOC-111759-1-1024x1024.jpg\" alt=\"MOC-111759 Roman Limes Watchtower With 3794 Pieces \" width=\"1024\" height=\"1024\" title=\"-\" srcset=\"https:\/\/mouldking.store\/wp-content\/uploads\/2022\/12\/Roman-Limes-Watchtower-MOC-111759-1-1024x1024.jpg 1024w, https:\/\/mouldking.store\/wp-content\/uploads\/2022\/12\/Roman-Limes-Watchtower-MOC-111759-1-300x300.jpg 300w, https:\/\/mouldking.store\/wp-content\/uploads\/2022\/12\/Roman-Limes-Watchtower-MOC-111759-1-768x768.jpg 768w, https:\/\/mouldking.store\/wp-content\/uploads\/2022\/12\/Roman-Limes-Watchtower-MOC-111759-1-600x600.jpg 600w, https:\/\/mouldking.store\/wp-content\/uploads\/2022\/12\/Roman-Limes-Watchtower-MOC-111759-1-150x150.jpg 150w, https:\/\/mouldking.store\/wp-content\/uploads\/2022\/12\/Roman-Limes-Watchtower-MOC-111759-1-60x60.jpg 60w, https:\/\/mouldking.store\/wp-content\/uploads\/2022\/12\/Roman-Limes-Watchtower-MOC-111759-1-90x90.jpg 90w, https:\/\/mouldking.store\/wp-content\/uploads\/2022\/12\/Roman-Limes-Watchtower-MOC-111759-1.jpg 1100w\" sizes=\"(max-width: 1024px) 100vw, 1024px\" \/><figcaption id=\"caption-attachment-38520\" class=\"wp-caption-text\">MOC-111759 Roman Limes \u0150rtorony 3794 darabbal<\/figcaption><\/figure>\n<figure id=\"attachment_38521\" aria-describedby=\"caption-attachment-38521\" style=\"width: 1024px\" class=\"wp-caption aligncenter\"><img decoding=\"async\" class=\"wp-image-38521 size-large\" src=\"https:\/\/mouldking.store\/wp-content\/uploads\/2022\/12\/Roman-Limes-Watchtower-MOC-111759-2-1024x1024.jpg\" alt=\"MOC-111759 Roman Limes Watchtower With 3794 Pieces \" width=\"1024\" height=\"1024\" title=\"-\" srcset=\"https:\/\/mouldking.store\/wp-content\/uploads\/2022\/12\/Roman-Limes-Watchtower-MOC-111759-2-1024x1024.jpg 1024w, https:\/\/mouldking.store\/wp-content\/uploads\/2022\/12\/Roman-Limes-Watchtower-MOC-111759-2-300x300.jpg 300w, https:\/\/mouldking.store\/wp-content\/uploads\/2022\/12\/Roman-Limes-Watchtower-MOC-111759-2-768x768.jpg 768w, https:\/\/mouldking.store\/wp-content\/uploads\/2022\/12\/Roman-Limes-Watchtower-MOC-111759-2-600x600.jpg 600w, https:\/\/mouldking.store\/wp-content\/uploads\/2022\/12\/Roman-Limes-Watchtower-MOC-111759-2-150x150.jpg 150w, https:\/\/mouldking.store\/wp-content\/uploads\/2022\/12\/Roman-Limes-Watchtower-MOC-111759-2-60x60.jpg 60w, https:\/\/mouldking.store\/wp-content\/uploads\/2022\/12\/Roman-Limes-Watchtower-MOC-111759-2-90x90.jpg 90w, https:\/\/mouldking.store\/wp-content\/uploads\/2022\/12\/Roman-Limes-Watchtower-MOC-111759-2.jpg 1100w\" sizes=\"(max-width: 1024px) 100vw, 1024px\" \/><figcaption id=\"caption-attachment-38521\" class=\"wp-caption-text\">MOC-111759 Roman Limes \u0150rtorony 3794 darabbal<\/figcaption><\/figure>\n<figure id=\"attachment_38522\" aria-describedby=\"caption-attachment-38522\" style=\"width: 1024px\" class=\"wp-caption aligncenter\"><img loading=\"lazy\" decoding=\"async\" class=\"wp-image-38522 size-large\" src=\"https:\/\/mouldking.store\/wp-content\/uploads\/2022\/12\/Roman-Limes-Watchtower-MOC-111759-3-1024x1024.jpg\" alt=\"MOC-111759 Roman Limes Watchtower With 3794 Pieces \" width=\"1024\" height=\"1024\" title=\"-\" srcset=\"https:\/\/mouldking.store\/wp-content\/uploads\/2022\/12\/Roman-Limes-Watchtower-MOC-111759-3-1024x1024.jpg 1024w, https:\/\/mouldking.store\/wp-content\/uploads\/2022\/12\/Roman-Limes-Watchtower-MOC-111759-3-300x300.jpg 300w, https:\/\/mouldking.store\/wp-content\/uploads\/2022\/12\/Roman-Limes-Watchtower-MOC-111759-3-768x768.jpg 768w, https:\/\/mouldking.store\/wp-content\/uploads\/2022\/12\/Roman-Limes-Watchtower-MOC-111759-3-600x600.jpg 600w, https:\/\/mouldking.store\/wp-content\/uploads\/2022\/12\/Roman-Limes-Watchtower-MOC-111759-3-150x150.jpg 150w, https:\/\/mouldking.store\/wp-content\/uploads\/2022\/12\/Roman-Limes-Watchtower-MOC-111759-3-60x60.jpg 60w, https:\/\/mouldking.store\/wp-content\/uploads\/2022\/12\/Roman-Limes-Watchtower-MOC-111759-3-90x90.jpg 90w, https:\/\/mouldking.store\/wp-content\/uploads\/2022\/12\/Roman-Limes-Watchtower-MOC-111759-3.jpg 1100w\" sizes=\"(max-width: 1024px) 100vw, 1024px\" \/><figcaption id=\"caption-attachment-38522\" class=\"wp-caption-text\">MOC-111759 Roman Limes \u0150rtorony 3794 darabbal<\/figcaption><\/figure>\n<figure id=\"attachment_38523\" aria-describedby=\"caption-attachment-38523\" style=\"width: 1024px\" class=\"wp-caption aligncenter\"><img loading=\"lazy\" decoding=\"async\" class=\"wp-image-38523 size-large\" src=\"https:\/\/mouldking.store\/wp-content\/uploads\/2022\/12\/Roman-Limes-Watchtower-MOC-111759-4-1024x1024.jpg\" alt=\"MOC-111759 Roman Limes Watchtower With 3794 Pieces \" width=\"1024\" height=\"1024\" title=\"-\" srcset=\"https:\/\/mouldking.store\/wp-content\/uploads\/2022\/12\/Roman-Limes-Watchtower-MOC-111759-4-1024x1024.jpg 1024w, https:\/\/mouldking.store\/wp-content\/uploads\/2022\/12\/Roman-Limes-Watchtower-MOC-111759-4-300x300.jpg 300w, https:\/\/mouldking.store\/wp-content\/uploads\/2022\/12\/Roman-Limes-Watchtower-MOC-111759-4-768x768.jpg 768w, https:\/\/mouldking.store\/wp-content\/uploads\/2022\/12\/Roman-Limes-Watchtower-MOC-111759-4-600x600.jpg 600w, https:\/\/mouldking.store\/wp-content\/uploads\/2022\/12\/Roman-Limes-Watchtower-MOC-111759-4-150x150.jpg 150w, https:\/\/mouldking.store\/wp-content\/uploads\/2022\/12\/Roman-Limes-Watchtower-MOC-111759-4-60x60.jpg 60w, https:\/\/mouldking.store\/wp-content\/uploads\/2022\/12\/Roman-Limes-Watchtower-MOC-111759-4-90x90.jpg 90w, https:\/\/mouldking.store\/wp-content\/uploads\/2022\/12\/Roman-Limes-Watchtower-MOC-111759-4.jpg 1100w\" sizes=\"(max-width: 1024px) 100vw, 1024px\" \/><figcaption id=\"caption-attachment-38523\" class=\"wp-caption-text\">MOC-111759 Roman Limes \u0150rtorony 3794 darabbal<\/figcaption><\/figure>\n<figure id=\"attachment_38524\" aria-describedby=\"caption-attachment-38524\" style=\"width: 1024px\" class=\"wp-caption aligncenter\"><img loading=\"lazy\" decoding=\"async\" class=\"wp-image-38524 size-large\" src=\"https:\/\/mouldking.store\/wp-content\/uploads\/2022\/12\/Roman-Limes-Watchtower-MOC-111759-5-1024x1024.jpg\" alt=\"MOC-111759 Roman Limes Watchtower With 3794 Pieces \" width=\"1024\" height=\"1024\" title=\"-\" srcset=\"https:\/\/mouldking.store\/wp-content\/uploads\/2022\/12\/Roman-Limes-Watchtower-MOC-111759-5-1024x1024.jpg 1024w, https:\/\/mouldking.store\/wp-content\/uploads\/2022\/12\/Roman-Limes-Watchtower-MOC-111759-5-300x300.jpg 300w, https:\/\/mouldking.store\/wp-content\/uploads\/2022\/12\/Roman-Limes-Watchtower-MOC-111759-5-768x768.jpg 768w, https:\/\/mouldking.store\/wp-content\/uploads\/2022\/12\/Roman-Limes-Watchtower-MOC-111759-5-600x600.jpg 600w, https:\/\/mouldking.store\/wp-content\/uploads\/2022\/12\/Roman-Limes-Watchtower-MOC-111759-5-150x150.jpg 150w, https:\/\/mouldking.store\/wp-content\/uploads\/2022\/12\/Roman-Limes-Watchtower-MOC-111759-5-60x60.jpg 60w, https:\/\/mouldking.store\/wp-content\/uploads\/2022\/12\/Roman-Limes-Watchtower-MOC-111759-5-90x90.jpg 90w, https:\/\/mouldking.store\/wp-content\/uploads\/2022\/12\/Roman-Limes-Watchtower-MOC-111759-5.jpg 1100w\" sizes=\"(max-width: 1024px) 100vw, 1024px\" \/><figcaption id=\"caption-attachment-38524\" class=\"wp-caption-text\">MOC-111759 Roman Limes \u0150rtorony 3794 darabbal<\/figcaption><\/figure>\n<figure id=\"attachment_38525\" aria-describedby=\"caption-attachment-38525\" style=\"width: 2000px\" class=\"wp-caption aligncenter\"><img loading=\"lazy\" decoding=\"async\" class=\"wp-image-38525 size-full\" src=\"https:\/\/mouldking.store\/wp-content\/uploads\/2022\/12\/Roman-Limes-Watchtower-MOC-111759-6.jpg\" alt=\"MOC-111759 Roman Limes Watchtower With 3794 Pieces \" width=\"2000\" height=\"2000\" title=\"-\" srcset=\"https:\/\/mouldking.store\/wp-content\/uploads\/2022\/12\/Roman-Limes-Watchtower-MOC-111759-6.jpg 2000w, https:\/\/mouldking.store\/wp-content\/uploads\/2022\/12\/Roman-Limes-Watchtower-MOC-111759-6-300x300.jpg 300w, https:\/\/mouldking.store\/wp-content\/uploads\/2022\/12\/Roman-Limes-Watchtower-MOC-111759-6-1024x1024.jpg 1024w, https:\/\/mouldking.store\/wp-content\/uploads\/2022\/12\/Roman-Limes-Watchtower-MOC-111759-6-768x768.jpg 768w, https:\/\/mouldking.store\/wp-content\/uploads\/2022\/12\/Roman-Limes-Watchtower-MOC-111759-6-1536x1536.jpg 1536w, https:\/\/mouldking.store\/wp-content\/uploads\/2022\/12\/Roman-Limes-Watchtower-MOC-111759-6-600x600.jpg 600w, https:\/\/mouldking.store\/wp-content\/uploads\/2022\/12\/Roman-Limes-Watchtower-MOC-111759-6-150x150.jpg 150w, https:\/\/mouldking.store\/wp-content\/uploads\/2022\/12\/Roman-Limes-Watchtower-MOC-111759-6-60x60.jpg 60w, https:\/\/mouldking.store\/wp-content\/uploads\/2022\/12\/Roman-Limes-Watchtower-MOC-111759-6-90x90.jpg 90w\" sizes=\"(max-width: 2000px) 100vw, 2000px\" \/><figcaption id=\"caption-attachment-38525\" class=\"wp-caption-text\">MOC-111759 Roman Limes \u0150rtorony 3794 darabbal<\/figcaption><\/figure>","protected":false},"excerpt":{"rendered":"<p>PDF \u00e9p\u00edt\u00e9si \u00fatmutat\u00f3<\/p>\n<p>Eredeti doboz n\u00e9lk\u00fcl<\/p>\n<p>Id\u0151beoszt\u00e1s: 4-8 h\u00e9t<\/p>","protected":false},"featured_media":38519,"comment_status":"closed","ping_status":"closed","template":"","meta":{"_acf_changed":false},"product_cat":[1365,1395,1406],"product_tag":[9916,430,9914,9919,9913,9915,9918,9917],"class_list":["product","first","instock","shipping-taxable","purchasable","product-type-simple"],"acf":[],"_links":{"self":[{"href":"https:\/\/mouldking.store\/hu\/wp-json\/wp\/v2\/product\/38518","targetHints":{"allow":["GET"]}}],"collection":[{"href":"https:\/\/mouldking.store\/hu\/wp-json\/wp\/v2\/product"}],"about":[{"href":"https:\/\/mouldking.store\/hu\/wp-json\/wp\/v2\/types\/product"}],"replies":[{"embeddable":true,"href":"https:\/\/mouldking.store\/hu\/wp-json\/wp\/v2\/comments?post=38518"}],"wp:featuredmedia":[{"embeddable":true,"href":"https:\/\/mouldking.store\/hu\/wp-json\/wp\/v2\/media\/38519"}],"wp:attachment":[{"href":"https:\/\/mouldking.store\/hu\/wp-json\/wp\/v2\/media?parent=38518"}],"wp:term":[{"taxonomy":"product_cat","embeddable":true,"href":"https:\/\/mouldking.store\/hu\/wp-json\/wp\/v2\/product_cat?post=38518"},{"taxonomy":"product_tag","embeddable":true,"href":"https:\/\/mouldking.store\/hu\/wp-json\/wp\/v2\/product_tag?post=38518"}],"curies":[{"name":"wp","href":"https:\/\/api.w.org\/{rel}","templated":true}]}}