{"id":38605,"date":"2022-12-22T17:31:37","date_gmt":"2022-12-22T10:31:37","guid":{"rendered":"https:\/\/mouldking.store\/?post_type=product&#038;p=38605"},"modified":"2025-12-25T09:11:58","modified_gmt":"2025-12-25T02:11:58","slug":"moc-111758-plants-vs-zombies-game-scenes-with-1595-pieces","status":"publish","type":"product","link":"https:\/\/mouldking.store\/hu\/shop\/moc-111758-plants-vs-zombies-game-scenes-with-1595-pieces\/","title":{"rendered":"MOC-111758 Plants vs. Zombies j\u00e1t\u00e9kjelenetek 1595 darabbal"},"content":{"rendered":"<ol>\n<li>M\u00e1rka: MOC<\/li>\n<li>Nem: Uniszex<\/li>\n<li>Name: Plants vs. Zombies Game Scenes<\/li>\n<li>Koroszt\u00e1ly: &gt; 6 \u00e9v<\/li>\n<li>Model Number: 111758<\/li>\n<li>Besorol\u00e1s: \u00d6sszeszerel\u00e9s<\/li>\n<li>M\u0171anyag blokk forma: \u00f6nz\u00e1r\u00f3 t\u00e9gla<\/li>\n<li>Anyaga: M\u0171anyag<\/li>\n<li>M\u0171anyag t\u00edpus: ABS<\/li>\n<li>Bricks Blocks:1595 PCS<\/li>\n<li>S\u00faly: 1400g<\/li>\n<li>R\u00e9szletes \u00f6sszeszerel\u00e9si \u00fatmutat\u00f3t tartalmaz.<\/li>\n<\/ol>\n<p>\u00c9rtes\u00edt\u00e9s:<br \/>\n1. Eredeti doboz n\u00e9lk\u00fcl, de garant\u00e1ljuk, hogy term\u00e9keink min\u0151s\u00e9gbiztos\u00edt\u00e1ssal \u00e9s sz\u00e9p csomagol\u00e1ssal rendelkeznek.<br \/>\n2. Mint minden alkatr\u00e9szt, amelyet a sz\u00e1ll\u00edt\u00e1s el\u0151tt ellen\u0151rizt\u00fcnk, ez\u00e9rt ha \u00fagy tal\u00e1lja, hogy n\u00e9h\u00e1ny alkatr\u00e9sz hi\u00e1nyzik vagy s\u00e9r\u00fclt, ne agg\u00f3djon, \u00e9s k\u00e9rj\u00fck, vegye fel vel\u00fcnk a kapcsolatot, \u00e9s azonnal ingyenesen elk\u00fcldj\u00fck \u00d6nnek.<\/p>\n<figure id=\"attachment_38606\" aria-describedby=\"caption-attachment-38606\" style=\"width: 1004px\" class=\"wp-caption aligncenter\"><img fetchpriority=\"high\" decoding=\"async\" class=\"wp-image-38606 size-full\" src=\"https:\/\/mouldking.store\/wp-content\/uploads\/2022\/12\/MOC-111758-Creator-Plants-vs.-Zombies-Game-Scenes-MOC-FACTORY.png\" alt=\"MOC-111758 Plants vs. Zombies Game Scenes With 1595 Pieces\" width=\"1004\" height=\"1004\" title=\"-\" srcset=\"https:\/\/mouldking.store\/wp-content\/uploads\/2022\/12\/MOC-111758-Creator-Plants-vs.-Zombies-Game-Scenes-MOC-FACTORY.png 1004w, https:\/\/mouldking.store\/wp-content\/uploads\/2022\/12\/MOC-111758-Creator-Plants-vs.-Zombies-Game-Scenes-MOC-FACTORY-300x300.png 300w, https:\/\/mouldking.store\/wp-content\/uploads\/2022\/12\/MOC-111758-Creator-Plants-vs.-Zombies-Game-Scenes-MOC-FACTORY-768x768.png 768w, https:\/\/mouldking.store\/wp-content\/uploads\/2022\/12\/MOC-111758-Creator-Plants-vs.-Zombies-Game-Scenes-MOC-FACTORY-600x600.png 600w, https:\/\/mouldking.store\/wp-content\/uploads\/2022\/12\/MOC-111758-Creator-Plants-vs.-Zombies-Game-Scenes-MOC-FACTORY-150x150.png 150w, https:\/\/mouldking.store\/wp-content\/uploads\/2022\/12\/MOC-111758-Creator-Plants-vs.-Zombies-Game-Scenes-MOC-FACTORY-60x60.png 60w, https:\/\/mouldking.store\/wp-content\/uploads\/2022\/12\/MOC-111758-Creator-Plants-vs.-Zombies-Game-Scenes-MOC-FACTORY-90x90.png 90w\" sizes=\"(max-width: 1004px) 100vw, 1004px\" \/><figcaption id=\"caption-attachment-38606\" class=\"wp-caption-text\">MOC-111758 Plants vs. Zombies j\u00e1t\u00e9kjelenetek 1595 darabbal<\/figcaption><\/figure>\n<figure id=\"attachment_38607\" aria-describedby=\"caption-attachment-38607\" style=\"width: 1024px\" class=\"wp-caption aligncenter\"><img decoding=\"async\" class=\"wp-image-38607 size-large\" src=\"https:\/\/mouldking.store\/wp-content\/uploads\/2022\/12\/Plants-vs.-Zombies-Game-Scenes-MOC-111758-1-1024x1024.jpg\" alt=\"MOC-111758 Plants vs. Zombies Game Scenes With 1595 Pieces\" width=\"1024\" height=\"1024\" title=\"-\" srcset=\"https:\/\/mouldking.store\/wp-content\/uploads\/2022\/12\/Plants-vs.-Zombies-Game-Scenes-MOC-111758-1-1024x1024.jpg 1024w, https:\/\/mouldking.store\/wp-content\/uploads\/2022\/12\/Plants-vs.-Zombies-Game-Scenes-MOC-111758-1-300x300.jpg 300w, https:\/\/mouldking.store\/wp-content\/uploads\/2022\/12\/Plants-vs.-Zombies-Game-Scenes-MOC-111758-1-768x768.jpg 768w, https:\/\/mouldking.store\/wp-content\/uploads\/2022\/12\/Plants-vs.-Zombies-Game-Scenes-MOC-111758-1-600x600.jpg 600w, https:\/\/mouldking.store\/wp-content\/uploads\/2022\/12\/Plants-vs.-Zombies-Game-Scenes-MOC-111758-1-150x150.jpg 150w, https:\/\/mouldking.store\/wp-content\/uploads\/2022\/12\/Plants-vs.-Zombies-Game-Scenes-MOC-111758-1-60x60.jpg 60w, https:\/\/mouldking.store\/wp-content\/uploads\/2022\/12\/Plants-vs.-Zombies-Game-Scenes-MOC-111758-1-90x90.jpg 90w, https:\/\/mouldking.store\/wp-content\/uploads\/2022\/12\/Plants-vs.-Zombies-Game-Scenes-MOC-111758-1.jpg 1100w\" sizes=\"(max-width: 1024px) 100vw, 1024px\" \/><figcaption id=\"caption-attachment-38607\" class=\"wp-caption-text\">MOC-111758 Plants vs. Zombies j\u00e1t\u00e9kjelenetek 1595 darabbal<\/figcaption><\/figure>\n<figure id=\"attachment_38608\" aria-describedby=\"caption-attachment-38608\" style=\"width: 1024px\" class=\"wp-caption aligncenter\"><img decoding=\"async\" class=\"wp-image-38608 size-large\" src=\"https:\/\/mouldking.store\/wp-content\/uploads\/2022\/12\/Plants-vs.-Zombies-Game-Scenes-MOC-111758-2-1024x1024.jpg\" alt=\"MOC-111758 Plants vs. Zombies Game Scenes With 1595 Pieces\" width=\"1024\" height=\"1024\" title=\"-\" srcset=\"https:\/\/mouldking.store\/wp-content\/uploads\/2022\/12\/Plants-vs.-Zombies-Game-Scenes-MOC-111758-2-1024x1024.jpg 1024w, https:\/\/mouldking.store\/wp-content\/uploads\/2022\/12\/Plants-vs.-Zombies-Game-Scenes-MOC-111758-2-300x300.jpg 300w, https:\/\/mouldking.store\/wp-content\/uploads\/2022\/12\/Plants-vs.-Zombies-Game-Scenes-MOC-111758-2-768x768.jpg 768w, https:\/\/mouldking.store\/wp-content\/uploads\/2022\/12\/Plants-vs.-Zombies-Game-Scenes-MOC-111758-2-600x600.jpg 600w, https:\/\/mouldking.store\/wp-content\/uploads\/2022\/12\/Plants-vs.-Zombies-Game-Scenes-MOC-111758-2-150x150.jpg 150w, https:\/\/mouldking.store\/wp-content\/uploads\/2022\/12\/Plants-vs.-Zombies-Game-Scenes-MOC-111758-2-60x60.jpg 60w, https:\/\/mouldking.store\/wp-content\/uploads\/2022\/12\/Plants-vs.-Zombies-Game-Scenes-MOC-111758-2-90x90.jpg 90w, https:\/\/mouldking.store\/wp-content\/uploads\/2022\/12\/Plants-vs.-Zombies-Game-Scenes-MOC-111758-2.jpg 1100w\" sizes=\"(max-width: 1024px) 100vw, 1024px\" \/><figcaption id=\"caption-attachment-38608\" class=\"wp-caption-text\">MOC-111758 Plants vs. Zombies j\u00e1t\u00e9kjelenetek 1595 darabbal<\/figcaption><\/figure>\n<figure id=\"attachment_38609\" aria-describedby=\"caption-attachment-38609\" style=\"width: 1024px\" class=\"wp-caption aligncenter\"><img loading=\"lazy\" decoding=\"async\" class=\"wp-image-38609 size-large\" src=\"https:\/\/mouldking.store\/wp-content\/uploads\/2022\/12\/Plants-vs.-Zombies-Game-Scenes-MOC-111758-33-1024x1024.jpg\" alt=\"MOC-111758 Plants vs. Zombies Game Scenes With 1595 Pieces\" width=\"1024\" height=\"1024\" title=\"-\" srcset=\"https:\/\/mouldking.store\/wp-content\/uploads\/2022\/12\/Plants-vs.-Zombies-Game-Scenes-MOC-111758-33-1024x1024.jpg 1024w, https:\/\/mouldking.store\/wp-content\/uploads\/2022\/12\/Plants-vs.-Zombies-Game-Scenes-MOC-111758-33-300x300.jpg 300w, https:\/\/mouldking.store\/wp-content\/uploads\/2022\/12\/Plants-vs.-Zombies-Game-Scenes-MOC-111758-33-768x768.jpg 768w, https:\/\/mouldking.store\/wp-content\/uploads\/2022\/12\/Plants-vs.-Zombies-Game-Scenes-MOC-111758-33-600x600.jpg 600w, https:\/\/mouldking.store\/wp-content\/uploads\/2022\/12\/Plants-vs.-Zombies-Game-Scenes-MOC-111758-33-150x150.jpg 150w, https:\/\/mouldking.store\/wp-content\/uploads\/2022\/12\/Plants-vs.-Zombies-Game-Scenes-MOC-111758-33-60x60.jpg 60w, https:\/\/mouldking.store\/wp-content\/uploads\/2022\/12\/Plants-vs.-Zombies-Game-Scenes-MOC-111758-33-90x90.jpg 90w, https:\/\/mouldking.store\/wp-content\/uploads\/2022\/12\/Plants-vs.-Zombies-Game-Scenes-MOC-111758-33.jpg 1100w\" sizes=\"(max-width: 1024px) 100vw, 1024px\" \/><figcaption id=\"caption-attachment-38609\" class=\"wp-caption-text\">MOC-111758 Plants vs. Zombies j\u00e1t\u00e9kjelenetek 1595 darabbal<\/figcaption><\/figure>\n<figure id=\"attachment_38610\" aria-describedby=\"caption-attachment-38610\" style=\"width: 1100px\" class=\"wp-caption aligncenter\"><img loading=\"lazy\" decoding=\"async\" class=\"wp-image-38610 size-full\" src=\"https:\/\/mouldking.store\/wp-content\/uploads\/2022\/12\/Plants-vs.-Zombies-Game-Scenes-MOC-111758-4.jpg\" alt=\"MOC-111758 Plants vs. Zombies Game Scenes With 1595 Pieces\" width=\"1100\" height=\"1100\" title=\"-\" srcset=\"https:\/\/mouldking.store\/wp-content\/uploads\/2022\/12\/Plants-vs.-Zombies-Game-Scenes-MOC-111758-4.jpg 1100w, https:\/\/mouldking.store\/wp-content\/uploads\/2022\/12\/Plants-vs.-Zombies-Game-Scenes-MOC-111758-4-300x300.jpg 300w, https:\/\/mouldking.store\/wp-content\/uploads\/2022\/12\/Plants-vs.-Zombies-Game-Scenes-MOC-111758-4-1024x1024.jpg 1024w, https:\/\/mouldking.store\/wp-content\/uploads\/2022\/12\/Plants-vs.-Zombies-Game-Scenes-MOC-111758-4-768x768.jpg 768w, https:\/\/mouldking.store\/wp-content\/uploads\/2022\/12\/Plants-vs.-Zombies-Game-Scenes-MOC-111758-4-600x600.jpg 600w, https:\/\/mouldking.store\/wp-content\/uploads\/2022\/12\/Plants-vs.-Zombies-Game-Scenes-MOC-111758-4-150x150.jpg 150w, https:\/\/mouldking.store\/wp-content\/uploads\/2022\/12\/Plants-vs.-Zombies-Game-Scenes-MOC-111758-4-60x60.jpg 60w, https:\/\/mouldking.store\/wp-content\/uploads\/2022\/12\/Plants-vs.-Zombies-Game-Scenes-MOC-111758-4-90x90.jpg 90w\" sizes=\"(max-width: 1100px) 100vw, 1100px\" \/><figcaption id=\"caption-attachment-38610\" class=\"wp-caption-text\">MOC-111758 Plants vs. Zombies j\u00e1t\u00e9kjelenetek 1595 darabbal<\/figcaption><\/figure>\n<figure id=\"attachment_38611\" aria-describedby=\"caption-attachment-38611\" style=\"width: 1024px\" class=\"wp-caption aligncenter\"><img loading=\"lazy\" decoding=\"async\" class=\"wp-image-38611 size-large\" src=\"https:\/\/mouldking.store\/wp-content\/uploads\/2022\/12\/Plants-vs.-Zombies-Game-Scenes-MOC-111758-5-1024x1024.jpg\" alt=\"MOC-111758 Plants vs. Zombies Game Scenes With 1595 Pieces\" width=\"1024\" height=\"1024\" title=\"-\" srcset=\"https:\/\/mouldking.store\/wp-content\/uploads\/2022\/12\/Plants-vs.-Zombies-Game-Scenes-MOC-111758-5-1024x1024.jpg 1024w, https:\/\/mouldking.store\/wp-content\/uploads\/2022\/12\/Plants-vs.-Zombies-Game-Scenes-MOC-111758-5-300x300.jpg 300w, https:\/\/mouldking.store\/wp-content\/uploads\/2022\/12\/Plants-vs.-Zombies-Game-Scenes-MOC-111758-5-768x768.jpg 768w, https:\/\/mouldking.store\/wp-content\/uploads\/2022\/12\/Plants-vs.-Zombies-Game-Scenes-MOC-111758-5-600x600.jpg 600w, https:\/\/mouldking.store\/wp-content\/uploads\/2022\/12\/Plants-vs.-Zombies-Game-Scenes-MOC-111758-5-150x150.jpg 150w, https:\/\/mouldking.store\/wp-content\/uploads\/2022\/12\/Plants-vs.-Zombies-Game-Scenes-MOC-111758-5-60x60.jpg 60w, https:\/\/mouldking.store\/wp-content\/uploads\/2022\/12\/Plants-vs.-Zombies-Game-Scenes-MOC-111758-5-90x90.jpg 90w, https:\/\/mouldking.store\/wp-content\/uploads\/2022\/12\/Plants-vs.-Zombies-Game-Scenes-MOC-111758-5.jpg 1100w\" sizes=\"(max-width: 1024px) 100vw, 1024px\" \/><figcaption id=\"caption-attachment-38611\" class=\"wp-caption-text\">MOC-111758 Plants vs. Zombies j\u00e1t\u00e9kjelenetek 1595 darabbal<\/figcaption><\/figure>\n<figure id=\"attachment_38612\" aria-describedby=\"caption-attachment-38612\" style=\"width: 1024px\" class=\"wp-caption aligncenter\"><img loading=\"lazy\" decoding=\"async\" class=\"wp-image-38612 size-large\" src=\"https:\/\/mouldking.store\/wp-content\/uploads\/2022\/12\/Plants-vs.-Zombies-Game-Scenes-MOC-111758-6-1024x1024.jpg\" alt=\"MOC-111758 Plants vs. Zombies Game Scenes With 1595 Pieces\" width=\"1024\" height=\"1024\" title=\"-\" srcset=\"https:\/\/mouldking.store\/wp-content\/uploads\/2022\/12\/Plants-vs.-Zombies-Game-Scenes-MOC-111758-6-1024x1024.jpg 1024w, https:\/\/mouldking.store\/wp-content\/uploads\/2022\/12\/Plants-vs.-Zombies-Game-Scenes-MOC-111758-6-300x300.jpg 300w, https:\/\/mouldking.store\/wp-content\/uploads\/2022\/12\/Plants-vs.-Zombies-Game-Scenes-MOC-111758-6-768x768.jpg 768w, https:\/\/mouldking.store\/wp-content\/uploads\/2022\/12\/Plants-vs.-Zombies-Game-Scenes-MOC-111758-6-600x600.jpg 600w, https:\/\/mouldking.store\/wp-content\/uploads\/2022\/12\/Plants-vs.-Zombies-Game-Scenes-MOC-111758-6-150x150.jpg 150w, https:\/\/mouldking.store\/wp-content\/uploads\/2022\/12\/Plants-vs.-Zombies-Game-Scenes-MOC-111758-6-60x60.jpg 60w, https:\/\/mouldking.store\/wp-content\/uploads\/2022\/12\/Plants-vs.-Zombies-Game-Scenes-MOC-111758-6-90x90.jpg 90w, https:\/\/mouldking.store\/wp-content\/uploads\/2022\/12\/Plants-vs.-Zombies-Game-Scenes-MOC-111758-6.jpg 1100w\" sizes=\"(max-width: 1024px) 100vw, 1024px\" \/><figcaption id=\"caption-attachment-38612\" class=\"wp-caption-text\">MOC-111758 Plants vs. Zombies j\u00e1t\u00e9kjelenetek 1595 darabbal<\/figcaption><\/figure>","protected":false},"excerpt":{"rendered":"<p>PDF \u00e9p\u00edt\u00e9si \u00fatmutat\u00f3<\/p>\n<p>Eredeti doboz n\u00e9lk\u00fcl<\/p>\n<p>Id\u0151beoszt\u00e1s: 4-8 h\u00e9t<\/p>","protected":false},"featured_media":38606,"comment_status":"closed","ping_status":"closed","template":"","meta":{"_acf_changed":false},"product_cat":[1365,1406],"product_tag":[9139,10004,430,9999,10006,9998,10000,10002,10005,10003,10001],"class_list":["product","first","instock","shipping-taxable","purchasable","product-type-simple"],"acf":[],"_links":{"self":[{"href":"https:\/\/mouldking.store\/hu\/wp-json\/wp\/v2\/product\/38605","targetHints":{"allow":["GET"]}}],"collection":[{"href":"https:\/\/mouldking.store\/hu\/wp-json\/wp\/v2\/product"}],"about":[{"href":"https:\/\/mouldking.store\/hu\/wp-json\/wp\/v2\/types\/product"}],"replies":[{"embeddable":true,"href":"https:\/\/mouldking.store\/hu\/wp-json\/wp\/v2\/comments?post=38605"}],"wp:featuredmedia":[{"embeddable":true,"href":"https:\/\/mouldking.store\/hu\/wp-json\/wp\/v2\/media\/38606"}],"wp:attachment":[{"href":"https:\/\/mouldking.store\/hu\/wp-json\/wp\/v2\/media?parent=38605"}],"wp:term":[{"taxonomy":"product_cat","embeddable":true,"href":"https:\/\/mouldking.store\/hu\/wp-json\/wp\/v2\/product_cat?post=38605"},{"taxonomy":"product_tag","embeddable":true,"href":"https:\/\/mouldking.store\/hu\/wp-json\/wp\/v2\/product_tag?post=38605"}],"curies":[{"name":"wp","href":"https:\/\/api.w.org\/{rel}","templated":true}]}}