{"id":38712,"date":"2022-12-23T10:34:12","date_gmt":"2022-12-23T03:34:12","guid":{"rendered":"https:\/\/mouldking.store\/?post_type=product&#038;p=38712"},"modified":"2023-01-31T17:08:29","modified_gmt":"2023-01-31T10:08:29","slug":"tgl-006-1-ferrari-sp3-chrome-purple-with-3778-pieces","status":"publish","type":"product","link":"https:\/\/mouldking.store\/hu\/shop\/tgl-006-1-ferrari-sp3-chrome-purple-with-3778-pieces\/","title":{"rendered":"TGL 006-1 Ferrari SP3-kr\u00f3m lila 3778 darabbal"},"content":{"rendered":"<p>Term\u00e9k inform\u00e1ci\u00f3:<\/p>\n<ol>\n<li>M\u00e1rka: TGL<\/li>\n<li>Nem: Uniszex<\/li>\n<li>Name: Ferrari SP3-Chrome Purple<\/li>\n<li>Koroszt\u00e1ly: &gt; 6 \u00e9v<\/li>\n<li>Model Number: 006-1<\/li>\n<li>Besorol\u00e1s: \u00d6sszeszerel\u00e9s<\/li>\n<li>M\u0171anyag blokk forma: \u00f6nz\u00e1r\u00f3 t\u00e9gla<\/li>\n<li>Anyaga: M\u0171anyag<\/li>\n<li>M\u0171anyag t\u00edpus: ABS<\/li>\n<li>Bricks Blocks:3778 PCS<\/li>\n<li>R\u00e9szletes \u00f6sszeszerel\u00e9si \u00fatmutat\u00f3t tartalmaz.<\/li>\n<\/ol>\n<p>\u00c9rtes\u00edt\u00e9s:<br \/>\n1. Eredeti doboz n\u00e9lk\u00fcl, de garant\u00e1ljuk, hogy term\u00e9keink min\u0151s\u00e9gbiztos\u00edt\u00e1ssal \u00e9s sz\u00e9p csomagol\u00e1ssal rendelkeznek.<br \/>\n2. Mint minden alkatr\u00e9szt, amelyet a sz\u00e1ll\u00edt\u00e1s el\u0151tt ellen\u0151rizt\u00fcnk, ez\u00e9rt ha \u00fagy tal\u00e1lja, hogy n\u00e9h\u00e1ny alkatr\u00e9sz hi\u00e1nyzik vagy s\u00e9r\u00fclt, ne agg\u00f3djon, \u00e9s k\u00e9rj\u00fck, vegye fel vel\u00fcnk a kapcsolatot, \u00e9s azonnal ingyenesen elk\u00fcldj\u00fck \u00d6nnek.<\/p>\n<figure id=\"attachment_38714\" aria-describedby=\"caption-attachment-38714\" style=\"width: 1024px\" class=\"wp-caption aligncenter\"><img fetchpriority=\"high\" decoding=\"async\" class=\"wp-image-38714 size-full\" src=\"https:\/\/mouldking.store\/wp-content\/uploads\/2022\/12\/TGL-006-1-Ferrari-SP3-Chrome-Purple-4.jpg\" alt=\"TGL 006-1 Ferrari SP3-Chrome Purple With 3778 Pieces\" width=\"1024\" height=\"1024\" title=\"-\" srcset=\"https:\/\/mouldking.store\/wp-content\/uploads\/2022\/12\/TGL-006-1-Ferrari-SP3-Chrome-Purple-4.jpg 1024w, https:\/\/mouldking.store\/wp-content\/uploads\/2022\/12\/TGL-006-1-Ferrari-SP3-Chrome-Purple-4-300x300.jpg 300w, https:\/\/mouldking.store\/wp-content\/uploads\/2022\/12\/TGL-006-1-Ferrari-SP3-Chrome-Purple-4-768x768.jpg 768w, https:\/\/mouldking.store\/wp-content\/uploads\/2022\/12\/TGL-006-1-Ferrari-SP3-Chrome-Purple-4-600x600.jpg 600w, https:\/\/mouldking.store\/wp-content\/uploads\/2022\/12\/TGL-006-1-Ferrari-SP3-Chrome-Purple-4-150x150.jpg 150w, https:\/\/mouldking.store\/wp-content\/uploads\/2022\/12\/TGL-006-1-Ferrari-SP3-Chrome-Purple-4-60x60.jpg 60w, https:\/\/mouldking.store\/wp-content\/uploads\/2022\/12\/TGL-006-1-Ferrari-SP3-Chrome-Purple-4-90x90.jpg 90w\" sizes=\"(max-width: 1024px) 100vw, 1024px\" \/><figcaption id=\"caption-attachment-38714\" class=\"wp-caption-text\">TGL 006-1 Ferrari SP3-kr\u00f3m lila 3778 darabbal<\/figcaption><\/figure>\n<figure id=\"attachment_38715\" aria-describedby=\"caption-attachment-38715\" style=\"width: 794px\" class=\"wp-caption aligncenter\"><img decoding=\"async\" class=\"wp-image-38715 size-full\" src=\"https:\/\/mouldking.store\/wp-content\/uploads\/2022\/12\/TGL-006-1-Ferrari-SP3-Chrome-Purple-3.jpg\" alt=\"TGL 006-1 Ferrari SP3-Chrome Purple With 3778 Pieces\" width=\"794\" height=\"1024\" title=\"-\" srcset=\"https:\/\/mouldking.store\/wp-content\/uploads\/2022\/12\/TGL-006-1-Ferrari-SP3-Chrome-Purple-3.jpg 794w, https:\/\/mouldking.store\/wp-content\/uploads\/2022\/12\/TGL-006-1-Ferrari-SP3-Chrome-Purple-3-233x300.jpg 233w, https:\/\/mouldking.store\/wp-content\/uploads\/2022\/12\/TGL-006-1-Ferrari-SP3-Chrome-Purple-3-768x990.jpg 768w, https:\/\/mouldking.store\/wp-content\/uploads\/2022\/12\/TGL-006-1-Ferrari-SP3-Chrome-Purple-3-300x387.jpg 300w, https:\/\/mouldking.store\/wp-content\/uploads\/2022\/12\/TGL-006-1-Ferrari-SP3-Chrome-Purple-3-600x774.jpg 600w, https:\/\/mouldking.store\/wp-content\/uploads\/2022\/12\/TGL-006-1-Ferrari-SP3-Chrome-Purple-3-116x150.jpg 116w, https:\/\/mouldking.store\/wp-content\/uploads\/2022\/12\/TGL-006-1-Ferrari-SP3-Chrome-Purple-3-47x60.jpg 47w, https:\/\/mouldking.store\/wp-content\/uploads\/2022\/12\/TGL-006-1-Ferrari-SP3-Chrome-Purple-3-70x90.jpg 70w\" sizes=\"(max-width: 794px) 100vw, 794px\" \/><figcaption id=\"caption-attachment-38715\" class=\"wp-caption-text\">TGL 006-1 Ferrari SP3-kr\u00f3m lila 3778 darabbal<\/figcaption><\/figure>\n<figure id=\"attachment_38716\" aria-describedby=\"caption-attachment-38716\" style=\"width: 1022px\" class=\"wp-caption aligncenter\"><img decoding=\"async\" class=\"wp-image-38716 size-full\" src=\"https:\/\/mouldking.store\/wp-content\/uploads\/2022\/12\/TGL-006-1-Ferrari-SP3-Chrome-Purple-2.jpg\" alt=\"TGL 006-1 Ferrari SP3-Chrome Purple With 3778 Pieces\" width=\"1022\" height=\"1024\" title=\"-\" srcset=\"https:\/\/mouldking.store\/wp-content\/uploads\/2022\/12\/TGL-006-1-Ferrari-SP3-Chrome-Purple-2.jpg 1022w, https:\/\/mouldking.store\/wp-content\/uploads\/2022\/12\/TGL-006-1-Ferrari-SP3-Chrome-Purple-2-300x301.jpg 300w, https:\/\/mouldking.store\/wp-content\/uploads\/2022\/12\/TGL-006-1-Ferrari-SP3-Chrome-Purple-2-768x770.jpg 768w, https:\/\/mouldking.store\/wp-content\/uploads\/2022\/12\/TGL-006-1-Ferrari-SP3-Chrome-Purple-2-600x601.jpg 600w, https:\/\/mouldking.store\/wp-content\/uploads\/2022\/12\/TGL-006-1-Ferrari-SP3-Chrome-Purple-2-150x150.jpg 150w, https:\/\/mouldking.store\/wp-content\/uploads\/2022\/12\/TGL-006-1-Ferrari-SP3-Chrome-Purple-2-60x60.jpg 60w, https:\/\/mouldking.store\/wp-content\/uploads\/2022\/12\/TGL-006-1-Ferrari-SP3-Chrome-Purple-2-90x90.jpg 90w\" sizes=\"(max-width: 1022px) 100vw, 1022px\" \/><figcaption id=\"caption-attachment-38716\" class=\"wp-caption-text\">TGL 006-1 Ferrari SP3-kr\u00f3m lila 3778 darabbal<\/figcaption><\/figure>\n<figure id=\"attachment_38717\" aria-describedby=\"caption-attachment-38717\" style=\"width: 829px\" class=\"wp-caption aligncenter\"><img loading=\"lazy\" decoding=\"async\" class=\"wp-image-38717 size-full\" src=\"https:\/\/mouldking.store\/wp-content\/uploads\/2022\/12\/TGL-006-1-Ferrari-SP3-Chrome-Purple-1.jpg\" alt=\"TGL 006-1 Ferrari SP3-Chrome Purple With 3778 Pieces\" width=\"829\" height=\"1024\" title=\"-\" srcset=\"https:\/\/mouldking.store\/wp-content\/uploads\/2022\/12\/TGL-006-1-Ferrari-SP3-Chrome-Purple-1.jpg 829w, https:\/\/mouldking.store\/wp-content\/uploads\/2022\/12\/TGL-006-1-Ferrari-SP3-Chrome-Purple-1-243x300.jpg 243w, https:\/\/mouldking.store\/wp-content\/uploads\/2022\/12\/TGL-006-1-Ferrari-SP3-Chrome-Purple-1-768x949.jpg 768w, https:\/\/mouldking.store\/wp-content\/uploads\/2022\/12\/TGL-006-1-Ferrari-SP3-Chrome-Purple-1-300x371.jpg 300w, https:\/\/mouldking.store\/wp-content\/uploads\/2022\/12\/TGL-006-1-Ferrari-SP3-Chrome-Purple-1-600x741.jpg 600w, https:\/\/mouldking.store\/wp-content\/uploads\/2022\/12\/TGL-006-1-Ferrari-SP3-Chrome-Purple-1-121x150.jpg 121w, https:\/\/mouldking.store\/wp-content\/uploads\/2022\/12\/TGL-006-1-Ferrari-SP3-Chrome-Purple-1-49x60.jpg 49w, https:\/\/mouldking.store\/wp-content\/uploads\/2022\/12\/TGL-006-1-Ferrari-SP3-Chrome-Purple-1-73x90.jpg 73w\" sizes=\"(max-width: 829px) 100vw, 829px\" \/><figcaption id=\"caption-attachment-38717\" class=\"wp-caption-text\">TGL 006-1 Ferrari SP3-kr\u00f3m lila 3778 darabbal<\/figcaption><\/figure>","protected":false},"excerpt":{"rendered":"<p>Product information: Brand: TGL Gender: Unisex Name: Ferrari SP3-Chrome Purple Age Range: &gt; 6 years old Model Number: 006-1 Classification: Assemblage Plastic Block Shape: Self-Locking Bricks Material: Plastic Plastic Type: ABS Bricks Blocks:3778 PCS Contains detailed assembly instructions. Notice: 1. Without an original box, but we guarantee our products have quality assurance and nice packaging. [&hellip;]<\/p>","protected":false},"featured_media":38714,"comment_status":"closed","ping_status":"closed","template":"","meta":{"_acf_changed":false},"product_cat":[1360,1357],"product_tag":[10094,10095,10098,1585,10097,10099,10096,9220,2739,10100,10093],"class_list":["product","first","instock","shipping-taxable","purchasable","product-type-simple"],"acf":[],"_links":{"self":[{"href":"https:\/\/mouldking.store\/hu\/wp-json\/wp\/v2\/product\/38712","targetHints":{"allow":["GET"]}}],"collection":[{"href":"https:\/\/mouldking.store\/hu\/wp-json\/wp\/v2\/product"}],"about":[{"href":"https:\/\/mouldking.store\/hu\/wp-json\/wp\/v2\/types\/product"}],"replies":[{"embeddable":true,"href":"https:\/\/mouldking.store\/hu\/wp-json\/wp\/v2\/comments?post=38712"}],"wp:featuredmedia":[{"embeddable":true,"href":"https:\/\/mouldking.store\/hu\/wp-json\/wp\/v2\/media\/38714"}],"wp:attachment":[{"href":"https:\/\/mouldking.store\/hu\/wp-json\/wp\/v2\/media?parent=38712"}],"wp:term":[{"taxonomy":"product_cat","embeddable":true,"href":"https:\/\/mouldking.store\/hu\/wp-json\/wp\/v2\/product_cat?post=38712"},{"taxonomy":"product_tag","embeddable":true,"href":"https:\/\/mouldking.store\/hu\/wp-json\/wp\/v2\/product_tag?post=38712"}],"curies":[{"name":"wp","href":"https:\/\/api.w.org\/{rel}","templated":true}]}}