{"id":38829,"date":"2022-12-23T11:43:15","date_gmt":"2022-12-23T04:43:15","guid":{"rendered":"https:\/\/mouldking.store\/?post_type=product&#038;p=38829"},"modified":"2022-12-23T11:43:16","modified_gmt":"2022-12-23T04:43:16","slug":"happy-build-yc22010-medium-truck-with-tail-lift-with-1755pcs","status":"publish","type":"product","link":"https:\/\/mouldking.store\/hu\/shop\/happy-build-yc22010-medium-truck-with-tail-lift-with-1755pcs\/","title":{"rendered":"HAPPY BUILD YC22010 Medium Truck With Tail Lift With 1755pcs"},"content":{"rendered":"<p>Term\u00e9k inform\u00e1ci\u00f3:<\/p>\n<ol>\n<li>Brand: HAPPY BUILD<\/li>\n<li>Nem: Uniszex<\/li>\n<li>Name: Medium Truck With Tail Lift<\/li>\n<li>Koroszt\u00e1ly: &gt; 6 \u00e9v<\/li>\n<li>Model Number: YC22010<\/li>\n<li>Besorol\u00e1s: \u00d6sszeszerel\u00e9s<\/li>\n<li>M\u0171anyag blokk forma: \u00f6nz\u00e1r\u00f3 t\u00e9gla<\/li>\n<li>Anyaga: M\u0171anyag<\/li>\n<li>M\u0171anyag t\u00edpus: ABS<\/li>\n<li>Bricks Blocks:1755pcs<\/li>\n<li>Size: 48 \u00d7 21 \u00d7 21 cm<\/li>\n<li>R\u00e9szletes \u00f6sszeszerel\u00e9si \u00fatmutat\u00f3t tartalmaz.<\/li>\n<\/ol>\n<p>\u00c9rtes\u00edt\u00e9s:<br \/>\n1. Eredeti doboz n\u00e9lk\u00fcl, de garant\u00e1ljuk, hogy term\u00e9keink min\u0151s\u00e9gbiztos\u00edt\u00e1ssal \u00e9s sz\u00e9p csomagol\u00e1ssal rendelkeznek.<br \/>\n2. Mint minden alkatr\u00e9szt, amelyet a sz\u00e1ll\u00edt\u00e1s el\u0151tt ellen\u0151rizt\u00fcnk, ez\u00e9rt ha \u00fagy tal\u00e1lja, hogy n\u00e9h\u00e1ny alkatr\u00e9sz hi\u00e1nyzik vagy s\u00e9r\u00fclt, ne agg\u00f3djon, \u00e9s k\u00e9rj\u00fck, vegye fel vel\u00fcnk a kapcsolatot, \u00e9s azonnal ingyenesen elk\u00fcldj\u00fck \u00d6nnek.<\/p>\n<figure id=\"attachment_38830\" aria-describedby=\"caption-attachment-38830\" style=\"width: 800px\" class=\"wp-caption aligncenter\"><img fetchpriority=\"high\" decoding=\"async\" class=\"wp-image-38830 size-full\" src=\"https:\/\/mouldking.store\/wp-content\/uploads\/2022\/12\/HAPPY-BUILD-YC22010-Technic-Medium-Truck-With-Tail-Lift-5.jpg\" alt=\"HAPPY BUILD YC22010 Medium Truck With Tail Lift With 1755pcs\" width=\"800\" height=\"800\" title=\"-\" srcset=\"https:\/\/mouldking.store\/wp-content\/uploads\/2022\/12\/HAPPY-BUILD-YC22010-Technic-Medium-Truck-With-Tail-Lift-5.jpg 800w, https:\/\/mouldking.store\/wp-content\/uploads\/2022\/12\/HAPPY-BUILD-YC22010-Technic-Medium-Truck-With-Tail-Lift-5-300x300.jpg 300w, https:\/\/mouldking.store\/wp-content\/uploads\/2022\/12\/HAPPY-BUILD-YC22010-Technic-Medium-Truck-With-Tail-Lift-5-768x768.jpg 768w, https:\/\/mouldking.store\/wp-content\/uploads\/2022\/12\/HAPPY-BUILD-YC22010-Technic-Medium-Truck-With-Tail-Lift-5-600x600.jpg 600w, https:\/\/mouldking.store\/wp-content\/uploads\/2022\/12\/HAPPY-BUILD-YC22010-Technic-Medium-Truck-With-Tail-Lift-5-150x150.jpg 150w, https:\/\/mouldking.store\/wp-content\/uploads\/2022\/12\/HAPPY-BUILD-YC22010-Technic-Medium-Truck-With-Tail-Lift-5-60x60.jpg 60w, https:\/\/mouldking.store\/wp-content\/uploads\/2022\/12\/HAPPY-BUILD-YC22010-Technic-Medium-Truck-With-Tail-Lift-5-90x90.jpg 90w\" sizes=\"(max-width: 800px) 100vw, 800px\" \/><figcaption id=\"caption-attachment-38830\" class=\"wp-caption-text\">HAPPY BUILD YC22010 Medium Truck With Tail Lift With 1755pcs<\/figcaption><\/figure>\n<figure id=\"attachment_38831\" aria-describedby=\"caption-attachment-38831\" style=\"width: 800px\" class=\"wp-caption aligncenter\"><img decoding=\"async\" class=\"wp-image-38831 size-full\" src=\"https:\/\/mouldking.store\/wp-content\/uploads\/2022\/12\/HAPPY-BUILD-YC22010-Technic-Medium-Truck-With-Tail-Lift-4.jpg\" alt=\"HAPPY BUILD YC22010 Medium Truck With Tail Lift With 1755pcs\" width=\"800\" height=\"800\" title=\"-\" srcset=\"https:\/\/mouldking.store\/wp-content\/uploads\/2022\/12\/HAPPY-BUILD-YC22010-Technic-Medium-Truck-With-Tail-Lift-4.jpg 800w, https:\/\/mouldking.store\/wp-content\/uploads\/2022\/12\/HAPPY-BUILD-YC22010-Technic-Medium-Truck-With-Tail-Lift-4-300x300.jpg 300w, https:\/\/mouldking.store\/wp-content\/uploads\/2022\/12\/HAPPY-BUILD-YC22010-Technic-Medium-Truck-With-Tail-Lift-4-768x768.jpg 768w, https:\/\/mouldking.store\/wp-content\/uploads\/2022\/12\/HAPPY-BUILD-YC22010-Technic-Medium-Truck-With-Tail-Lift-4-600x600.jpg 600w, https:\/\/mouldking.store\/wp-content\/uploads\/2022\/12\/HAPPY-BUILD-YC22010-Technic-Medium-Truck-With-Tail-Lift-4-150x150.jpg 150w, https:\/\/mouldking.store\/wp-content\/uploads\/2022\/12\/HAPPY-BUILD-YC22010-Technic-Medium-Truck-With-Tail-Lift-4-60x60.jpg 60w, https:\/\/mouldking.store\/wp-content\/uploads\/2022\/12\/HAPPY-BUILD-YC22010-Technic-Medium-Truck-With-Tail-Lift-4-90x90.jpg 90w\" sizes=\"(max-width: 800px) 100vw, 800px\" \/><figcaption id=\"caption-attachment-38831\" class=\"wp-caption-text\">HAPPY BUILD YC22010 Medium Truck With Tail Lift With 1755pcs<\/figcaption><\/figure>\n<figure id=\"attachment_38832\" aria-describedby=\"caption-attachment-38832\" style=\"width: 800px\" class=\"wp-caption aligncenter\"><img decoding=\"async\" class=\"wp-image-38832 size-full\" src=\"https:\/\/mouldking.store\/wp-content\/uploads\/2022\/12\/HAPPY-BUILD-YC22010-Technic-Medium-Truck-With-Tail-Lift-3.jpg\" alt=\"HAPPY BUILD YC22010 Medium Truck With Tail Lift With 1755pcs\" width=\"800\" height=\"800\" title=\"-\" srcset=\"https:\/\/mouldking.store\/wp-content\/uploads\/2022\/12\/HAPPY-BUILD-YC22010-Technic-Medium-Truck-With-Tail-Lift-3.jpg 800w, https:\/\/mouldking.store\/wp-content\/uploads\/2022\/12\/HAPPY-BUILD-YC22010-Technic-Medium-Truck-With-Tail-Lift-3-300x300.jpg 300w, https:\/\/mouldking.store\/wp-content\/uploads\/2022\/12\/HAPPY-BUILD-YC22010-Technic-Medium-Truck-With-Tail-Lift-3-768x768.jpg 768w, https:\/\/mouldking.store\/wp-content\/uploads\/2022\/12\/HAPPY-BUILD-YC22010-Technic-Medium-Truck-With-Tail-Lift-3-600x600.jpg 600w, https:\/\/mouldking.store\/wp-content\/uploads\/2022\/12\/HAPPY-BUILD-YC22010-Technic-Medium-Truck-With-Tail-Lift-3-150x150.jpg 150w, https:\/\/mouldking.store\/wp-content\/uploads\/2022\/12\/HAPPY-BUILD-YC22010-Technic-Medium-Truck-With-Tail-Lift-3-60x60.jpg 60w, https:\/\/mouldking.store\/wp-content\/uploads\/2022\/12\/HAPPY-BUILD-YC22010-Technic-Medium-Truck-With-Tail-Lift-3-90x90.jpg 90w\" sizes=\"(max-width: 800px) 100vw, 800px\" \/><figcaption id=\"caption-attachment-38832\" class=\"wp-caption-text\">HAPPY BUILD YC22010 Medium Truck With Tail Lift With 1755pcs<\/figcaption><\/figure>\n<figure id=\"attachment_38833\" aria-describedby=\"caption-attachment-38833\" style=\"width: 800px\" class=\"wp-caption aligncenter\"><img loading=\"lazy\" decoding=\"async\" class=\"wp-image-38833 size-full\" src=\"https:\/\/mouldking.store\/wp-content\/uploads\/2022\/12\/HAPPY-BUILD-YC22010-Technic-Medium-Truck-With-Tail-Lift-2.jpg\" alt=\"HAPPY BUILD YC22010 Medium Truck With Tail Lift With 1755pcs\" width=\"800\" height=\"800\" title=\"-\" srcset=\"https:\/\/mouldking.store\/wp-content\/uploads\/2022\/12\/HAPPY-BUILD-YC22010-Technic-Medium-Truck-With-Tail-Lift-2.jpg 800w, https:\/\/mouldking.store\/wp-content\/uploads\/2022\/12\/HAPPY-BUILD-YC22010-Technic-Medium-Truck-With-Tail-Lift-2-300x300.jpg 300w, https:\/\/mouldking.store\/wp-content\/uploads\/2022\/12\/HAPPY-BUILD-YC22010-Technic-Medium-Truck-With-Tail-Lift-2-768x768.jpg 768w, https:\/\/mouldking.store\/wp-content\/uploads\/2022\/12\/HAPPY-BUILD-YC22010-Technic-Medium-Truck-With-Tail-Lift-2-600x600.jpg 600w, https:\/\/mouldking.store\/wp-content\/uploads\/2022\/12\/HAPPY-BUILD-YC22010-Technic-Medium-Truck-With-Tail-Lift-2-150x150.jpg 150w, https:\/\/mouldking.store\/wp-content\/uploads\/2022\/12\/HAPPY-BUILD-YC22010-Technic-Medium-Truck-With-Tail-Lift-2-60x60.jpg 60w, https:\/\/mouldking.store\/wp-content\/uploads\/2022\/12\/HAPPY-BUILD-YC22010-Technic-Medium-Truck-With-Tail-Lift-2-90x90.jpg 90w\" sizes=\"(max-width: 800px) 100vw, 800px\" \/><figcaption id=\"caption-attachment-38833\" class=\"wp-caption-text\">HAPPY BUILD YC22010 Medium Truck With Tail Lift With 1755pcs<\/figcaption><\/figure>\n<figure id=\"attachment_38834\" aria-describedby=\"caption-attachment-38834\" style=\"width: 800px\" class=\"wp-caption aligncenter\"><img loading=\"lazy\" decoding=\"async\" class=\"wp-image-38834 size-full\" src=\"https:\/\/mouldking.store\/wp-content\/uploads\/2022\/12\/HAPPY-BUILD-YC22010-Technic-Medium-Truck-With-Tail-Lift-1.jpg\" alt=\"HAPPY BUILD YC22010 Medium Truck With Tail Lift With 1755pcs\" width=\"800\" height=\"800\" title=\"-\" srcset=\"https:\/\/mouldking.store\/wp-content\/uploads\/2022\/12\/HAPPY-BUILD-YC22010-Technic-Medium-Truck-With-Tail-Lift-1.jpg 800w, https:\/\/mouldking.store\/wp-content\/uploads\/2022\/12\/HAPPY-BUILD-YC22010-Technic-Medium-Truck-With-Tail-Lift-1-300x300.jpg 300w, https:\/\/mouldking.store\/wp-content\/uploads\/2022\/12\/HAPPY-BUILD-YC22010-Technic-Medium-Truck-With-Tail-Lift-1-768x768.jpg 768w, https:\/\/mouldking.store\/wp-content\/uploads\/2022\/12\/HAPPY-BUILD-YC22010-Technic-Medium-Truck-With-Tail-Lift-1-600x600.jpg 600w, https:\/\/mouldking.store\/wp-content\/uploads\/2022\/12\/HAPPY-BUILD-YC22010-Technic-Medium-Truck-With-Tail-Lift-1-150x150.jpg 150w, https:\/\/mouldking.store\/wp-content\/uploads\/2022\/12\/HAPPY-BUILD-YC22010-Technic-Medium-Truck-With-Tail-Lift-1-60x60.jpg 60w, https:\/\/mouldking.store\/wp-content\/uploads\/2022\/12\/HAPPY-BUILD-YC22010-Technic-Medium-Truck-With-Tail-Lift-1-90x90.jpg 90w\" sizes=\"(max-width: 800px) 100vw, 800px\" \/><figcaption id=\"caption-attachment-38834\" class=\"wp-caption-text\">HAPPY BUILD YC22010 Medium Truck With Tail Lift With 1755pcs<\/figcaption><\/figure>","protected":false},"excerpt":{"rendered":"<p>Product information: Brand: HAPPY BUILD Gender: Unisex Name: Medium Truck With Tail Lift Age Range: &gt; 6 years old Model Number: YC22010 Classification: Assemblage Plastic Block Shape: Self-Locking Bricks Material: Plastic Plastic Type: ABS Bricks Blocks:1755pcs Size: 48 \u00d7 21 \u00d7 21 cm Contains detailed assembly instructions. Notice: 1. Without an original box, but we [&hellip;]<\/p>","protected":false},"featured_media":38830,"comment_status":"closed","ping_status":"closed","template":"","meta":{"_acf_changed":false},"product_cat":[1357],"product_tag":[10223,10231,10232,10222,10227,10225,10229,10230,10226,10228,466,10224],"class_list":["product","first","instock","shipping-taxable","purchasable","product-type-variable"],"acf":[],"_links":{"self":[{"href":"https:\/\/mouldking.store\/hu\/wp-json\/wp\/v2\/product\/38829","targetHints":{"allow":["GET"]}}],"collection":[{"href":"https:\/\/mouldking.store\/hu\/wp-json\/wp\/v2\/product"}],"about":[{"href":"https:\/\/mouldking.store\/hu\/wp-json\/wp\/v2\/types\/product"}],"replies":[{"embeddable":true,"href":"https:\/\/mouldking.store\/hu\/wp-json\/wp\/v2\/comments?post=38829"}],"wp:featuredmedia":[{"embeddable":true,"href":"https:\/\/mouldking.store\/hu\/wp-json\/wp\/v2\/media\/38830"}],"wp:attachment":[{"href":"https:\/\/mouldking.store\/hu\/wp-json\/wp\/v2\/media?parent=38829"}],"wp:term":[{"taxonomy":"product_cat","embeddable":true,"href":"https:\/\/mouldking.store\/hu\/wp-json\/wp\/v2\/product_cat?post=38829"},{"taxonomy":"product_tag","embeddable":true,"href":"https:\/\/mouldking.store\/hu\/wp-json\/wp\/v2\/product_tag?post=38829"}],"curies":[{"name":"wp","href":"https:\/\/api.w.org\/{rel}","templated":true}]}}