{"id":38900,"date":"2022-12-23T14:28:37","date_gmt":"2022-12-23T07:28:37","guid":{"rendered":"https:\/\/mouldking.store\/?post_type=product&#038;p=38900"},"modified":"2025-12-25T09:11:57","modified_gmt":"2025-12-25T02:11:57","slug":"moc-112806-vulcan-suurok-class-warship-with-754pcs","status":"publish","type":"product","link":"https:\/\/mouldking.store\/hu\/shop\/moc-112806-vulcan-suurok-class-warship-with-754pcs\/","title":{"rendered":"MOC-112806 Vulcan Suurok-oszt\u00e1ly\u00fa hadihaj\u00f3 754 DB-vel"},"content":{"rendered":"<ol>\n<li>M\u00e1rka: MOC<\/li>\n<li>Nem: Uniszex<\/li>\n<li>N\u00e9v: Vulcan Suurok-oszt\u00e1ly\u00fa hadihaj\u00f3<\/li>\n<li>Koroszt\u00e1ly: &gt; 6 \u00e9v<\/li>\n<li>Modellsz\u00e1m: 112806<\/li>\n<li>Besorol\u00e1s: \u00d6sszeszerel\u00e9s<\/li>\n<li>M\u0171anyag blokk forma: \u00f6nz\u00e1r\u00f3 t\u00e9gla<\/li>\n<li>Anyaga: M\u0171anyag<\/li>\n<li>M\u0171anyag t\u00edpus: ABS<\/li>\n<li>T\u00e9gla blokkok: 754 DB<\/li>\n<li>S\u00faly: 700g<\/li>\n<li>R\u00e9szletes \u00f6sszeszerel\u00e9si \u00fatmutat\u00f3t tartalmaz.<\/li>\n<\/ol>\n<p>\u00c9rtes\u00edt\u00e9s:<br \/>\n1. Eredeti doboz n\u00e9lk\u00fcl, de garant\u00e1ljuk, hogy term\u00e9keink min\u0151s\u00e9gbiztos\u00edt\u00e1ssal \u00e9s sz\u00e9p csomagol\u00e1ssal rendelkeznek.<br \/>\n2. Mint minden alkatr\u00e9szt, amelyet a sz\u00e1ll\u00edt\u00e1s el\u0151tt ellen\u0151rizt\u00fcnk, ez\u00e9rt ha \u00fagy tal\u00e1lja, hogy n\u00e9h\u00e1ny alkatr\u00e9sz hi\u00e1nyzik vagy s\u00e9r\u00fclt, ne agg\u00f3djon, \u00e9s k\u00e9rj\u00fck, vegye fel vel\u00fcnk a kapcsolatot, \u00e9s azonnal ingyenesen elk\u00fcldj\u00fck \u00d6nnek.<\/p>\n<figure id=\"attachment_38901\" aria-describedby=\"caption-attachment-38901\" style=\"width: 1004px\" class=\"wp-caption aligncenter\"><img fetchpriority=\"high\" decoding=\"async\" class=\"wp-image-38901 size-full\" src=\"https:\/\/mouldking.store\/wp-content\/uploads\/2022\/12\/MOC-112806-Space-Vulcan-Suurok-Class-Warship-MOC-FACTORY.png\" alt=\"MOC-112806 Vulcan Suurok-Class Warship With 754PCS\" width=\"1004\" height=\"1004\" title=\"-\" srcset=\"https:\/\/mouldking.store\/wp-content\/uploads\/2022\/12\/MOC-112806-Space-Vulcan-Suurok-Class-Warship-MOC-FACTORY.png 1004w, https:\/\/mouldking.store\/wp-content\/uploads\/2022\/12\/MOC-112806-Space-Vulcan-Suurok-Class-Warship-MOC-FACTORY-300x300.png 300w, https:\/\/mouldking.store\/wp-content\/uploads\/2022\/12\/MOC-112806-Space-Vulcan-Suurok-Class-Warship-MOC-FACTORY-768x768.png 768w, https:\/\/mouldking.store\/wp-content\/uploads\/2022\/12\/MOC-112806-Space-Vulcan-Suurok-Class-Warship-MOC-FACTORY-600x600.png 600w, https:\/\/mouldking.store\/wp-content\/uploads\/2022\/12\/MOC-112806-Space-Vulcan-Suurok-Class-Warship-MOC-FACTORY-150x150.png 150w, https:\/\/mouldking.store\/wp-content\/uploads\/2022\/12\/MOC-112806-Space-Vulcan-Suurok-Class-Warship-MOC-FACTORY-60x60.png 60w, https:\/\/mouldking.store\/wp-content\/uploads\/2022\/12\/MOC-112806-Space-Vulcan-Suurok-Class-Warship-MOC-FACTORY-90x90.png 90w\" sizes=\"(max-width: 1004px) 100vw, 1004px\" \/><figcaption id=\"caption-attachment-38901\" class=\"wp-caption-text\">MOC-112806 Vulcan Suurok-oszt\u00e1ly\u00fa hadihaj\u00f3 754 DB-vel<\/figcaption><\/figure>\n<figure id=\"attachment_38902\" aria-describedby=\"caption-attachment-38902\" style=\"width: 1024px\" class=\"wp-caption aligncenter\"><img decoding=\"async\" class=\"wp-image-38902 size-large\" src=\"https:\/\/mouldking.store\/wp-content\/uploads\/2022\/12\/Vulcan-Suurok-Class-Warship-MOC-112806-1-1024x1024.jpg\" alt=\"MOC-112806 Vulcan Suurok-Class Warship With 754PCS\" width=\"1024\" height=\"1024\" title=\"-\" srcset=\"https:\/\/mouldking.store\/wp-content\/uploads\/2022\/12\/Vulcan-Suurok-Class-Warship-MOC-112806-1-1024x1024.jpg 1024w, https:\/\/mouldking.store\/wp-content\/uploads\/2022\/12\/Vulcan-Suurok-Class-Warship-MOC-112806-1-300x300.jpg 300w, https:\/\/mouldking.store\/wp-content\/uploads\/2022\/12\/Vulcan-Suurok-Class-Warship-MOC-112806-1-768x768.jpg 768w, https:\/\/mouldking.store\/wp-content\/uploads\/2022\/12\/Vulcan-Suurok-Class-Warship-MOC-112806-1-600x600.jpg 600w, https:\/\/mouldking.store\/wp-content\/uploads\/2022\/12\/Vulcan-Suurok-Class-Warship-MOC-112806-1-150x150.jpg 150w, https:\/\/mouldking.store\/wp-content\/uploads\/2022\/12\/Vulcan-Suurok-Class-Warship-MOC-112806-1-60x60.jpg 60w, https:\/\/mouldking.store\/wp-content\/uploads\/2022\/12\/Vulcan-Suurok-Class-Warship-MOC-112806-1-90x90.jpg 90w, https:\/\/mouldking.store\/wp-content\/uploads\/2022\/12\/Vulcan-Suurok-Class-Warship-MOC-112806-1.jpg 1100w\" sizes=\"(max-width: 1024px) 100vw, 1024px\" \/><figcaption id=\"caption-attachment-38902\" class=\"wp-caption-text\">MOC-112806 Vulcan Suurok-oszt\u00e1ly\u00fa hadihaj\u00f3 754 DB-vel<\/figcaption><\/figure>\n<figure id=\"attachment_38903\" aria-describedby=\"caption-attachment-38903\" style=\"width: 1024px\" class=\"wp-caption aligncenter\"><img decoding=\"async\" class=\"wp-image-38903 size-large\" src=\"https:\/\/mouldking.store\/wp-content\/uploads\/2022\/12\/Vulcan-Suurok-Class-Warship-MOC-112806-2-1024x1024.jpg\" alt=\"MOC-112806 Vulcan Suurok-Class Warship With 754PCS\" width=\"1024\" height=\"1024\" title=\"-\" srcset=\"https:\/\/mouldking.store\/wp-content\/uploads\/2022\/12\/Vulcan-Suurok-Class-Warship-MOC-112806-2-1024x1024.jpg 1024w, https:\/\/mouldking.store\/wp-content\/uploads\/2022\/12\/Vulcan-Suurok-Class-Warship-MOC-112806-2-300x300.jpg 300w, https:\/\/mouldking.store\/wp-content\/uploads\/2022\/12\/Vulcan-Suurok-Class-Warship-MOC-112806-2-768x768.jpg 768w, https:\/\/mouldking.store\/wp-content\/uploads\/2022\/12\/Vulcan-Suurok-Class-Warship-MOC-112806-2-600x600.jpg 600w, https:\/\/mouldking.store\/wp-content\/uploads\/2022\/12\/Vulcan-Suurok-Class-Warship-MOC-112806-2-150x150.jpg 150w, https:\/\/mouldking.store\/wp-content\/uploads\/2022\/12\/Vulcan-Suurok-Class-Warship-MOC-112806-2-60x60.jpg 60w, https:\/\/mouldking.store\/wp-content\/uploads\/2022\/12\/Vulcan-Suurok-Class-Warship-MOC-112806-2-90x90.jpg 90w, https:\/\/mouldking.store\/wp-content\/uploads\/2022\/12\/Vulcan-Suurok-Class-Warship-MOC-112806-2.jpg 1100w\" sizes=\"(max-width: 1024px) 100vw, 1024px\" \/><figcaption id=\"caption-attachment-38903\" class=\"wp-caption-text\">MOC-112806 Vulcan Suurok-oszt\u00e1ly\u00fa hadihaj\u00f3 754 DB-vel<\/figcaption><\/figure>\n<figure id=\"attachment_38904\" aria-describedby=\"caption-attachment-38904\" style=\"width: 1024px\" class=\"wp-caption aligncenter\"><img loading=\"lazy\" decoding=\"async\" class=\"wp-image-38904 size-large\" src=\"https:\/\/mouldking.store\/wp-content\/uploads\/2022\/12\/Vulcan-Suurok-Class-Warship-MOC-112806-3-1024x1024.jpg\" alt=\"MOC-112806 Vulcan Suurok-Class Warship With 754PCS\" width=\"1024\" height=\"1024\" title=\"-\" srcset=\"https:\/\/mouldking.store\/wp-content\/uploads\/2022\/12\/Vulcan-Suurok-Class-Warship-MOC-112806-3-1024x1024.jpg 1024w, https:\/\/mouldking.store\/wp-content\/uploads\/2022\/12\/Vulcan-Suurok-Class-Warship-MOC-112806-3-300x300.jpg 300w, https:\/\/mouldking.store\/wp-content\/uploads\/2022\/12\/Vulcan-Suurok-Class-Warship-MOC-112806-3-768x768.jpg 768w, https:\/\/mouldking.store\/wp-content\/uploads\/2022\/12\/Vulcan-Suurok-Class-Warship-MOC-112806-3-600x600.jpg 600w, https:\/\/mouldking.store\/wp-content\/uploads\/2022\/12\/Vulcan-Suurok-Class-Warship-MOC-112806-3-150x150.jpg 150w, https:\/\/mouldking.store\/wp-content\/uploads\/2022\/12\/Vulcan-Suurok-Class-Warship-MOC-112806-3-60x60.jpg 60w, https:\/\/mouldking.store\/wp-content\/uploads\/2022\/12\/Vulcan-Suurok-Class-Warship-MOC-112806-3-90x90.jpg 90w, https:\/\/mouldking.store\/wp-content\/uploads\/2022\/12\/Vulcan-Suurok-Class-Warship-MOC-112806-3.jpg 1100w\" sizes=\"(max-width: 1024px) 100vw, 1024px\" \/><figcaption id=\"caption-attachment-38904\" class=\"wp-caption-text\">MOC-112806 Vulcan Suurok-oszt\u00e1ly\u00fa hadihaj\u00f3 754 DB-vel<\/figcaption><\/figure>\n<figure id=\"attachment_38905\" aria-describedby=\"caption-attachment-38905\" style=\"width: 1024px\" class=\"wp-caption aligncenter\"><img loading=\"lazy\" decoding=\"async\" class=\"wp-image-38905 size-large\" src=\"https:\/\/mouldking.store\/wp-content\/uploads\/2022\/12\/Vulcan-Suurok-Class-Warship-MOC-112806-4-1024x1024.jpg\" alt=\"MOC-112806 Vulcan Suurok-Class Warship With 754PCS\" width=\"1024\" height=\"1024\" title=\"-\" srcset=\"https:\/\/mouldking.store\/wp-content\/uploads\/2022\/12\/Vulcan-Suurok-Class-Warship-MOC-112806-4-1024x1024.jpg 1024w, https:\/\/mouldking.store\/wp-content\/uploads\/2022\/12\/Vulcan-Suurok-Class-Warship-MOC-112806-4-300x300.jpg 300w, https:\/\/mouldking.store\/wp-content\/uploads\/2022\/12\/Vulcan-Suurok-Class-Warship-MOC-112806-4-768x768.jpg 768w, https:\/\/mouldking.store\/wp-content\/uploads\/2022\/12\/Vulcan-Suurok-Class-Warship-MOC-112806-4-600x600.jpg 600w, https:\/\/mouldking.store\/wp-content\/uploads\/2022\/12\/Vulcan-Suurok-Class-Warship-MOC-112806-4-150x150.jpg 150w, https:\/\/mouldking.store\/wp-content\/uploads\/2022\/12\/Vulcan-Suurok-Class-Warship-MOC-112806-4-60x60.jpg 60w, https:\/\/mouldking.store\/wp-content\/uploads\/2022\/12\/Vulcan-Suurok-Class-Warship-MOC-112806-4-90x90.jpg 90w, https:\/\/mouldking.store\/wp-content\/uploads\/2022\/12\/Vulcan-Suurok-Class-Warship-MOC-112806-4.jpg 1100w\" sizes=\"(max-width: 1024px) 100vw, 1024px\" \/><figcaption id=\"caption-attachment-38905\" class=\"wp-caption-text\">MOC-112806 Vulcan Suurok-oszt\u00e1ly\u00fa hadihaj\u00f3 754 DB-vel<\/figcaption><\/figure>\n<figure id=\"attachment_38906\" aria-describedby=\"caption-attachment-38906\" style=\"width: 1024px\" class=\"wp-caption aligncenter\"><img loading=\"lazy\" decoding=\"async\" class=\"wp-image-38906 size-large\" src=\"https:\/\/mouldking.store\/wp-content\/uploads\/2022\/12\/Vulcan-Suurok-Class-Warship-MOC-112806-5-1024x1024.jpg\" alt=\"MOC-112806 Vulcan Suurok-Class Warship With 754PCS\" width=\"1024\" height=\"1024\" title=\"-\" srcset=\"https:\/\/mouldking.store\/wp-content\/uploads\/2022\/12\/Vulcan-Suurok-Class-Warship-MOC-112806-5-1024x1024.jpg 1024w, https:\/\/mouldking.store\/wp-content\/uploads\/2022\/12\/Vulcan-Suurok-Class-Warship-MOC-112806-5-300x300.jpg 300w, https:\/\/mouldking.store\/wp-content\/uploads\/2022\/12\/Vulcan-Suurok-Class-Warship-MOC-112806-5-768x768.jpg 768w, https:\/\/mouldking.store\/wp-content\/uploads\/2022\/12\/Vulcan-Suurok-Class-Warship-MOC-112806-5-600x600.jpg 600w, https:\/\/mouldking.store\/wp-content\/uploads\/2022\/12\/Vulcan-Suurok-Class-Warship-MOC-112806-5-150x150.jpg 150w, https:\/\/mouldking.store\/wp-content\/uploads\/2022\/12\/Vulcan-Suurok-Class-Warship-MOC-112806-5-60x60.jpg 60w, https:\/\/mouldking.store\/wp-content\/uploads\/2022\/12\/Vulcan-Suurok-Class-Warship-MOC-112806-5-90x90.jpg 90w, https:\/\/mouldking.store\/wp-content\/uploads\/2022\/12\/Vulcan-Suurok-Class-Warship-MOC-112806-5.jpg 1100w\" sizes=\"(max-width: 1024px) 100vw, 1024px\" \/><figcaption id=\"caption-attachment-38906\" class=\"wp-caption-text\">MOC-112806 Vulcan Suurok-oszt\u00e1ly\u00fa hadihaj\u00f3 754 DB-vel<\/figcaption><\/figure>\n<figure id=\"attachment_38907\" aria-describedby=\"caption-attachment-38907\" style=\"width: 1024px\" class=\"wp-caption aligncenter\"><img loading=\"lazy\" decoding=\"async\" class=\"wp-image-38907 size-large\" src=\"https:\/\/mouldking.store\/wp-content\/uploads\/2022\/12\/Vulcan-Suurok-Class-Warship-MOC-112806-6-1024x1024.jpg\" alt=\"MOC-112806 Vulcan Suurok-Class Warship With 754PCS\" width=\"1024\" height=\"1024\" title=\"-\" srcset=\"https:\/\/mouldking.store\/wp-content\/uploads\/2022\/12\/Vulcan-Suurok-Class-Warship-MOC-112806-6-1024x1024.jpg 1024w, https:\/\/mouldking.store\/wp-content\/uploads\/2022\/12\/Vulcan-Suurok-Class-Warship-MOC-112806-6-300x300.jpg 300w, https:\/\/mouldking.store\/wp-content\/uploads\/2022\/12\/Vulcan-Suurok-Class-Warship-MOC-112806-6-768x768.jpg 768w, https:\/\/mouldking.store\/wp-content\/uploads\/2022\/12\/Vulcan-Suurok-Class-Warship-MOC-112806-6-600x600.jpg 600w, https:\/\/mouldking.store\/wp-content\/uploads\/2022\/12\/Vulcan-Suurok-Class-Warship-MOC-112806-6-150x150.jpg 150w, https:\/\/mouldking.store\/wp-content\/uploads\/2022\/12\/Vulcan-Suurok-Class-Warship-MOC-112806-6-60x60.jpg 60w, https:\/\/mouldking.store\/wp-content\/uploads\/2022\/12\/Vulcan-Suurok-Class-Warship-MOC-112806-6-90x90.jpg 90w, https:\/\/mouldking.store\/wp-content\/uploads\/2022\/12\/Vulcan-Suurok-Class-Warship-MOC-112806-6.jpg 1100w\" sizes=\"(max-width: 1024px) 100vw, 1024px\" \/><figcaption id=\"caption-attachment-38907\" class=\"wp-caption-text\">MOC-112806 Vulcan Suurok-oszt\u00e1ly\u00fa hadihaj\u00f3 754 DB-vel<\/figcaption><\/figure>","protected":false},"excerpt":{"rendered":"<p>PDF \u00e9p\u00edt\u00e9si \u00fatmutat\u00f3<\/p>\n<p>Eredeti doboz n\u00e9lk\u00fcl<\/p>\n<p>Id\u0151beoszt\u00e1s: 4-8 h\u00e9t<\/p>","protected":false},"featured_media":38901,"comment_status":"closed","ping_status":"closed","template":"","meta":{"_acf_changed":false},"product_cat":[1406,6016],"product_tag":[430,10287,10291,10286,10289,10288,10290,9459],"class_list":["product","first","instock","shipping-taxable","purchasable","product-type-simple"],"acf":[],"_links":{"self":[{"href":"https:\/\/mouldking.store\/hu\/wp-json\/wp\/v2\/product\/38900","targetHints":{"allow":["GET"]}}],"collection":[{"href":"https:\/\/mouldking.store\/hu\/wp-json\/wp\/v2\/product"}],"about":[{"href":"https:\/\/mouldking.store\/hu\/wp-json\/wp\/v2\/types\/product"}],"replies":[{"embeddable":true,"href":"https:\/\/mouldking.store\/hu\/wp-json\/wp\/v2\/comments?post=38900"}],"wp:featuredmedia":[{"embeddable":true,"href":"https:\/\/mouldking.store\/hu\/wp-json\/wp\/v2\/media\/38901"}],"wp:attachment":[{"href":"https:\/\/mouldking.store\/hu\/wp-json\/wp\/v2\/media?parent=38900"}],"wp:term":[{"taxonomy":"product_cat","embeddable":true,"href":"https:\/\/mouldking.store\/hu\/wp-json\/wp\/v2\/product_cat?post=38900"},{"taxonomy":"product_tag","embeddable":true,"href":"https:\/\/mouldking.store\/hu\/wp-json\/wp\/v2\/product_tag?post=38900"}],"curies":[{"name":"wp","href":"https:\/\/api.w.org\/{rel}","templated":true}]}}