{"id":39029,"date":"2022-12-27T11:12:52","date_gmt":"2022-12-27T04:12:52","guid":{"rendered":"https:\/\/mouldking.store\/?post_type=product&#038;p=39029"},"modified":"2022-12-27T11:12:52","modified_gmt":"2022-12-27T04:12:52","slug":"panlos-676006-rc-m1a2-abrams-main-battle-tank-with-1096-pieces","status":"publish","type":"product","link":"https:\/\/mouldking.store\/hu\/shop\/panlos-676006-rc-m1a2-abrams-main-battle-tank-with-1096-pieces\/","title":{"rendered":"PANLOS 676006 RC M1A2 Abrams Main Battle Tank With 1096 Pieces"},"content":{"rendered":"<p>Term\u00e9k inform\u00e1ci\u00f3:<\/p>\n<ol>\n<li>M\u00e1rka: PANLOS<\/li>\n<li>Nem: Uniszex<\/li>\n<li>Name: RC M1A2 Abrams Main Battle Tank<\/li>\n<li>Koroszt\u00e1ly: &gt; 6 \u00e9v<\/li>\n<li>Model Number: 676006<\/li>\n<li>Besorol\u00e1s: \u00d6sszeszerel\u00e9s<\/li>\n<li>M\u0171anyag blokk forma: \u00f6nz\u00e1r\u00f3 t\u00e9gla<\/li>\n<li>Anyaga: M\u0171anyag<\/li>\n<li>M\u0171anyag t\u00edpus: ABS<\/li>\n<li>Bricks Blocks:1096 PCS<\/li>\n<li>Size: \u00a031 x 12 x 17 cm<\/li>\n<li>R\u00e9szletes \u00f6sszeszerel\u00e9si \u00fatmutat\u00f3t tartalmaz.<\/li>\n<\/ol>\n<p>\u00c9rtes\u00edt\u00e9s:<br \/>\n1. Eredeti doboz n\u00e9lk\u00fcl, de garant\u00e1ljuk, hogy term\u00e9keink min\u0151s\u00e9gbiztos\u00edt\u00e1ssal \u00e9s sz\u00e9p csomagol\u00e1ssal rendelkeznek.<br \/>\n2. Mint minden alkatr\u00e9szt, amelyet a sz\u00e1ll\u00edt\u00e1s el\u0151tt ellen\u0151rizt\u00fcnk, ez\u00e9rt ha \u00fagy tal\u00e1lja, hogy n\u00e9h\u00e1ny alkatr\u00e9sz hi\u00e1nyzik vagy s\u00e9r\u00fclt, ne agg\u00f3djon, \u00e9s k\u00e9rj\u00fck, vegye fel vel\u00fcnk a kapcsolatot, \u00e9s azonnal ingyenesen elk\u00fcldj\u00fck \u00d6nnek.<\/p>\n<figure id=\"attachment_39031\" aria-describedby=\"caption-attachment-39031\" style=\"width: 800px\" class=\"wp-caption aligncenter\"><img fetchpriority=\"high\" decoding=\"async\" class=\"wp-image-39031 size-full\" src=\"https:\/\/mouldking.store\/wp-content\/uploads\/2022\/12\/PANLOS-676006-RC-M1A2-Abrams-Main-Battle-Tank-4.jpg\" alt=\"PANLOS 676006 RC M1A2 Abrams Main Battle Tank With 1096 Pieces\" width=\"800\" height=\"800\" title=\"-\" srcset=\"https:\/\/mouldking.store\/wp-content\/uploads\/2022\/12\/PANLOS-676006-RC-M1A2-Abrams-Main-Battle-Tank-4.jpg 800w, https:\/\/mouldking.store\/wp-content\/uploads\/2022\/12\/PANLOS-676006-RC-M1A2-Abrams-Main-Battle-Tank-4-300x300.jpg 300w, https:\/\/mouldking.store\/wp-content\/uploads\/2022\/12\/PANLOS-676006-RC-M1A2-Abrams-Main-Battle-Tank-4-768x768.jpg 768w, https:\/\/mouldking.store\/wp-content\/uploads\/2022\/12\/PANLOS-676006-RC-M1A2-Abrams-Main-Battle-Tank-4-600x600.jpg 600w, https:\/\/mouldking.store\/wp-content\/uploads\/2022\/12\/PANLOS-676006-RC-M1A2-Abrams-Main-Battle-Tank-4-150x150.jpg 150w, https:\/\/mouldking.store\/wp-content\/uploads\/2022\/12\/PANLOS-676006-RC-M1A2-Abrams-Main-Battle-Tank-4-60x60.jpg 60w, https:\/\/mouldking.store\/wp-content\/uploads\/2022\/12\/PANLOS-676006-RC-M1A2-Abrams-Main-Battle-Tank-4-90x90.jpg 90w\" sizes=\"(max-width: 800px) 100vw, 800px\" \/><figcaption id=\"caption-attachment-39031\" class=\"wp-caption-text\">PANLOS 676006 RC M1A2 Abrams Main Battle Tank With 1096 Pieces<\/figcaption><\/figure>\n<figure id=\"attachment_39032\" aria-describedby=\"caption-attachment-39032\" style=\"width: 715px\" class=\"wp-caption aligncenter\"><img decoding=\"async\" class=\"wp-image-39032 size-full\" src=\"https:\/\/mouldking.store\/wp-content\/uploads\/2022\/12\/PANLOS-676006-RC-M1A2-Abrams-Main-Battle-Tank-3.jpg\" alt=\"PANLOS 676006 RC M1A2 Abrams Main Battle Tank With 1096 Pieces\" width=\"715\" height=\"1024\" title=\"-\" srcset=\"https:\/\/mouldking.store\/wp-content\/uploads\/2022\/12\/PANLOS-676006-RC-M1A2-Abrams-Main-Battle-Tank-3.jpg 715w, https:\/\/mouldking.store\/wp-content\/uploads\/2022\/12\/PANLOS-676006-RC-M1A2-Abrams-Main-Battle-Tank-3-209x300.jpg 209w, https:\/\/mouldking.store\/wp-content\/uploads\/2022\/12\/PANLOS-676006-RC-M1A2-Abrams-Main-Battle-Tank-3-300x430.jpg 300w, https:\/\/mouldking.store\/wp-content\/uploads\/2022\/12\/PANLOS-676006-RC-M1A2-Abrams-Main-Battle-Tank-3-600x859.jpg 600w, https:\/\/mouldking.store\/wp-content\/uploads\/2022\/12\/PANLOS-676006-RC-M1A2-Abrams-Main-Battle-Tank-3-105x150.jpg 105w, https:\/\/mouldking.store\/wp-content\/uploads\/2022\/12\/PANLOS-676006-RC-M1A2-Abrams-Main-Battle-Tank-3-42x60.jpg 42w, https:\/\/mouldking.store\/wp-content\/uploads\/2022\/12\/PANLOS-676006-RC-M1A2-Abrams-Main-Battle-Tank-3-63x90.jpg 63w\" sizes=\"(max-width: 715px) 100vw, 715px\" \/><figcaption id=\"caption-attachment-39032\" class=\"wp-caption-text\">PANLOS 676006 RC M1A2 Abrams Main Battle Tank With 1096 Pieces<\/figcaption><\/figure>\n<figure id=\"attachment_39033\" aria-describedby=\"caption-attachment-39033\" style=\"width: 931px\" class=\"wp-caption aligncenter\"><img decoding=\"async\" class=\"wp-image-39033 size-full\" src=\"https:\/\/mouldking.store\/wp-content\/uploads\/2022\/12\/PANLOS-676006-RC-M1A2-Abrams-Main-Battle-Tank-2.jpg\" alt=\"PANLOS 676006 RC M1A2 Abrams Main Battle Tank With 1096 Pieces\" width=\"931\" height=\"1024\" title=\"-\" srcset=\"https:\/\/mouldking.store\/wp-content\/uploads\/2022\/12\/PANLOS-676006-RC-M1A2-Abrams-Main-Battle-Tank-2.jpg 931w, https:\/\/mouldking.store\/wp-content\/uploads\/2022\/12\/PANLOS-676006-RC-M1A2-Abrams-Main-Battle-Tank-2-273x300.jpg 273w, https:\/\/mouldking.store\/wp-content\/uploads\/2022\/12\/PANLOS-676006-RC-M1A2-Abrams-Main-Battle-Tank-2-768x845.jpg 768w, https:\/\/mouldking.store\/wp-content\/uploads\/2022\/12\/PANLOS-676006-RC-M1A2-Abrams-Main-Battle-Tank-2-300x330.jpg 300w, https:\/\/mouldking.store\/wp-content\/uploads\/2022\/12\/PANLOS-676006-RC-M1A2-Abrams-Main-Battle-Tank-2-600x660.jpg 600w, https:\/\/mouldking.store\/wp-content\/uploads\/2022\/12\/PANLOS-676006-RC-M1A2-Abrams-Main-Battle-Tank-2-136x150.jpg 136w, https:\/\/mouldking.store\/wp-content\/uploads\/2022\/12\/PANLOS-676006-RC-M1A2-Abrams-Main-Battle-Tank-2-55x60.jpg 55w, https:\/\/mouldking.store\/wp-content\/uploads\/2022\/12\/PANLOS-676006-RC-M1A2-Abrams-Main-Battle-Tank-2-82x90.jpg 82w\" sizes=\"(max-width: 931px) 100vw, 931px\" \/><figcaption id=\"caption-attachment-39033\" class=\"wp-caption-text\">PANLOS 676006 RC M1A2 Abrams Main Battle Tank With 1096 Pieces<\/figcaption><\/figure>\n<figure id=\"attachment_39034\" aria-describedby=\"caption-attachment-39034\" style=\"width: 654px\" class=\"wp-caption aligncenter\"><img loading=\"lazy\" decoding=\"async\" class=\"wp-image-39034 size-full\" src=\"https:\/\/mouldking.store\/wp-content\/uploads\/2022\/12\/PANLOS-676006-RC-M1A2-Abrams-Main-Battle-Tank-1.jpg\" alt=\"PANLOS 676006 RC M1A2 Abrams Main Battle Tank With 1096 Pieces\" width=\"654\" height=\"1024\" title=\"-\" srcset=\"https:\/\/mouldking.store\/wp-content\/uploads\/2022\/12\/PANLOS-676006-RC-M1A2-Abrams-Main-Battle-Tank-1.jpg 654w, https:\/\/mouldking.store\/wp-content\/uploads\/2022\/12\/PANLOS-676006-RC-M1A2-Abrams-Main-Battle-Tank-1-192x300.jpg 192w, https:\/\/mouldking.store\/wp-content\/uploads\/2022\/12\/PANLOS-676006-RC-M1A2-Abrams-Main-Battle-Tank-1-300x470.jpg 300w, https:\/\/mouldking.store\/wp-content\/uploads\/2022\/12\/PANLOS-676006-RC-M1A2-Abrams-Main-Battle-Tank-1-600x939.jpg 600w, https:\/\/mouldking.store\/wp-content\/uploads\/2022\/12\/PANLOS-676006-RC-M1A2-Abrams-Main-Battle-Tank-1-96x150.jpg 96w, https:\/\/mouldking.store\/wp-content\/uploads\/2022\/12\/PANLOS-676006-RC-M1A2-Abrams-Main-Battle-Tank-1-38x60.jpg 38w, https:\/\/mouldking.store\/wp-content\/uploads\/2022\/12\/PANLOS-676006-RC-M1A2-Abrams-Main-Battle-Tank-1-57x90.jpg 57w\" sizes=\"(max-width: 654px) 100vw, 654px\" \/><figcaption id=\"caption-attachment-39034\" class=\"wp-caption-text\">PANLOS 676006 RC M1A2 Abrams Main Battle Tank With 1096 Pieces<\/figcaption><\/figure>","protected":false},"excerpt":{"rendered":"<p>Product information: Brand: PANLOS Gender: Unisex Name: RC M1A2 Abrams Main Battle Tank Age Range: &gt; 6 years old Model Number: 676006 Classification: Assemblage Plastic Block Shape: Self-Locking Bricks Material: Plastic Plastic Type: ABS Bricks Blocks:1096 PCS Size: \u00a031 x 12 x 17 cm Contains detailed assembly instructions. Notice: 1. Without an original box, but [&hellip;]<\/p>","protected":false},"featured_media":39031,"comment_status":"closed","ping_status":"closed","template":"","meta":{"_acf_changed":false},"product_cat":[1350],"product_tag":[10368,10370,10372,9077,2645,10369,10371,2641,1851,10374,10375,10367,10373,485],"class_list":["product","first","instock","shipping-taxable","purchasable","product-type-simple"],"acf":[],"_links":{"self":[{"href":"https:\/\/mouldking.store\/hu\/wp-json\/wp\/v2\/product\/39029","targetHints":{"allow":["GET"]}}],"collection":[{"href":"https:\/\/mouldking.store\/hu\/wp-json\/wp\/v2\/product"}],"about":[{"href":"https:\/\/mouldking.store\/hu\/wp-json\/wp\/v2\/types\/product"}],"replies":[{"embeddable":true,"href":"https:\/\/mouldking.store\/hu\/wp-json\/wp\/v2\/comments?post=39029"}],"wp:featuredmedia":[{"embeddable":true,"href":"https:\/\/mouldking.store\/hu\/wp-json\/wp\/v2\/media\/39031"}],"wp:attachment":[{"href":"https:\/\/mouldking.store\/hu\/wp-json\/wp\/v2\/media?parent=39029"}],"wp:term":[{"taxonomy":"product_cat","embeddable":true,"href":"https:\/\/mouldking.store\/hu\/wp-json\/wp\/v2\/product_cat?post=39029"},{"taxonomy":"product_tag","embeddable":true,"href":"https:\/\/mouldking.store\/hu\/wp-json\/wp\/v2\/product_tag?post=39029"}],"curies":[{"name":"wp","href":"https:\/\/api.w.org\/{rel}","templated":true}]}}