{"id":39039,"date":"2022-12-27T11:22:41","date_gmt":"2022-12-27T04:22:41","guid":{"rendered":"https:\/\/mouldking.store\/?post_type=product&#038;p=39039"},"modified":"2022-12-27T11:22:41","modified_gmt":"2022-12-27T04:22:41","slug":"cada-c62004-levc-england-cars-london-taxi-with-1871pcs","status":"publish","type":"product","link":"https:\/\/mouldking.store\/hu\/shop\/cada-c62004-levc-england-cars-london-taxi-with-1871pcs\/","title":{"rendered":"CaDa C62004 LEVC England Cars London Taxi 1871 DB-vel"},"content":{"rendered":"<p>Term\u00e9k inform\u00e1ci\u00f3:<\/p>\n<ol>\n<li>M\u00e1rka: CaDa<\/li>\n<li>Nem: Uniszex<\/li>\n<li>N\u00e9v: LEVC England Cars London Taxi<\/li>\n<li>Koroszt\u00e1ly: &gt; 6 \u00e9v<\/li>\n<li>Modellsz\u00e1m: C62004<\/li>\n<li>Besorol\u00e1s: \u00d6sszeszerel\u00e9s<\/li>\n<li>M\u0171anyag blokk forma: \u00f6nz\u00e1r\u00f3 t\u00e9gla<\/li>\n<li>Anyaga: M\u0171anyag<\/li>\n<li>M\u0171anyag t\u00edpus: ABS<\/li>\n<li>T\u00e9gla blokkok: 1871 DB<\/li>\n<li>M\u00e9rete: 35,2 \u00d7 14,4 \u00d7 12,8 cm<\/li>\n<li>R\u00e9szletes \u00f6sszeszerel\u00e9si \u00fatmutat\u00f3t tartalmaz.<\/li>\n<\/ol>\n<p>\u00c9rtes\u00edt\u00e9s:<br \/>\n1. Eredeti doboz n\u00e9lk\u00fcl, de garant\u00e1ljuk, hogy term\u00e9keink min\u0151s\u00e9gbiztos\u00edt\u00e1ssal \u00e9s sz\u00e9p csomagol\u00e1ssal rendelkeznek.<br \/>\n2. Mint minden alkatr\u00e9szt, amelyet a sz\u00e1ll\u00edt\u00e1s el\u0151tt ellen\u0151rizt\u00fcnk, ez\u00e9rt ha \u00fagy tal\u00e1lja, hogy n\u00e9h\u00e1ny alkatr\u00e9sz hi\u00e1nyzik vagy s\u00e9r\u00fclt, ne agg\u00f3djon, \u00e9s k\u00e9rj\u00fck, vegye fel vel\u00fcnk a kapcsolatot, \u00e9s azonnal ingyenesen elk\u00fcldj\u00fck \u00d6nnek.<\/p>\n<figure id=\"attachment_39040\" aria-describedby=\"caption-attachment-39040\" style=\"width: 800px\" class=\"wp-caption aligncenter\"><img fetchpriority=\"high\" decoding=\"async\" class=\"wp-image-39040 size-full\" src=\"https:\/\/mouldking.store\/wp-content\/uploads\/2022\/12\/CaDa-C62004-Technic-LEVC-English-Vehicle-4.jpg\" alt=\"CaDa C62004 LEVC England Cars London Taxi With 1871PCS\" width=\"800\" height=\"800\" title=\"-\" srcset=\"https:\/\/mouldking.store\/wp-content\/uploads\/2022\/12\/CaDa-C62004-Technic-LEVC-English-Vehicle-4.jpg 800w, https:\/\/mouldking.store\/wp-content\/uploads\/2022\/12\/CaDa-C62004-Technic-LEVC-English-Vehicle-4-300x300.jpg 300w, https:\/\/mouldking.store\/wp-content\/uploads\/2022\/12\/CaDa-C62004-Technic-LEVC-English-Vehicle-4-768x768.jpg 768w, https:\/\/mouldking.store\/wp-content\/uploads\/2022\/12\/CaDa-C62004-Technic-LEVC-English-Vehicle-4-600x600.jpg 600w, https:\/\/mouldking.store\/wp-content\/uploads\/2022\/12\/CaDa-C62004-Technic-LEVC-English-Vehicle-4-150x150.jpg 150w, https:\/\/mouldking.store\/wp-content\/uploads\/2022\/12\/CaDa-C62004-Technic-LEVC-English-Vehicle-4-60x60.jpg 60w, https:\/\/mouldking.store\/wp-content\/uploads\/2022\/12\/CaDa-C62004-Technic-LEVC-English-Vehicle-4-90x90.jpg 90w\" sizes=\"(max-width: 800px) 100vw, 800px\" \/><figcaption id=\"caption-attachment-39040\" class=\"wp-caption-text\">CaDa C62004 LEVC England Cars London Taxi 1871 DB-vel<\/figcaption><\/figure>\n<figure id=\"attachment_39041\" aria-describedby=\"caption-attachment-39041\" style=\"width: 800px\" class=\"wp-caption aligncenter\"><img decoding=\"async\" class=\"wp-image-39041 size-full\" src=\"https:\/\/mouldking.store\/wp-content\/uploads\/2022\/12\/CaDa-C62004-Technic-LEVC-English-Vehicle-3.jpg\" alt=\"CaDa C62004 LEVC England Cars London Taxi With 1871PCS\" width=\"800\" height=\"800\" title=\"-\" srcset=\"https:\/\/mouldking.store\/wp-content\/uploads\/2022\/12\/CaDa-C62004-Technic-LEVC-English-Vehicle-3.jpg 800w, https:\/\/mouldking.store\/wp-content\/uploads\/2022\/12\/CaDa-C62004-Technic-LEVC-English-Vehicle-3-300x300.jpg 300w, https:\/\/mouldking.store\/wp-content\/uploads\/2022\/12\/CaDa-C62004-Technic-LEVC-English-Vehicle-3-768x768.jpg 768w, https:\/\/mouldking.store\/wp-content\/uploads\/2022\/12\/CaDa-C62004-Technic-LEVC-English-Vehicle-3-600x600.jpg 600w, https:\/\/mouldking.store\/wp-content\/uploads\/2022\/12\/CaDa-C62004-Technic-LEVC-English-Vehicle-3-150x150.jpg 150w, https:\/\/mouldking.store\/wp-content\/uploads\/2022\/12\/CaDa-C62004-Technic-LEVC-English-Vehicle-3-60x60.jpg 60w, https:\/\/mouldking.store\/wp-content\/uploads\/2022\/12\/CaDa-C62004-Technic-LEVC-English-Vehicle-3-90x90.jpg 90w\" sizes=\"(max-width: 800px) 100vw, 800px\" \/><figcaption id=\"caption-attachment-39041\" class=\"wp-caption-text\">CaDa C62004 LEVC England Cars London Taxi 1871 DB-vel<\/figcaption><\/figure>\n<figure id=\"attachment_39042\" aria-describedby=\"caption-attachment-39042\" style=\"width: 800px\" class=\"wp-caption aligncenter\"><img decoding=\"async\" class=\"wp-image-39042 size-full\" src=\"https:\/\/mouldking.store\/wp-content\/uploads\/2022\/12\/CaDa-C62004-Technic-LEVC-English-Vehicle-2.jpg\" alt=\"CaDa C62004 LEVC England Cars London Taxi With 1871PCS\" width=\"800\" height=\"800\" title=\"-\" srcset=\"https:\/\/mouldking.store\/wp-content\/uploads\/2022\/12\/CaDa-C62004-Technic-LEVC-English-Vehicle-2.jpg 800w, https:\/\/mouldking.store\/wp-content\/uploads\/2022\/12\/CaDa-C62004-Technic-LEVC-English-Vehicle-2-300x300.jpg 300w, https:\/\/mouldking.store\/wp-content\/uploads\/2022\/12\/CaDa-C62004-Technic-LEVC-English-Vehicle-2-768x768.jpg 768w, https:\/\/mouldking.store\/wp-content\/uploads\/2022\/12\/CaDa-C62004-Technic-LEVC-English-Vehicle-2-600x600.jpg 600w, https:\/\/mouldking.store\/wp-content\/uploads\/2022\/12\/CaDa-C62004-Technic-LEVC-English-Vehicle-2-150x150.jpg 150w, https:\/\/mouldking.store\/wp-content\/uploads\/2022\/12\/CaDa-C62004-Technic-LEVC-English-Vehicle-2-60x60.jpg 60w, https:\/\/mouldking.store\/wp-content\/uploads\/2022\/12\/CaDa-C62004-Technic-LEVC-English-Vehicle-2-90x90.jpg 90w\" sizes=\"(max-width: 800px) 100vw, 800px\" \/><figcaption id=\"caption-attachment-39042\" class=\"wp-caption-text\">CaDa C62004 LEVC England Cars London Taxi 1871 DB-vel<\/figcaption><\/figure>\n<figure id=\"attachment_39043\" aria-describedby=\"caption-attachment-39043\" style=\"width: 800px\" class=\"wp-caption aligncenter\"><img loading=\"lazy\" decoding=\"async\" class=\"wp-image-39043 size-full\" src=\"https:\/\/mouldking.store\/wp-content\/uploads\/2022\/12\/CaDa-C62004-Technic-LEVC-English-Vehicle-1.jpg\" alt=\"CaDa C62004 LEVC England Cars London Taxi With 1871PCS\" width=\"800\" height=\"800\" title=\"-\" srcset=\"https:\/\/mouldking.store\/wp-content\/uploads\/2022\/12\/CaDa-C62004-Technic-LEVC-English-Vehicle-1.jpg 800w, https:\/\/mouldking.store\/wp-content\/uploads\/2022\/12\/CaDa-C62004-Technic-LEVC-English-Vehicle-1-300x300.jpg 300w, https:\/\/mouldking.store\/wp-content\/uploads\/2022\/12\/CaDa-C62004-Technic-LEVC-English-Vehicle-1-768x768.jpg 768w, https:\/\/mouldking.store\/wp-content\/uploads\/2022\/12\/CaDa-C62004-Technic-LEVC-English-Vehicle-1-600x600.jpg 600w, https:\/\/mouldking.store\/wp-content\/uploads\/2022\/12\/CaDa-C62004-Technic-LEVC-English-Vehicle-1-150x150.jpg 150w, https:\/\/mouldking.store\/wp-content\/uploads\/2022\/12\/CaDa-C62004-Technic-LEVC-English-Vehicle-1-60x60.jpg 60w, https:\/\/mouldking.store\/wp-content\/uploads\/2022\/12\/CaDa-C62004-Technic-LEVC-English-Vehicle-1-90x90.jpg 90w\" sizes=\"(max-width: 800px) 100vw, 800px\" \/><figcaption id=\"caption-attachment-39043\" class=\"wp-caption-text\">CaDa C62004 LEVC England Cars London Taxi 1871 DB-vel<\/figcaption><\/figure>","protected":false},"excerpt":{"rendered":"<p>Product information: Brand: CaDa Gender: Unisex Name: LEVC England Cars London Taxi Age Range: &gt; 6 years old Model Number: C62004 Classification: Assemblage Plastic Block Shape: Self-Locking Bricks Material: Plastic Plastic Type: ABS Bricks Blocks:1871PCS Size: 35.2 \u00d7 14.4 \u00d7 12.8 cm Contains detailed assembly instructions. Notice: 1. Without an original box, but we guarantee [&hellip;]<\/p>","protected":false},"featured_media":39040,"comment_status":"closed","ping_status":"closed","template":"","meta":{"_acf_changed":false},"product_cat":[1360,1357],"product_tag":[10383,1916,10390,10391,10382,10385,10388,10384,10389,9049,10387,10386],"class_list":["product","first","instock","shipping-taxable","purchasable","product-type-variable"],"acf":[],"_links":{"self":[{"href":"https:\/\/mouldking.store\/hu\/wp-json\/wp\/v2\/product\/39039","targetHints":{"allow":["GET"]}}],"collection":[{"href":"https:\/\/mouldking.store\/hu\/wp-json\/wp\/v2\/product"}],"about":[{"href":"https:\/\/mouldking.store\/hu\/wp-json\/wp\/v2\/types\/product"}],"replies":[{"embeddable":true,"href":"https:\/\/mouldking.store\/hu\/wp-json\/wp\/v2\/comments?post=39039"}],"wp:featuredmedia":[{"embeddable":true,"href":"https:\/\/mouldking.store\/hu\/wp-json\/wp\/v2\/media\/39040"}],"wp:attachment":[{"href":"https:\/\/mouldking.store\/hu\/wp-json\/wp\/v2\/media?parent=39039"}],"wp:term":[{"taxonomy":"product_cat","embeddable":true,"href":"https:\/\/mouldking.store\/hu\/wp-json\/wp\/v2\/product_cat?post=39039"},{"taxonomy":"product_tag","embeddable":true,"href":"https:\/\/mouldking.store\/hu\/wp-json\/wp\/v2\/product_tag?post=39039"}],"curies":[{"name":"wp","href":"https:\/\/api.w.org\/{rel}","templated":true}]}}