{"id":39046,"date":"2022-12-27T11:41:08","date_gmt":"2022-12-27T04:41:08","guid":{"rendered":"https:\/\/mouldking.store\/?post_type=product&#038;p=39046"},"modified":"2025-12-25T09:11:55","modified_gmt":"2025-12-25T02:11:55","slug":"moc-126132-scania-t164-tractor-crane-truck-with-3005pcs","status":"publish","type":"product","link":"https:\/\/mouldking.store\/hu\/shop\/moc-126132-scania-t164-tractor-crane-truck-with-3005pcs\/","title":{"rendered":"MOC-126132 Scania T164 traktoros darus teheraut\u00f3 3005 DB-vel"},"content":{"rendered":"<ol>\n<li>M\u00e1rka: MOC<\/li>\n<li>Nem: Uniszex<\/li>\n<li>Name: Scania T164 Tractor Crane Truck<\/li>\n<li>Koroszt\u00e1ly: &gt; 6 \u00e9v<\/li>\n<li>Model Number: 126132<\/li>\n<li>Besorol\u00e1s: \u00d6sszeszerel\u00e9s<\/li>\n<li>M\u0171anyag blokk forma: \u00f6nz\u00e1r\u00f3 t\u00e9gla<\/li>\n<li>Anyaga: M\u0171anyag<\/li>\n<li>M\u0171anyag t\u00edpus: ABS<\/li>\n<li>Bricks Blocks:3005PCS<\/li>\n<li>Dimensions: 47.8 x 17.4 x 20.5m<\/li>\n<li>Weight:3000g<\/li>\n<li>R\u00e9szletes \u00f6sszeszerel\u00e9si \u00fatmutat\u00f3t tartalmaz.<\/li>\n<\/ol>\n<p>\u00c9rtes\u00edt\u00e9s:<br \/>\n1. Eredeti doboz n\u00e9lk\u00fcl, de garant\u00e1ljuk, hogy term\u00e9keink min\u0151s\u00e9gbiztos\u00edt\u00e1ssal \u00e9s sz\u00e9p csomagol\u00e1ssal rendelkeznek.<br \/>\n2. Mint minden alkatr\u00e9szt, amelyet a sz\u00e1ll\u00edt\u00e1s el\u0151tt ellen\u0151rizt\u00fcnk, ez\u00e9rt ha \u00fagy tal\u00e1lja, hogy n\u00e9h\u00e1ny alkatr\u00e9sz hi\u00e1nyzik vagy s\u00e9r\u00fclt, ne agg\u00f3djon, \u00e9s k\u00e9rj\u00fck, vegye fel vel\u00fcnk a kapcsolatot, \u00e9s azonnal ingyenesen elk\u00fcldj\u00fck \u00d6nnek.<\/p>\n<figure id=\"attachment_39047\" aria-describedby=\"caption-attachment-39047\" style=\"width: 1004px\" class=\"wp-caption aligncenter\"><img fetchpriority=\"high\" decoding=\"async\" class=\"wp-image-39047 size-full\" src=\"https:\/\/mouldking.store\/wp-content\/uploads\/2022\/12\/MOC-126132-Technic-Scania-T164-Tractor-Crane-Truck-MOC-FACTORY.png\" alt=\"MOC-126132 Scania T164 Tractor Crane Truck With 3005PCS\" width=\"1004\" height=\"1004\" title=\"-\" srcset=\"https:\/\/mouldking.store\/wp-content\/uploads\/2022\/12\/MOC-126132-Technic-Scania-T164-Tractor-Crane-Truck-MOC-FACTORY.png 1004w, https:\/\/mouldking.store\/wp-content\/uploads\/2022\/12\/MOC-126132-Technic-Scania-T164-Tractor-Crane-Truck-MOC-FACTORY-300x300.png 300w, https:\/\/mouldking.store\/wp-content\/uploads\/2022\/12\/MOC-126132-Technic-Scania-T164-Tractor-Crane-Truck-MOC-FACTORY-768x768.png 768w, https:\/\/mouldking.store\/wp-content\/uploads\/2022\/12\/MOC-126132-Technic-Scania-T164-Tractor-Crane-Truck-MOC-FACTORY-600x600.png 600w, https:\/\/mouldking.store\/wp-content\/uploads\/2022\/12\/MOC-126132-Technic-Scania-T164-Tractor-Crane-Truck-MOC-FACTORY-150x150.png 150w, https:\/\/mouldking.store\/wp-content\/uploads\/2022\/12\/MOC-126132-Technic-Scania-T164-Tractor-Crane-Truck-MOC-FACTORY-60x60.png 60w, https:\/\/mouldking.store\/wp-content\/uploads\/2022\/12\/MOC-126132-Technic-Scania-T164-Tractor-Crane-Truck-MOC-FACTORY-90x90.png 90w\" sizes=\"(max-width: 1004px) 100vw, 1004px\" \/><figcaption id=\"caption-attachment-39047\" class=\"wp-caption-text\">MOC-126132 Scania T164 traktoros darus teheraut\u00f3 3005 DB-vel<\/figcaption><\/figure>\n<figure id=\"attachment_39049\" aria-describedby=\"caption-attachment-39049\" style=\"width: 1024px\" class=\"wp-caption aligncenter\"><img decoding=\"async\" class=\"wp-image-39049 size-large\" src=\"https:\/\/mouldking.store\/wp-content\/uploads\/2022\/12\/Scania-T164-Tractor-Crane-Truck-MOC-126132-2-1024x1024.jpg\" alt=\"MOC-126132 Scania T164 Tractor Crane Truck With 3005PCS\" width=\"1024\" height=\"1024\" title=\"-\" srcset=\"https:\/\/mouldking.store\/wp-content\/uploads\/2022\/12\/Scania-T164-Tractor-Crane-Truck-MOC-126132-2-1024x1024.jpg 1024w, https:\/\/mouldking.store\/wp-content\/uploads\/2022\/12\/Scania-T164-Tractor-Crane-Truck-MOC-126132-2-300x300.jpg 300w, https:\/\/mouldking.store\/wp-content\/uploads\/2022\/12\/Scania-T164-Tractor-Crane-Truck-MOC-126132-2-768x768.jpg 768w, https:\/\/mouldking.store\/wp-content\/uploads\/2022\/12\/Scania-T164-Tractor-Crane-Truck-MOC-126132-2-600x600.jpg 600w, https:\/\/mouldking.store\/wp-content\/uploads\/2022\/12\/Scania-T164-Tractor-Crane-Truck-MOC-126132-2-150x150.jpg 150w, https:\/\/mouldking.store\/wp-content\/uploads\/2022\/12\/Scania-T164-Tractor-Crane-Truck-MOC-126132-2-60x60.jpg 60w, https:\/\/mouldking.store\/wp-content\/uploads\/2022\/12\/Scania-T164-Tractor-Crane-Truck-MOC-126132-2-90x90.jpg 90w, https:\/\/mouldking.store\/wp-content\/uploads\/2022\/12\/Scania-T164-Tractor-Crane-Truck-MOC-126132-2.jpg 1100w\" sizes=\"(max-width: 1024px) 100vw, 1024px\" \/><figcaption id=\"caption-attachment-39049\" class=\"wp-caption-text\">MOC-126132 Scania T164 traktoros darus teheraut\u00f3 3005 DB-vel<\/figcaption><\/figure>\n<figure id=\"attachment_39050\" aria-describedby=\"caption-attachment-39050\" style=\"width: 1024px\" class=\"wp-caption aligncenter\"><img decoding=\"async\" class=\"wp-image-39050 size-large\" src=\"https:\/\/mouldking.store\/wp-content\/uploads\/2022\/12\/Scania-T164-Tractor-Crane-Truck-MOC-126132-3-1024x1024.jpg\" alt=\"MOC-126132 Scania T164 Tractor Crane Truck With 3005PCS\" width=\"1024\" height=\"1024\" title=\"-\" srcset=\"https:\/\/mouldking.store\/wp-content\/uploads\/2022\/12\/Scania-T164-Tractor-Crane-Truck-MOC-126132-3-1024x1024.jpg 1024w, https:\/\/mouldking.store\/wp-content\/uploads\/2022\/12\/Scania-T164-Tractor-Crane-Truck-MOC-126132-3-300x300.jpg 300w, https:\/\/mouldking.store\/wp-content\/uploads\/2022\/12\/Scania-T164-Tractor-Crane-Truck-MOC-126132-3-768x768.jpg 768w, https:\/\/mouldking.store\/wp-content\/uploads\/2022\/12\/Scania-T164-Tractor-Crane-Truck-MOC-126132-3-600x600.jpg 600w, https:\/\/mouldking.store\/wp-content\/uploads\/2022\/12\/Scania-T164-Tractor-Crane-Truck-MOC-126132-3-150x150.jpg 150w, https:\/\/mouldking.store\/wp-content\/uploads\/2022\/12\/Scania-T164-Tractor-Crane-Truck-MOC-126132-3-60x60.jpg 60w, https:\/\/mouldking.store\/wp-content\/uploads\/2022\/12\/Scania-T164-Tractor-Crane-Truck-MOC-126132-3-90x90.jpg 90w, https:\/\/mouldking.store\/wp-content\/uploads\/2022\/12\/Scania-T164-Tractor-Crane-Truck-MOC-126132-3.jpg 1100w\" sizes=\"(max-width: 1024px) 100vw, 1024px\" \/><figcaption id=\"caption-attachment-39050\" class=\"wp-caption-text\">MOC-126132 Scania T164 traktoros darus teheraut\u00f3 3005 DB-vel<\/figcaption><\/figure>\n<figure id=\"attachment_39051\" aria-describedby=\"caption-attachment-39051\" style=\"width: 1100px\" class=\"wp-caption aligncenter\"><img loading=\"lazy\" decoding=\"async\" class=\"wp-image-39051 size-full\" src=\"https:\/\/mouldking.store\/wp-content\/uploads\/2022\/12\/Scania-T164-Tractor-Crane-Truck-MOC-126132-4.jpg\" alt=\"MOC-126132 Scania T164 Tractor Crane Truck With 3005PCS\" width=\"1100\" height=\"1100\" title=\"-\" srcset=\"https:\/\/mouldking.store\/wp-content\/uploads\/2022\/12\/Scania-T164-Tractor-Crane-Truck-MOC-126132-4.jpg 1100w, https:\/\/mouldking.store\/wp-content\/uploads\/2022\/12\/Scania-T164-Tractor-Crane-Truck-MOC-126132-4-300x300.jpg 300w, https:\/\/mouldking.store\/wp-content\/uploads\/2022\/12\/Scania-T164-Tractor-Crane-Truck-MOC-126132-4-1024x1024.jpg 1024w, https:\/\/mouldking.store\/wp-content\/uploads\/2022\/12\/Scania-T164-Tractor-Crane-Truck-MOC-126132-4-768x768.jpg 768w, https:\/\/mouldking.store\/wp-content\/uploads\/2022\/12\/Scania-T164-Tractor-Crane-Truck-MOC-126132-4-600x600.jpg 600w, https:\/\/mouldking.store\/wp-content\/uploads\/2022\/12\/Scania-T164-Tractor-Crane-Truck-MOC-126132-4-150x150.jpg 150w, https:\/\/mouldking.store\/wp-content\/uploads\/2022\/12\/Scania-T164-Tractor-Crane-Truck-MOC-126132-4-60x60.jpg 60w, https:\/\/mouldking.store\/wp-content\/uploads\/2022\/12\/Scania-T164-Tractor-Crane-Truck-MOC-126132-4-90x90.jpg 90w\" sizes=\"(max-width: 1100px) 100vw, 1100px\" \/><figcaption id=\"caption-attachment-39051\" class=\"wp-caption-text\">MOC-126132 Scania T164 traktoros darus teheraut\u00f3 3005 DB-vel<\/figcaption><\/figure>\n<figure id=\"attachment_39052\" aria-describedby=\"caption-attachment-39052\" style=\"width: 1024px\" class=\"wp-caption aligncenter\"><img loading=\"lazy\" decoding=\"async\" class=\"wp-image-39052 size-large\" src=\"https:\/\/mouldking.store\/wp-content\/uploads\/2022\/12\/Scania-T164-Tractor-Crane-Truck-MOC-126132-5-1024x1024.jpg\" alt=\"MOC-126132 Scania T164 Tractor Crane Truck With 3005PCS\" width=\"1024\" height=\"1024\" title=\"-\" srcset=\"https:\/\/mouldking.store\/wp-content\/uploads\/2022\/12\/Scania-T164-Tractor-Crane-Truck-MOC-126132-5-1024x1024.jpg 1024w, https:\/\/mouldking.store\/wp-content\/uploads\/2022\/12\/Scania-T164-Tractor-Crane-Truck-MOC-126132-5-300x300.jpg 300w, https:\/\/mouldking.store\/wp-content\/uploads\/2022\/12\/Scania-T164-Tractor-Crane-Truck-MOC-126132-5-768x768.jpg 768w, https:\/\/mouldking.store\/wp-content\/uploads\/2022\/12\/Scania-T164-Tractor-Crane-Truck-MOC-126132-5-600x600.jpg 600w, https:\/\/mouldking.store\/wp-content\/uploads\/2022\/12\/Scania-T164-Tractor-Crane-Truck-MOC-126132-5-150x150.jpg 150w, https:\/\/mouldking.store\/wp-content\/uploads\/2022\/12\/Scania-T164-Tractor-Crane-Truck-MOC-126132-5-60x60.jpg 60w, https:\/\/mouldking.store\/wp-content\/uploads\/2022\/12\/Scania-T164-Tractor-Crane-Truck-MOC-126132-5-90x90.jpg 90w, https:\/\/mouldking.store\/wp-content\/uploads\/2022\/12\/Scania-T164-Tractor-Crane-Truck-MOC-126132-5.jpg 1100w\" sizes=\"(max-width: 1024px) 100vw, 1024px\" \/><figcaption id=\"caption-attachment-39052\" class=\"wp-caption-text\">MOC-126132 Scania T164 traktoros darus teheraut\u00f3 3005 DB-vel<\/figcaption><\/figure>\n<figure id=\"attachment_39053\" aria-describedby=\"caption-attachment-39053\" style=\"width: 1024px\" class=\"wp-caption aligncenter\"><img loading=\"lazy\" decoding=\"async\" class=\"wp-image-39053 size-large\" src=\"https:\/\/mouldking.store\/wp-content\/uploads\/2022\/12\/Scania-T164-Tractor-Crane-Truck-MOC-126132-6-1024x1024.jpg\" alt=\"MOC-126132 Scania T164 Tractor Crane Truck With 3005PCS\" width=\"1024\" height=\"1024\" title=\"-\" srcset=\"https:\/\/mouldking.store\/wp-content\/uploads\/2022\/12\/Scania-T164-Tractor-Crane-Truck-MOC-126132-6-1024x1024.jpg 1024w, https:\/\/mouldking.store\/wp-content\/uploads\/2022\/12\/Scania-T164-Tractor-Crane-Truck-MOC-126132-6-300x300.jpg 300w, https:\/\/mouldking.store\/wp-content\/uploads\/2022\/12\/Scania-T164-Tractor-Crane-Truck-MOC-126132-6-768x768.jpg 768w, https:\/\/mouldking.store\/wp-content\/uploads\/2022\/12\/Scania-T164-Tractor-Crane-Truck-MOC-126132-6-600x600.jpg 600w, https:\/\/mouldking.store\/wp-content\/uploads\/2022\/12\/Scania-T164-Tractor-Crane-Truck-MOC-126132-6-150x150.jpg 150w, https:\/\/mouldking.store\/wp-content\/uploads\/2022\/12\/Scania-T164-Tractor-Crane-Truck-MOC-126132-6-60x60.jpg 60w, https:\/\/mouldking.store\/wp-content\/uploads\/2022\/12\/Scania-T164-Tractor-Crane-Truck-MOC-126132-6-90x90.jpg 90w, https:\/\/mouldking.store\/wp-content\/uploads\/2022\/12\/Scania-T164-Tractor-Crane-Truck-MOC-126132-6.jpg 1100w\" sizes=\"(max-width: 1024px) 100vw, 1024px\" \/><figcaption id=\"caption-attachment-39053\" class=\"wp-caption-text\">MOC-126132 Scania T164 traktoros darus teheraut\u00f3 3005 DB-vel<\/figcaption><\/figure>\n<figure id=\"attachment_39054\" aria-describedby=\"caption-attachment-39054\" style=\"width: 800px\" class=\"wp-caption aligncenter\"><img loading=\"lazy\" decoding=\"async\" class=\"wp-image-39054 size-full\" src=\"https:\/\/mouldking.store\/wp-content\/uploads\/2022\/12\/Scania-T164-Tractor-Crane-Truck-MOC-126132-7.jpg\" alt=\"MOC-126132 Scania T164 Tractor Crane Truck With 3005PCS\" width=\"800\" height=\"800\" title=\"-\" srcset=\"https:\/\/mouldking.store\/wp-content\/uploads\/2022\/12\/Scania-T164-Tractor-Crane-Truck-MOC-126132-7.jpg 800w, https:\/\/mouldking.store\/wp-content\/uploads\/2022\/12\/Scania-T164-Tractor-Crane-Truck-MOC-126132-7-300x300.jpg 300w, https:\/\/mouldking.store\/wp-content\/uploads\/2022\/12\/Scania-T164-Tractor-Crane-Truck-MOC-126132-7-768x768.jpg 768w, https:\/\/mouldking.store\/wp-content\/uploads\/2022\/12\/Scania-T164-Tractor-Crane-Truck-MOC-126132-7-600x600.jpg 600w, https:\/\/mouldking.store\/wp-content\/uploads\/2022\/12\/Scania-T164-Tractor-Crane-Truck-MOC-126132-7-150x150.jpg 150w, https:\/\/mouldking.store\/wp-content\/uploads\/2022\/12\/Scania-T164-Tractor-Crane-Truck-MOC-126132-7-60x60.jpg 60w, https:\/\/mouldking.store\/wp-content\/uploads\/2022\/12\/Scania-T164-Tractor-Crane-Truck-MOC-126132-7-90x90.jpg 90w\" sizes=\"(max-width: 800px) 100vw, 800px\" \/><figcaption id=\"caption-attachment-39054\" class=\"wp-caption-text\">MOC-126132 Scania T164 traktoros darus teheraut\u00f3 3005 DB-vel<\/figcaption><\/figure>","protected":false},"excerpt":{"rendered":"<p>PDF \u00e9p\u00edt\u00e9si \u00fatmutat\u00f3<\/p>\n<p>Eredeti doboz n\u00e9lk\u00fcl<\/p>\n<p>Id\u0151beoszt\u00e1s: 4-8 h\u00e9t<\/p>","protected":false},"featured_media":39047,"comment_status":"closed","ping_status":"closed","template":"","meta":{"_acf_changed":false},"product_cat":[1357,1406,364],"product_tag":[5205,10396,430,10393,10398,10392,10394,10397,10395,6245,466],"class_list":["product","first","instock","shipping-taxable","purchasable","product-type-simple"],"acf":[],"_links":{"self":[{"href":"https:\/\/mouldking.store\/hu\/wp-json\/wp\/v2\/product\/39046","targetHints":{"allow":["GET"]}}],"collection":[{"href":"https:\/\/mouldking.store\/hu\/wp-json\/wp\/v2\/product"}],"about":[{"href":"https:\/\/mouldking.store\/hu\/wp-json\/wp\/v2\/types\/product"}],"replies":[{"embeddable":true,"href":"https:\/\/mouldking.store\/hu\/wp-json\/wp\/v2\/comments?post=39046"}],"wp:featuredmedia":[{"embeddable":true,"href":"https:\/\/mouldking.store\/hu\/wp-json\/wp\/v2\/media\/39047"}],"wp:attachment":[{"href":"https:\/\/mouldking.store\/hu\/wp-json\/wp\/v2\/media?parent=39046"}],"wp:term":[{"taxonomy":"product_cat","embeddable":true,"href":"https:\/\/mouldking.store\/hu\/wp-json\/wp\/v2\/product_cat?post=39046"},{"taxonomy":"product_tag","embeddable":true,"href":"https:\/\/mouldking.store\/hu\/wp-json\/wp\/v2\/product_tag?post=39046"}],"curies":[{"name":"wp","href":"https:\/\/api.w.org\/{rel}","templated":true}]}}