{"id":39086,"date":"2022-12-27T12:20:14","date_gmt":"2022-12-27T05:20:14","guid":{"rendered":"https:\/\/mouldking.store\/?post_type=product&#038;p=39086"},"modified":"2025-12-25T09:11:55","modified_gmt":"2025-12-25T02:11:55","slug":"moc-15896-baroque-cathedral-with-13304pcs","status":"publish","type":"product","link":"https:\/\/mouldking.store\/hu\/shop\/moc-15896-baroque-cathedral-with-13304pcs\/","title":{"rendered":"MOC-15896 barokk katedr\u00e1lis 13304 db"},"content":{"rendered":"<ol>\n<li>M\u00e1rka: MOC<\/li>\n<li>Nem: Uniszex<\/li>\n<li>Name: Baroque Cathedral<\/li>\n<li>Koroszt\u00e1ly: &gt; 6 \u00e9v<\/li>\n<li>Model Number: 15896<\/li>\n<li>Besorol\u00e1s: \u00d6sszeszerel\u00e9s<\/li>\n<li>M\u0171anyag blokk forma: \u00f6nz\u00e1r\u00f3 t\u00e9gla<\/li>\n<li>Anyaga: M\u0171anyag<\/li>\n<li>M\u0171anyag t\u00edpus: ABS<\/li>\n<li>Bricks Blocks:13304PCS<\/li>\n<li>Size: 87 x 77 x 50cm<\/li>\n<li>Weight:11090g<\/li>\n<li>R\u00e9szletes \u00f6sszeszerel\u00e9si \u00fatmutat\u00f3t tartalmaz.<\/li>\n<\/ol>\n<p>\u00c9rtes\u00edt\u00e9s:<br \/>\n1. Eredeti doboz n\u00e9lk\u00fcl, de garant\u00e1ljuk, hogy term\u00e9keink min\u0151s\u00e9gbiztos\u00edt\u00e1ssal \u00e9s sz\u00e9p csomagol\u00e1ssal rendelkeznek.<br \/>\n2. Mint minden alkatr\u00e9szt, amelyet a sz\u00e1ll\u00edt\u00e1s el\u0151tt ellen\u0151rizt\u00fcnk, ez\u00e9rt ha \u00fagy tal\u00e1lja, hogy n\u00e9h\u00e1ny alkatr\u00e9sz hi\u00e1nyzik vagy s\u00e9r\u00fclt, ne agg\u00f3djon, \u00e9s k\u00e9rj\u00fck, vegye fel vel\u00fcnk a kapcsolatot, \u00e9s azonnal ingyenesen elk\u00fcldj\u00fck \u00d6nnek.<\/p>\n<figure id=\"attachment_39087\" aria-describedby=\"caption-attachment-39087\" style=\"width: 1004px\" class=\"wp-caption aligncenter\"><img fetchpriority=\"high\" decoding=\"async\" class=\"wp-image-39087 size-full\" src=\"https:\/\/mouldking.store\/wp-content\/uploads\/2022\/12\/MOC-15896-Modular-Building-Baroque-Cathedral-MOC-FACTORY.png\" alt=\"MOC-15896 Baroque Cathedral With 13304PCS\" width=\"1004\" height=\"1004\" title=\"-\" srcset=\"https:\/\/mouldking.store\/wp-content\/uploads\/2022\/12\/MOC-15896-Modular-Building-Baroque-Cathedral-MOC-FACTORY.png 1004w, https:\/\/mouldking.store\/wp-content\/uploads\/2022\/12\/MOC-15896-Modular-Building-Baroque-Cathedral-MOC-FACTORY-300x300.png 300w, https:\/\/mouldking.store\/wp-content\/uploads\/2022\/12\/MOC-15896-Modular-Building-Baroque-Cathedral-MOC-FACTORY-768x768.png 768w, https:\/\/mouldking.store\/wp-content\/uploads\/2022\/12\/MOC-15896-Modular-Building-Baroque-Cathedral-MOC-FACTORY-600x600.png 600w, https:\/\/mouldking.store\/wp-content\/uploads\/2022\/12\/MOC-15896-Modular-Building-Baroque-Cathedral-MOC-FACTORY-150x150.png 150w, https:\/\/mouldking.store\/wp-content\/uploads\/2022\/12\/MOC-15896-Modular-Building-Baroque-Cathedral-MOC-FACTORY-60x60.png 60w, https:\/\/mouldking.store\/wp-content\/uploads\/2022\/12\/MOC-15896-Modular-Building-Baroque-Cathedral-MOC-FACTORY-90x90.png 90w\" sizes=\"(max-width: 1004px) 100vw, 1004px\" \/><figcaption id=\"caption-attachment-39087\" class=\"wp-caption-text\">MOC-15896 barokk katedr\u00e1lis 13304 db<\/figcaption><\/figure>\n<figure id=\"attachment_39088\" aria-describedby=\"caption-attachment-39088\" style=\"width: 1024px\" class=\"wp-caption aligncenter\"><img decoding=\"async\" class=\"wp-image-39088 size-large\" src=\"https:\/\/mouldking.store\/wp-content\/uploads\/2022\/12\/Baroque-Cathedral-MOC-15896-2-1024x1024.jpg\" alt=\"MOC-15896 Baroque Cathedral With 13304PCS\" width=\"1024\" height=\"1024\" title=\"-\" srcset=\"https:\/\/mouldking.store\/wp-content\/uploads\/2022\/12\/Baroque-Cathedral-MOC-15896-2-1024x1024.jpg 1024w, https:\/\/mouldking.store\/wp-content\/uploads\/2022\/12\/Baroque-Cathedral-MOC-15896-2-300x300.jpg 300w, https:\/\/mouldking.store\/wp-content\/uploads\/2022\/12\/Baroque-Cathedral-MOC-15896-2-768x768.jpg 768w, https:\/\/mouldking.store\/wp-content\/uploads\/2022\/12\/Baroque-Cathedral-MOC-15896-2-600x600.jpg 600w, https:\/\/mouldking.store\/wp-content\/uploads\/2022\/12\/Baroque-Cathedral-MOC-15896-2-150x150.jpg 150w, https:\/\/mouldking.store\/wp-content\/uploads\/2022\/12\/Baroque-Cathedral-MOC-15896-2-60x60.jpg 60w, https:\/\/mouldking.store\/wp-content\/uploads\/2022\/12\/Baroque-Cathedral-MOC-15896-2-90x90.jpg 90w, https:\/\/mouldking.store\/wp-content\/uploads\/2022\/12\/Baroque-Cathedral-MOC-15896-2.jpg 1100w\" sizes=\"(max-width: 1024px) 100vw, 1024px\" \/><figcaption id=\"caption-attachment-39088\" class=\"wp-caption-text\">MOC-15896 barokk katedr\u00e1lis 13304 db<\/figcaption><\/figure>\n<figure id=\"attachment_39089\" aria-describedby=\"caption-attachment-39089\" style=\"width: 1024px\" class=\"wp-caption aligncenter\"><img decoding=\"async\" class=\"wp-image-39089 size-large\" src=\"https:\/\/mouldking.store\/wp-content\/uploads\/2022\/12\/Baroque-Cathedral-MOC-15896-3-1024x1024.jpg\" alt=\"MOC-15896 Baroque Cathedral With 13304PCS\" width=\"1024\" height=\"1024\" title=\"-\" srcset=\"https:\/\/mouldking.store\/wp-content\/uploads\/2022\/12\/Baroque-Cathedral-MOC-15896-3-1024x1024.jpg 1024w, https:\/\/mouldking.store\/wp-content\/uploads\/2022\/12\/Baroque-Cathedral-MOC-15896-3-300x300.jpg 300w, https:\/\/mouldking.store\/wp-content\/uploads\/2022\/12\/Baroque-Cathedral-MOC-15896-3-768x768.jpg 768w, https:\/\/mouldking.store\/wp-content\/uploads\/2022\/12\/Baroque-Cathedral-MOC-15896-3-600x600.jpg 600w, https:\/\/mouldking.store\/wp-content\/uploads\/2022\/12\/Baroque-Cathedral-MOC-15896-3-150x150.jpg 150w, https:\/\/mouldking.store\/wp-content\/uploads\/2022\/12\/Baroque-Cathedral-MOC-15896-3-60x60.jpg 60w, https:\/\/mouldking.store\/wp-content\/uploads\/2022\/12\/Baroque-Cathedral-MOC-15896-3-90x90.jpg 90w, https:\/\/mouldking.store\/wp-content\/uploads\/2022\/12\/Baroque-Cathedral-MOC-15896-3.jpg 1100w\" sizes=\"(max-width: 1024px) 100vw, 1024px\" \/><figcaption id=\"caption-attachment-39089\" class=\"wp-caption-text\">MOC-15896 barokk katedr\u00e1lis 13304 db<\/figcaption><\/figure>\n<figure id=\"attachment_39090\" aria-describedby=\"caption-attachment-39090\" style=\"width: 1024px\" class=\"wp-caption aligncenter\"><img loading=\"lazy\" decoding=\"async\" class=\"wp-image-39090 size-large\" src=\"https:\/\/mouldking.store\/wp-content\/uploads\/2022\/12\/Baroque-Cathedral-MOC-15896-4-1024x1024.jpg\" alt=\"MOC-15896 Baroque Cathedral With 13304PCS\" width=\"1024\" height=\"1024\" title=\"-\" srcset=\"https:\/\/mouldking.store\/wp-content\/uploads\/2022\/12\/Baroque-Cathedral-MOC-15896-4-1024x1024.jpg 1024w, https:\/\/mouldking.store\/wp-content\/uploads\/2022\/12\/Baroque-Cathedral-MOC-15896-4-300x300.jpg 300w, https:\/\/mouldking.store\/wp-content\/uploads\/2022\/12\/Baroque-Cathedral-MOC-15896-4-768x768.jpg 768w, https:\/\/mouldking.store\/wp-content\/uploads\/2022\/12\/Baroque-Cathedral-MOC-15896-4-600x600.jpg 600w, https:\/\/mouldking.store\/wp-content\/uploads\/2022\/12\/Baroque-Cathedral-MOC-15896-4-150x150.jpg 150w, https:\/\/mouldking.store\/wp-content\/uploads\/2022\/12\/Baroque-Cathedral-MOC-15896-4-60x60.jpg 60w, https:\/\/mouldking.store\/wp-content\/uploads\/2022\/12\/Baroque-Cathedral-MOC-15896-4-90x90.jpg 90w, https:\/\/mouldking.store\/wp-content\/uploads\/2022\/12\/Baroque-Cathedral-MOC-15896-4.jpg 1100w\" sizes=\"(max-width: 1024px) 100vw, 1024px\" \/><figcaption id=\"caption-attachment-39090\" class=\"wp-caption-text\">MOC-15896 barokk katedr\u00e1lis 13304 db<\/figcaption><\/figure>\n<figure id=\"attachment_39091\" aria-describedby=\"caption-attachment-39091\" style=\"width: 1024px\" class=\"wp-caption aligncenter\"><img loading=\"lazy\" decoding=\"async\" class=\"wp-image-39091 size-large\" src=\"https:\/\/mouldking.store\/wp-content\/uploads\/2022\/12\/Baroque-Cathedral-MOC-15896-5-1024x1024.jpg\" alt=\"MOC-15896 Baroque Cathedral With 13304PCS\" width=\"1024\" height=\"1024\" title=\"-\" srcset=\"https:\/\/mouldking.store\/wp-content\/uploads\/2022\/12\/Baroque-Cathedral-MOC-15896-5-1024x1024.jpg 1024w, https:\/\/mouldking.store\/wp-content\/uploads\/2022\/12\/Baroque-Cathedral-MOC-15896-5-300x300.jpg 300w, https:\/\/mouldking.store\/wp-content\/uploads\/2022\/12\/Baroque-Cathedral-MOC-15896-5-768x768.jpg 768w, https:\/\/mouldking.store\/wp-content\/uploads\/2022\/12\/Baroque-Cathedral-MOC-15896-5-600x600.jpg 600w, https:\/\/mouldking.store\/wp-content\/uploads\/2022\/12\/Baroque-Cathedral-MOC-15896-5-150x150.jpg 150w, https:\/\/mouldking.store\/wp-content\/uploads\/2022\/12\/Baroque-Cathedral-MOC-15896-5-60x60.jpg 60w, https:\/\/mouldking.store\/wp-content\/uploads\/2022\/12\/Baroque-Cathedral-MOC-15896-5-90x90.jpg 90w, https:\/\/mouldking.store\/wp-content\/uploads\/2022\/12\/Baroque-Cathedral-MOC-15896-5.jpg 1100w\" sizes=\"(max-width: 1024px) 100vw, 1024px\" \/><figcaption id=\"caption-attachment-39091\" class=\"wp-caption-text\">MOC-15896 barokk katedr\u00e1lis 13304 db<\/figcaption><\/figure>\n<figure id=\"attachment_39092\" aria-describedby=\"caption-attachment-39092\" style=\"width: 1100px\" class=\"wp-caption aligncenter\"><img loading=\"lazy\" decoding=\"async\" class=\"wp-image-39092 size-full\" src=\"https:\/\/mouldking.store\/wp-content\/uploads\/2022\/12\/Baroque-Cathedral-MOC-15896-6.jpg\" alt=\"MOC-15896 Baroque Cathedral With 13304PCS\" width=\"1100\" height=\"1100\" title=\"-\" srcset=\"https:\/\/mouldking.store\/wp-content\/uploads\/2022\/12\/Baroque-Cathedral-MOC-15896-6.jpg 1100w, https:\/\/mouldking.store\/wp-content\/uploads\/2022\/12\/Baroque-Cathedral-MOC-15896-6-300x300.jpg 300w, https:\/\/mouldking.store\/wp-content\/uploads\/2022\/12\/Baroque-Cathedral-MOC-15896-6-1024x1024.jpg 1024w, https:\/\/mouldking.store\/wp-content\/uploads\/2022\/12\/Baroque-Cathedral-MOC-15896-6-768x768.jpg 768w, https:\/\/mouldking.store\/wp-content\/uploads\/2022\/12\/Baroque-Cathedral-MOC-15896-6-600x600.jpg 600w, https:\/\/mouldking.store\/wp-content\/uploads\/2022\/12\/Baroque-Cathedral-MOC-15896-6-150x150.jpg 150w, https:\/\/mouldking.store\/wp-content\/uploads\/2022\/12\/Baroque-Cathedral-MOC-15896-6-60x60.jpg 60w, https:\/\/mouldking.store\/wp-content\/uploads\/2022\/12\/Baroque-Cathedral-MOC-15896-6-90x90.jpg 90w\" sizes=\"(max-width: 1100px) 100vw, 1100px\" \/><figcaption id=\"caption-attachment-39092\" class=\"wp-caption-text\">MOC-15896 barokk katedr\u00e1lis 13304 db<\/figcaption><\/figure>\n<figure id=\"attachment_39093\" aria-describedby=\"caption-attachment-39093\" style=\"width: 1024px\" class=\"wp-caption aligncenter\"><img loading=\"lazy\" decoding=\"async\" class=\"wp-image-39093 size-large\" src=\"https:\/\/mouldking.store\/wp-content\/uploads\/2022\/12\/Baroque-Cathedral-MOC-15896-7-1024x1024.jpg\" alt=\"MOC-15896 Baroque Cathedral With 13304PCS\" width=\"1024\" height=\"1024\" title=\"-\" srcset=\"https:\/\/mouldking.store\/wp-content\/uploads\/2022\/12\/Baroque-Cathedral-MOC-15896-7-1024x1024.jpg 1024w, https:\/\/mouldking.store\/wp-content\/uploads\/2022\/12\/Baroque-Cathedral-MOC-15896-7-300x300.jpg 300w, https:\/\/mouldking.store\/wp-content\/uploads\/2022\/12\/Baroque-Cathedral-MOC-15896-7-768x768.jpg 768w, https:\/\/mouldking.store\/wp-content\/uploads\/2022\/12\/Baroque-Cathedral-MOC-15896-7-600x600.jpg 600w, https:\/\/mouldking.store\/wp-content\/uploads\/2022\/12\/Baroque-Cathedral-MOC-15896-7-150x150.jpg 150w, https:\/\/mouldking.store\/wp-content\/uploads\/2022\/12\/Baroque-Cathedral-MOC-15896-7-60x60.jpg 60w, https:\/\/mouldking.store\/wp-content\/uploads\/2022\/12\/Baroque-Cathedral-MOC-15896-7-90x90.jpg 90w, https:\/\/mouldking.store\/wp-content\/uploads\/2022\/12\/Baroque-Cathedral-MOC-15896-7.jpg 1100w\" sizes=\"(max-width: 1024px) 100vw, 1024px\" \/><figcaption id=\"caption-attachment-39093\" class=\"wp-caption-text\">MOC-15896 barokk katedr\u00e1lis 13304 db<\/figcaption><\/figure>","protected":false},"excerpt":{"rendered":"<p>PDF \u00e9p\u00edt\u00e9si \u00fatmutat\u00f3<\/p>\n<p>Eredeti doboz n\u00e9lk\u00fcl<\/p>\n<p>Id\u0151beoszt\u00e1s: 4-8 h\u00e9t<\/p>","protected":false},"featured_media":39087,"comment_status":"closed","ping_status":"closed","template":"","meta":{"_acf_changed":false},"product_cat":[1395,1406,390],"product_tag":[10431,10433,10432,430,10430,10434,10429],"class_list":["product","first","instock","shipping-taxable","purchasable","product-type-simple"],"acf":[],"_links":{"self":[{"href":"https:\/\/mouldking.store\/hu\/wp-json\/wp\/v2\/product\/39086","targetHints":{"allow":["GET"]}}],"collection":[{"href":"https:\/\/mouldking.store\/hu\/wp-json\/wp\/v2\/product"}],"about":[{"href":"https:\/\/mouldking.store\/hu\/wp-json\/wp\/v2\/types\/product"}],"replies":[{"embeddable":true,"href":"https:\/\/mouldking.store\/hu\/wp-json\/wp\/v2\/comments?post=39086"}],"wp:featuredmedia":[{"embeddable":true,"href":"https:\/\/mouldking.store\/hu\/wp-json\/wp\/v2\/media\/39087"}],"wp:attachment":[{"href":"https:\/\/mouldking.store\/hu\/wp-json\/wp\/v2\/media?parent=39086"}],"wp:term":[{"taxonomy":"product_cat","embeddable":true,"href":"https:\/\/mouldking.store\/hu\/wp-json\/wp\/v2\/product_cat?post=39086"},{"taxonomy":"product_tag","embeddable":true,"href":"https:\/\/mouldking.store\/hu\/wp-json\/wp\/v2\/product_tag?post=39086"}],"curies":[{"name":"wp","href":"https:\/\/api.w.org\/{rel}","templated":true}]}}