{"id":39116,"date":"2022-12-27T14:32:38","date_gmt":"2022-12-27T07:32:38","guid":{"rendered":"https:\/\/mouldking.store\/?post_type=product&#038;p=39116"},"modified":"2025-12-25T09:11:54","modified_gmt":"2025-12-25T02:11:54","slug":"moc-128617-lion-knights-outpost-with-1216pcs","status":"publish","type":"product","link":"https:\/\/mouldking.store\/hu\/shop\/moc-128617-lion-knights-outpost-with-1216pcs\/","title":{"rendered":"MOC-128617 Oroszl\u00e1nlovagok el\u0151\u0151rse 1216 db"},"content":{"rendered":"<ol>\n<li>M\u00e1rka: MOC<\/li>\n<li>Nem: Uniszex<\/li>\n<li>Name: Lion Knights\u2019 Outpost<\/li>\n<li>Koroszt\u00e1ly: &gt; 6 \u00e9v<\/li>\n<li>Model Number: 128617<\/li>\n<li>Besorol\u00e1s: \u00d6sszeszerel\u00e9s<\/li>\n<li>M\u0171anyag blokk forma: \u00f6nz\u00e1r\u00f3 t\u00e9gla<\/li>\n<li>Anyaga: M\u0171anyag<\/li>\n<li>M\u0171anyag t\u00edpus: ABS<\/li>\n<li>Bricks Blocks:1216PCS<\/li>\n<li>Weight:1020g<\/li>\n<li>R\u00e9szletes \u00f6sszeszerel\u00e9si \u00fatmutat\u00f3t tartalmaz.<\/li>\n<\/ol>\n<p>\u00c9rtes\u00edt\u00e9s:<br \/>\n1. Eredeti doboz n\u00e9lk\u00fcl, de garant\u00e1ljuk, hogy term\u00e9keink min\u0151s\u00e9gbiztos\u00edt\u00e1ssal \u00e9s sz\u00e9p csomagol\u00e1ssal rendelkeznek.<br \/>\n2. Mint minden alkatr\u00e9szt, amelyet a sz\u00e1ll\u00edt\u00e1s el\u0151tt ellen\u0151rizt\u00fcnk, ez\u00e9rt ha \u00fagy tal\u00e1lja, hogy n\u00e9h\u00e1ny alkatr\u00e9sz hi\u00e1nyzik vagy s\u00e9r\u00fclt, ne agg\u00f3djon, \u00e9s k\u00e9rj\u00fck, vegye fel vel\u00fcnk a kapcsolatot, \u00e9s azonnal ingyenesen elk\u00fcldj\u00fck \u00d6nnek.<\/p>\n<figure id=\"attachment_39117\" aria-describedby=\"caption-attachment-39117\" style=\"width: 1004px\" class=\"wp-caption aligncenter\"><img fetchpriority=\"high\" decoding=\"async\" class=\"wp-image-39117 size-full\" src=\"https:\/\/mouldking.store\/wp-content\/uploads\/2022\/12\/MOC-128617-Modular-Building-Lion-Knights-Outpost-MOC-FACTORY.png\" alt=\"MOC-128617 Lion Knights\u2019 Outpost With 1216PCS\" width=\"1004\" height=\"1004\" title=\"-\" srcset=\"https:\/\/mouldking.store\/wp-content\/uploads\/2022\/12\/MOC-128617-Modular-Building-Lion-Knights-Outpost-MOC-FACTORY.png 1004w, https:\/\/mouldking.store\/wp-content\/uploads\/2022\/12\/MOC-128617-Modular-Building-Lion-Knights-Outpost-MOC-FACTORY-300x300.png 300w, https:\/\/mouldking.store\/wp-content\/uploads\/2022\/12\/MOC-128617-Modular-Building-Lion-Knights-Outpost-MOC-FACTORY-768x768.png 768w, https:\/\/mouldking.store\/wp-content\/uploads\/2022\/12\/MOC-128617-Modular-Building-Lion-Knights-Outpost-MOC-FACTORY-600x600.png 600w, https:\/\/mouldking.store\/wp-content\/uploads\/2022\/12\/MOC-128617-Modular-Building-Lion-Knights-Outpost-MOC-FACTORY-150x150.png 150w, https:\/\/mouldking.store\/wp-content\/uploads\/2022\/12\/MOC-128617-Modular-Building-Lion-Knights-Outpost-MOC-FACTORY-60x60.png 60w, https:\/\/mouldking.store\/wp-content\/uploads\/2022\/12\/MOC-128617-Modular-Building-Lion-Knights-Outpost-MOC-FACTORY-90x90.png 90w\" sizes=\"(max-width: 1004px) 100vw, 1004px\" \/><figcaption id=\"caption-attachment-39117\" class=\"wp-caption-text\">MOC-128617 Oroszl\u00e1nlovagok el\u0151\u0151rse 1216 db<\/figcaption><\/figure>\n<figure id=\"attachment_39118\" aria-describedby=\"caption-attachment-39118\" style=\"width: 1024px\" class=\"wp-caption aligncenter\"><img decoding=\"async\" class=\"wp-image-39118 size-large\" src=\"https:\/\/mouldking.store\/wp-content\/uploads\/2022\/12\/Lion-Knights-Outpost-MOC-128617-2-1024x1024.jpg\" alt=\"MOC-128617 Lion Knights\u2019 Outpost With 1216PCS\" width=\"1024\" height=\"1024\" title=\"-\" srcset=\"https:\/\/mouldking.store\/wp-content\/uploads\/2022\/12\/Lion-Knights-Outpost-MOC-128617-2-1024x1024.jpg 1024w, https:\/\/mouldking.store\/wp-content\/uploads\/2022\/12\/Lion-Knights-Outpost-MOC-128617-2-300x300.jpg 300w, https:\/\/mouldking.store\/wp-content\/uploads\/2022\/12\/Lion-Knights-Outpost-MOC-128617-2-768x768.jpg 768w, https:\/\/mouldking.store\/wp-content\/uploads\/2022\/12\/Lion-Knights-Outpost-MOC-128617-2-600x600.jpg 600w, https:\/\/mouldking.store\/wp-content\/uploads\/2022\/12\/Lion-Knights-Outpost-MOC-128617-2-150x150.jpg 150w, https:\/\/mouldking.store\/wp-content\/uploads\/2022\/12\/Lion-Knights-Outpost-MOC-128617-2-60x60.jpg 60w, https:\/\/mouldking.store\/wp-content\/uploads\/2022\/12\/Lion-Knights-Outpost-MOC-128617-2-90x90.jpg 90w, https:\/\/mouldking.store\/wp-content\/uploads\/2022\/12\/Lion-Knights-Outpost-MOC-128617-2.jpg 1100w\" sizes=\"(max-width: 1024px) 100vw, 1024px\" \/><figcaption id=\"caption-attachment-39118\" class=\"wp-caption-text\">MOC-128617 Oroszl\u00e1nlovagok el\u0151\u0151rse 1216 db<\/figcaption><\/figure>\n<figure id=\"attachment_39119\" aria-describedby=\"caption-attachment-39119\" style=\"width: 1024px\" class=\"wp-caption aligncenter\"><img decoding=\"async\" class=\"wp-image-39119 size-large\" src=\"https:\/\/mouldking.store\/wp-content\/uploads\/2022\/12\/Lion-Knights-Outpost-MOC-128617-3-1024x1024.jpg\" alt=\"MOC-128617 Lion Knights\u2019 Outpost With 1216PCS\" width=\"1024\" height=\"1024\" title=\"-\" srcset=\"https:\/\/mouldking.store\/wp-content\/uploads\/2022\/12\/Lion-Knights-Outpost-MOC-128617-3-1024x1024.jpg 1024w, https:\/\/mouldking.store\/wp-content\/uploads\/2022\/12\/Lion-Knights-Outpost-MOC-128617-3-300x300.jpg 300w, https:\/\/mouldking.store\/wp-content\/uploads\/2022\/12\/Lion-Knights-Outpost-MOC-128617-3-768x768.jpg 768w, https:\/\/mouldking.store\/wp-content\/uploads\/2022\/12\/Lion-Knights-Outpost-MOC-128617-3-600x600.jpg 600w, https:\/\/mouldking.store\/wp-content\/uploads\/2022\/12\/Lion-Knights-Outpost-MOC-128617-3-150x150.jpg 150w, https:\/\/mouldking.store\/wp-content\/uploads\/2022\/12\/Lion-Knights-Outpost-MOC-128617-3-60x60.jpg 60w, https:\/\/mouldking.store\/wp-content\/uploads\/2022\/12\/Lion-Knights-Outpost-MOC-128617-3-90x90.jpg 90w, https:\/\/mouldking.store\/wp-content\/uploads\/2022\/12\/Lion-Knights-Outpost-MOC-128617-3.jpg 1100w\" sizes=\"(max-width: 1024px) 100vw, 1024px\" \/><figcaption id=\"caption-attachment-39119\" class=\"wp-caption-text\">MOC-128617 Oroszl\u00e1nlovagok el\u0151\u0151rse 1216 db<\/figcaption><\/figure>\n<figure id=\"attachment_39120\" aria-describedby=\"caption-attachment-39120\" style=\"width: 1024px\" class=\"wp-caption aligncenter\"><img loading=\"lazy\" decoding=\"async\" class=\"wp-image-39120 size-large\" src=\"https:\/\/mouldking.store\/wp-content\/uploads\/2022\/12\/Lion-Knights-Outpost-MOC-128617-4-1024x1024.jpg\" alt=\"MOC-128617 Lion Knights\u2019 Outpost With 1216PCS\" width=\"1024\" height=\"1024\" title=\"-\" srcset=\"https:\/\/mouldking.store\/wp-content\/uploads\/2022\/12\/Lion-Knights-Outpost-MOC-128617-4-1024x1024.jpg 1024w, https:\/\/mouldking.store\/wp-content\/uploads\/2022\/12\/Lion-Knights-Outpost-MOC-128617-4-300x300.jpg 300w, https:\/\/mouldking.store\/wp-content\/uploads\/2022\/12\/Lion-Knights-Outpost-MOC-128617-4-768x768.jpg 768w, https:\/\/mouldking.store\/wp-content\/uploads\/2022\/12\/Lion-Knights-Outpost-MOC-128617-4-600x600.jpg 600w, https:\/\/mouldking.store\/wp-content\/uploads\/2022\/12\/Lion-Knights-Outpost-MOC-128617-4-150x150.jpg 150w, https:\/\/mouldking.store\/wp-content\/uploads\/2022\/12\/Lion-Knights-Outpost-MOC-128617-4-60x60.jpg 60w, https:\/\/mouldking.store\/wp-content\/uploads\/2022\/12\/Lion-Knights-Outpost-MOC-128617-4-90x90.jpg 90w, https:\/\/mouldking.store\/wp-content\/uploads\/2022\/12\/Lion-Knights-Outpost-MOC-128617-4.jpg 1100w\" sizes=\"(max-width: 1024px) 100vw, 1024px\" \/><figcaption id=\"caption-attachment-39120\" class=\"wp-caption-text\">MOC-128617 Oroszl\u00e1nlovagok el\u0151\u0151rse 1216 db<\/figcaption><\/figure>\n<figure id=\"attachment_39121\" aria-describedby=\"caption-attachment-39121\" style=\"width: 1024px\" class=\"wp-caption aligncenter\"><img loading=\"lazy\" decoding=\"async\" class=\"wp-image-39121 size-large\" src=\"https:\/\/mouldking.store\/wp-content\/uploads\/2022\/12\/Lion-Knights-Outpost-MOC-128617-5-1024x1024.jpg\" alt=\"MOC-128617 Lion Knights\u2019 Outpost With 1216PCS\" width=\"1024\" height=\"1024\" title=\"-\" srcset=\"https:\/\/mouldking.store\/wp-content\/uploads\/2022\/12\/Lion-Knights-Outpost-MOC-128617-5-1024x1024.jpg 1024w, https:\/\/mouldking.store\/wp-content\/uploads\/2022\/12\/Lion-Knights-Outpost-MOC-128617-5-300x300.jpg 300w, https:\/\/mouldking.store\/wp-content\/uploads\/2022\/12\/Lion-Knights-Outpost-MOC-128617-5-768x768.jpg 768w, https:\/\/mouldking.store\/wp-content\/uploads\/2022\/12\/Lion-Knights-Outpost-MOC-128617-5-600x600.jpg 600w, https:\/\/mouldking.store\/wp-content\/uploads\/2022\/12\/Lion-Knights-Outpost-MOC-128617-5-150x150.jpg 150w, https:\/\/mouldking.store\/wp-content\/uploads\/2022\/12\/Lion-Knights-Outpost-MOC-128617-5-60x60.jpg 60w, https:\/\/mouldking.store\/wp-content\/uploads\/2022\/12\/Lion-Knights-Outpost-MOC-128617-5-90x90.jpg 90w, https:\/\/mouldking.store\/wp-content\/uploads\/2022\/12\/Lion-Knights-Outpost-MOC-128617-5.jpg 1100w\" sizes=\"(max-width: 1024px) 100vw, 1024px\" \/><figcaption id=\"caption-attachment-39121\" class=\"wp-caption-text\">MOC-128617 Oroszl\u00e1nlovagok el\u0151\u0151rse 1216 db<\/figcaption><\/figure>\n<figure id=\"attachment_39122\" aria-describedby=\"caption-attachment-39122\" style=\"width: 1024px\" class=\"wp-caption aligncenter\"><img loading=\"lazy\" decoding=\"async\" class=\"wp-image-39122 size-large\" src=\"https:\/\/mouldking.store\/wp-content\/uploads\/2022\/12\/Lion-Knights-Outpost-MOC-128617-6-1024x1024.jpg\" alt=\"MOC-128617 Lion Knights\u2019 Outpost With 1216PCS\" width=\"1024\" height=\"1024\" title=\"-\" srcset=\"https:\/\/mouldking.store\/wp-content\/uploads\/2022\/12\/Lion-Knights-Outpost-MOC-128617-6-1024x1024.jpg 1024w, https:\/\/mouldking.store\/wp-content\/uploads\/2022\/12\/Lion-Knights-Outpost-MOC-128617-6-300x300.jpg 300w, https:\/\/mouldking.store\/wp-content\/uploads\/2022\/12\/Lion-Knights-Outpost-MOC-128617-6-768x768.jpg 768w, https:\/\/mouldking.store\/wp-content\/uploads\/2022\/12\/Lion-Knights-Outpost-MOC-128617-6-600x600.jpg 600w, https:\/\/mouldking.store\/wp-content\/uploads\/2022\/12\/Lion-Knights-Outpost-MOC-128617-6-150x150.jpg 150w, https:\/\/mouldking.store\/wp-content\/uploads\/2022\/12\/Lion-Knights-Outpost-MOC-128617-6-60x60.jpg 60w, https:\/\/mouldking.store\/wp-content\/uploads\/2022\/12\/Lion-Knights-Outpost-MOC-128617-6-90x90.jpg 90w, https:\/\/mouldking.store\/wp-content\/uploads\/2022\/12\/Lion-Knights-Outpost-MOC-128617-6.jpg 1100w\" sizes=\"(max-width: 1024px) 100vw, 1024px\" \/><figcaption id=\"caption-attachment-39122\" class=\"wp-caption-text\">MOC-128617 Oroszl\u00e1nlovagok el\u0151\u0151rse 1216 db<\/figcaption><\/figure>","protected":false},"excerpt":{"rendered":"<p>PDF \u00e9p\u00edt\u00e9si \u00fatmutat\u00f3<\/p>\n<p>Eredeti doboz n\u00e9lk\u00fcl<\/p>\n<p>Id\u0151beoszt\u00e1s: 4-8 h\u00e9t<\/p>","protected":false},"featured_media":39117,"comment_status":"closed","ping_status":"closed","template":"","meta":{"_acf_changed":false},"product_cat":[1395,1406,390],"product_tag":[6576,10453,10454,430,10452,10455,10451,10344],"class_list":["product","first","instock","shipping-taxable","purchasable","product-type-simple"],"acf":[],"_links":{"self":[{"href":"https:\/\/mouldking.store\/hu\/wp-json\/wp\/v2\/product\/39116","targetHints":{"allow":["GET"]}}],"collection":[{"href":"https:\/\/mouldking.store\/hu\/wp-json\/wp\/v2\/product"}],"about":[{"href":"https:\/\/mouldking.store\/hu\/wp-json\/wp\/v2\/types\/product"}],"replies":[{"embeddable":true,"href":"https:\/\/mouldking.store\/hu\/wp-json\/wp\/v2\/comments?post=39116"}],"wp:featuredmedia":[{"embeddable":true,"href":"https:\/\/mouldking.store\/hu\/wp-json\/wp\/v2\/media\/39117"}],"wp:attachment":[{"href":"https:\/\/mouldking.store\/hu\/wp-json\/wp\/v2\/media?parent=39116"}],"wp:term":[{"taxonomy":"product_cat","embeddable":true,"href":"https:\/\/mouldking.store\/hu\/wp-json\/wp\/v2\/product_cat?post=39116"},{"taxonomy":"product_tag","embeddable":true,"href":"https:\/\/mouldking.store\/hu\/wp-json\/wp\/v2\/product_tag?post=39116"}],"curies":[{"name":"wp","href":"https:\/\/api.w.org\/{rel}","templated":true}]}}