{"id":39248,"date":"2023-01-03T11:57:53","date_gmt":"2023-01-03T04:57:53","guid":{"rendered":"https:\/\/mouldking.store\/?post_type=product&#038;p=39248"},"modified":"2025-12-25T09:11:54","modified_gmt":"2025-12-25T02:11:54","slug":"moc-64235-the-seven-rings-part-a-with-99538-pieces","status":"publish","type":"product","link":"https:\/\/mouldking.store\/hu\/shop\/moc-64235-the-seven-rings-part-a-with-99538-pieces\/","title":{"rendered":"MOC-64235 A h\u00e9t gy\u0171r\u0171 \u2013 A r\u00e9sz 99538 darabbal"},"content":{"rendered":"<ol>\n<li>M\u00e1rka: MOC<\/li>\n<li>Nem: Uniszex<\/li>\n<li>N\u00e9v: A h\u00e9t gy\u0171r\u0171 \u2013 A r\u00e9sz<\/li>\n<li>Koroszt\u00e1ly: &gt; 6 \u00e9v<\/li>\n<li>Modellsz\u00e1m: 64235<\/li>\n<li>Besorol\u00e1s: \u00d6sszeszerel\u00e9s<\/li>\n<li>M\u0171anyag blokk forma: \u00f6nz\u00e1r\u00f3 t\u00e9gla<\/li>\n<li>Anyaga: M\u0171anyag<\/li>\n<li>M\u0171anyag t\u00edpus: ABS<\/li>\n<li>T\u00e9gla blokkok: 99538 db<\/li>\n<li>M\u00e9retek<strong>:<\/strong>\u00a0Sz\u00e9: 231,8 cm Ho: 116,7 cm M: 131,2 cm<\/li>\n<li>R\u00e9szletes \u00f6sszeszerel\u00e9si \u00fatmutat\u00f3t tartalmaz.<\/li>\n<\/ol>\n<p>\u00c9rtes\u00edt\u00e9s:<br \/>\n1. Eredeti doboz n\u00e9lk\u00fcl, de garant\u00e1ljuk, hogy term\u00e9keink min\u0151s\u00e9gbiztos\u00edt\u00e1ssal \u00e9s sz\u00e9p csomagol\u00e1ssal rendelkeznek.<br \/>\n2. Mint minden alkatr\u00e9szt, amelyet a sz\u00e1ll\u00edt\u00e1s el\u0151tt ellen\u0151rizt\u00fcnk, ez\u00e9rt ha \u00fagy tal\u00e1lja, hogy n\u00e9h\u00e1ny alkatr\u00e9sz hi\u00e1nyzik vagy s\u00e9r\u00fclt, ne agg\u00f3djon, \u00e9s k\u00e9rj\u00fck, vegye fel vel\u00fcnk a kapcsolatot, \u00e9s azonnal ingyenesen elk\u00fcldj\u00fck \u00d6nnek.<\/p>\n<figure id=\"attachment_39249\" aria-describedby=\"caption-attachment-39249\" style=\"width: 1004px\" class=\"wp-caption aligncenter\"><img fetchpriority=\"high\" decoding=\"async\" class=\"wp-image-39249 size-full\" src=\"https:\/\/mouldking.store\/wp-content\/uploads\/2023\/01\/MOC-64235-Modular-Building-The-Seven-Rings-\u2013-Part-A-MOC-FACTORY.png\" alt=\"MOC-64235 The Seven Rings \u2013 Part A With 99538 Pieces\" width=\"1004\" height=\"1004\" title=\"-\"><figcaption id=\"caption-attachment-39249\" class=\"wp-caption-text\">MOC-64235 A h\u00e9t gy\u0171r\u0171 \u2013 A r\u00e9sz 99538 darabbal<\/figcaption><\/figure>\n<figure id=\"attachment_39250\" aria-describedby=\"caption-attachment-39250\" style=\"width: 1000px\" class=\"wp-caption aligncenter\"><img decoding=\"async\" class=\"wp-image-39250 size-full\" src=\"https:\/\/mouldking.store\/wp-content\/uploads\/2023\/01\/The-Seven-Rings-Part-A-MOC-64235-2.png\" alt=\"MOC-64235 The Seven Rings \u2013 Part A With 99538 Pieces\" width=\"1000\" height=\"1000\" title=\"-\"><figcaption id=\"caption-attachment-39250\" class=\"wp-caption-text\">MOC-64235 A h\u00e9t gy\u0171r\u0171 \u2013 A r\u00e9sz 99538 darabbal<\/figcaption><\/figure>\n<figure id=\"attachment_39251\" aria-describedby=\"caption-attachment-39251\" style=\"width: 1000px\" class=\"wp-caption aligncenter\"><img decoding=\"async\" class=\"wp-image-39251 size-full\" src=\"https:\/\/mouldking.store\/wp-content\/uploads\/2023\/01\/The-Seven-Rings-Part-A-MOC-64235-3.png\" alt=\"MOC-64235 The Seven Rings \u2013 Part A With 99538 Pieces\" width=\"1000\" height=\"1000\" title=\"-\"><figcaption id=\"caption-attachment-39251\" class=\"wp-caption-text\">MOC-64235 A h\u00e9t gy\u0171r\u0171 \u2013 A r\u00e9sz 99538 darabbal<\/figcaption><\/figure>\n<figure id=\"attachment_39252\" aria-describedby=\"caption-attachment-39252\" style=\"width: 1000px\" class=\"wp-caption aligncenter\"><img loading=\"lazy\" decoding=\"async\" class=\"wp-image-39252 size-full\" src=\"https:\/\/mouldking.store\/wp-content\/uploads\/2023\/01\/The-Seven-Rings-Part-A-MOC-64235-4.png\" alt=\"MOC-64235 The Seven Rings \u2013 Part A With 99538 Pieces\" width=\"1000\" height=\"1000\" title=\"-\"><figcaption id=\"caption-attachment-39252\" class=\"wp-caption-text\">MOC-64235 A h\u00e9t gy\u0171r\u0171 \u2013 A r\u00e9sz 99538 darabbal<\/figcaption><\/figure>","protected":false},"excerpt":{"rendered":"<p>Eredeti doboz n\u00e9lk\u00fcl<\/p>\n<p>Id\u0151beoszt\u00e1s: 4-8 h\u00e9t<\/p>","protected":false},"featured_media":39249,"comment_status":"closed","ping_status":"closed","template":"","meta":{"_acf_changed":false},"product_cat":[1395,390],"product_tag":[430,10570,10574,10569,10572,10571,10573],"class_list":["product","first","instock","shipping-taxable","purchasable","product-type-simple"],"acf":[],"_links":{"self":[{"href":"https:\/\/mouldking.store\/hu\/wp-json\/wp\/v2\/product\/39248","targetHints":{"allow":["GET"]}}],"collection":[{"href":"https:\/\/mouldking.store\/hu\/wp-json\/wp\/v2\/product"}],"about":[{"href":"https:\/\/mouldking.store\/hu\/wp-json\/wp\/v2\/types\/product"}],"replies":[{"embeddable":true,"href":"https:\/\/mouldking.store\/hu\/wp-json\/wp\/v2\/comments?post=39248"}],"wp:featuredmedia":[{"embeddable":true,"href":"https:\/\/mouldking.store\/hu\/wp-json\/wp\/v2\/media\/39249"}],"wp:attachment":[{"href":"https:\/\/mouldking.store\/hu\/wp-json\/wp\/v2\/media?parent=39248"}],"wp:term":[{"taxonomy":"product_cat","embeddable":true,"href":"https:\/\/mouldking.store\/hu\/wp-json\/wp\/v2\/product_cat?post=39248"},{"taxonomy":"product_tag","embeddable":true,"href":"https:\/\/mouldking.store\/hu\/wp-json\/wp\/v2\/product_tag?post=39248"}],"curies":[{"name":"wp","href":"https:\/\/api.w.org\/{rel}","templated":true}]}}