{"id":39285,"date":"2023-01-03T14:30:17","date_gmt":"2023-01-03T07:30:17","guid":{"rendered":"https:\/\/mouldking.store\/?post_type=product&#038;p=39285"},"modified":"2025-12-25T09:11:53","modified_gmt":"2025-12-25T02:11:53","slug":"moc-109869-central-station-v2-with-6820-pieces","status":"publish","type":"product","link":"https:\/\/mouldking.store\/hu\/shop\/moc-109869-central-station-v2-with-6820-pieces\/","title":{"rendered":"MOC-109869 k\u00f6zponti p\u00e1lyaudvar V2 6820 darabbal"},"content":{"rendered":"<ol>\n<li>M\u00e1rka: MOC<\/li>\n<li>Nem: Uniszex<\/li>\n<li>Name: Central Station V2<\/li>\n<li>Koroszt\u00e1ly: &gt; 6 \u00e9v<\/li>\n<li>Model Number: 109869<\/li>\n<li>Besorol\u00e1s: \u00d6sszeszerel\u00e9s<\/li>\n<li>M\u0171anyag blokk forma: \u00f6nz\u00e1r\u00f3 t\u00e9gla<\/li>\n<li>Anyaga: M\u0171anyag<\/li>\n<li>M\u0171anyag t\u00edpus: ABS<\/li>\n<li>Bricks Blocks:6820 PCS<\/li>\n<li>R\u00e9szletes \u00f6sszeszerel\u00e9si \u00fatmutat\u00f3t tartalmaz.<\/li>\n<\/ol>\n<p>\u00c9rtes\u00edt\u00e9s:<br \/>\n1. Eredeti doboz n\u00e9lk\u00fcl, de garant\u00e1ljuk, hogy term\u00e9keink min\u0151s\u00e9gbiztos\u00edt\u00e1ssal \u00e9s sz\u00e9p csomagol\u00e1ssal rendelkeznek.<br \/>\n2. Mint minden alkatr\u00e9szt, amelyet a sz\u00e1ll\u00edt\u00e1s el\u0151tt ellen\u0151rizt\u00fcnk, ez\u00e9rt ha \u00fagy tal\u00e1lja, hogy n\u00e9h\u00e1ny alkatr\u00e9sz hi\u00e1nyzik vagy s\u00e9r\u00fclt, ne agg\u00f3djon, \u00e9s k\u00e9rj\u00fck, vegye fel vel\u00fcnk a kapcsolatot, \u00e9s azonnal ingyenesen elk\u00fcldj\u00fck \u00d6nnek.<\/p>\n<figure id=\"attachment_39286\" aria-describedby=\"caption-attachment-39286\" style=\"width: 1004px\" class=\"wp-caption aligncenter\"><img fetchpriority=\"high\" decoding=\"async\" class=\"wp-image-39286 size-full\" src=\"https:\/\/mouldking.store\/wp-content\/uploads\/2023\/01\/MOC-109869-Modular-Building-Central-Station-V2-MOC-FACTORY.png\" alt=\"MOC-109869 Central Station V2 With 6820 Pieces\" width=\"1004\" height=\"1004\" title=\"-\"><figcaption id=\"caption-attachment-39286\" class=\"wp-caption-text\">MOC-109869 k\u00f6zponti p\u00e1lyaudvar V2 6820 darabbal<\/figcaption><\/figure>\n<figure id=\"attachment_39287\" aria-describedby=\"caption-attachment-39287\" style=\"width: 1000px\" class=\"wp-caption aligncenter\"><img decoding=\"async\" class=\"wp-image-39287 size-full\" src=\"https:\/\/mouldking.store\/wp-content\/uploads\/2023\/01\/Central-Station-V2-MOC-109869-2.jpg\" alt=\"MOC-109869 Central Station V2 With 6820 Pieces\" width=\"1000\" height=\"562\" title=\"-\"><figcaption id=\"caption-attachment-39287\" class=\"wp-caption-text\">MOC-109869 k\u00f6zponti p\u00e1lyaudvar V2 6820 darabbal<\/figcaption><\/figure>\n<figure id=\"attachment_39288\" aria-describedby=\"caption-attachment-39288\" style=\"width: 3840px\" class=\"wp-caption aligncenter\"><img decoding=\"async\" class=\"wp-image-39288 size-full\" src=\"https:\/\/mouldking.store\/wp-content\/uploads\/2023\/01\/Central-Station-V2-MOC-109869-3.jpg\" alt=\"MOC-109869 Central Station V2 With 6820 Pieces\" width=\"3840\" height=\"2160\" title=\"-\"><figcaption id=\"caption-attachment-39288\" class=\"wp-caption-text\">MOC-109869 k\u00f6zponti p\u00e1lyaudvar V2 6820 darabbal<\/figcaption><\/figure>\n<figure id=\"attachment_39289\" aria-describedby=\"caption-attachment-39289\" style=\"width: 3840px\" class=\"wp-caption aligncenter\"><img loading=\"lazy\" decoding=\"async\" class=\"wp-image-39289 size-full\" src=\"https:\/\/mouldking.store\/wp-content\/uploads\/2023\/01\/Central-Station-V2-MOC-109869-4.jpg\" alt=\"MOC-109869 Central Station V2 With 6820 Pieces\" width=\"3840\" height=\"2160\" title=\"-\"><figcaption id=\"caption-attachment-39289\" class=\"wp-caption-text\">MOC-109869 k\u00f6zponti p\u00e1lyaudvar V2 6820 darabbal<\/figcaption><\/figure>\n<figure id=\"attachment_39290\" aria-describedby=\"caption-attachment-39290\" style=\"width: 3840px\" class=\"wp-caption aligncenter\"><img loading=\"lazy\" decoding=\"async\" class=\"wp-image-39290 size-full\" src=\"https:\/\/mouldking.store\/wp-content\/uploads\/2023\/01\/Central-Station-V2-MOC-109869-5.jpg\" alt=\"MOC-109869 Central Station V2 With 6820 Pieces\" width=\"3840\" height=\"2160\" title=\"-\"><figcaption id=\"caption-attachment-39290\" class=\"wp-caption-text\">MOC-109869 k\u00f6zponti p\u00e1lyaudvar V2 6820 darabbal<\/figcaption><\/figure>\n<figure id=\"attachment_39291\" aria-describedby=\"caption-attachment-39291\" style=\"width: 3840px\" class=\"wp-caption aligncenter\"><img loading=\"lazy\" decoding=\"async\" class=\"wp-image-39291 size-full\" src=\"https:\/\/mouldking.store\/wp-content\/uploads\/2023\/01\/Central-Station-V2-MOC-109869-6.jpg\" alt=\"MOC-109869 Central Station V2 With 6820 Pieces\" width=\"3840\" height=\"2160\" title=\"-\"><figcaption id=\"caption-attachment-39291\" class=\"wp-caption-text\">MOC-109869 k\u00f6zponti p\u00e1lyaudvar V2 6820 darabbal<\/figcaption><\/figure>\n<figure id=\"attachment_39292\" aria-describedby=\"caption-attachment-39292\" style=\"width: 3840px\" class=\"wp-caption aligncenter\"><img loading=\"lazy\" decoding=\"async\" class=\"wp-image-39292 size-full\" src=\"https:\/\/mouldking.store\/wp-content\/uploads\/2023\/01\/Central-Station-V2-MOC-109869-7.jpg\" alt=\"MOC-109869 Central Station V2 With 6820 Pieces\" width=\"3840\" height=\"2160\" title=\"-\"><figcaption id=\"caption-attachment-39292\" class=\"wp-caption-text\">MOC-109869 k\u00f6zponti p\u00e1lyaudvar V2 6820 darabbal<\/figcaption><\/figure>","protected":false},"excerpt":{"rendered":"<p>PDF \u00e9p\u00edt\u00e9si \u00fatmutat\u00f3<\/p>\n<p>Eredeti doboz n\u00e9lk\u00fcl<\/p>\n<p>Id\u0151beoszt\u00e1s: 4-8 h\u00e9t<\/p>","protected":false},"featured_media":39286,"comment_status":"closed","ping_status":"closed","template":"","meta":{"_acf_changed":false},"product_cat":[1395,390],"product_tag":[10619,10620,430,10618,10621,10617,2309],"class_list":["product","first","instock","shipping-taxable","purchasable","product-type-simple"],"acf":[],"_links":{"self":[{"href":"https:\/\/mouldking.store\/hu\/wp-json\/wp\/v2\/product\/39285","targetHints":{"allow":["GET"]}}],"collection":[{"href":"https:\/\/mouldking.store\/hu\/wp-json\/wp\/v2\/product"}],"about":[{"href":"https:\/\/mouldking.store\/hu\/wp-json\/wp\/v2\/types\/product"}],"replies":[{"embeddable":true,"href":"https:\/\/mouldking.store\/hu\/wp-json\/wp\/v2\/comments?post=39285"}],"wp:featuredmedia":[{"embeddable":true,"href":"https:\/\/mouldking.store\/hu\/wp-json\/wp\/v2\/media\/39286"}],"wp:attachment":[{"href":"https:\/\/mouldking.store\/hu\/wp-json\/wp\/v2\/media?parent=39285"}],"wp:term":[{"taxonomy":"product_cat","embeddable":true,"href":"https:\/\/mouldking.store\/hu\/wp-json\/wp\/v2\/product_cat?post=39285"},{"taxonomy":"product_tag","embeddable":true,"href":"https:\/\/mouldking.store\/hu\/wp-json\/wp\/v2\/product_tag?post=39285"}],"curies":[{"name":"wp","href":"https:\/\/api.w.org\/{rel}","templated":true}]}}