{"id":39297,"date":"2023-01-03T14:53:25","date_gmt":"2023-01-03T07:53:25","guid":{"rendered":"https:\/\/mouldking.store\/?post_type=product&#038;p=39297"},"modified":"2025-12-25T09:11:53","modified_gmt":"2025-12-25T02:11:53","slug":"moc-91029-winter-village-swiss-restaurant-and-hotel-with-2235-pieces","status":"publish","type":"product","link":"https:\/\/mouldking.store\/hu\/shop\/moc-91029-winter-village-swiss-restaurant-and-hotel-with-2235-pieces\/","title":{"rendered":"MOC-91029 Winter Village Swiss Restaurant and Hotel With 2235 Pieces"},"content":{"rendered":"<ol>\n<li>M\u00e1rka: MOC<\/li>\n<li>Nem: Uniszex<\/li>\n<li>Name: Winter Village Swiss Restaurant and Hotel<\/li>\n<li>Koroszt\u00e1ly: &gt; 6 \u00e9v<\/li>\n<li>Model Number: 91029<\/li>\n<li>Besorol\u00e1s: \u00d6sszeszerel\u00e9s<\/li>\n<li>M\u0171anyag blokk forma: \u00f6nz\u00e1r\u00f3 t\u00e9gla<\/li>\n<li>Anyaga: M\u0171anyag<\/li>\n<li>M\u0171anyag t\u00edpus: ABS<\/li>\n<li>Bricks Blocks:2235 PCS<\/li>\n<li>R\u00e9szletes \u00f6sszeszerel\u00e9si \u00fatmutat\u00f3t tartalmaz.<\/li>\n<\/ol>\n<p>\u00c9rtes\u00edt\u00e9s:<br \/>\n1. Eredeti doboz n\u00e9lk\u00fcl, de garant\u00e1ljuk, hogy term\u00e9keink min\u0151s\u00e9gbiztos\u00edt\u00e1ssal \u00e9s sz\u00e9p csomagol\u00e1ssal rendelkeznek.<br \/>\n2. Mint minden alkatr\u00e9szt, amelyet a sz\u00e1ll\u00edt\u00e1s el\u0151tt ellen\u0151rizt\u00fcnk, ez\u00e9rt ha \u00fagy tal\u00e1lja, hogy n\u00e9h\u00e1ny alkatr\u00e9sz hi\u00e1nyzik vagy s\u00e9r\u00fclt, ne agg\u00f3djon, \u00e9s k\u00e9rj\u00fck, vegye fel vel\u00fcnk a kapcsolatot, \u00e9s azonnal ingyenesen elk\u00fcldj\u00fck \u00d6nnek.<\/p>\n<figure id=\"attachment_39298\" aria-describedby=\"caption-attachment-39298\" style=\"width: 1004px\" class=\"wp-caption aligncenter\"><img fetchpriority=\"high\" decoding=\"async\" class=\"wp-image-39298 size-full\" src=\"https:\/\/mouldking.store\/wp-content\/uploads\/2023\/01\/MOC-91029-Modular-Building-Winter-Village-Swiss-Restaurant-and-Hotel-MOC-FACTORY.png\" alt=\"MOC-91029 Winter Village Swiss Restaurant and Hotel With 2235 Pieces\" width=\"1004\" height=\"1004\" title=\"-\"><figcaption id=\"caption-attachment-39298\" class=\"wp-caption-text\">MOC-91029 Winter Village Swiss Restaurant and Hotel With 2235 Pieces<\/figcaption><\/figure>\n<figure id=\"attachment_39299\" aria-describedby=\"caption-attachment-39299\" style=\"width: 800px\" class=\"wp-caption aligncenter\"><img decoding=\"async\" class=\"wp-image-39299 size-full\" src=\"https:\/\/mouldking.store\/wp-content\/uploads\/2023\/01\/Winter-Village-Swiss-Restaurant-and-Hotel-MOC-91029-2.png\" alt=\"MOC-91029 Winter Village Swiss Restaurant and Hotel With 2235 Pieces\" width=\"800\" height=\"800\" title=\"-\"><figcaption id=\"caption-attachment-39299\" class=\"wp-caption-text\">MOC-91029 Winter Village Swiss Restaurant and Hotel With 2235 Pieces<\/figcaption><\/figure>\n<figure id=\"attachment_39300\" aria-describedby=\"caption-attachment-39300\" style=\"width: 1080px\" class=\"wp-caption aligncenter\"><img decoding=\"async\" class=\"wp-image-39300 size-full\" src=\"https:\/\/mouldking.store\/wp-content\/uploads\/2023\/01\/Winter-Village-Swiss-Restaurant-and-Hotel-MOC-91029-3.png\" alt=\"MOC-91029 Winter Village Swiss Restaurant and Hotel With 2235 Pieces\" width=\"1080\" height=\"1080\" title=\"-\"><figcaption id=\"caption-attachment-39300\" class=\"wp-caption-text\">MOC-91029 Winter Village Swiss Restaurant and Hotel With 2235 Pieces<\/figcaption><\/figure>\n<figure id=\"attachment_39301\" aria-describedby=\"caption-attachment-39301\" style=\"width: 1080px\" class=\"wp-caption aligncenter\"><img loading=\"lazy\" decoding=\"async\" class=\"wp-image-39301 size-full\" src=\"https:\/\/mouldking.store\/wp-content\/uploads\/2023\/01\/Winter-Village-Swiss-Restaurant-and-Hotel-MOC-91029-4.png\" alt=\"MOC-91029 Winter Village Swiss Restaurant and Hotel With 2235 Pieces\" width=\"1080\" height=\"1080\" title=\"-\"><figcaption id=\"caption-attachment-39301\" class=\"wp-caption-text\">MOC-91029 Winter Village Swiss Restaurant and Hotel With 2235 Pieces<\/figcaption><\/figure>\n<figure id=\"attachment_39302\" aria-describedby=\"caption-attachment-39302\" style=\"width: 1080px\" class=\"wp-caption aligncenter\"><img loading=\"lazy\" decoding=\"async\" class=\"wp-image-39302 size-full\" src=\"https:\/\/mouldking.store\/wp-content\/uploads\/2023\/01\/Winter-Village-Swiss-Restaurant-and-Hotel-MOC-91029-5.png\" alt=\"MOC-91029 Winter Village Swiss Restaurant and Hotel With 2235 Pieces\" width=\"1080\" height=\"1080\" title=\"-\"><figcaption id=\"caption-attachment-39302\" class=\"wp-caption-text\">MOC-91029 Winter Village Swiss Restaurant and Hotel With 2235 Pieces<\/figcaption><\/figure>\n<figure id=\"attachment_39303\" aria-describedby=\"caption-attachment-39303\" style=\"width: 1080px\" class=\"wp-caption aligncenter\"><img loading=\"lazy\" decoding=\"async\" class=\"wp-image-39303 size-full\" src=\"https:\/\/mouldking.store\/wp-content\/uploads\/2023\/01\/Winter-Village-Swiss-Restaurant-and-Hotel-MOC-91029-6.png\" alt=\"MOC-91029 Winter Village Swiss Restaurant and Hotel With 2235 Pieces\" width=\"1080\" height=\"1080\" title=\"-\"><figcaption id=\"caption-attachment-39303\" class=\"wp-caption-text\">MOC-91029 Winter Village Swiss Restaurant and Hotel With 2235 Pieces<\/figcaption><\/figure>\n<figure id=\"attachment_39304\" aria-describedby=\"caption-attachment-39304\" style=\"width: 800px\" class=\"wp-caption aligncenter\"><img loading=\"lazy\" decoding=\"async\" class=\"wp-image-39304 size-full\" src=\"https:\/\/mouldking.store\/wp-content\/uploads\/2023\/01\/Winter-Village-Swiss-Restaurant-and-Hotel-MOC-91029-7.jpg\" alt=\"MOC-91029 Winter Village Swiss Restaurant and Hotel With 2235 Pieces\" width=\"800\" height=\"800\" title=\"-\"><figcaption id=\"caption-attachment-39304\" class=\"wp-caption-text\">MOC-91029 Winter Village Swiss Restaurant and Hotel With 2235 Pieces<\/figcaption><\/figure>","protected":false},"excerpt":{"rendered":"<p>PDF \u00e9p\u00edt\u00e9si \u00fatmutat\u00f3<\/p>\n<p>Eredeti doboz n\u00e9lk\u00fcl<\/p>\n<p>Id\u0151beoszt\u00e1s: 4-8 h\u00e9t<\/p>","protected":false},"featured_media":39298,"comment_status":"closed","ping_status":"closed","template":"","meta":{"_acf_changed":false},"product_cat":[1395,390],"product_tag":[10633,430,10631,10636,10630,2870,10634,9868,6373,10511,10632,10635],"class_list":["product","first","instock","shipping-taxable","purchasable","product-type-simple"],"acf":[],"_links":{"self":[{"href":"https:\/\/mouldking.store\/hu\/wp-json\/wp\/v2\/product\/39297","targetHints":{"allow":["GET"]}}],"collection":[{"href":"https:\/\/mouldking.store\/hu\/wp-json\/wp\/v2\/product"}],"about":[{"href":"https:\/\/mouldking.store\/hu\/wp-json\/wp\/v2\/types\/product"}],"replies":[{"embeddable":true,"href":"https:\/\/mouldking.store\/hu\/wp-json\/wp\/v2\/comments?post=39297"}],"wp:featuredmedia":[{"embeddable":true,"href":"https:\/\/mouldking.store\/hu\/wp-json\/wp\/v2\/media\/39298"}],"wp:attachment":[{"href":"https:\/\/mouldking.store\/hu\/wp-json\/wp\/v2\/media?parent=39297"}],"wp:term":[{"taxonomy":"product_cat","embeddable":true,"href":"https:\/\/mouldking.store\/hu\/wp-json\/wp\/v2\/product_cat?post=39297"},{"taxonomy":"product_tag","embeddable":true,"href":"https:\/\/mouldking.store\/hu\/wp-json\/wp\/v2\/product_tag?post=39297"}],"curies":[{"name":"wp","href":"https:\/\/api.w.org\/{rel}","templated":true}]}}