{"id":39331,"date":"2023-01-03T15:33:06","date_gmt":"2023-01-03T08:33:06","guid":{"rendered":"https:\/\/mouldking.store\/?post_type=product&#038;p=39331"},"modified":"2025-12-25T09:11:50","modified_gmt":"2025-12-25T02:11:50","slug":"moc-45221-imperial-hangar-display-with-5288-pieces","status":"publish","type":"product","link":"https:\/\/mouldking.store\/hu\/shop\/moc-45221-imperial-hangar-display-with-5288-pieces\/","title":{"rendered":"MOC-45221 Imperial Hang\u00e1r kijelz\u0151 5288 darabbal"},"content":{"rendered":"<ol>\n<li>M\u00e1rka: MOC<\/li>\n<li>Nem: Uniszex<\/li>\n<li>N\u00e9v: Imperial Hangar Display<\/li>\n<li>Koroszt\u00e1ly: &gt; 6 \u00e9v<\/li>\n<li>Modellsz\u00e1m: 45221<\/li>\n<li>Besorol\u00e1s: \u00d6sszeszerel\u00e9s<\/li>\n<li>M\u0171anyag blokk forma: \u00f6nz\u00e1r\u00f3 t\u00e9gla<\/li>\n<li>Anyaga: M\u0171anyag<\/li>\n<li>M\u0171anyag t\u00edpus: ABS<\/li>\n<li>T\u00e9gla blokkok: 5288 DB<\/li>\n<li>R\u00e9szletes \u00f6sszeszerel\u00e9si \u00fatmutat\u00f3t tartalmaz.<\/li>\n<\/ol>\n<p>\u00c9rtes\u00edt\u00e9s:<br \/>\n1. Eredeti doboz n\u00e9lk\u00fcl, de garant\u00e1ljuk, hogy term\u00e9keink min\u0151s\u00e9gbiztos\u00edt\u00e1ssal \u00e9s sz\u00e9p csomagol\u00e1ssal rendelkeznek.<br \/>\n2. Mint minden alkatr\u00e9szt, amelyet a sz\u00e1ll\u00edt\u00e1s el\u0151tt ellen\u0151rizt\u00fcnk, ez\u00e9rt ha \u00fagy tal\u00e1lja, hogy n\u00e9h\u00e1ny alkatr\u00e9sz hi\u00e1nyzik vagy s\u00e9r\u00fclt, ne agg\u00f3djon, \u00e9s k\u00e9rj\u00fck, vegye fel vel\u00fcnk a kapcsolatot, \u00e9s azonnal ingyenesen elk\u00fcldj\u00fck \u00d6nnek.<\/p>\n<figure id=\"attachment_39332\" aria-describedby=\"caption-attachment-39332\" style=\"width: 1004px\" class=\"wp-caption aligncenter\"><img fetchpriority=\"high\" decoding=\"async\" class=\"wp-image-39332 size-full\" src=\"https:\/\/mouldking.store\/wp-content\/uploads\/2023\/01\/MOC-45221-Star-Wars-Imperial-Hangar-Display-MOC-FACTORY.png\" alt=\"MOC-45221 Imperial Hangar Display With 5288 Pieces\" width=\"1004\" height=\"1004\" title=\"-\"><figcaption id=\"caption-attachment-39332\" class=\"wp-caption-text\">MOC-45221 Imperial Hang\u00e1r kijelz\u0151 5288 darabbal<\/figcaption><\/figure>\n<figure id=\"attachment_39333\" aria-describedby=\"caption-attachment-39333\" style=\"width: 1000px\" class=\"wp-caption aligncenter\"><img decoding=\"async\" class=\"wp-image-39333 size-full\" src=\"https:\/\/mouldking.store\/wp-content\/uploads\/2023\/01\/Imperial-Hangar-Display-MOC-45221-2.png\" alt=\"MOC-45221 Imperial Hangar Display With 5288 Pieces\" width=\"1000\" height=\"562\" title=\"-\"><figcaption id=\"caption-attachment-39333\" class=\"wp-caption-text\">MOC-45221 Imperial Hang\u00e1r kijelz\u0151 5288 darabbal<\/figcaption><\/figure>\n<figure id=\"attachment_39334\" aria-describedby=\"caption-attachment-39334\" style=\"width: 1920px\" class=\"wp-caption aligncenter\"><img decoding=\"async\" class=\"wp-image-39334 size-full\" src=\"https:\/\/mouldking.store\/wp-content\/uploads\/2023\/01\/Imperial-Hangar-Display-MOC-45221-3.png\" alt=\"MOC-45221 Imperial Hangar Display With 5288 Pieces\" width=\"1920\" height=\"1080\" title=\"-\"><figcaption id=\"caption-attachment-39334\" class=\"wp-caption-text\">MOC-45221 Imperial Hang\u00e1r kijelz\u0151 5288 darabbal<\/figcaption><\/figure>\n<figure id=\"attachment_39335\" aria-describedby=\"caption-attachment-39335\" style=\"width: 1920px\" class=\"wp-caption aligncenter\"><img loading=\"lazy\" decoding=\"async\" class=\"wp-image-39335 size-full\" src=\"https:\/\/mouldking.store\/wp-content\/uploads\/2023\/01\/Imperial-Hangar-Display-MOC-45221-4.png\" alt=\"MOC-45221 Imperial Hangar Display With 5288 Pieces\" width=\"1920\" height=\"1080\" title=\"-\"><figcaption id=\"caption-attachment-39335\" class=\"wp-caption-text\">MOC-45221 Imperial Hang\u00e1r kijelz\u0151 5288 darabbal<\/figcaption><\/figure>\n<figure id=\"attachment_39336\" aria-describedby=\"caption-attachment-39336\" style=\"width: 1920px\" class=\"wp-caption aligncenter\"><img loading=\"lazy\" decoding=\"async\" class=\"wp-image-39336 size-full\" src=\"https:\/\/mouldking.store\/wp-content\/uploads\/2023\/01\/Imperial-Hangar-Display-MOC-45221-5.png\" alt=\"MOC-45221 Imperial Hangar Display With 5288 Pieces\" width=\"1920\" height=\"1080\" title=\"-\"><figcaption id=\"caption-attachment-39336\" class=\"wp-caption-text\">MOC-45221 Imperial Hang\u00e1r kijelz\u0151 5288 darabbal<\/figcaption><\/figure>\n<figure id=\"attachment_39337\" aria-describedby=\"caption-attachment-39337\" style=\"width: 1920px\" class=\"wp-caption aligncenter\"><img loading=\"lazy\" decoding=\"async\" class=\"wp-image-39337 size-full\" src=\"https:\/\/mouldking.store\/wp-content\/uploads\/2023\/01\/Imperial-Hangar-Display-MOC-45221-6.png\" alt=\"MOC-45221 Imperial Hangar Display With 5288 Pieces\" width=\"1920\" height=\"1080\" title=\"-\"><figcaption id=\"caption-attachment-39337\" class=\"wp-caption-text\">MOC-45221 Imperial Hang\u00e1r kijelz\u0151 5288 darabbal<\/figcaption><\/figure>","protected":false},"excerpt":{"rendered":"<p>PDF \u00e9p\u00edt\u00e9si \u00fatmutat\u00f3<\/p>\n<p>Eredeti doboz n\u00e9lk\u00fcl<\/p>\n<p>Id\u0151beoszt\u00e1s: 4-8 h\u00e9t<\/p>","protected":false},"featured_media":39332,"comment_status":"closed","ping_status":"closed","template":"","meta":{"_acf_changed":false},"product_cat":[15],"product_tag":[10665,10664,8443,10666,430,10663,10667,10662],"class_list":["product","first","instock","shipping-taxable","purchasable","product-type-simple"],"acf":[],"_links":{"self":[{"href":"https:\/\/mouldking.store\/hu\/wp-json\/wp\/v2\/product\/39331","targetHints":{"allow":["GET"]}}],"collection":[{"href":"https:\/\/mouldking.store\/hu\/wp-json\/wp\/v2\/product"}],"about":[{"href":"https:\/\/mouldking.store\/hu\/wp-json\/wp\/v2\/types\/product"}],"replies":[{"embeddable":true,"href":"https:\/\/mouldking.store\/hu\/wp-json\/wp\/v2\/comments?post=39331"}],"wp:featuredmedia":[{"embeddable":true,"href":"https:\/\/mouldking.store\/hu\/wp-json\/wp\/v2\/media\/39332"}],"wp:attachment":[{"href":"https:\/\/mouldking.store\/hu\/wp-json\/wp\/v2\/media?parent=39331"}],"wp:term":[{"taxonomy":"product_cat","embeddable":true,"href":"https:\/\/mouldking.store\/hu\/wp-json\/wp\/v2\/product_cat?post=39331"},{"taxonomy":"product_tag","embeddable":true,"href":"https:\/\/mouldking.store\/hu\/wp-json\/wp\/v2\/product_tag?post=39331"}],"curies":[{"name":"wp","href":"https:\/\/api.w.org\/{rel}","templated":true}]}}