{"id":39338,"date":"2023-01-03T15:40:08","date_gmt":"2023-01-03T08:40:08","guid":{"rendered":"https:\/\/mouldking.store\/?post_type=product&#038;p=39338"},"modified":"2025-12-25T09:11:50","modified_gmt":"2025-12-25T02:11:50","slug":"moc-113467-ucs-white-tree-castle-with-40179-pieces","status":"publish","type":"product","link":"https:\/\/mouldking.store\/hu\/shop\/moc-113467-ucs-white-tree-castle-with-40179-pieces\/","title":{"rendered":"MOC-113467 UCS feh\u00e9rfa kast\u00e9ly 40179 darabbal"},"content":{"rendered":"<ol>\n<li>M\u00e1rka: MOC<\/li>\n<li>Nem: Uniszex<\/li>\n<li>Name: UCS White Tree Castle<\/li>\n<li>Koroszt\u00e1ly: &gt; 6 \u00e9v<\/li>\n<li>Model Number: 113467<\/li>\n<li>Besorol\u00e1s: \u00d6sszeszerel\u00e9s<\/li>\n<li>M\u0171anyag blokk forma: \u00f6nz\u00e1r\u00f3 t\u00e9gla<\/li>\n<li>Anyaga: M\u0171anyag<\/li>\n<li>M\u0171anyag t\u00edpus: ABS<\/li>\n<li>Bricks Blocks:40179 PCS<\/li>\n<li>R\u00e9szletes \u00f6sszeszerel\u00e9si \u00fatmutat\u00f3t tartalmaz.<\/li>\n<\/ol>\n<p>\u00c9rtes\u00edt\u00e9s:<br \/>\n1. Eredeti doboz n\u00e9lk\u00fcl, de garant\u00e1ljuk, hogy term\u00e9keink min\u0151s\u00e9gbiztos\u00edt\u00e1ssal \u00e9s sz\u00e9p csomagol\u00e1ssal rendelkeznek.<br \/>\n2. Mint minden alkatr\u00e9szt, amelyet a sz\u00e1ll\u00edt\u00e1s el\u0151tt ellen\u0151rizt\u00fcnk, ez\u00e9rt ha \u00fagy tal\u00e1lja, hogy n\u00e9h\u00e1ny alkatr\u00e9sz hi\u00e1nyzik vagy s\u00e9r\u00fclt, ne agg\u00f3djon, \u00e9s k\u00e9rj\u00fck, vegye fel vel\u00fcnk a kapcsolatot, \u00e9s azonnal ingyenesen elk\u00fcldj\u00fck \u00d6nnek.<\/p>\n<figure id=\"attachment_39339\" aria-describedby=\"caption-attachment-39339\" style=\"width: 1004px\" class=\"wp-caption aligncenter\"><img fetchpriority=\"high\" decoding=\"async\" class=\"wp-image-39339 size-full\" src=\"https:\/\/mouldking.store\/wp-content\/uploads\/2023\/01\/MOC-113467-Modular-Building-UCS-White-Tree-Castle-MOC-FACTORY.png\" alt=\"MOC-113467 UCS White Tree Castle With 40179 Pieces\" width=\"1004\" height=\"1004\" title=\"-\"><figcaption id=\"caption-attachment-39339\" class=\"wp-caption-text\">MOC-113467 UCS feh\u00e9rfa kast\u00e9ly 40179 darabbal<\/figcaption><\/figure>\n<figure id=\"attachment_39340\" aria-describedby=\"caption-attachment-39340\" style=\"width: 800px\" class=\"wp-caption aligncenter\"><img decoding=\"async\" class=\"wp-image-39340 size-full\" src=\"https:\/\/mouldking.store\/wp-content\/uploads\/2023\/01\/UCS-White-Tree-Castle-MOC-113467-2.png\" alt=\"MOC-113467 UCS White Tree Castle With 40179 Pieces\" width=\"800\" height=\"600\" title=\"-\"><figcaption id=\"caption-attachment-39340\" class=\"wp-caption-text\">MOC-113467 UCS feh\u00e9rfa kast\u00e9ly 40179 darabbal<\/figcaption><\/figure>\n<figure id=\"attachment_39341\" aria-describedby=\"caption-attachment-39341\" style=\"width: 800px\" class=\"wp-caption aligncenter\"><img decoding=\"async\" class=\"wp-image-39341 size-full\" src=\"https:\/\/mouldking.store\/wp-content\/uploads\/2023\/01\/UCS-White-Tree-Castle-MOC-113467-3.png\" alt=\"MOC-113467 UCS White Tree Castle With 40179 Pieces\" width=\"800\" height=\"600\" title=\"-\"><figcaption id=\"caption-attachment-39341\" class=\"wp-caption-text\">MOC-113467 UCS feh\u00e9rfa kast\u00e9ly 40179 darabbal<\/figcaption><\/figure>\n<figure id=\"attachment_39342\" aria-describedby=\"caption-attachment-39342\" style=\"width: 800px\" class=\"wp-caption aligncenter\"><img loading=\"lazy\" decoding=\"async\" class=\"wp-image-39342 size-full\" src=\"https:\/\/mouldking.store\/wp-content\/uploads\/2023\/01\/UCS-White-Tree-Castle-MOC-113467-4.png\" alt=\"MOC-113467 UCS White Tree Castle With 40179 Pieces\" width=\"800\" height=\"600\" title=\"-\"><figcaption id=\"caption-attachment-39342\" class=\"wp-caption-text\">MOC-113467 UCS feh\u00e9rfa kast\u00e9ly 40179 darabbal<\/figcaption><\/figure>\n<figure id=\"attachment_39343\" aria-describedby=\"caption-attachment-39343\" style=\"width: 800px\" class=\"wp-caption aligncenter\"><img loading=\"lazy\" decoding=\"async\" class=\"wp-image-39343 size-full\" src=\"https:\/\/mouldking.store\/wp-content\/uploads\/2023\/01\/UCS-White-Tree-Castle-MOC-113467-5.png\" alt=\"MOC-113467 UCS White Tree Castle With 40179 Pieces\" width=\"800\" height=\"600\" title=\"-\"><figcaption id=\"caption-attachment-39343\" class=\"wp-caption-text\">MOC-113467 UCS feh\u00e9rfa kast\u00e9ly 40179 darabbal<\/figcaption><\/figure>\n<figure id=\"attachment_39344\" aria-describedby=\"caption-attachment-39344\" style=\"width: 800px\" class=\"wp-caption aligncenter\"><img loading=\"lazy\" decoding=\"async\" class=\"wp-image-39344 size-full\" src=\"https:\/\/mouldking.store\/wp-content\/uploads\/2023\/01\/UCS-White-Tree-Castle-MOC-113467-6.png\" alt=\"MOC-113467 UCS White Tree Castle With 40179 Pieces\" width=\"800\" height=\"600\" title=\"-\"><figcaption id=\"caption-attachment-39344\" class=\"wp-caption-text\">MOC-113467 UCS feh\u00e9rfa kast\u00e9ly 40179 darabbal<\/figcaption><\/figure>","protected":false},"excerpt":{"rendered":"<p>PDF \u00e9p\u00edt\u00e9si \u00fatmutat\u00f3<\/p>\n<p>Eredeti doboz n\u00e9lk\u00fcl<\/p>\n<p>Id\u0151beoszt\u00e1s: 4-8 h\u00e9t<\/p>","protected":false},"featured_media":39339,"comment_status":"closed","ping_status":"closed","template":"","meta":{"_acf_changed":false},"product_cat":[1395,390],"product_tag":[787,430,10669,10673,10668,5983,4093,10672,1461,10670,10671],"class_list":["product","first","instock","shipping-taxable","purchasable","product-type-simple"],"acf":[],"_links":{"self":[{"href":"https:\/\/mouldking.store\/hu\/wp-json\/wp\/v2\/product\/39338","targetHints":{"allow":["GET"]}}],"collection":[{"href":"https:\/\/mouldking.store\/hu\/wp-json\/wp\/v2\/product"}],"about":[{"href":"https:\/\/mouldking.store\/hu\/wp-json\/wp\/v2\/types\/product"}],"replies":[{"embeddable":true,"href":"https:\/\/mouldking.store\/hu\/wp-json\/wp\/v2\/comments?post=39338"}],"wp:featuredmedia":[{"embeddable":true,"href":"https:\/\/mouldking.store\/hu\/wp-json\/wp\/v2\/media\/39339"}],"wp:attachment":[{"href":"https:\/\/mouldking.store\/hu\/wp-json\/wp\/v2\/media?parent=39338"}],"wp:term":[{"taxonomy":"product_cat","embeddable":true,"href":"https:\/\/mouldking.store\/hu\/wp-json\/wp\/v2\/product_cat?post=39338"},{"taxonomy":"product_tag","embeddable":true,"href":"https:\/\/mouldking.store\/hu\/wp-json\/wp\/v2\/product_tag?post=39338"}],"curies":[{"name":"wp","href":"https:\/\/api.w.org\/{rel}","templated":true}]}}