{"id":39346,"date":"2023-01-03T15:46:46","date_gmt":"2023-01-03T08:46:46","guid":{"rendered":"https:\/\/mouldking.store\/?post_type=product&#038;p=39346"},"modified":"2025-12-25T09:11:50","modified_gmt":"2025-12-25T02:11:50","slug":"moc-69457-docking-bay-327-with-10061-pieces","status":"publish","type":"product","link":"https:\/\/mouldking.store\/hu\/shop\/moc-69457-docking-bay-327-with-10061-pieces\/","title":{"rendered":"MOC-69457 Dokkol\u00f3 327 10061 darabbal"},"content":{"rendered":"<ol>\n<li>M\u00e1rka: MOC<\/li>\n<li>Nem: Uniszex<\/li>\n<li>Name: Docking Bay 327<\/li>\n<li>Koroszt\u00e1ly: &gt; 6 \u00e9v<\/li>\n<li>Model Number: 69457<\/li>\n<li>Besorol\u00e1s: \u00d6sszeszerel\u00e9s<\/li>\n<li>M\u0171anyag blokk forma: \u00f6nz\u00e1r\u00f3 t\u00e9gla<\/li>\n<li>Anyaga: M\u0171anyag<\/li>\n<li>M\u0171anyag t\u00edpus: ABS<\/li>\n<li>Bricks Blocks:10061 PCS<\/li>\n<li>R\u00e9szletes \u00f6sszeszerel\u00e9si \u00fatmutat\u00f3t tartalmaz.<\/li>\n<\/ol>\n<p>\u00c9rtes\u00edt\u00e9s:<br \/>\n1. Eredeti doboz n\u00e9lk\u00fcl, de garant\u00e1ljuk, hogy term\u00e9keink min\u0151s\u00e9gbiztos\u00edt\u00e1ssal \u00e9s sz\u00e9p csomagol\u00e1ssal rendelkeznek.<br \/>\n2. Mint minden alkatr\u00e9szt, amelyet a sz\u00e1ll\u00edt\u00e1s el\u0151tt ellen\u0151rizt\u00fcnk, ez\u00e9rt ha \u00fagy tal\u00e1lja, hogy n\u00e9h\u00e1ny alkatr\u00e9sz hi\u00e1nyzik vagy s\u00e9r\u00fclt, ne agg\u00f3djon, \u00e9s k\u00e9rj\u00fck, vegye fel vel\u00fcnk a kapcsolatot, \u00e9s azonnal ingyenesen elk\u00fcldj\u00fck \u00d6nnek.<\/p>\n<figure id=\"attachment_39347\" aria-describedby=\"caption-attachment-39347\" style=\"width: 1004px\" class=\"wp-caption aligncenter\"><img fetchpriority=\"high\" decoding=\"async\" class=\"wp-image-39347 size-full\" src=\"https:\/\/mouldking.store\/wp-content\/uploads\/2023\/01\/MOC-69457-Star-Wars-Docking-Bay-327-MOC-FACTORY.png\" alt=\"MOC-69457 Docking Bay 327 With 10061 Pieces\" width=\"1004\" height=\"1004\" title=\"-\"><figcaption id=\"caption-attachment-39347\" class=\"wp-caption-text\">MOC-69457 Dokkol\u00f3 327 10061 darabbal<\/figcaption><\/figure>\n<figure id=\"attachment_39348\" aria-describedby=\"caption-attachment-39348\" style=\"width: 2048px\" class=\"wp-caption aligncenter\"><img decoding=\"async\" class=\"wp-image-39348 size-full\" src=\"https:\/\/mouldking.store\/wp-content\/uploads\/2023\/01\/Docking-Bay-327-MOC-69457-2.png\" alt=\"MOC-69457 Docking Bay 327 With 10061 Pieces\" width=\"2048\" height=\"1536\" title=\"-\"><figcaption id=\"caption-attachment-39348\" class=\"wp-caption-text\">MOC-69457 Dokkol\u00f3 327 10061 darabbal<\/figcaption><\/figure>\n<figure id=\"attachment_39349\" aria-describedby=\"caption-attachment-39349\" style=\"width: 2048px\" class=\"wp-caption aligncenter\"><img decoding=\"async\" class=\"wp-image-39349 size-full\" src=\"https:\/\/mouldking.store\/wp-content\/uploads\/2023\/01\/Docking-Bay-327-MOC-69457-3.png\" alt=\"MOC-69457 Docking Bay 327 With 10061 Pieces\" width=\"2048\" height=\"1536\" title=\"-\"><figcaption id=\"caption-attachment-39349\" class=\"wp-caption-text\">MOC-69457 Dokkol\u00f3 327 10061 darabbal<\/figcaption><\/figure>\n<figure id=\"attachment_39350\" aria-describedby=\"caption-attachment-39350\" style=\"width: 2048px\" class=\"wp-caption aligncenter\"><img loading=\"lazy\" decoding=\"async\" class=\"wp-image-39350 size-full\" src=\"https:\/\/mouldking.store\/wp-content\/uploads\/2023\/01\/Docking-Bay-327-MOC-69457-4.png\" alt=\"MOC-69457 Docking Bay 327 With 10061 Pieces\" width=\"2048\" height=\"1583\" title=\"-\"><figcaption id=\"caption-attachment-39350\" class=\"wp-caption-text\">MOC-69457 Dokkol\u00f3 327 10061 darabbal<\/figcaption><\/figure>\n<figure id=\"attachment_39351\" aria-describedby=\"caption-attachment-39351\" style=\"width: 2048px\" class=\"wp-caption aligncenter\"><img loading=\"lazy\" decoding=\"async\" class=\"wp-image-39351 size-full\" src=\"https:\/\/mouldking.store\/wp-content\/uploads\/2023\/01\/Docking-Bay-327-MOC-69457-5.png\" alt=\"MOC-69457 Docking Bay 327 With 10061 Pieces\" width=\"2048\" height=\"1536\" title=\"-\"><figcaption id=\"caption-attachment-39351\" class=\"wp-caption-text\">MOC-69457 Dokkol\u00f3 327 10061 darabbal<\/figcaption><\/figure>\n<figure id=\"attachment_39352\" aria-describedby=\"caption-attachment-39352\" style=\"width: 2048px\" class=\"wp-caption aligncenter\"><img loading=\"lazy\" decoding=\"async\" class=\"wp-image-39352 size-full\" src=\"https:\/\/mouldking.store\/wp-content\/uploads\/2023\/01\/Docking-Bay-327-MOC-69457-6.png\" alt=\"MOC-69457 Docking Bay 327 With 10061 Pieces\" width=\"2048\" height=\"1536\" title=\"-\"><figcaption id=\"caption-attachment-39352\" class=\"wp-caption-text\">MOC-69457 Dokkol\u00f3 327 10061 darabbal<\/figcaption><\/figure>","protected":false},"excerpt":{"rendered":"<p>PDF \u00e9p\u00edt\u00e9si \u00fatmutat\u00f3<\/p>\n<p>Eredeti doboz n\u00e9lk\u00fcl<\/p>\n<p>Id\u0151beoszt\u00e1s: 4-8 h\u00e9t<\/p>","protected":false},"featured_media":39347,"comment_status":"closed","ping_status":"closed","template":"","meta":{"_acf_changed":false},"product_cat":[415],"product_tag":[5564,10676,10677,10678,430,10675,10679,10674],"class_list":["product","first","instock","shipping-taxable","purchasable","product-type-simple"],"acf":[],"_links":{"self":[{"href":"https:\/\/mouldking.store\/hu\/wp-json\/wp\/v2\/product\/39346","targetHints":{"allow":["GET"]}}],"collection":[{"href":"https:\/\/mouldking.store\/hu\/wp-json\/wp\/v2\/product"}],"about":[{"href":"https:\/\/mouldking.store\/hu\/wp-json\/wp\/v2\/types\/product"}],"replies":[{"embeddable":true,"href":"https:\/\/mouldking.store\/hu\/wp-json\/wp\/v2\/comments?post=39346"}],"wp:featuredmedia":[{"embeddable":true,"href":"https:\/\/mouldking.store\/hu\/wp-json\/wp\/v2\/media\/39347"}],"wp:attachment":[{"href":"https:\/\/mouldking.store\/hu\/wp-json\/wp\/v2\/media?parent=39346"}],"wp:term":[{"taxonomy":"product_cat","embeddable":true,"href":"https:\/\/mouldking.store\/hu\/wp-json\/wp\/v2\/product_cat?post=39346"},{"taxonomy":"product_tag","embeddable":true,"href":"https:\/\/mouldking.store\/hu\/wp-json\/wp\/v2\/product_tag?post=39346"}],"curies":[{"name":"wp","href":"https:\/\/api.w.org\/{rel}","templated":true}]}}