{"id":39384,"date":"2023-01-03T16:58:13","date_gmt":"2023-01-03T09:58:13","guid":{"rendered":"https:\/\/mouldking.store\/?post_type=product&#038;p=39384"},"modified":"2025-12-25T09:11:50","modified_gmt":"2025-12-25T02:11:50","slug":"moc-122034-wolfs-head-grond-with-2486-pieces","status":"publish","type":"product","link":"https:\/\/mouldking.store\/hu\/shop\/moc-122034-wolfs-head-grond-with-2486-pieces\/","title":{"rendered":"MOC-122034 Wolf&#039;s Head Grond 2486 darabbal"},"content":{"rendered":"<ol>\n<li>M\u00e1rka: MOC<\/li>\n<li>Nem: Uniszex<\/li>\n<li>Name: Wolf\u2019s Head Grond<\/li>\n<li>Koroszt\u00e1ly: &gt; 6 \u00e9v<\/li>\n<li>Model Number: 122034<\/li>\n<li>Besorol\u00e1s: \u00d6sszeszerel\u00e9s<\/li>\n<li>M\u0171anyag blokk forma: \u00f6nz\u00e1r\u00f3 t\u00e9gla<\/li>\n<li>Anyaga: M\u0171anyag<\/li>\n<li>M\u0171anyag t\u00edpus: ABS<\/li>\n<li>Bricks Blocks:2486 PCS<\/li>\n<li>R\u00e9szletes \u00f6sszeszerel\u00e9si \u00fatmutat\u00f3t tartalmaz.<\/li>\n<\/ol>\n<p>\u00c9rtes\u00edt\u00e9s:<br \/>\n1. Eredeti doboz n\u00e9lk\u00fcl, de garant\u00e1ljuk, hogy term\u00e9keink min\u0151s\u00e9gbiztos\u00edt\u00e1ssal \u00e9s sz\u00e9p csomagol\u00e1ssal rendelkeznek.<br \/>\n2. Mint minden alkatr\u00e9szt, amelyet a sz\u00e1ll\u00edt\u00e1s el\u0151tt ellen\u0151rizt\u00fcnk, ez\u00e9rt ha \u00fagy tal\u00e1lja, hogy n\u00e9h\u00e1ny alkatr\u00e9sz hi\u00e1nyzik vagy s\u00e9r\u00fclt, ne agg\u00f3djon, \u00e9s k\u00e9rj\u00fck, vegye fel vel\u00fcnk a kapcsolatot, \u00e9s azonnal ingyenesen elk\u00fcldj\u00fck \u00d6nnek.<\/p>\n<figure id=\"attachment_39385\" aria-describedby=\"caption-attachment-39385\" style=\"width: 1004px\" class=\"wp-caption aligncenter\"><img fetchpriority=\"high\" decoding=\"async\" class=\"wp-image-39385 size-full\" src=\"https:\/\/mouldking.store\/wp-content\/uploads\/2023\/01\/MOC-122034-Movie-Wolfs-Head-Grond-MOC-FACTORY.png\" alt=\"MOC-122034 Wolf\u2019s Head Grond With 2486 Pieces\" width=\"1004\" height=\"1004\" title=\"-\"><figcaption id=\"caption-attachment-39385\" class=\"wp-caption-text\">MOC-122034 Wolf&#039;s Head Grond 2486 darabbal<\/figcaption><\/figure>\n<figure id=\"attachment_39386\" aria-describedby=\"caption-attachment-39386\" style=\"width: 1000px\" class=\"wp-caption aligncenter\"><img decoding=\"async\" class=\"wp-image-39386 size-full\" src=\"https:\/\/mouldking.store\/wp-content\/uploads\/2023\/01\/Wolfs-Head-Grond-MOC-122034-1.png\" alt=\"MOC-122034 Wolf\u2019s Head Grond With 2486 Pieces\" width=\"1000\" height=\"1000\" title=\"-\"><figcaption id=\"caption-attachment-39386\" class=\"wp-caption-text\">MOC-122034 Wolf&#039;s Head Grond 2486 darabbal<\/figcaption><\/figure>\n<figure id=\"attachment_39387\" aria-describedby=\"caption-attachment-39387\" style=\"width: 1000px\" class=\"wp-caption aligncenter\"><img decoding=\"async\" class=\"wp-image-39387 size-full\" src=\"https:\/\/mouldking.store\/wp-content\/uploads\/2023\/01\/Wolfs-Head-Grond-MOC-122034-2.png\" alt=\"MOC-122034 Wolf\u2019s Head Grond With 2486 Pieces\" width=\"1000\" height=\"1000\" title=\"-\"><figcaption id=\"caption-attachment-39387\" class=\"wp-caption-text\">MOC-122034 Wolf&#039;s Head Grond 2486 darabbal<\/figcaption><\/figure>\n<figure id=\"attachment_39388\" aria-describedby=\"caption-attachment-39388\" style=\"width: 1000px\" class=\"wp-caption aligncenter\"><img loading=\"lazy\" decoding=\"async\" class=\"wp-image-39388 size-full\" src=\"https:\/\/mouldking.store\/wp-content\/uploads\/2023\/01\/Wolfs-Head-Grond-MOC-122034-3.png\" alt=\"MOC-122034 Wolf\u2019s Head Grond With 2486 Pieces\" width=\"1000\" height=\"1000\" title=\"-\"><figcaption id=\"caption-attachment-39388\" class=\"wp-caption-text\">MOC-122034 Wolf&#039;s Head Grond 2486 darabbal<\/figcaption><\/figure>\n<figure id=\"attachment_39389\" aria-describedby=\"caption-attachment-39389\" style=\"width: 1000px\" class=\"wp-caption aligncenter\"><img loading=\"lazy\" decoding=\"async\" class=\"wp-image-39389 size-full\" src=\"https:\/\/mouldking.store\/wp-content\/uploads\/2023\/01\/Wolfs-Head-Grond-MOC-122034-4.png\" alt=\"MOC-122034 Wolf\u2019s Head Grond With 2486 Pieces\" width=\"1000\" height=\"1000\" title=\"-\"><figcaption id=\"caption-attachment-39389\" class=\"wp-caption-text\">MOC-122034 Wolf&#039;s Head Grond 2486 darabbal<\/figcaption><\/figure>","protected":false},"excerpt":{"rendered":"<p>PDF \u00e9p\u00edt\u00e9si \u00fatmutat\u00f3<\/p>\n<p>Eredeti doboz n\u00e9lk\u00fcl<\/p>\n<p>Id\u0151beoszt\u00e1s: 4-8 h\u00e9t<\/p>","protected":false},"featured_media":39385,"comment_status":"closed","ping_status":"closed","template":"","meta":{"_acf_changed":false},"product_cat":[581],"product_tag":[10724,6483,430,10723,10726,10722,7835,10725],"class_list":["product","first","instock","shipping-taxable","purchasable","product-type-simple"],"acf":[],"_links":{"self":[{"href":"https:\/\/mouldking.store\/hu\/wp-json\/wp\/v2\/product\/39384","targetHints":{"allow":["GET"]}}],"collection":[{"href":"https:\/\/mouldking.store\/hu\/wp-json\/wp\/v2\/product"}],"about":[{"href":"https:\/\/mouldking.store\/hu\/wp-json\/wp\/v2\/types\/product"}],"replies":[{"embeddable":true,"href":"https:\/\/mouldking.store\/hu\/wp-json\/wp\/v2\/comments?post=39384"}],"wp:featuredmedia":[{"embeddable":true,"href":"https:\/\/mouldking.store\/hu\/wp-json\/wp\/v2\/media\/39385"}],"wp:attachment":[{"href":"https:\/\/mouldking.store\/hu\/wp-json\/wp\/v2\/media?parent=39384"}],"wp:term":[{"taxonomy":"product_cat","embeddable":true,"href":"https:\/\/mouldking.store\/hu\/wp-json\/wp\/v2\/product_cat?post=39384"},{"taxonomy":"product_tag","embeddable":true,"href":"https:\/\/mouldking.store\/hu\/wp-json\/wp\/v2\/product_tag?post=39384"}],"curies":[{"name":"wp","href":"https:\/\/api.w.org\/{rel}","templated":true}]}}