{"id":39392,"date":"2023-01-03T17:13:19","date_gmt":"2023-01-03T10:13:19","guid":{"rendered":"https:\/\/mouldking.store\/?post_type=product&#038;p=39392"},"modified":"2025-12-25T09:11:50","modified_gmt":"2025-12-25T02:11:50","slug":"moc-89510-tantive-iv-main-corridor-with-airlock-doorway-with-1087-pieces","status":"publish","type":"product","link":"https:\/\/mouldking.store\/hu\/shop\/moc-89510-tantive-iv-main-corridor-with-airlock-doorway-with-1087-pieces\/","title":{"rendered":"MOC-89510 Tantive IV f\u0151folyos\u00f3 l\u00e9gzsilip ajt\u00f3val, 1087 darab"},"content":{"rendered":"<ol>\n<li>M\u00e1rka: MOC<\/li>\n<li>Nem: Uniszex<\/li>\n<li>Name: Tantive IV Main Corridor with Airlock Doorway<\/li>\n<li>Koroszt\u00e1ly: &gt; 6 \u00e9v<\/li>\n<li>Model Number: 89510<\/li>\n<li>Besorol\u00e1s: \u00d6sszeszerel\u00e9s<\/li>\n<li>M\u0171anyag blokk forma: \u00f6nz\u00e1r\u00f3 t\u00e9gla<\/li>\n<li>Anyaga: M\u0171anyag<\/li>\n<li>M\u0171anyag t\u00edpus: ABS<\/li>\n<li>Bricks Blocks:1087 PCS<\/li>\n<li>R\u00e9szletes \u00f6sszeszerel\u00e9si \u00fatmutat\u00f3t tartalmaz.<\/li>\n<\/ol>\n<p>\u00c9rtes\u00edt\u00e9s:<br \/>\n1. Eredeti doboz n\u00e9lk\u00fcl, de garant\u00e1ljuk, hogy term\u00e9keink min\u0151s\u00e9gbiztos\u00edt\u00e1ssal \u00e9s sz\u00e9p csomagol\u00e1ssal rendelkeznek.<br \/>\n2. Mint minden alkatr\u00e9szt, amelyet a sz\u00e1ll\u00edt\u00e1s el\u0151tt ellen\u0151rizt\u00fcnk, ez\u00e9rt ha \u00fagy tal\u00e1lja, hogy n\u00e9h\u00e1ny alkatr\u00e9sz hi\u00e1nyzik vagy s\u00e9r\u00fclt, ne agg\u00f3djon, \u00e9s k\u00e9rj\u00fck, vegye fel vel\u00fcnk a kapcsolatot, \u00e9s azonnal ingyenesen elk\u00fcldj\u00fck \u00d6nnek.<\/p>\n<figure id=\"attachment_39393\" aria-describedby=\"caption-attachment-39393\" style=\"width: 1004px\" class=\"wp-caption aligncenter\"><img fetchpriority=\"high\" decoding=\"async\" class=\"wp-image-39393 size-full\" src=\"https:\/\/mouldking.store\/wp-content\/uploads\/2023\/01\/MOC-89510-Star-Wars-Tantive-IV-Main-Corridor-with-Airlock-Doorway-MOC-FACTORY.png\" alt=\"MOC-89510 Tantive IV Main Corridor with Airlock Doorway With 1087 Pieces\" width=\"1004\" height=\"1004\" title=\"-\"><figcaption id=\"caption-attachment-39393\" class=\"wp-caption-text\">MOC-89510 Tantive IV f\u0151folyos\u00f3 l\u00e9gzsilip ajt\u00f3val, 1087 darab<\/figcaption><\/figure>\n<figure id=\"attachment_39394\" aria-describedby=\"caption-attachment-39394\" style=\"width: 1000px\" class=\"wp-caption aligncenter\"><img decoding=\"async\" class=\"wp-image-39394 size-full\" src=\"https:\/\/mouldking.store\/wp-content\/uploads\/2023\/01\/Tantive-IV-Main-Corridor-with-Airlock-Doorway-MOC-89510-2.png\" alt=\"MOC-89510 Tantive IV Main Corridor with Airlock Doorway With 1087 Pieces\" width=\"1000\" height=\"1000\" title=\"-\"><figcaption id=\"caption-attachment-39394\" class=\"wp-caption-text\">MOC-89510 Tantive IV f\u0151folyos\u00f3 l\u00e9gzsilip ajt\u00f3val, 1087 darab<\/figcaption><\/figure>\n<figure id=\"attachment_39395\" aria-describedby=\"caption-attachment-39395\" style=\"width: 1000px\" class=\"wp-caption aligncenter\"><img decoding=\"async\" class=\"wp-image-39395 size-full\" src=\"https:\/\/mouldking.store\/wp-content\/uploads\/2023\/01\/Tantive-IV-Main-Corridor-with-Airlock-Doorway-MOC-89510-3.png\" alt=\"MOC-89510 Tantive IV Main Corridor with Airlock Doorway With 1087 Pieces\" width=\"1000\" height=\"1000\" title=\"-\"><figcaption id=\"caption-attachment-39395\" class=\"wp-caption-text\">MOC-89510 Tantive IV f\u0151folyos\u00f3 l\u00e9gzsilip ajt\u00f3val, 1087 darab<\/figcaption><\/figure>\n<figure id=\"attachment_39396\" aria-describedby=\"caption-attachment-39396\" style=\"width: 1000px\" class=\"wp-caption aligncenter\"><img loading=\"lazy\" decoding=\"async\" class=\"wp-image-39396 size-full\" src=\"https:\/\/mouldking.store\/wp-content\/uploads\/2023\/01\/Tantive-IV-Main-Corridor-with-Airlock-Doorway-MOC-89510-4.png\" alt=\"MOC-89510 Tantive IV Main Corridor with Airlock Doorway With 1087 Pieces\" width=\"1000\" height=\"1000\" title=\"-\"><figcaption id=\"caption-attachment-39396\" class=\"wp-caption-text\">MOC-89510 Tantive IV f\u0151folyos\u00f3 l\u00e9gzsilip ajt\u00f3val, 1087 darab<\/figcaption><\/figure>\n<figure id=\"attachment_39397\" aria-describedby=\"caption-attachment-39397\" style=\"width: 1000px\" class=\"wp-caption aligncenter\"><img loading=\"lazy\" decoding=\"async\" class=\"wp-image-39397 size-full\" src=\"https:\/\/mouldking.store\/wp-content\/uploads\/2023\/01\/Tantive-IV-Main-Corridor-with-Airlock-Doorway-MOC-89510-5.png\" alt=\"MOC-89510 Tantive IV Main Corridor with Airlock Doorway With 1087 Pieces\" width=\"1000\" height=\"1000\" title=\"-\"><figcaption id=\"caption-attachment-39397\" class=\"wp-caption-text\">MOC-89510 Tantive IV f\u0151folyos\u00f3 l\u00e9gzsilip ajt\u00f3val, 1087 darab<\/figcaption><\/figure>\n<figure id=\"attachment_39398\" aria-describedby=\"caption-attachment-39398\" style=\"width: 1000px\" class=\"wp-caption aligncenter\"><img loading=\"lazy\" decoding=\"async\" class=\"wp-image-39398 size-full\" src=\"https:\/\/mouldking.store\/wp-content\/uploads\/2023\/01\/Tantive-IV-Main-Corridor-with-Airlock-Doorway-MOC-89510-6.png\" alt=\"MOC-89510 Tantive IV Main Corridor with Airlock Doorway With 1087 Pieces\" width=\"1000\" height=\"1000\" title=\"-\"><figcaption id=\"caption-attachment-39398\" class=\"wp-caption-text\">MOC-89510 Tantive IV f\u0151folyos\u00f3 l\u00e9gzsilip ajt\u00f3val, 1087 darab<\/figcaption><\/figure>","protected":false},"excerpt":{"rendered":"<p>PDF \u00e9p\u00edt\u00e9si \u00fatmutat\u00f3<\/p>\n<p>Eredeti doboz n\u00e9lk\u00fcl<\/p>\n<p>Id\u0151beoszt\u00e1s: 4-8 h\u00e9t<\/p>","protected":false},"featured_media":39393,"comment_status":"closed","ping_status":"closed","template":"","meta":{"_acf_changed":false},"product_cat":[415],"product_tag":[10739,10741,10737,10740,10371,10738,430,10734,10744,10733,10735,10736,10742,10743],"class_list":["product","first","instock","shipping-taxable","purchasable","product-type-simple"],"acf":[],"_links":{"self":[{"href":"https:\/\/mouldking.store\/hu\/wp-json\/wp\/v2\/product\/39392","targetHints":{"allow":["GET"]}}],"collection":[{"href":"https:\/\/mouldking.store\/hu\/wp-json\/wp\/v2\/product"}],"about":[{"href":"https:\/\/mouldking.store\/hu\/wp-json\/wp\/v2\/types\/product"}],"replies":[{"embeddable":true,"href":"https:\/\/mouldking.store\/hu\/wp-json\/wp\/v2\/comments?post=39392"}],"wp:featuredmedia":[{"embeddable":true,"href":"https:\/\/mouldking.store\/hu\/wp-json\/wp\/v2\/media\/39393"}],"wp:attachment":[{"href":"https:\/\/mouldking.store\/hu\/wp-json\/wp\/v2\/media?parent=39392"}],"wp:term":[{"taxonomy":"product_cat","embeddable":true,"href":"https:\/\/mouldking.store\/hu\/wp-json\/wp\/v2\/product_cat?post=39392"},{"taxonomy":"product_tag","embeddable":true,"href":"https:\/\/mouldking.store\/hu\/wp-json\/wp\/v2\/product_tag?post=39392"}],"curies":[{"name":"wp","href":"https:\/\/api.w.org\/{rel}","templated":true}]}}