{"id":39422,"date":"2023-01-03T17:41:06","date_gmt":"2023-01-03T10:41:06","guid":{"rendered":"https:\/\/mouldking.store\/?post_type=product&#038;p=39422"},"modified":"2025-12-25T09:11:49","modified_gmt":"2025-12-25T02:11:49","slug":"moc-89507-the-architects-house-with-3163-pieces","status":"publish","type":"product","link":"https:\/\/mouldking.store\/hu\/shop\/moc-89507-the-architects-house-with-3163-pieces\/","title":{"rendered":"MOC-89507 Az \u00e9p\u00edt\u00e9sz h\u00e1za 3163 darabbal"},"content":{"rendered":"<ol>\n<li>M\u00e1rka: MOC<\/li>\n<li>Nem: Uniszex<\/li>\n<li>Name: The Architect\u2019s House<\/li>\n<li>Koroszt\u00e1ly: &gt; 6 \u00e9v<\/li>\n<li>Model Number: 89507<\/li>\n<li>Besorol\u00e1s: \u00d6sszeszerel\u00e9s<\/li>\n<li>M\u0171anyag blokk forma: \u00f6nz\u00e1r\u00f3 t\u00e9gla<\/li>\n<li>Anyaga: M\u0171anyag<\/li>\n<li>M\u0171anyag t\u00edpus: ABS<\/li>\n<li>Bricks Blocks:3163PCS<\/li>\n<li>Size: 49 x 32.8 x 25.1 cm<\/li>\n<li>S\u00faly: 0,35 kg<\/li>\n<li>R\u00e9szletes \u00f6sszeszerel\u00e9si \u00fatmutat\u00f3t tartalmaz.<\/li>\n<\/ol>\n<p>\u00c9rtes\u00edt\u00e9s:<br \/>\n1. Eredeti doboz n\u00e9lk\u00fcl, de garant\u00e1ljuk, hogy term\u00e9keink min\u0151s\u00e9gbiztos\u00edt\u00e1ssal \u00e9s sz\u00e9p csomagol\u00e1ssal rendelkeznek.<br \/>\n2. Mint minden alkatr\u00e9szt, amelyet a sz\u00e1ll\u00edt\u00e1s el\u0151tt ellen\u0151rizt\u00fcnk, ez\u00e9rt ha \u00fagy tal\u00e1lja, hogy n\u00e9h\u00e1ny alkatr\u00e9sz hi\u00e1nyzik vagy s\u00e9r\u00fclt, ne agg\u00f3djon, \u00e9s k\u00e9rj\u00fck, vegye fel vel\u00fcnk a kapcsolatot, \u00e9s azonnal ingyenesen elk\u00fcldj\u00fck \u00d6nnek.<\/p>\n<figure id=\"attachment_39424\" aria-describedby=\"caption-attachment-39424\" style=\"width: 1004px\" class=\"wp-caption aligncenter\"><img fetchpriority=\"high\" decoding=\"async\" class=\"wp-image-39424 size-full\" src=\"https:\/\/mouldking.store\/wp-content\/uploads\/2023\/01\/MOC-89507-Creator-The-Architects-House-MOC-FACTORY.png\" alt=\"MOC-89507 The Architect\u2019s House With 3163 Pieces\" width=\"1004\" height=\"1004\" title=\"-\"><figcaption id=\"caption-attachment-39424\" class=\"wp-caption-text\">MOC-89507 Az \u00e9p\u00edt\u00e9sz h\u00e1za 3163 darabbal<\/figcaption><\/figure>\n<figure id=\"attachment_39425\" aria-describedby=\"caption-attachment-39425\" style=\"width: 1000px\" class=\"wp-caption aligncenter\"><img decoding=\"async\" class=\"wp-image-39425 size-full\" src=\"https:\/\/mouldking.store\/wp-content\/uploads\/2023\/01\/The-Architects-House-MOC-89507-13.jpg\" alt=\"MOC-89507 The Architect\u2019s House With 3163 Pieces\" width=\"1000\" height=\"1000\" title=\"-\"><figcaption id=\"caption-attachment-39425\" class=\"wp-caption-text\">MOC-89507 Az \u00e9p\u00edt\u00e9sz h\u00e1za 3163 darabbal<\/figcaption><\/figure>\n<figure id=\"attachment_39426\" aria-describedby=\"caption-attachment-39426\" style=\"width: 1000px\" class=\"wp-caption aligncenter\"><img decoding=\"async\" class=\"wp-image-39426 size-full\" src=\"https:\/\/mouldking.store\/wp-content\/uploads\/2023\/01\/The-Architects-House-MOC-89507-12.jpg\" alt=\"MOC-89507 The Architect\u2019s House With 3163 Pieces\" width=\"1000\" height=\"1000\" title=\"-\"><figcaption id=\"caption-attachment-39426\" class=\"wp-caption-text\">MOC-89507 Az \u00e9p\u00edt\u00e9sz h\u00e1za 3163 darabbal<\/figcaption><\/figure>\n<figure id=\"attachment_39427\" aria-describedby=\"caption-attachment-39427\" style=\"width: 1000px\" class=\"wp-caption aligncenter\"><img loading=\"lazy\" decoding=\"async\" class=\"wp-image-39427 size-full\" src=\"https:\/\/mouldking.store\/wp-content\/uploads\/2023\/01\/The-Architects-House-MOC-89507-11.jpg\" alt=\"MOC-89507 The Architect\u2019s House With 3163 Pieces\" width=\"1000\" height=\"1000\" title=\"-\"><figcaption id=\"caption-attachment-39427\" class=\"wp-caption-text\">MOC-89507 Az \u00e9p\u00edt\u00e9sz h\u00e1za 3163 darabbal<\/figcaption><\/figure>\n<figure id=\"attachment_39428\" aria-describedby=\"caption-attachment-39428\" style=\"width: 1000px\" class=\"wp-caption aligncenter\"><img loading=\"lazy\" decoding=\"async\" class=\"wp-image-39428 size-full\" src=\"https:\/\/mouldking.store\/wp-content\/uploads\/2023\/01\/The-Architects-House-MOC-89507-10.jpg\" alt=\"MOC-89507 The Architect\u2019s House With 3163 Pieces\" width=\"1000\" height=\"1000\" title=\"-\"><figcaption id=\"caption-attachment-39428\" class=\"wp-caption-text\">MOC-89507 Az \u00e9p\u00edt\u00e9sz h\u00e1za 3163 darabbal<\/figcaption><\/figure>\n<figure id=\"attachment_39429\" aria-describedby=\"caption-attachment-39429\" style=\"width: 1000px\" class=\"wp-caption aligncenter\"><img loading=\"lazy\" decoding=\"async\" class=\"wp-image-39429 size-full\" src=\"https:\/\/mouldking.store\/wp-content\/uploads\/2023\/01\/The-Architects-House-MOC-89507-9.jpg\" alt=\"MOC-89507 The Architect\u2019s House With 3163 Pieces\" width=\"1000\" height=\"1000\" title=\"-\"><figcaption id=\"caption-attachment-39429\" class=\"wp-caption-text\">MOC-89507 Az \u00e9p\u00edt\u00e9sz h\u00e1za 3163 darabbal<\/figcaption><\/figure>\n<figure id=\"attachment_39430\" aria-describedby=\"caption-attachment-39430\" style=\"width: 1000px\" class=\"wp-caption aligncenter\"><img loading=\"lazy\" decoding=\"async\" class=\"wp-image-39430 size-full\" src=\"https:\/\/mouldking.store\/wp-content\/uploads\/2023\/01\/The-Architects-House-MOC-89507-8.jpg\" alt=\"MOC-89507 The Architect\u2019s House With 3163 Pieces\" width=\"1000\" height=\"1000\" title=\"-\"><figcaption id=\"caption-attachment-39430\" class=\"wp-caption-text\">MOC-89507 Az \u00e9p\u00edt\u00e9sz h\u00e1za 3163 darabbal<\/figcaption><\/figure>\n<figure id=\"attachment_39431\" aria-describedby=\"caption-attachment-39431\" style=\"width: 1000px\" class=\"wp-caption aligncenter\"><img loading=\"lazy\" decoding=\"async\" class=\"wp-image-39431 size-full\" src=\"https:\/\/mouldking.store\/wp-content\/uploads\/2023\/01\/The-Architects-House-MOC-89507-7.jpg\" alt=\"MOC-89507 The Architect\u2019s House With 3163 Pieces\" width=\"1000\" height=\"1000\" title=\"-\"><figcaption id=\"caption-attachment-39431\" class=\"wp-caption-text\">MOC-89507 Az \u00e9p\u00edt\u00e9sz h\u00e1za 3163 darabbal<\/figcaption><\/figure>\n<figure id=\"attachment_39432\" aria-describedby=\"caption-attachment-39432\" style=\"width: 1000px\" class=\"wp-caption aligncenter\"><img loading=\"lazy\" decoding=\"async\" class=\"wp-image-39432 size-full\" src=\"https:\/\/mouldking.store\/wp-content\/uploads\/2023\/01\/The-Architects-House-MOC-89507-6.jpg\" alt=\"MOC-89507 The Architect\u2019s House With 3163 Pieces\" width=\"1000\" height=\"1000\" title=\"-\"><figcaption id=\"caption-attachment-39432\" class=\"wp-caption-text\">MOC-89507 Az \u00e9p\u00edt\u00e9sz h\u00e1za 3163 darabbal<\/figcaption><\/figure>\n<figure id=\"attachment_39433\" aria-describedby=\"caption-attachment-39433\" style=\"width: 1000px\" class=\"wp-caption aligncenter\"><img loading=\"lazy\" decoding=\"async\" class=\"wp-image-39433 size-full\" src=\"https:\/\/mouldking.store\/wp-content\/uploads\/2023\/01\/The-Architects-House-MOC-89507-5.jpg\" alt=\"MOC-89507 The Architect\u2019s House With 3163 Pieces\" width=\"1000\" height=\"1000\" title=\"-\"><figcaption id=\"caption-attachment-39433\" class=\"wp-caption-text\">MOC-89507 Az \u00e9p\u00edt\u00e9sz h\u00e1za 3163 darabbal<\/figcaption><\/figure>\n<figure id=\"attachment_39434\" aria-describedby=\"caption-attachment-39434\" style=\"width: 1000px\" class=\"wp-caption aligncenter\"><img loading=\"lazy\" decoding=\"async\" class=\"wp-image-39434 size-full\" src=\"https:\/\/mouldking.store\/wp-content\/uploads\/2023\/01\/The-Architects-House-MOC-89507-4.jpg\" alt=\"MOC-89507 The Architect\u2019s House With 3163 Pieces\" width=\"1000\" height=\"1000\" title=\"-\"><figcaption id=\"caption-attachment-39434\" class=\"wp-caption-text\">MOC-89507 Az \u00e9p\u00edt\u00e9sz h\u00e1za 3163 darabbal<\/figcaption><\/figure>\n<figure id=\"attachment_39435\" aria-describedby=\"caption-attachment-39435\" style=\"width: 1000px\" class=\"wp-caption aligncenter\"><img loading=\"lazy\" decoding=\"async\" class=\"wp-image-39435 size-full\" src=\"https:\/\/mouldking.store\/wp-content\/uploads\/2023\/01\/The-Architects-House-MOC-89507-3.jpg\" alt=\"MOC-89507 The Architect\u2019s House With 3163 Pieces\" width=\"1000\" height=\"1000\" title=\"-\"><figcaption id=\"caption-attachment-39435\" class=\"wp-caption-text\">MOC-89507 Az \u00e9p\u00edt\u00e9sz h\u00e1za 3163 darabbal<\/figcaption><\/figure>\n<figure id=\"attachment_39436\" aria-describedby=\"caption-attachment-39436\" style=\"width: 1000px\" class=\"wp-caption aligncenter\"><img loading=\"lazy\" decoding=\"async\" class=\"wp-image-39436 size-full\" src=\"https:\/\/mouldking.store\/wp-content\/uploads\/2023\/01\/The-Architects-House-MOC-89507-2.jpg\" alt=\"MOC-89507 The Architect\u2019s House With 3163 Pieces\" width=\"1000\" height=\"1000\" title=\"-\"><figcaption id=\"caption-attachment-39436\" class=\"wp-caption-text\">MOC-89507 Az \u00e9p\u00edt\u00e9sz h\u00e1za 3163 darabbal<\/figcaption><\/figure>","protected":false},"excerpt":{"rendered":"<p>Brand: MOC Gender: Unisex Name: The Architect\u2019s House Age Range: &gt; 6 years old Model Number: 89507 Classification: Assemblage Plastic Block Shape: Self-Locking Bricks Material: Plastic Plastic Type: ABS Bricks Blocks:3163PCS Size: 49 x 32.8 x 25.1 cm Weight:0.35 kg Contains detailed assembly instructions. Notice: 1. Without an original box, but we guarantee our products [&hellip;]<\/p>","protected":false},"featured_media":39424,"comment_status":"closed","ping_status":"closed","template":"","meta":{"_acf_changed":false},"product_cat":[1365,1406,371],"product_tag":[10759,2318,430,10758,10761,10757,10760],"class_list":["product","first","instock","shipping-taxable","purchasable","product-type-simple"],"acf":[],"_links":{"self":[{"href":"https:\/\/mouldking.store\/hu\/wp-json\/wp\/v2\/product\/39422","targetHints":{"allow":["GET"]}}],"collection":[{"href":"https:\/\/mouldking.store\/hu\/wp-json\/wp\/v2\/product"}],"about":[{"href":"https:\/\/mouldking.store\/hu\/wp-json\/wp\/v2\/types\/product"}],"replies":[{"embeddable":true,"href":"https:\/\/mouldking.store\/hu\/wp-json\/wp\/v2\/comments?post=39422"}],"wp:featuredmedia":[{"embeddable":true,"href":"https:\/\/mouldking.store\/hu\/wp-json\/wp\/v2\/media\/39424"}],"wp:attachment":[{"href":"https:\/\/mouldking.store\/hu\/wp-json\/wp\/v2\/media?parent=39422"}],"wp:term":[{"taxonomy":"product_cat","embeddable":true,"href":"https:\/\/mouldking.store\/hu\/wp-json\/wp\/v2\/product_cat?post=39422"},{"taxonomy":"product_tag","embeddable":true,"href":"https:\/\/mouldking.store\/hu\/wp-json\/wp\/v2\/product_tag?post=39422"}],"curies":[{"name":"wp","href":"https:\/\/api.w.org\/{rel}","templated":true}]}}