{"id":39498,"date":"2023-01-03T18:26:45","date_gmt":"2023-01-03T11:26:45","guid":{"rendered":"https:\/\/mouldking.store\/?post_type=product&#038;p=39498"},"modified":"2025-12-25T09:11:49","modified_gmt":"2025-12-25T02:11:49","slug":"moc-76813-medieval-cathedral-with-6561-pieces","status":"publish","type":"product","link":"https:\/\/mouldking.store\/hu\/shop\/moc-76813-medieval-cathedral-with-6561-pieces\/","title":{"rendered":"MOC-76813 k\u00f6z\u00e9pkori sz\u00e9kesegyh\u00e1z 6561 darabbal"},"content":{"rendered":"<ol>\n<li>M\u00e1rka: MOC<\/li>\n<li>Nem: Uniszex<\/li>\n<li>Name: Medieval Cathedral<\/li>\n<li>Koroszt\u00e1ly: &gt; 6 \u00e9v<\/li>\n<li>Model Number: 76813<\/li>\n<li>Besorol\u00e1s: \u00d6sszeszerel\u00e9s<\/li>\n<li>M\u0171anyag blokk forma: \u00f6nz\u00e1r\u00f3 t\u00e9gla<\/li>\n<li>Anyaga: M\u0171anyag<\/li>\n<li>M\u0171anyag t\u00edpus: ABS<\/li>\n<li>Bricks Blocks:6561PCS<\/li>\n<li>Size: 53.6 x 43.2 x 50.1 cm<\/li>\n<li>R\u00e9szletes \u00f6sszeszerel\u00e9si \u00fatmutat\u00f3t tartalmaz.<\/li>\n<\/ol>\n<p>\u00c9rtes\u00edt\u00e9s:<br \/>\n1. Eredeti doboz n\u00e9lk\u00fcl, de garant\u00e1ljuk, hogy term\u00e9keink min\u0151s\u00e9gbiztos\u00edt\u00e1ssal \u00e9s sz\u00e9p csomagol\u00e1ssal rendelkeznek.<br \/>\n2. Mint minden alkatr\u00e9szt, amelyet a sz\u00e1ll\u00edt\u00e1s el\u0151tt ellen\u0151rizt\u00fcnk, ez\u00e9rt ha \u00fagy tal\u00e1lja, hogy n\u00e9h\u00e1ny alkatr\u00e9sz hi\u00e1nyzik vagy s\u00e9r\u00fclt, ne agg\u00f3djon, \u00e9s k\u00e9rj\u00fck, vegye fel vel\u00fcnk a kapcsolatot, \u00e9s azonnal ingyenesen elk\u00fcldj\u00fck \u00d6nnek.<\/p>\n<figure id=\"attachment_39499\" aria-describedby=\"caption-attachment-39499\" style=\"width: 1004px\" class=\"wp-caption aligncenter\"><img fetchpriority=\"high\" decoding=\"async\" class=\"wp-image-39499 size-full\" src=\"https:\/\/mouldking.store\/wp-content\/uploads\/2023\/01\/MOC-76813-Modular-Building-Medieval-Cathedral-MOC-FACTORY.png\" alt=\"MOC-76813 Medieval Cathedral With 6561 Pieces\" width=\"1004\" height=\"1004\" title=\"-\"><figcaption id=\"caption-attachment-39499\" class=\"wp-caption-text\">MOC-76813 k\u00f6z\u00e9pkori sz\u00e9kesegyh\u00e1z 6561 darabbal<\/figcaption><\/figure>\n<figure id=\"attachment_39500\" aria-describedby=\"caption-attachment-39500\" style=\"width: 800px\" class=\"wp-caption aligncenter\"><img decoding=\"async\" class=\"wp-image-39500 size-full\" src=\"https:\/\/mouldking.store\/wp-content\/uploads\/2023\/01\/Medieval-Cathedral-MOC-76813-1.jpg\" alt=\"MOC-76813 Medieval Cathedral With 6561 Pieces\" width=\"800\" height=\"800\" title=\"-\"><figcaption id=\"caption-attachment-39500\" class=\"wp-caption-text\">MOC-76813 k\u00f6z\u00e9pkori sz\u00e9kesegyh\u00e1z 6561 darabbal<\/figcaption><\/figure>\n<figure id=\"attachment_39501\" aria-describedby=\"caption-attachment-39501\" style=\"width: 1000px\" class=\"wp-caption aligncenter\"><img decoding=\"async\" class=\"wp-image-39501 size-full\" src=\"https:\/\/mouldking.store\/wp-content\/uploads\/2023\/01\/Medieval-Cathedral-MOC-76813-2.jpg\" alt=\"MOC-76813 Medieval Cathedral With 6561 Pieces\" width=\"1000\" height=\"1000\" title=\"-\"><figcaption id=\"caption-attachment-39501\" class=\"wp-caption-text\">MOC-76813 k\u00f6z\u00e9pkori sz\u00e9kesegyh\u00e1z 6561 darabbal<\/figcaption><\/figure>\n<figure id=\"attachment_39503\" aria-describedby=\"caption-attachment-39503\" style=\"width: 1000px\" class=\"wp-caption aligncenter\"><img loading=\"lazy\" decoding=\"async\" class=\"wp-image-39503 size-full\" src=\"https:\/\/mouldking.store\/wp-content\/uploads\/2023\/01\/Medieval-Cathedral-MOC-76813-4.jpg\" alt=\"MOC-76813 Medieval Cathedral With 6561 Pieces\" width=\"1000\" height=\"1000\" title=\"-\"><figcaption id=\"caption-attachment-39503\" class=\"wp-caption-text\">MOC-76813 k\u00f6z\u00e9pkori sz\u00e9kesegyh\u00e1z 6561 darabbal<\/figcaption><\/figure>\n<figure id=\"attachment_39504\" aria-describedby=\"caption-attachment-39504\" style=\"width: 800px\" class=\"wp-caption aligncenter\"><img loading=\"lazy\" decoding=\"async\" class=\"wp-image-39504 size-full\" src=\"https:\/\/mouldking.store\/wp-content\/uploads\/2023\/01\/Medieval-Cathedral-MOC-76813-5.jpg\" alt=\"MOC-76813 Medieval Cathedral With 6561 Pieces\" width=\"800\" height=\"800\" title=\"-\"><figcaption id=\"caption-attachment-39504\" class=\"wp-caption-text\">MOC-76813 k\u00f6z\u00e9pkori sz\u00e9kesegyh\u00e1z 6561 darabbal<\/figcaption><\/figure>\n<figure id=\"attachment_39505\" aria-describedby=\"caption-attachment-39505\" style=\"width: 800px\" class=\"wp-caption aligncenter\"><img loading=\"lazy\" decoding=\"async\" class=\"wp-image-39505 size-full\" src=\"https:\/\/mouldking.store\/wp-content\/uploads\/2023\/01\/Medieval-Cathedral-MOC-76813-6.jpg\" alt=\"MOC-76813 Medieval Cathedral With 6561 Pieces\" width=\"800\" height=\"800\" title=\"-\"><figcaption id=\"caption-attachment-39505\" class=\"wp-caption-text\">MOC-76813 k\u00f6z\u00e9pkori sz\u00e9kesegyh\u00e1z 6561 darabbal<\/figcaption><\/figure>\n<figure id=\"attachment_39506\" aria-describedby=\"caption-attachment-39506\" style=\"width: 800px\" class=\"wp-caption aligncenter\"><img loading=\"lazy\" decoding=\"async\" class=\"wp-image-39506 size-full\" src=\"https:\/\/mouldking.store\/wp-content\/uploads\/2023\/01\/Medieval-Cathedral-MOC-76813-7.jpg\" alt=\"MOC-76813 Medieval Cathedral With 6561 Pieces\" width=\"800\" height=\"800\" title=\"-\"><figcaption id=\"caption-attachment-39506\" class=\"wp-caption-text\">MOC-76813 k\u00f6z\u00e9pkori sz\u00e9kesegyh\u00e1z 6561 darabbal<\/figcaption><\/figure>","protected":false},"excerpt":{"rendered":"<p>Brand: MOC Gender: Unisex Name: Medieval Cathedral Age Range: &gt; 6 years old Model Number: 76813 Classification: Assemblage Plastic Block Shape: Self-Locking Bricks Material: Plastic Plastic Type: ABS Bricks Blocks:6561PCS Size: 53.6 x 43.2 x 50.1 cm Contains detailed assembly instructions. Notice: 1. Without an original box, but we guarantee our products have quality assurance [&hellip;]<\/p>","protected":false},"featured_media":39499,"comment_status":"closed","ping_status":"closed","template":"","meta":{"_acf_changed":false},"product_cat":[1395,390],"product_tag":[10432,4996,2278,430,10804,10805,10803],"class_list":["product","first","instock","shipping-taxable","purchasable","product-type-simple"],"acf":[],"_links":{"self":[{"href":"https:\/\/mouldking.store\/hu\/wp-json\/wp\/v2\/product\/39498","targetHints":{"allow":["GET"]}}],"collection":[{"href":"https:\/\/mouldking.store\/hu\/wp-json\/wp\/v2\/product"}],"about":[{"href":"https:\/\/mouldking.store\/hu\/wp-json\/wp\/v2\/types\/product"}],"replies":[{"embeddable":true,"href":"https:\/\/mouldking.store\/hu\/wp-json\/wp\/v2\/comments?post=39498"}],"wp:featuredmedia":[{"embeddable":true,"href":"https:\/\/mouldking.store\/hu\/wp-json\/wp\/v2\/media\/39499"}],"wp:attachment":[{"href":"https:\/\/mouldking.store\/hu\/wp-json\/wp\/v2\/media?parent=39498"}],"wp:term":[{"taxonomy":"product_cat","embeddable":true,"href":"https:\/\/mouldking.store\/hu\/wp-json\/wp\/v2\/product_cat?post=39498"},{"taxonomy":"product_tag","embeddable":true,"href":"https:\/\/mouldking.store\/hu\/wp-json\/wp\/v2\/product_tag?post=39498"}],"curies":[{"name":"wp","href":"https:\/\/api.w.org\/{rel}","templated":true}]}}