{"id":39507,"date":"2023-01-03T18:33:54","date_gmt":"2023-01-03T11:33:54","guid":{"rendered":"https:\/\/mouldking.store\/?post_type=product&#038;p=39507"},"modified":"2025-12-25T09:11:49","modified_gmt":"2025-12-25T02:11:49","slug":"moc-89505-mecha-crocodile-with-1450-pieces","status":"publish","type":"product","link":"https:\/\/mouldking.store\/hu\/shop\/moc-89505-mecha-crocodile-with-1450-pieces\/","title":{"rendered":"MOC-89505 Mecha krokodil 1450 darabbal"},"content":{"rendered":"<ol>\n<li>M\u00e1rka: MOC<\/li>\n<li>Nem: Uniszex<\/li>\n<li>Name: Mecha Crocodile<\/li>\n<li>Koroszt\u00e1ly: &gt; 6 \u00e9v<\/li>\n<li>Model Number: 89505<\/li>\n<li>Besorol\u00e1s: \u00d6sszeszerel\u00e9s<\/li>\n<li>M\u0171anyag blokk forma: \u00f6nz\u00e1r\u00f3 t\u00e9gla<\/li>\n<li>Anyaga: M\u0171anyag<\/li>\n<li>M\u0171anyag t\u00edpus: ABS<\/li>\n<li>Bricks Blocks:1450 PCS<\/li>\n<li>Size: 51.3 x 34.7 x 8.7 cm<\/li>\n<li>R\u00e9szletes \u00f6sszeszerel\u00e9si \u00fatmutat\u00f3t tartalmaz.<\/li>\n<\/ol>\n<p>\u00c9rtes\u00edt\u00e9s:<br \/>\n1. Eredeti doboz n\u00e9lk\u00fcl, de garant\u00e1ljuk, hogy term\u00e9keink min\u0151s\u00e9gbiztos\u00edt\u00e1ssal \u00e9s sz\u00e9p csomagol\u00e1ssal rendelkeznek.<br \/>\n2. Mint minden alkatr\u00e9szt, amelyet a sz\u00e1ll\u00edt\u00e1s el\u0151tt ellen\u0151rizt\u00fcnk, ez\u00e9rt ha \u00fagy tal\u00e1lja, hogy n\u00e9h\u00e1ny alkatr\u00e9sz hi\u00e1nyzik vagy s\u00e9r\u00fclt, ne agg\u00f3djon, \u00e9s k\u00e9rj\u00fck, vegye fel vel\u00fcnk a kapcsolatot, \u00e9s azonnal ingyenesen elk\u00fcldj\u00fck \u00d6nnek.<\/p>\n<figure id=\"attachment_39508\" aria-describedby=\"caption-attachment-39508\" style=\"width: 1004px\" class=\"wp-caption aligncenter\"><img fetchpriority=\"high\" decoding=\"async\" class=\"wp-image-39508 size-full\" src=\"https:\/\/mouldking.store\/wp-content\/uploads\/2023\/01\/MOC-89505-Creator-Mecha-Crocodile-MOC-FACTORY.png\" alt=\"MOC-89505 Mecha Crocodile With 1450 Pieces\" width=\"1004\" height=\"1004\" title=\"-\"><figcaption id=\"caption-attachment-39508\" class=\"wp-caption-text\">MOC-89505 Mecha krokodil 1450 darabbal<\/figcaption><\/figure>\n<figure id=\"attachment_39509\" aria-describedby=\"caption-attachment-39509\" style=\"width: 800px\" class=\"wp-caption aligncenter\"><img decoding=\"async\" class=\"wp-image-39509 size-full\" src=\"https:\/\/mouldking.store\/wp-content\/uploads\/2023\/01\/Mecha-Crocodile-MOC-89505-2.jpg\" alt=\"MOC-89505 Mecha Crocodile With 1450 Pieces\" width=\"800\" height=\"800\" title=\"-\"><figcaption id=\"caption-attachment-39509\" class=\"wp-caption-text\">MOC-89505 Mecha krokodil 1450 darabbal<\/figcaption><\/figure>\n<figure id=\"attachment_39510\" aria-describedby=\"caption-attachment-39510\" style=\"width: 800px\" class=\"wp-caption aligncenter\"><img decoding=\"async\" class=\"wp-image-39510 size-full\" src=\"https:\/\/mouldking.store\/wp-content\/uploads\/2023\/01\/Mecha-Crocodile-MOC-89505-3.jpg\" alt=\"MOC-89505 Mecha Crocodile With 1450 Pieces\" width=\"800\" height=\"800\" title=\"-\"><figcaption id=\"caption-attachment-39510\" class=\"wp-caption-text\">MOC-89505 Mecha krokodil 1450 darabbal<\/figcaption><\/figure>\n<figure id=\"attachment_39511\" aria-describedby=\"caption-attachment-39511\" style=\"width: 800px\" class=\"wp-caption aligncenter\"><img loading=\"lazy\" decoding=\"async\" class=\"wp-image-39511 size-full\" src=\"https:\/\/mouldking.store\/wp-content\/uploads\/2023\/01\/Mecha-Crocodile-MOC-89505-4.jpg\" alt=\"MOC-89505 Mecha Crocodile With 1450 Pieces\" width=\"800\" height=\"800\" title=\"-\"><figcaption id=\"caption-attachment-39511\" class=\"wp-caption-text\">MOC-89505 Mecha krokodil 1450 darabbal<\/figcaption><\/figure>\n<figure id=\"attachment_39512\" aria-describedby=\"caption-attachment-39512\" style=\"width: 800px\" class=\"wp-caption aligncenter\"><img loading=\"lazy\" decoding=\"async\" class=\"wp-image-39512 size-full\" src=\"https:\/\/mouldking.store\/wp-content\/uploads\/2023\/01\/Mecha-Crocodile-MOC-89505-5.jpg\" alt=\"MOC-89505 Mecha Crocodile With 1450 Pieces\" width=\"800\" height=\"800\" title=\"-\"><figcaption id=\"caption-attachment-39512\" class=\"wp-caption-text\">MOC-89505 Mecha krokodil 1450 darabbal<\/figcaption><\/figure>\n<figure id=\"attachment_39513\" aria-describedby=\"caption-attachment-39513\" style=\"width: 800px\" class=\"wp-caption aligncenter\"><img loading=\"lazy\" decoding=\"async\" class=\"wp-image-39513 size-full\" src=\"https:\/\/mouldking.store\/wp-content\/uploads\/2023\/01\/Mecha-Crocodile-MOC-89505-6.jpg\" alt=\"MOC-89505 Mecha Crocodile With 1450 Pieces\" width=\"800\" height=\"800\" title=\"-\"><figcaption id=\"caption-attachment-39513\" class=\"wp-caption-text\">MOC-89505 Mecha krokodil 1450 darabbal<\/figcaption><\/figure>\n<figure id=\"attachment_39514\" aria-describedby=\"caption-attachment-39514\" style=\"width: 800px\" class=\"wp-caption aligncenter\"><img loading=\"lazy\" decoding=\"async\" class=\"wp-image-39514 size-full\" src=\"https:\/\/mouldking.store\/wp-content\/uploads\/2023\/01\/Mecha-Crocodile-MOC-89505-7.jpg\" alt=\"MOC-89505 Mecha Crocodile With 1450 Pieces\" width=\"800\" height=\"800\" title=\"-\"><figcaption id=\"caption-attachment-39514\" class=\"wp-caption-text\">MOC-89505 Mecha krokodil 1450 darabbal<\/figcaption><\/figure>\n<figure id=\"attachment_39515\" aria-describedby=\"caption-attachment-39515\" style=\"width: 800px\" class=\"wp-caption aligncenter\"><img loading=\"lazy\" decoding=\"async\" class=\"wp-image-39515 size-full\" src=\"https:\/\/mouldking.store\/wp-content\/uploads\/2023\/01\/Mecha-Crocodile-MOC-89505-8.jpg\" alt=\"MOC-89505 Mecha Crocodile With 1450 Pieces\" width=\"800\" height=\"800\" title=\"-\"><figcaption id=\"caption-attachment-39515\" class=\"wp-caption-text\">MOC-89505 Mecha krokodil 1450 darabbal<\/figcaption><\/figure>\n<figure id=\"attachment_39516\" aria-describedby=\"caption-attachment-39516\" style=\"width: 800px\" class=\"wp-caption aligncenter\"><img loading=\"lazy\" decoding=\"async\" class=\"wp-image-39516 size-full\" src=\"https:\/\/mouldking.store\/wp-content\/uploads\/2023\/01\/Mecha-Crocodile-MOC-89505-9.jpg\" alt=\"MOC-89505 Mecha Crocodile With 1450 Pieces\" width=\"800\" height=\"800\" title=\"-\"><figcaption id=\"caption-attachment-39516\" class=\"wp-caption-text\">MOC-89505 Mecha krokodil 1450 darabbal<\/figcaption><\/figure>","protected":false},"excerpt":{"rendered":"<p>Brand: MOC Gender: Unisex Name: Mecha Crocodile Age Range: &gt; 6 years old Model Number: 89505 Classification: Assemblage Plastic Block Shape: Self-Locking Bricks Material: Plastic Plastic Type: ABS Bricks Blocks:1450 PCS Size: 51.3 x 34.7 x 8.7 cm Contains detailed assembly instructions. Notice: 1. Without an original box, but we guarantee our products have quality [&hellip;]<\/p>","protected":false},"featured_media":39508,"comment_status":"closed","ping_status":"closed","template":"","meta":{"_acf_changed":false},"product_cat":[1365,1406,371],"product_tag":[7021,9302,10808,430,10807,10809,10806],"class_list":["product","first","instock","shipping-taxable","purchasable","product-type-simple"],"acf":[],"_links":{"self":[{"href":"https:\/\/mouldking.store\/hu\/wp-json\/wp\/v2\/product\/39507","targetHints":{"allow":["GET"]}}],"collection":[{"href":"https:\/\/mouldking.store\/hu\/wp-json\/wp\/v2\/product"}],"about":[{"href":"https:\/\/mouldking.store\/hu\/wp-json\/wp\/v2\/types\/product"}],"replies":[{"embeddable":true,"href":"https:\/\/mouldking.store\/hu\/wp-json\/wp\/v2\/comments?post=39507"}],"wp:featuredmedia":[{"embeddable":true,"href":"https:\/\/mouldking.store\/hu\/wp-json\/wp\/v2\/media\/39508"}],"wp:attachment":[{"href":"https:\/\/mouldking.store\/hu\/wp-json\/wp\/v2\/media?parent=39507"}],"wp:term":[{"taxonomy":"product_cat","embeddable":true,"href":"https:\/\/mouldking.store\/hu\/wp-json\/wp\/v2\/product_cat?post=39507"},{"taxonomy":"product_tag","embeddable":true,"href":"https:\/\/mouldking.store\/hu\/wp-json\/wp\/v2\/product_tag?post=39507"}],"curies":[{"name":"wp","href":"https:\/\/api.w.org\/{rel}","templated":true}]}}