{"id":39517,"date":"2023-01-03T18:40:35","date_gmt":"2023-01-03T11:40:35","guid":{"rendered":"https:\/\/mouldking.store\/?post_type=product&#038;p=39517"},"modified":"2025-12-25T09:11:49","modified_gmt":"2025-12-25T02:11:49","slug":"moc-89504-bendy-and-the-ink-machine-with-218-pieces","status":"publish","type":"product","link":"https:\/\/mouldking.store\/hu\/shop\/moc-89504-bendy-and-the-ink-machine-with-218-pieces\/","title":{"rendered":"MOC-89504 Bendy \u00e9s a tintag\u00e9p 218 darabbal"},"content":{"rendered":"<ol>\n<li>M\u00e1rka: MOC<\/li>\n<li>Nem: Uniszex<\/li>\n<li>Name: Bendy And The Ink Machine<\/li>\n<li>Koroszt\u00e1ly: &gt; 6 \u00e9v<\/li>\n<li>Model Number: 89504<\/li>\n<li>Besorol\u00e1s: \u00d6sszeszerel\u00e9s<\/li>\n<li>M\u0171anyag blokk forma: \u00f6nz\u00e1r\u00f3 t\u00e9gla<\/li>\n<li>Anyaga: M\u0171anyag<\/li>\n<li>M\u0171anyag t\u00edpus: ABS<\/li>\n<li>Bricks Blocks:218 PCS<\/li>\n<li>Size: 12.3 x 6.2 x 16.9 cm<\/li>\n<li>R\u00e9szletes \u00f6sszeszerel\u00e9si \u00fatmutat\u00f3t tartalmaz.<\/li>\n<\/ol>\n<p>\u00c9rtes\u00edt\u00e9s:<br \/>\n1. Eredeti doboz n\u00e9lk\u00fcl, de garant\u00e1ljuk, hogy term\u00e9keink min\u0151s\u00e9gbiztos\u00edt\u00e1ssal \u00e9s sz\u00e9p csomagol\u00e1ssal rendelkeznek.<br \/>\n2. Mint minden alkatr\u00e9szt, amelyet a sz\u00e1ll\u00edt\u00e1s el\u0151tt ellen\u0151rizt\u00fcnk, ez\u00e9rt ha \u00fagy tal\u00e1lja, hogy n\u00e9h\u00e1ny alkatr\u00e9sz hi\u00e1nyzik vagy s\u00e9r\u00fclt, ne agg\u00f3djon, \u00e9s k\u00e9rj\u00fck, vegye fel vel\u00fcnk a kapcsolatot, \u00e9s azonnal ingyenesen elk\u00fcldj\u00fck \u00d6nnek.<\/p>\n<figure id=\"attachment_39518\" aria-describedby=\"caption-attachment-39518\" style=\"width: 1004px\" class=\"wp-caption aligncenter\"><img fetchpriority=\"high\" decoding=\"async\" class=\"wp-image-39518 size-full\" src=\"https:\/\/mouldking.store\/wp-content\/uploads\/2023\/01\/MOC-89504-Creator-Bendy-And-The-Ink-Machine-MOC-FACTORY.png\" alt=\"MOC-89504 Bendy And The Ink Machine With 218 Pieces\" width=\"1004\" height=\"1004\" title=\"-\"><figcaption id=\"caption-attachment-39518\" class=\"wp-caption-text\">MOC-89504 Bendy \u00e9s a tintag\u00e9p 218 darabbal<\/figcaption><\/figure>\n<figure id=\"attachment_39519\" aria-describedby=\"caption-attachment-39519\" style=\"width: 800px\" class=\"wp-caption aligncenter\"><img decoding=\"async\" class=\"wp-image-39519 size-full\" src=\"https:\/\/mouldking.store\/wp-content\/uploads\/2023\/01\/Bendy-And-The-Ink-Machine-MOC-89504-2.jpg\" alt=\"MOC-89504 Bendy And The Ink Machine With 218 Pieces\" width=\"800\" height=\"800\" title=\"-\"><figcaption id=\"caption-attachment-39519\" class=\"wp-caption-text\">MOC-89504 Bendy \u00e9s a tintag\u00e9p 218 darabbal<\/figcaption><\/figure>\n<figure id=\"attachment_39520\" aria-describedby=\"caption-attachment-39520\" style=\"width: 800px\" class=\"wp-caption aligncenter\"><img decoding=\"async\" class=\"wp-image-39520 size-full\" src=\"https:\/\/mouldking.store\/wp-content\/uploads\/2023\/01\/Bendy-And-The-Ink-Machine-MOC-89504-3.jpg\" alt=\"MOC-89504 Bendy And The Ink Machine With 218 Pieces\" width=\"800\" height=\"800\" title=\"-\"><figcaption id=\"caption-attachment-39520\" class=\"wp-caption-text\">MOC-89504 Bendy \u00e9s a tintag\u00e9p 218 darabbal<\/figcaption><\/figure>\n<figure id=\"attachment_39521\" aria-describedby=\"caption-attachment-39521\" style=\"width: 800px\" class=\"wp-caption aligncenter\"><img loading=\"lazy\" decoding=\"async\" class=\"wp-image-39521 size-full\" src=\"https:\/\/mouldking.store\/wp-content\/uploads\/2023\/01\/Bendy-And-The-Ink-Machine-MOC-89504-4.jpg\" alt=\"MOC-89504 Bendy And The Ink Machine With 218 Pieces\" width=\"800\" height=\"800\" title=\"-\"><figcaption id=\"caption-attachment-39521\" class=\"wp-caption-text\">MOC-89504 Bendy \u00e9s a tintag\u00e9p 218 darabbal<\/figcaption><\/figure>\n<figure id=\"attachment_39522\" aria-describedby=\"caption-attachment-39522\" style=\"width: 800px\" class=\"wp-caption aligncenter\"><img loading=\"lazy\" decoding=\"async\" class=\"wp-image-39522 size-full\" src=\"https:\/\/mouldking.store\/wp-content\/uploads\/2023\/01\/Bendy-And-The-Ink-Machine-MOC-89504-5.jpg\" alt=\"MOC-89504 Bendy And The Ink Machine With 218 Pieces\" width=\"800\" height=\"800\" title=\"-\"><figcaption id=\"caption-attachment-39522\" class=\"wp-caption-text\">MOC-89504 Bendy \u00e9s a tintag\u00e9p 218 darabbal<\/figcaption><\/figure>\n<figure id=\"attachment_39523\" aria-describedby=\"caption-attachment-39523\" style=\"width: 800px\" class=\"wp-caption aligncenter\"><img loading=\"lazy\" decoding=\"async\" class=\"wp-image-39523 size-full\" src=\"https:\/\/mouldking.store\/wp-content\/uploads\/2023\/01\/Bendy-And-The-Ink-Machine-MOC-89504-6.jpg\" alt=\"MOC-89504 Bendy And The Ink Machine With 218 Pieces\" width=\"800\" height=\"800\" title=\"-\"><figcaption id=\"caption-attachment-39523\" class=\"wp-caption-text\">MOC-89504 Bendy \u00e9s a tintag\u00e9p 218 darabbal<\/figcaption><\/figure>\n<figure id=\"attachment_39524\" aria-describedby=\"caption-attachment-39524\" style=\"width: 800px\" class=\"wp-caption aligncenter\"><img loading=\"lazy\" decoding=\"async\" class=\"wp-image-39524 size-full\" src=\"https:\/\/mouldking.store\/wp-content\/uploads\/2023\/01\/Bendy-And-The-Ink-Machine-MOC-89504-7.jpg\" alt=\"MOC-89504 Bendy And The Ink Machine With 218 Pieces\" width=\"800\" height=\"800\" title=\"-\"><figcaption id=\"caption-attachment-39524\" class=\"wp-caption-text\">MOC-89504 Bendy \u00e9s a tintag\u00e9p 218 darabbal<\/figcaption><\/figure>\n<figure id=\"attachment_39525\" aria-describedby=\"caption-attachment-39525\" style=\"width: 800px\" class=\"wp-caption aligncenter\"><img loading=\"lazy\" decoding=\"async\" class=\"wp-image-39525 size-full\" src=\"https:\/\/mouldking.store\/wp-content\/uploads\/2023\/01\/Bendy-And-The-Ink-Machine-MOC-89504-8.jpg\" alt=\"MOC-89504 Bendy And The Ink Machine With 218 Pieces\" width=\"800\" height=\"800\" title=\"-\"><figcaption id=\"caption-attachment-39525\" class=\"wp-caption-text\">MOC-89504 Bendy \u00e9s a tintag\u00e9p 218 darabbal<\/figcaption><\/figure>\n<figure id=\"attachment_39526\" aria-describedby=\"caption-attachment-39526\" style=\"width: 800px\" class=\"wp-caption aligncenter\"><img loading=\"lazy\" decoding=\"async\" class=\"wp-image-39526 size-full\" src=\"https:\/\/mouldking.store\/wp-content\/uploads\/2023\/01\/Bendy-And-The-Ink-Machine-MOC-89504-9.jpg\" alt=\"MOC-89504 Bendy And The Ink Machine With 218 Pieces\" width=\"800\" height=\"800\" title=\"-\"><figcaption id=\"caption-attachment-39526\" class=\"wp-caption-text\">MOC-89504 Bendy \u00e9s a tintag\u00e9p 218 darabbal<\/figcaption><\/figure>","protected":false},"excerpt":{"rendered":"<p>Brand: MOC Gender: Unisex Name: Bendy And The Ink Machine Age Range: &gt; 6 years old Model Number: 89504 Classification: Assemblage Plastic Block Shape: Self-Locking Bricks Material: Plastic Plastic Type: ABS Bricks Blocks:218 PCS Size: 12.3 x 6.2 x 16.9 cm Contains detailed assembly instructions. Notice: 1. Without an original box, but we guarantee our [&hellip;]<\/p>","protected":false},"featured_media":39518,"comment_status":"closed","ping_status":"closed","template":"","meta":{"_acf_changed":false},"product_cat":[1406,371],"product_tag":[10812,10815,10813,10814,7793,430,10811,10816,10810],"class_list":["product","first","instock","shipping-taxable","purchasable","product-type-simple"],"acf":[],"_links":{"self":[{"href":"https:\/\/mouldking.store\/hu\/wp-json\/wp\/v2\/product\/39517","targetHints":{"allow":["GET"]}}],"collection":[{"href":"https:\/\/mouldking.store\/hu\/wp-json\/wp\/v2\/product"}],"about":[{"href":"https:\/\/mouldking.store\/hu\/wp-json\/wp\/v2\/types\/product"}],"replies":[{"embeddable":true,"href":"https:\/\/mouldking.store\/hu\/wp-json\/wp\/v2\/comments?post=39517"}],"wp:featuredmedia":[{"embeddable":true,"href":"https:\/\/mouldking.store\/hu\/wp-json\/wp\/v2\/media\/39518"}],"wp:attachment":[{"href":"https:\/\/mouldking.store\/hu\/wp-json\/wp\/v2\/media?parent=39517"}],"wp:term":[{"taxonomy":"product_cat","embeddable":true,"href":"https:\/\/mouldking.store\/hu\/wp-json\/wp\/v2\/product_cat?post=39517"},{"taxonomy":"product_tag","embeddable":true,"href":"https:\/\/mouldking.store\/hu\/wp-json\/wp\/v2\/product_tag?post=39517"}],"curies":[{"name":"wp","href":"https:\/\/api.w.org\/{rel}","templated":true}]}}