{"id":39527,"date":"2023-01-03T18:46:07","date_gmt":"2023-01-03T11:46:07","guid":{"rendered":"https:\/\/mouldking.store\/?post_type=product&#038;p=39527"},"modified":"2023-01-03T18:46:08","modified_gmt":"2023-01-03T11:46:08","slug":"sembo-704000-ski-keeping-sport-scene-with-2128-pieces","status":"publish","type":"product","link":"https:\/\/mouldking.store\/hu\/shop\/sembo-704000-ski-keeping-sport-scene-with-2128-pieces\/","title":{"rendered":"SEMBO 704000 S\u00edtart\u00f3 sportjelenet 2128 darabbal"},"content":{"rendered":"<p>Term\u00e9k inform\u00e1ci\u00f3:<\/p>\n<ol>\n<li>M\u00e1rka: SEMBO<\/li>\n<li>Nem: Uniszex<\/li>\n<li>Name: Ski Keeping Sport Scene<\/li>\n<li>Koroszt\u00e1ly: &gt; 6 \u00e9v<\/li>\n<li>Model Number: 704000<\/li>\n<li>Besorol\u00e1s: \u00d6sszeszerel\u00e9s<\/li>\n<li>M\u0171anyag blokk forma: \u00f6nz\u00e1r\u00f3 t\u00e9gla<\/li>\n<li>Anyaga: M\u0171anyag<\/li>\n<li>M\u0171anyag t\u00edpus: ABS<\/li>\n<li>Bricks Blocks:2128 PCS<\/li>\n<li>Size: 34.8 \u00d7 33.3 \u00d7 32.4 cm<\/li>\n<li>R\u00e9szletes \u00f6sszeszerel\u00e9si \u00fatmutat\u00f3t tartalmaz.<\/li>\n<\/ol>\n<p>\u00c9rtes\u00edt\u00e9s:<br \/>\n1. Eredeti doboz n\u00e9lk\u00fcl, de garant\u00e1ljuk, hogy term\u00e9keink min\u0151s\u00e9gbiztos\u00edt\u00e1ssal \u00e9s sz\u00e9p csomagol\u00e1ssal rendelkeznek.<br \/>\n2. Mint minden alkatr\u00e9szt, amelyet a sz\u00e1ll\u00edt\u00e1s el\u0151tt ellen\u0151rizt\u00fcnk, ez\u00e9rt ha \u00fagy tal\u00e1lja, hogy n\u00e9h\u00e1ny alkatr\u00e9sz hi\u00e1nyzik vagy s\u00e9r\u00fclt, ne agg\u00f3djon, \u00e9s k\u00e9rj\u00fck, vegye fel vel\u00fcnk a kapcsolatot, \u00e9s azonnal ingyenesen elk\u00fcldj\u00fck \u00d6nnek.<\/p>\n<figure id=\"attachment_39528\" aria-describedby=\"caption-attachment-39528\" style=\"width: 800px\" class=\"wp-caption aligncenter\"><img fetchpriority=\"high\" decoding=\"async\" class=\"wp-image-39528 size-full\" src=\"https:\/\/mouldking.store\/wp-content\/uploads\/2023\/01\/SEMBO-704000-Motorised-Ski-Keeping-Sport-3.jpg\" alt=\"SEMBO 704000 Ski Keeping Sport Scene With 2128 Pieces\" width=\"800\" height=\"800\" title=\"-\"><figcaption id=\"caption-attachment-39528\" class=\"wp-caption-text\">SEMBO 704000 S\u00edtart\u00f3 sportjelenet 2128 darabbal<\/figcaption><\/figure>\n<figure id=\"attachment_39529\" aria-describedby=\"caption-attachment-39529\" style=\"width: 800px\" class=\"wp-caption aligncenter\"><img decoding=\"async\" class=\"wp-image-39529 size-full\" src=\"https:\/\/mouldking.store\/wp-content\/uploads\/2023\/01\/SEMBO-704000-Motorised-Ski-Keeping-Sport-2.jpg\" alt=\"SEMBO 704000 Ski Keeping Sport Scene With 2128 Pieces\" width=\"800\" height=\"800\" title=\"-\"><figcaption id=\"caption-attachment-39529\" class=\"wp-caption-text\">SEMBO 704000 S\u00edtart\u00f3 sportjelenet 2128 darabbal<\/figcaption><\/figure>\n<figure id=\"attachment_39530\" aria-describedby=\"caption-attachment-39530\" style=\"width: 800px\" class=\"wp-caption aligncenter\"><img decoding=\"async\" class=\"wp-image-39530 size-full\" src=\"https:\/\/mouldking.store\/wp-content\/uploads\/2023\/01\/SEMBO-704000-Motorised-Ski-Keeping-Sport-1.jpg\" alt=\"SEMBO 704000 Ski Keeping Sport Scene With 2128 Pieces\" width=\"800\" height=\"800\" title=\"-\"><figcaption id=\"caption-attachment-39530\" class=\"wp-caption-text\">SEMBO 704000 S\u00edtart\u00f3 sportjelenet 2128 darabbal<\/figcaption><\/figure>","protected":false},"excerpt":{"rendered":"<p>Product information: Brand: SEMBO Gender: Unisex Name: Ski Keeping Sport Scene Age Range: &gt; 6 years old Model Number: 704000 Classification: Assemblage Plastic Block Shape: Self-Locking Bricks Material: Plastic Plastic Type: ABS Bricks Blocks:2128 PCS Size: 34.8 \u00d7 33.3 \u00d7 32.4 cm Contains detailed assembly instructions. Notice: 1. Without an original box, but we guarantee [&hellip;]<\/p>","protected":false},"featured_media":39528,"comment_status":"closed","ping_status":"closed","template":"","meta":{"_acf_changed":false},"product_cat":[1365],"product_tag":[10818,10659,1491,10819,10823,10817,10820,10822,711,10821],"class_list":["product","first","instock","shipping-taxable","purchasable","product-type-simple"],"acf":[],"_links":{"self":[{"href":"https:\/\/mouldking.store\/hu\/wp-json\/wp\/v2\/product\/39527","targetHints":{"allow":["GET"]}}],"collection":[{"href":"https:\/\/mouldking.store\/hu\/wp-json\/wp\/v2\/product"}],"about":[{"href":"https:\/\/mouldking.store\/hu\/wp-json\/wp\/v2\/types\/product"}],"replies":[{"embeddable":true,"href":"https:\/\/mouldking.store\/hu\/wp-json\/wp\/v2\/comments?post=39527"}],"wp:featuredmedia":[{"embeddable":true,"href":"https:\/\/mouldking.store\/hu\/wp-json\/wp\/v2\/media\/39528"}],"wp:attachment":[{"href":"https:\/\/mouldking.store\/hu\/wp-json\/wp\/v2\/media?parent=39527"}],"wp:term":[{"taxonomy":"product_cat","embeddable":true,"href":"https:\/\/mouldking.store\/hu\/wp-json\/wp\/v2\/product_cat?post=39527"},{"taxonomy":"product_tag","embeddable":true,"href":"https:\/\/mouldking.store\/hu\/wp-json\/wp\/v2\/product_tag?post=39527"}],"curies":[{"name":"wp","href":"https:\/\/api.w.org\/{rel}","templated":true}]}}