{"id":39594,"date":"2023-01-06T15:13:02","date_gmt":"2023-01-06T08:13:02","guid":{"rendered":"https:\/\/mouldking.store\/?post_type=product&#038;p=39594"},"modified":"2025-12-25T09:11:48","modified_gmt":"2025-12-25T02:11:48","slug":"moc-89500-doctor-who-1st-doctor-with-131-pieces","status":"publish","type":"product","link":"https:\/\/mouldking.store\/hu\/shop\/moc-89500-doctor-who-1st-doctor-with-131-pieces\/","title":{"rendered":"MOC-89500 Doctor Who 1ST DOCTOR 131 darabbal"},"content":{"rendered":"<ol>\n<li>M\u00e1rka: MOC<\/li>\n<li>Nem: Uniszex<\/li>\n<li>Name: Doctor Who 1ST DOCTOR<\/li>\n<li>Koroszt\u00e1ly: &gt; 6 \u00e9v<\/li>\n<li>Model Number: 89500<\/li>\n<li>Besorol\u00e1s: \u00d6sszeszerel\u00e9s<\/li>\n<li>M\u0171anyag blokk forma: \u00f6nz\u00e1r\u00f3 t\u00e9gla<\/li>\n<li>Anyaga: M\u0171anyag<\/li>\n<li>M\u0171anyag t\u00edpus: ABS<\/li>\n<li>Bricks Blocks:131 PCS<\/li>\n<li>Size: 5 x 5 x 10 cm<\/li>\n<li>S\u00faly: 0,09 kg<\/li>\n<li>R\u00e9szletes \u00f6sszeszerel\u00e9si \u00fatmutat\u00f3t tartalmaz.<\/li>\n<\/ol>\n<p>\u00c9rtes\u00edt\u00e9s:<br \/>\n1. Eredeti doboz n\u00e9lk\u00fcl, de garant\u00e1ljuk, hogy term\u00e9keink min\u0151s\u00e9gbiztos\u00edt\u00e1ssal \u00e9s sz\u00e9p csomagol\u00e1ssal rendelkeznek.<br \/>\n2. Mint minden alkatr\u00e9szt, amelyet a sz\u00e1ll\u00edt\u00e1s el\u0151tt ellen\u0151rizt\u00fcnk, ez\u00e9rt ha \u00fagy tal\u00e1lja, hogy n\u00e9h\u00e1ny alkatr\u00e9sz hi\u00e1nyzik vagy s\u00e9r\u00fclt, ne agg\u00f3djon, \u00e9s k\u00e9rj\u00fck, vegye fel vel\u00fcnk a kapcsolatot, \u00e9s azonnal ingyenesen elk\u00fcldj\u00fck \u00d6nnek.<\/p>\n<figure id=\"attachment_39595\" aria-describedby=\"caption-attachment-39595\" style=\"width: 1004px\" class=\"wp-caption aligncenter\"><img fetchpriority=\"high\" decoding=\"async\" class=\"wp-image-39595 size-full\" src=\"https:\/\/mouldking.store\/wp-content\/uploads\/2023\/01\/Creator-MOC-89500-Doctor-Who-1ST-DOCTOR-MOC-FACTORY.png\" alt=\"MOC-89500 Doctor Who 1ST DOCTOR With 131 Pieces\" width=\"1004\" height=\"1004\" title=\"-\"><figcaption id=\"caption-attachment-39595\" class=\"wp-caption-text\">MOC-89500 Doctor Who 1ST DOCTOR 131 darabbal<\/figcaption><\/figure>\n<figure id=\"attachment_39596\" aria-describedby=\"caption-attachment-39596\" style=\"width: 800px\" class=\"wp-caption aligncenter\"><img decoding=\"async\" class=\"wp-image-39596 size-full\" src=\"https:\/\/mouldking.store\/wp-content\/uploads\/2023\/01\/Doctor-Who-1ST-DOCTOR-MOC-89500-1.jpg\" alt=\"MOC-89500 Doctor Who 1ST DOCTOR With 131 Pieces\" width=\"800\" height=\"800\" title=\"-\"><figcaption id=\"caption-attachment-39596\" class=\"wp-caption-text\">MOC-89500 Doctor Who 1ST DOCTOR 131 darabbal<\/figcaption><\/figure>\n<figure id=\"attachment_39597\" aria-describedby=\"caption-attachment-39597\" style=\"width: 800px\" class=\"wp-caption aligncenter\"><img decoding=\"async\" class=\"wp-image-39597 size-full\" src=\"https:\/\/mouldking.store\/wp-content\/uploads\/2023\/01\/Doctor-Who-1ST-DOCTOR-MOC-89500-2.jpg\" alt=\"MOC-89500 Doctor Who 1ST DOCTOR With 131 Pieces\" width=\"800\" height=\"800\" title=\"-\"><figcaption id=\"caption-attachment-39597\" class=\"wp-caption-text\">MOC-89500 Doctor Who 1ST DOCTOR 131 darabbal<\/figcaption><\/figure>\n<figure id=\"attachment_39598\" aria-describedby=\"caption-attachment-39598\" style=\"width: 800px\" class=\"wp-caption aligncenter\"><img loading=\"lazy\" decoding=\"async\" class=\"wp-image-39598 size-full\" src=\"https:\/\/mouldking.store\/wp-content\/uploads\/2023\/01\/Doctor-Who-1ST-DOCTOR-MOC-89500-3.jpg\" alt=\"MOC-89500 Doctor Who 1ST DOCTOR With 131 Pieces\" width=\"800\" height=\"800\" title=\"-\"><figcaption id=\"caption-attachment-39598\" class=\"wp-caption-text\">MOC-89500 Doctor Who 1ST DOCTOR 131 darabbal<\/figcaption><\/figure>\n<figure id=\"attachment_39599\" aria-describedby=\"caption-attachment-39599\" style=\"width: 800px\" class=\"wp-caption aligncenter\"><img loading=\"lazy\" decoding=\"async\" class=\"wp-image-39599 size-full\" src=\"https:\/\/mouldking.store\/wp-content\/uploads\/2023\/01\/Doctor-Who-1ST-DOCTOR-MOC-89500-4.jpg\" alt=\"MOC-89500 Doctor Who 1ST DOCTOR With 131 Pieces\" width=\"800\" height=\"800\" title=\"-\"><figcaption id=\"caption-attachment-39599\" class=\"wp-caption-text\">MOC-89500 Doctor Who 1ST DOCTOR 131 darabbal<\/figcaption><\/figure>","protected":false},"excerpt":{"rendered":"<p>Brand: MOC Gender: Unisex Name: Doctor Who 1ST DOCTOR Age Range: &gt; 6 years old Model Number: 89500 Classification: Assemblage Plastic Block Shape: Self-Locking Bricks Material: Plastic Plastic Type: ABS Bricks Blocks:131 PCS Size: 5 x 5 x 10 cm Weight: 0.09 kg Contains detailed assembly instructions. Notice: 1. Without an original box, but we [&hellip;]<\/p>","protected":false},"featured_media":39595,"comment_status":"closed","ping_status":"closed","template":"","meta":{"_acf_changed":false},"product_cat":[1365,371],"product_tag":[10861,10859,6748,10862,430,10858,10863,10857,10860],"class_list":["product","first","instock","shipping-taxable","purchasable","product-type-simple"],"acf":[],"_links":{"self":[{"href":"https:\/\/mouldking.store\/hu\/wp-json\/wp\/v2\/product\/39594","targetHints":{"allow":["GET"]}}],"collection":[{"href":"https:\/\/mouldking.store\/hu\/wp-json\/wp\/v2\/product"}],"about":[{"href":"https:\/\/mouldking.store\/hu\/wp-json\/wp\/v2\/types\/product"}],"replies":[{"embeddable":true,"href":"https:\/\/mouldking.store\/hu\/wp-json\/wp\/v2\/comments?post=39594"}],"wp:featuredmedia":[{"embeddable":true,"href":"https:\/\/mouldking.store\/hu\/wp-json\/wp\/v2\/media\/39595"}],"wp:attachment":[{"href":"https:\/\/mouldking.store\/hu\/wp-json\/wp\/v2\/media?parent=39594"}],"wp:term":[{"taxonomy":"product_cat","embeddable":true,"href":"https:\/\/mouldking.store\/hu\/wp-json\/wp\/v2\/product_cat?post=39594"},{"taxonomy":"product_tag","embeddable":true,"href":"https:\/\/mouldking.store\/hu\/wp-json\/wp\/v2\/product_tag?post=39594"}],"curies":[{"name":"wp","href":"https:\/\/api.w.org\/{rel}","templated":true}]}}