{"id":39600,"date":"2023-01-06T15:21:25","date_gmt":"2023-01-06T08:21:25","guid":{"rendered":"https:\/\/mouldking.store\/?post_type=product&#038;p=39600"},"modified":"2025-12-25T09:11:48","modified_gmt":"2025-12-25T02:11:48","slug":"moc-89499-team-fortress-black-rose-with-92-pieces","status":"publish","type":"product","link":"https:\/\/mouldking.store\/hu\/shop\/moc-89499-team-fortress-black-rose-with-92-pieces\/","title":{"rendered":"MOC-89499 Team Fortress Black Rose With 92 Pieces"},"content":{"rendered":"<ol>\n<li>M\u00e1rka: MOC<\/li>\n<li>Nem: Uniszex<\/li>\n<li>Name: Team Fortress Black Rose<\/li>\n<li>Koroszt\u00e1ly: &gt; 6 \u00e9v<\/li>\n<li>Model Number: 89499<\/li>\n<li>Besorol\u00e1s: \u00d6sszeszerel\u00e9s<\/li>\n<li>M\u0171anyag blokk forma: \u00f6nz\u00e1r\u00f3 t\u00e9gla<\/li>\n<li>Anyaga: M\u0171anyag<\/li>\n<li>M\u0171anyag t\u00edpus: ABS<\/li>\n<li>Bricks Blocks:92 PCS<\/li>\n<li>Size: 26.3 x 3.8 x 3.5 cm<\/li>\n<li>Weight: 0.08 kg<\/li>\n<li>R\u00e9szletes \u00f6sszeszerel\u00e9si \u00fatmutat\u00f3t tartalmaz.<\/li>\n<\/ol>\n<p>\u00c9rtes\u00edt\u00e9s:<br \/>\n1. Eredeti doboz n\u00e9lk\u00fcl, de garant\u00e1ljuk, hogy term\u00e9keink min\u0151s\u00e9gbiztos\u00edt\u00e1ssal \u00e9s sz\u00e9p csomagol\u00e1ssal rendelkeznek.<br \/>\n2. Mint minden alkatr\u00e9szt, amelyet a sz\u00e1ll\u00edt\u00e1s el\u0151tt ellen\u0151rizt\u00fcnk, ez\u00e9rt ha \u00fagy tal\u00e1lja, hogy n\u00e9h\u00e1ny alkatr\u00e9sz hi\u00e1nyzik vagy s\u00e9r\u00fclt, ne agg\u00f3djon, \u00e9s k\u00e9rj\u00fck, vegye fel vel\u00fcnk a kapcsolatot, \u00e9s azonnal ingyenesen elk\u00fcldj\u00fck \u00d6nnek.<\/p>\n<figure id=\"attachment_39601\" aria-describedby=\"caption-attachment-39601\" style=\"width: 1004px\" class=\"wp-caption aligncenter\"><img fetchpriority=\"high\" decoding=\"async\" class=\"wp-image-39601 size-full\" src=\"https:\/\/mouldking.store\/wp-content\/uploads\/2023\/01\/MOC-89499-Creator-Team-Fortress-Black-Rose-MOC-FACTORY.png\" alt=\"MOC-89499 Team Fortress Black Rose With 92 Pieces\" width=\"1004\" height=\"1004\" title=\"-\"><figcaption id=\"caption-attachment-39601\" class=\"wp-caption-text\">MOC-89499 Team Fortress Black Rose With 92 Pieces<\/figcaption><\/figure>\n<figure id=\"attachment_39602\" aria-describedby=\"caption-attachment-39602\" style=\"width: 800px\" class=\"wp-caption aligncenter\"><img decoding=\"async\" class=\"wp-image-39602 size-full\" src=\"https:\/\/mouldking.store\/wp-content\/uploads\/2023\/01\/Team-Fortress-Black-Rose-MOC-89499-1.jpg\" alt=\"MOC-89499 Team Fortress Black Rose With 92 Pieces\" width=\"800\" height=\"800\" title=\"-\"><figcaption id=\"caption-attachment-39602\" class=\"wp-caption-text\">MOC-89499 Team Fortress Black Rose With 92 Pieces<\/figcaption><\/figure>\n<figure id=\"attachment_39603\" aria-describedby=\"caption-attachment-39603\" style=\"width: 800px\" class=\"wp-caption aligncenter\"><img decoding=\"async\" class=\"wp-image-39603 size-full\" src=\"https:\/\/mouldking.store\/wp-content\/uploads\/2023\/01\/Team-Fortress-Black-Rose-MOC-89499-2.jpg\" alt=\"MOC-89499 Team Fortress Black Rose With 92 Pieces\" width=\"800\" height=\"800\" title=\"-\"><figcaption id=\"caption-attachment-39603\" class=\"wp-caption-text\">MOC-89499 Team Fortress Black Rose With 92 Pieces<\/figcaption><\/figure>\n<figure id=\"attachment_39604\" aria-describedby=\"caption-attachment-39604\" style=\"width: 800px\" class=\"wp-caption aligncenter\"><img loading=\"lazy\" decoding=\"async\" class=\"wp-image-39604 size-full\" src=\"https:\/\/mouldking.store\/wp-content\/uploads\/2023\/01\/Team-Fortress-Black-Rose-MOC-89499-3.jpg\" alt=\"MOC-89499 Team Fortress Black Rose With 92 Pieces\" width=\"800\" height=\"800\" title=\"-\"><figcaption id=\"caption-attachment-39604\" class=\"wp-caption-text\">MOC-89499 Team Fortress Black Rose With 92 Pieces<\/figcaption><\/figure>\n<figure id=\"attachment_39605\" aria-describedby=\"caption-attachment-39605\" style=\"width: 800px\" class=\"wp-caption aligncenter\"><img loading=\"lazy\" decoding=\"async\" class=\"wp-image-39605 size-full\" src=\"https:\/\/mouldking.store\/wp-content\/uploads\/2023\/01\/Team-Fortress-Black-Rose-MOC-89499-4.jpg\" alt=\"MOC-89499 Team Fortress Black Rose With 92 Pieces\" width=\"800\" height=\"800\" title=\"-\"><figcaption id=\"caption-attachment-39605\" class=\"wp-caption-text\">MOC-89499 Team Fortress Black Rose With 92 Pieces<\/figcaption><\/figure>\n<figure id=\"attachment_39606\" aria-describedby=\"caption-attachment-39606\" style=\"width: 1000px\" class=\"wp-caption aligncenter\"><img loading=\"lazy\" decoding=\"async\" class=\"wp-image-39606 size-full\" src=\"https:\/\/mouldking.store\/wp-content\/uploads\/2023\/01\/Team-Fortress-Black-Rose-MOC-89499-5.jpg\" alt=\"MOC-89499 Team Fortress Black Rose With 92 Pieces\" width=\"1000\" height=\"1000\" title=\"-\"><figcaption id=\"caption-attachment-39606\" class=\"wp-caption-text\">MOC-89499 Team Fortress Black Rose With 92 Pieces<\/figcaption><\/figure>\n<figure id=\"attachment_39607\" aria-describedby=\"caption-attachment-39607\" style=\"width: 1000px\" class=\"wp-caption aligncenter\"><img loading=\"lazy\" decoding=\"async\" class=\"wp-image-39607 size-full\" src=\"https:\/\/mouldking.store\/wp-content\/uploads\/2023\/01\/Team-Fortress-Black-Rose-MOC-89499-6.jpg\" alt=\"MOC-89499 Team Fortress Black Rose With 92 Pieces\" width=\"1000\" height=\"1000\" title=\"-\"><figcaption id=\"caption-attachment-39607\" class=\"wp-caption-text\">MOC-89499 Team Fortress Black Rose With 92 Pieces<\/figcaption><\/figure>\n<figure id=\"attachment_39608\" aria-describedby=\"caption-attachment-39608\" style=\"width: 1000px\" class=\"wp-caption aligncenter\"><img loading=\"lazy\" decoding=\"async\" class=\"wp-image-39608 size-full\" src=\"https:\/\/mouldking.store\/wp-content\/uploads\/2023\/01\/Team-Fortress-Black-Rose-MOC-89499-7.jpg\" alt=\"MOC-89499 Team Fortress Black Rose With 92 Pieces\" width=\"1000\" height=\"1000\" title=\"-\"><figcaption id=\"caption-attachment-39608\" class=\"wp-caption-text\">MOC-89499 Team Fortress Black Rose With 92 Pieces<\/figcaption><\/figure>\n<figure id=\"attachment_39609\" aria-describedby=\"caption-attachment-39609\" style=\"width: 1000px\" class=\"wp-caption aligncenter\"><img loading=\"lazy\" decoding=\"async\" class=\"wp-image-39609 size-full\" src=\"https:\/\/mouldking.store\/wp-content\/uploads\/2023\/01\/Team-Fortress-Black-Rose-MOC-89499-8.jpg\" alt=\"MOC-89499 Team Fortress Black Rose With 92 Pieces\" width=\"1000\" height=\"1000\" title=\"-\"><figcaption id=\"caption-attachment-39609\" class=\"wp-caption-text\">MOC-89499 Team Fortress Black Rose With 92 Pieces<\/figcaption><\/figure>","protected":false},"excerpt":{"rendered":"<p>Brand: MOC Gender: Unisex Name: Team Fortress Black Rose Age Range: &gt; 6 years old Model Number: 89499 Classification: Assemblage Plastic Block Shape: Self-Locking Bricks Material: Plastic Plastic Type: ABS Bricks Blocks:92 PCS Size: 26.3 x 3.8 x 3.5 cm Weight: 0.08 kg Contains detailed assembly instructions. Notice: 1. Without an original box, but we [&hellip;]<\/p>","protected":false},"featured_media":39601,"comment_status":"closed","ping_status":"closed","template":"","meta":{"_acf_changed":false},"product_cat":[1365,371],"product_tag":[8711,10869,8659,430,10865,10871,10864,10868,10866,10867,10870],"class_list":["product","first","instock","shipping-taxable","purchasable","product-type-simple"],"acf":[],"_links":{"self":[{"href":"https:\/\/mouldking.store\/hu\/wp-json\/wp\/v2\/product\/39600","targetHints":{"allow":["GET"]}}],"collection":[{"href":"https:\/\/mouldking.store\/hu\/wp-json\/wp\/v2\/product"}],"about":[{"href":"https:\/\/mouldking.store\/hu\/wp-json\/wp\/v2\/types\/product"}],"replies":[{"embeddable":true,"href":"https:\/\/mouldking.store\/hu\/wp-json\/wp\/v2\/comments?post=39600"}],"wp:featuredmedia":[{"embeddable":true,"href":"https:\/\/mouldking.store\/hu\/wp-json\/wp\/v2\/media\/39601"}],"wp:attachment":[{"href":"https:\/\/mouldking.store\/hu\/wp-json\/wp\/v2\/media?parent=39600"}],"wp:term":[{"taxonomy":"product_cat","embeddable":true,"href":"https:\/\/mouldking.store\/hu\/wp-json\/wp\/v2\/product_cat?post=39600"},{"taxonomy":"product_tag","embeddable":true,"href":"https:\/\/mouldking.store\/hu\/wp-json\/wp\/v2\/product_tag?post=39600"}],"curies":[{"name":"wp","href":"https:\/\/api.w.org\/{rel}","templated":true}]}}