{"id":39611,"date":"2023-01-06T15:28:38","date_gmt":"2023-01-06T08:28:38","guid":{"rendered":"https:\/\/mouldking.store\/?post_type=product&#038;p=39611"},"modified":"2025-12-25T09:11:48","modified_gmt":"2025-12-25T02:11:48","slug":"moc-89498-choo-choo-charles-with-262-pieces","status":"publish","type":"product","link":"https:\/\/mouldking.store\/hu\/shop\/moc-89498-choo-choo-charles-with-262-pieces\/","title":{"rendered":"MOC-89498 Choo Choo Charles 262 darabbal"},"content":{"rendered":"<ol>\n<li>M\u00e1rka: MOC<\/li>\n<li>Nem: Uniszex<\/li>\n<li>Name: Choo Choo Charles<\/li>\n<li>Koroszt\u00e1ly: &gt; 6 \u00e9v<\/li>\n<li>Model Number: 89498<\/li>\n<li>Besorol\u00e1s: \u00d6sszeszerel\u00e9s<\/li>\n<li>M\u0171anyag blokk forma: \u00f6nz\u00e1r\u00f3 t\u00e9gla<\/li>\n<li>Anyaga: M\u0171anyag<\/li>\n<li>M\u0171anyag t\u00edpus: ABS<\/li>\n<li>T\u00e9gla blokkok: 262 DB<\/li>\n<li>Size: 15.9x 12.3 x 8.2 cm<\/li>\n<li>S\u00faly: 0,12 kg<\/li>\n<li>R\u00e9szletes \u00f6sszeszerel\u00e9si \u00fatmutat\u00f3t tartalmaz.<\/li>\n<\/ol>\n<p>\u00c9rtes\u00edt\u00e9s:<br \/>\n1. Eredeti doboz n\u00e9lk\u00fcl, de garant\u00e1ljuk, hogy term\u00e9keink min\u0151s\u00e9gbiztos\u00edt\u00e1ssal \u00e9s sz\u00e9p csomagol\u00e1ssal rendelkeznek.<br \/>\n2. Mint minden alkatr\u00e9szt, amelyet a sz\u00e1ll\u00edt\u00e1s el\u0151tt ellen\u0151rizt\u00fcnk, ez\u00e9rt ha \u00fagy tal\u00e1lja, hogy n\u00e9h\u00e1ny alkatr\u00e9sz hi\u00e1nyzik vagy s\u00e9r\u00fclt, ne agg\u00f3djon, \u00e9s k\u00e9rj\u00fck, vegye fel vel\u00fcnk a kapcsolatot, \u00e9s azonnal ingyenesen elk\u00fcldj\u00fck \u00d6nnek.<\/p>\n<figure id=\"attachment_39612\" aria-describedby=\"caption-attachment-39612\" style=\"width: 1004px\" class=\"wp-caption aligncenter\"><img fetchpriority=\"high\" decoding=\"async\" class=\"wp-image-39612 size-full\" src=\"https:\/\/mouldking.store\/wp-content\/uploads\/2023\/01\/MOC-89498-Creator-Choo-Choo-Charles-MOC-FACTORY.png\" alt=\"MOC-89498 Choo Choo Charles With 262 Pieces\" width=\"1004\" height=\"1004\" title=\"-\"><figcaption id=\"caption-attachment-39612\" class=\"wp-caption-text\">MOC-89498 Choo Choo Charles 262 darabbal<\/figcaption><\/figure>\n<figure id=\"attachment_39613\" aria-describedby=\"caption-attachment-39613\" style=\"width: 800px\" class=\"wp-caption aligncenter\"><img decoding=\"async\" class=\"wp-image-39613 size-full\" src=\"https:\/\/mouldking.store\/wp-content\/uploads\/2023\/01\/Choo-Choo-Charles-MOC-89498-1.jpg\" alt=\"MOC-89498 Choo Choo Charles With 262 Pieces\" width=\"800\" height=\"800\" title=\"-\"><figcaption id=\"caption-attachment-39613\" class=\"wp-caption-text\">MOC-89498 Choo Choo Charles 262 darabbal<\/figcaption><\/figure>\n<figure id=\"attachment_39614\" aria-describedby=\"caption-attachment-39614\" style=\"width: 800px\" class=\"wp-caption aligncenter\"><img decoding=\"async\" class=\"wp-image-39614 size-full\" src=\"https:\/\/mouldking.store\/wp-content\/uploads\/2023\/01\/Choo-Choo-Charles-MOC-89498-2.jpg\" alt=\"MOC-89498 Choo Choo Charles With 262 Pieces\" width=\"800\" height=\"800\" title=\"-\"><figcaption id=\"caption-attachment-39614\" class=\"wp-caption-text\">MOC-89498 Choo Choo Charles 262 darabbal<\/figcaption><\/figure>\n<figure id=\"attachment_39615\" aria-describedby=\"caption-attachment-39615\" style=\"width: 800px\" class=\"wp-caption aligncenter\"><img loading=\"lazy\" decoding=\"async\" class=\"wp-image-39615 size-full\" src=\"https:\/\/mouldking.store\/wp-content\/uploads\/2023\/01\/Choo-Choo-Charles-MOC-89498-3.jpg\" alt=\"MOC-89498 Choo Choo Charles With 262 Pieces\" width=\"800\" height=\"800\" title=\"-\"><figcaption id=\"caption-attachment-39615\" class=\"wp-caption-text\">MOC-89498 Choo Choo Charles 262 darabbal<\/figcaption><\/figure>\n<figure id=\"attachment_39616\" aria-describedby=\"caption-attachment-39616\" style=\"width: 800px\" class=\"wp-caption aligncenter\"><img loading=\"lazy\" decoding=\"async\" class=\"wp-image-39616 size-full\" src=\"https:\/\/mouldking.store\/wp-content\/uploads\/2023\/01\/Choo-Choo-Charles-MOC-89498-4.jpg\" alt=\"MOC-89498 Choo Choo Charles With 262 Pieces\" width=\"800\" height=\"800\" title=\"-\"><figcaption id=\"caption-attachment-39616\" class=\"wp-caption-text\">MOC-89498 Choo Choo Charles 262 darabbal<\/figcaption><\/figure>\n<figure id=\"attachment_39617\" aria-describedby=\"caption-attachment-39617\" style=\"width: 800px\" class=\"wp-caption aligncenter\"><img loading=\"lazy\" decoding=\"async\" class=\"wp-image-39617 size-full\" src=\"https:\/\/mouldking.store\/wp-content\/uploads\/2023\/01\/Choo-Choo-Charles-MOC-89498-5.jpg\" alt=\"MOC-89498 Choo Choo Charles With 262 Pieces\" width=\"800\" height=\"800\" title=\"-\"><figcaption id=\"caption-attachment-39617\" class=\"wp-caption-text\">MOC-89498 Choo Choo Charles 262 darabbal<\/figcaption><\/figure>\n<figure id=\"attachment_39618\" aria-describedby=\"caption-attachment-39618\" style=\"width: 800px\" class=\"wp-caption aligncenter\"><img loading=\"lazy\" decoding=\"async\" class=\"wp-image-39618 size-full\" src=\"https:\/\/mouldking.store\/wp-content\/uploads\/2023\/01\/Choo-Choo-Charles-MOC-89498-6.jpg\" alt=\"MOC-89498 Choo Choo Charles With 262 Pieces\" width=\"800\" height=\"800\" title=\"-\"><figcaption id=\"caption-attachment-39618\" class=\"wp-caption-text\">MOC-89498 Choo Choo Charles 262 darabbal<\/figcaption><\/figure>\n<figure id=\"attachment_39619\" aria-describedby=\"caption-attachment-39619\" style=\"width: 800px\" class=\"wp-caption aligncenter\"><img loading=\"lazy\" decoding=\"async\" class=\"wp-image-39619 size-full\" src=\"https:\/\/mouldking.store\/wp-content\/uploads\/2023\/01\/Choo-Choo-Charles-MOC-89498-7.jpg\" alt=\"MOC-89498 Choo Choo Charles With 262 Pieces\" width=\"800\" height=\"800\" title=\"-\"><figcaption id=\"caption-attachment-39619\" class=\"wp-caption-text\">MOC-89498 Choo Choo Charles 262 darabbal<\/figcaption><\/figure>\n<figure id=\"attachment_39620\" aria-describedby=\"caption-attachment-39620\" style=\"width: 800px\" class=\"wp-caption aligncenter\"><img loading=\"lazy\" decoding=\"async\" class=\"wp-image-39620 size-full\" src=\"https:\/\/mouldking.store\/wp-content\/uploads\/2023\/01\/Choo-Choo-Charles-MOC-89498-8.jpg\" alt=\"MOC-89498 Choo Choo Charles With 262 Pieces\" width=\"800\" height=\"800\" title=\"-\"><figcaption id=\"caption-attachment-39620\" class=\"wp-caption-text\">MOC-89498 Choo Choo Charles 262 darabbal<\/figcaption><\/figure>\n<figure id=\"attachment_39621\" aria-describedby=\"caption-attachment-39621\" style=\"width: 800px\" class=\"wp-caption aligncenter\"><img loading=\"lazy\" decoding=\"async\" class=\"wp-image-39621 size-full\" src=\"https:\/\/mouldking.store\/wp-content\/uploads\/2023\/01\/Choo-Choo-Charles-MOC-89498-9.jpg\" alt=\"MOC-89498 Choo Choo Charles With 262 Pieces\" width=\"800\" height=\"800\" title=\"-\"><figcaption id=\"caption-attachment-39621\" class=\"wp-caption-text\">MOC-89498 Choo Choo Charles 262 darabbal<\/figcaption><\/figure>\n<figure id=\"attachment_39622\" aria-describedby=\"caption-attachment-39622\" style=\"width: 800px\" class=\"wp-caption aligncenter\"><img loading=\"lazy\" decoding=\"async\" class=\"wp-image-39622 size-full\" src=\"https:\/\/mouldking.store\/wp-content\/uploads\/2023\/01\/Choo-Choo-Charles-MOC-89498-10.jpg\" alt=\"MOC-89498 Choo Choo Charles With 262 Pieces\" width=\"800\" height=\"800\" title=\"-\"><figcaption id=\"caption-attachment-39622\" class=\"wp-caption-text\">MOC-89498 Choo Choo Charles 262 darabbal<\/figcaption><\/figure>","protected":false},"excerpt":{"rendered":"<p>Brand: MOC Gender: Unisex Name: Choo Choo Charles Age Range: &gt; 6 years old Model Number: 89498 Classification: Assemblage Plastic Block Shape: Self-Locking Bricks Material: Plastic Plastic Type: ABS Bricks Blocks:262 PCS Size: 15.9x 12.3 x 8.2 cm Weight: 0.12 kg Contains detailed assembly instructions. Notice: 1. Without an original box, but we guarantee our [&hellip;]<\/p>","protected":false},"featured_media":39612,"comment_status":"closed","ping_status":"closed","template":"","meta":{"_acf_changed":false},"product_cat":[1365,371],"product_tag":[10875,10874,10876,430,10873,10877,10872],"class_list":["product","first","instock","shipping-taxable","purchasable","product-type-simple"],"acf":[],"_links":{"self":[{"href":"https:\/\/mouldking.store\/hu\/wp-json\/wp\/v2\/product\/39611","targetHints":{"allow":["GET"]}}],"collection":[{"href":"https:\/\/mouldking.store\/hu\/wp-json\/wp\/v2\/product"}],"about":[{"href":"https:\/\/mouldking.store\/hu\/wp-json\/wp\/v2\/types\/product"}],"replies":[{"embeddable":true,"href":"https:\/\/mouldking.store\/hu\/wp-json\/wp\/v2\/comments?post=39611"}],"wp:featuredmedia":[{"embeddable":true,"href":"https:\/\/mouldking.store\/hu\/wp-json\/wp\/v2\/media\/39612"}],"wp:attachment":[{"href":"https:\/\/mouldking.store\/hu\/wp-json\/wp\/v2\/media?parent=39611"}],"wp:term":[{"taxonomy":"product_cat","embeddable":true,"href":"https:\/\/mouldking.store\/hu\/wp-json\/wp\/v2\/product_cat?post=39611"},{"taxonomy":"product_tag","embeddable":true,"href":"https:\/\/mouldking.store\/hu\/wp-json\/wp\/v2\/product_tag?post=39611"}],"curies":[{"name":"wp","href":"https:\/\/api.w.org\/{rel}","templated":true}]}}