{"id":39650,"date":"2022-10-06T16:29:04","date_gmt":"2022-10-06T09:29:04","guid":{"rendered":"https:\/\/mouldking.store\/?post_type=product&#038;p=39650"},"modified":"2023-01-06T16:34:39","modified_gmt":"2023-01-06T09:34:39","slug":"sluban-m38-b11186-colorful-girls-wanghe-pavilion-with-1092pcs","status":"publish","type":"product","link":"https:\/\/mouldking.store\/hu\/shop\/sluban-m38-b11186-colorful-girls-wanghe-pavilion-with-1092pcs\/","title":{"rendered":"Sluban M38-B11186 Sz\u00ednes l\u00e1nyok: Wanghe pavilon 1092db-val"},"content":{"rendered":"<p>Term\u00e9k inform\u00e1ci\u00f3:<\/p>\n<ol>\n<li>M\u00e1rka: Sluban<\/li>\n<li>Nem: Uniszex<\/li>\n<li>Name: Colorful Girls: Wanghe Pavilion<\/li>\n<li>Koroszt\u00e1ly: &gt; 6 \u00e9v<\/li>\n<li>Model Number: M38-B11186<\/li>\n<li>Besorol\u00e1s: \u00d6sszeszerel\u00e9s<\/li>\n<li>M\u0171anyag blokk forma: \u00f6nz\u00e1r\u00f3 t\u00e9gla<\/li>\n<li>Anyaga: M\u0171anyag<\/li>\n<li>M\u0171anyag t\u00edpus: ABS<\/li>\n<li>Bricks Blocks:1092 PCS<\/li>\n<li>Size: \u00a027.7 \u00d7 26.1 \u00d7 21.2 cm<\/li>\n<li>R\u00e9szletes \u00f6sszeszerel\u00e9si \u00fatmutat\u00f3t tartalmaz.<\/li>\n<\/ol>\n<p>\u00c9rtes\u00edt\u00e9s:<br \/>\n1. Eredeti doboz n\u00e9lk\u00fcl, de garant\u00e1ljuk, hogy term\u00e9keink min\u0151s\u00e9gbiztos\u00edt\u00e1ssal \u00e9s sz\u00e9p csomagol\u00e1ssal rendelkeznek.<br \/>\n2. Mint minden alkatr\u00e9szt, amelyet a sz\u00e1ll\u00edt\u00e1s el\u0151tt ellen\u0151rizt\u00fcnk, ez\u00e9rt ha \u00fagy tal\u00e1lja, hogy n\u00e9h\u00e1ny alkatr\u00e9sz hi\u00e1nyzik vagy s\u00e9r\u00fclt, ne agg\u00f3djon, \u00e9s k\u00e9rj\u00fck, vegye fel vel\u00fcnk a kapcsolatot, \u00e9s azonnal ingyenesen elk\u00fcldj\u00fck \u00d6nnek.<\/p>\n<figure id=\"attachment_39652\" aria-describedby=\"caption-attachment-39652\" style=\"width: 790px\" class=\"wp-caption aligncenter\"><img fetchpriority=\"high\" decoding=\"async\" class=\"wp-image-39652 size-full\" src=\"https:\/\/mouldking.store\/wp-content\/uploads\/2023\/01\/Wanghe-Pavilion-Sluban-M38-B11186-2.jpg\" alt=\"Sluban M38-B11186 Colorful Girls: Wanghe Pavilion With 1092pcs\" width=\"790\" height=\"794\" title=\"-\"><figcaption id=\"caption-attachment-39652\" class=\"wp-caption-text\">Sluban M38-B11186 Sz\u00ednes l\u00e1nyok: Wanghe pavilon 1092db-val<\/figcaption><\/figure>\n<figure id=\"attachment_39653\" aria-describedby=\"caption-attachment-39653\" style=\"width: 790px\" class=\"wp-caption aligncenter\"><img decoding=\"async\" class=\"wp-image-39653 size-full\" src=\"https:\/\/mouldking.store\/wp-content\/uploads\/2023\/01\/Wanghe-Pavilion-Sluban-M38-B11186-1.jpg\" alt=\"Sluban M38-B11186 Colorful Girls: Wanghe Pavilion With 1092pcs\" width=\"790\" height=\"1170\" title=\"-\"><figcaption id=\"caption-attachment-39653\" class=\"wp-caption-text\">Sluban M38-B11186 Sz\u00ednes l\u00e1nyok: Wanghe pavilon 1092db-val<\/figcaption><\/figure>","protected":false},"excerpt":{"rendered":"<ul>\n<li>K\u00e9zi \u00e9p\u00edt\u00e9si \u00fatmutat\u00f3<\/li>\n<li data-wpmeteor-click=\"true\">A term\u00e9k nem tartalmaz MAtric\u00e1t \u00e9s NYOMTATOTT alkatr\u00e9szeket. Minden nyomtatott alkatr\u00e9szt szabv\u00e1nyos alkatr\u00e9szre cser\u00e9l\u00fcnk, \u00e9s nem j\u00e1r bev\u00e9tel harmadik f\u00e9lt\u0151l sz\u00e1rmaz\u00f3 tartoz\u00e9kokkal.<\/li>\n<li data-wpmeteor-click=\"true\">El\u0151v\u00e9tel<\/li>\n<\/ul>","protected":false},"featured_media":39651,"comment_status":"closed","ping_status":"closed","template":"","meta":{"_acf_changed":false},"product_cat":[1365,1395],"product_tag":[10923,10949,10945,10947,7517,10950,10951,10944,10946,10948],"class_list":["product","first","outofstock","shipping-taxable","purchasable","product-type-simple"],"acf":[],"_links":{"self":[{"href":"https:\/\/mouldking.store\/hu\/wp-json\/wp\/v2\/product\/39650","targetHints":{"allow":["GET"]}}],"collection":[{"href":"https:\/\/mouldking.store\/hu\/wp-json\/wp\/v2\/product"}],"about":[{"href":"https:\/\/mouldking.store\/hu\/wp-json\/wp\/v2\/types\/product"}],"replies":[{"embeddable":true,"href":"https:\/\/mouldking.store\/hu\/wp-json\/wp\/v2\/comments?post=39650"}],"wp:featuredmedia":[{"embeddable":true,"href":"https:\/\/mouldking.store\/hu\/wp-json\/wp\/v2\/media\/39651"}],"wp:attachment":[{"href":"https:\/\/mouldking.store\/hu\/wp-json\/wp\/v2\/media?parent=39650"}],"wp:term":[{"taxonomy":"product_cat","embeddable":true,"href":"https:\/\/mouldking.store\/hu\/wp-json\/wp\/v2\/product_cat?post=39650"},{"taxonomy":"product_tag","embeddable":true,"href":"https:\/\/mouldking.store\/hu\/wp-json\/wp\/v2\/product_tag?post=39650"}],"curies":[{"name":"wp","href":"https:\/\/api.w.org\/{rel}","templated":true}]}}