{"id":39669,"date":"2022-10-06T16:55:55","date_gmt":"2022-10-06T09:55:55","guid":{"rendered":"https:\/\/mouldking.store\/?post_type=product&#038;p=39669"},"modified":"2023-01-06T17:01:26","modified_gmt":"2023-01-06T10:01:26","slug":"loz-1754-im-not-a-square-head-tutu-astronaut-with-710pcs","status":"publish","type":"product","link":"https:\/\/mouldking.store\/hu\/shop\/loz-1754-im-not-a-square-head-tutu-astronaut-with-710pcs\/","title":{"rendered":"LOZ 1754 Nem vagyok sz\u00f6gletes fej: Tutu \u0171rhaj\u00f3s, 710 db"},"content":{"rendered":"<p>Term\u00e9k inform\u00e1ci\u00f3:<\/p>\n<ol>\n<li>M\u00e1rka: LOZ<\/li>\n<li>Nem: Uniszex<\/li>\n<li>Name: I\u2019m Not a Square Head: Tutu Astronaut<\/li>\n<li>Koroszt\u00e1ly: &gt; 6 \u00e9v<\/li>\n<li>Model Number: 1754<\/li>\n<li>Besorol\u00e1s: \u00d6sszeszerel\u00e9s<\/li>\n<li>M\u0171anyag blokk forma: \u00f6nz\u00e1r\u00f3 t\u00e9gla<\/li>\n<li>Anyaga: M\u0171anyag<\/li>\n<li>M\u0171anyag t\u00edpus: ABS<\/li>\n<li>Bricks Blocks:710PCS<\/li>\n<li>Size: 9 \u00d7 9 \u00d7 13.5 cm<\/li>\n<li>R\u00e9szletes \u00f6sszeszerel\u00e9si \u00fatmutat\u00f3t tartalmaz.<\/li>\n<\/ol>\n<p>\u00c9rtes\u00edt\u00e9s:<br \/>\n1. Eredeti doboz n\u00e9lk\u00fcl, de garant\u00e1ljuk, hogy term\u00e9keink min\u0151s\u00e9gbiztos\u00edt\u00e1ssal \u00e9s sz\u00e9p csomagol\u00e1ssal rendelkeznek.<br \/>\n2. Mint minden alkatr\u00e9szt, amelyet a sz\u00e1ll\u00edt\u00e1s el\u0151tt ellen\u0151rizt\u00fcnk, ez\u00e9rt ha \u00fagy tal\u00e1lja, hogy n\u00e9h\u00e1ny alkatr\u00e9sz hi\u00e1nyzik vagy s\u00e9r\u00fclt, ne agg\u00f3djon, \u00e9s k\u00e9rj\u00fck, vegye fel vel\u00fcnk a kapcsolatot, \u00e9s azonnal ingyenesen elk\u00fcldj\u00fck \u00d6nnek.<\/p>\n<figure id=\"attachment_39670\" aria-describedby=\"caption-attachment-39670\" style=\"width: 800px\" class=\"wp-caption aligncenter\"><img fetchpriority=\"high\" decoding=\"async\" class=\"wp-image-39670 size-full\" src=\"https:\/\/mouldking.store\/wp-content\/uploads\/2023\/01\/Tutu-Astronaut-LOZ-1754-5.jpg\" alt=\"LOZ 1754 I\u2019m Not a Square Head: Tutu Astronaut With 710pcs\" width=\"800\" height=\"800\" title=\"-\"><figcaption id=\"caption-attachment-39670\" class=\"wp-caption-text\">LOZ 1754 Nem vagyok sz\u00f6gletes fej: Tutu \u0171rhaj\u00f3s, 710 db<\/figcaption><\/figure>\n<figure id=\"attachment_39671\" aria-describedby=\"caption-attachment-39671\" style=\"width: 800px\" class=\"wp-caption aligncenter\"><img decoding=\"async\" class=\"wp-image-39671 size-full\" src=\"https:\/\/mouldking.store\/wp-content\/uploads\/2023\/01\/Tutu-Astronaut-LOZ-1754-4.jpg\" alt=\"LOZ 1754 I\u2019m Not a Square Head: Tutu Astronaut With 710pcs\" width=\"800\" height=\"800\" title=\"-\"><figcaption id=\"caption-attachment-39671\" class=\"wp-caption-text\">LOZ 1754 Nem vagyok sz\u00f6gletes fej: Tutu \u0171rhaj\u00f3s, 710 db<\/figcaption><\/figure>\n<figure id=\"attachment_39672\" aria-describedby=\"caption-attachment-39672\" style=\"width: 1200px\" class=\"wp-caption aligncenter\"><img decoding=\"async\" class=\"wp-image-39672 size-full\" src=\"https:\/\/mouldking.store\/wp-content\/uploads\/2023\/01\/Tutu-Astronaut-LOZ-1754-3.jpg\" alt=\"LOZ 1754 I\u2019m Not a Square Head: Tutu Astronaut With 710pcs\" width=\"1200\" height=\"1579\" title=\"-\"><figcaption id=\"caption-attachment-39672\" class=\"wp-caption-text\">LOZ 1754 Nem vagyok sz\u00f6gletes fej: Tutu \u0171rhaj\u00f3s, 710 db<\/figcaption><\/figure>\n<figure id=\"attachment_39673\" aria-describedby=\"caption-attachment-39673\" style=\"width: 1200px\" class=\"wp-caption aligncenter\"><img loading=\"lazy\" decoding=\"async\" class=\"wp-image-39673 size-full\" src=\"https:\/\/mouldking.store\/wp-content\/uploads\/2023\/01\/Tutu-Astronaut-LOZ-1754-2.jpg\" alt=\"LOZ 1754 I\u2019m Not a Square Head: Tutu Astronaut With 710pcs\" width=\"1200\" height=\"1579\" title=\"-\"><figcaption id=\"caption-attachment-39673\" class=\"wp-caption-text\">LOZ 1754 Nem vagyok sz\u00f6gletes fej: Tutu \u0171rhaj\u00f3s, 710 db<\/figcaption><\/figure>\n<figure id=\"attachment_39674\" aria-describedby=\"caption-attachment-39674\" style=\"width: 1200px\" class=\"wp-caption aligncenter\"><img loading=\"lazy\" decoding=\"async\" class=\"wp-image-39674 size-full\" src=\"https:\/\/mouldking.store\/wp-content\/uploads\/2023\/01\/Tutu-Astronaut-LOZ-1754-1.jpg\" alt=\"LOZ 1754 I\u2019m Not a Square Head: Tutu Astronaut With 710pcs\" width=\"1200\" height=\"1579\" title=\"-\"><figcaption id=\"caption-attachment-39674\" class=\"wp-caption-text\">LOZ 1754 Nem vagyok sz\u00f6gletes fej: Tutu \u0171rhaj\u00f3s, 710 db<\/figcaption><\/figure>","protected":false},"excerpt":{"rendered":"<ul>\n<li>K\u00e9zi \u00e9p\u00edt\u00e9si \u00fatmutat\u00f3<\/li>\n<li data-wpmeteor-click=\"true\">A term\u00e9k nem tartalmaz MAtric\u00e1t \u00e9s NYOMTATOTT alkatr\u00e9szeket. Minden nyomtatott alkatr\u00e9szt szabv\u00e1nyos alkatr\u00e9szre cser\u00e9l\u00fcnk, \u00e9s nem j\u00e1r bev\u00e9tel harmadik f\u00e9lt\u0151l sz\u00e1rmaz\u00f3 tartoz\u00e9kokkal.<\/li>\n<li data-wpmeteor-click=\"true\">El\u0151v\u00e9tel<\/li>\n<\/ul>","protected":false},"featured_media":39671,"comment_status":"closed","ping_status":"closed","template":"","meta":{"_acf_changed":false},"product_cat":[1365],"product_tag":[10972,6341,10974,10977,2202,10973,10978,10971,10975,10976],"class_list":["product","first","outofstock","shipping-taxable","purchasable","product-type-simple"],"acf":[],"_links":{"self":[{"href":"https:\/\/mouldking.store\/hu\/wp-json\/wp\/v2\/product\/39669","targetHints":{"allow":["GET"]}}],"collection":[{"href":"https:\/\/mouldking.store\/hu\/wp-json\/wp\/v2\/product"}],"about":[{"href":"https:\/\/mouldking.store\/hu\/wp-json\/wp\/v2\/types\/product"}],"replies":[{"embeddable":true,"href":"https:\/\/mouldking.store\/hu\/wp-json\/wp\/v2\/comments?post=39669"}],"wp:featuredmedia":[{"embeddable":true,"href":"https:\/\/mouldking.store\/hu\/wp-json\/wp\/v2\/media\/39671"}],"wp:attachment":[{"href":"https:\/\/mouldking.store\/hu\/wp-json\/wp\/v2\/media?parent=39669"}],"wp:term":[{"taxonomy":"product_cat","embeddable":true,"href":"https:\/\/mouldking.store\/hu\/wp-json\/wp\/v2\/product_cat?post=39669"},{"taxonomy":"product_tag","embeddable":true,"href":"https:\/\/mouldking.store\/hu\/wp-json\/wp\/v2\/product_tag?post=39669"}],"curies":[{"name":"wp","href":"https:\/\/api.w.org\/{rel}","templated":true}]}}